{"id":1817,"date":"2024-06-26T23:57:12","date_gmt":"2024-06-26T23:57:12","guid":{"rendered":"https:\/\/www.jinpinlub.com\/?page_id=1817"},"modified":"2024-07-28T11:36:08","modified_gmt":"2024-07-28T11:36:08","slug":"faqs","status":"publish","type":"page","link":"https:\/\/www.jinpinlub.com\/de\/faqs\/","title":{"rendered":"FAQS"},"content":{"rendered":"<div class=\"wp-block-ogb-columns ogb-block ogb-columns ogb-columns-a90745be\"><div class=\"ogb-columns-container\">\n<div class=\"ogb-block ogb-column ogb-column-73727ad4\"><div class=\"ogb-column-container\">\n<ol class=\"wp-block-list\">\n<li><strong>Sind Sie ein Handelsunternehmen oder ein Hersteller?<\/strong><br>\u2014\u2014Wir sind ein auf die Bereitstellung verschiedener zentralisierter Schmiersysteme spezialisierter Lieferant mit professionellen Fabriken und technischen Teams. Unsere Produkte sind CE- und RoHS-zertifiziert, unsere Fabriken sind ISO-9001-zertifiziert und verf\u00fcgen \u00fcber eine Reihe von Produkttechnologiepatenten.<\/li>\n\n\n\n<li><strong>Was sind die Hauptprodukte unseres Unternehmens?<\/strong><br>\u2014\u2014Wir konzentrieren uns auf verschiedene Zentralschmiersysteme, darunter Fettschmiersysteme, D\u00fcnn\u00f6lschmiersysteme, Einleitungsschmiersysteme, Progressivschmiersysteme, Zweileitungsschmiersysteme, Einpunktschmierpumpen, manuelle Schmiersysteme usw. Unser technisches Team verf\u00fcgt \u00fcber mehr als 10 Jahre Erfahrung, hervorragende Produktqualit\u00e4t und starke Wettbewerbsf\u00e4higkeit.<\/li>\n\n\n\n<li><strong>Warum uns w\u00e4hlen?<\/strong><br>\u2014\u2014Wir konzentrieren uns seit mehr als 10 Jahren auf Anbieter von L\u00f6sungen f\u00fcr Zentralschmiersysteme. Wir haben Kunden in mehr als 30 L\u00e4ndern bedient. Wir haben Kunden auf der ganzen Welt Zehntausende Schmierpumpenstationen geliefert. Wir k\u00f6nnen Ihnen eine Gesamtl\u00f6sung anbieten. Bei Bedarf k\u00f6nnen OEM- und ODM-Produkte bereitgestellt werden. Wir bieten Ihnen den besten Preis sowie die beste Qualit\u00e4t und den besten Service. Unsere Produkte sind im mittleren und oberen Marktsegment positioniert. Alle Produkte garantieren Qualit\u00e4t und Quantit\u00e4t sowie After-Sales, und der Preis hat Vorteile auf dem Markt.<\/li>\n\n\n\n<li><strong>Wie garantieren wir Qualit\u00e4t?<\/strong><br>\u2014\u2014W\u00e4hrend der Produktion verf\u00fcgen wir \u00fcber ein komplettes Qualit\u00e4tskontrollteam und Prozesse, die internationalen Standards entsprechen. Wir verf\u00fcgen \u00fcber professionelle Testger\u00e4te und f\u00fchren strenge Tests an Produkten durch, darunter Lebensdauertests, Temperaturtests, Drucktests usw. Wir sind nach ISO9001 und CE zertifiziert. Jede Produktcharge wird vor Verlassen des Werks getestet und die Checkliste wird einzeln \u00fcberpr\u00fcft, um sicherzustellen, dass die Menge korrekt ist.<\/li>\n\n\n\n<li><strong>Wie erhalte ich ein Angebot?<\/strong><br>\u2014\u2014Bevor Sie sich an uns wenden, k\u00f6nnen Sie unseren Produktkatalog und das Produktdatenblatt zu Rate ziehen und uns dann auf dieser Grundlage den Bestellcode des gew\u00fcnschten Produkts mitteilen. Sie k\u00f6nnen uns auch einige Details zu Ihren Schmiersystemanforderungen mitteilen, z. B. die Kapazit\u00e4t der Schmierpumpe, das verwendete Schmiermittel, Spannung, Druck, Anzahl der Schmierstellen, Rohrl\u00e4nge usw. Unsere professionellen Ingenieure geben Ihnen detaillierte Vorschl\u00e4ge zu Modellen und Spezifikationen.<\/li>\n\n\n\n<li><strong>Wie schnell kann ich ein Angebot erhalten?<\/strong><br>\u2014\u2014Wir erstellen in der Regel innerhalb von 8 Stunden nach Eingang Ihrer Anfrage ein Angebot. Wenn Sie dringend ein Angebot ben\u00f6tigen, rufen Sie uns bitte an oder hinterlassen Sie uns eine Nachricht oder senden Sie uns eine Nachricht \u00fcber WhatsApp.<\/li>\n\n\n\n<li><strong>Wie ist Ihr Preis?<\/strong><br>\u2014\u2014Wir bieten hochwertige und wettbewerbsf\u00e4hige Produkte, gew\u00e4hrleisten h\u00f6chste Qualit\u00e4t und bieten gleichzeitig wettbewerbsf\u00e4hige Preise.<\/li>\n\n\n\n<li><strong>Wie ist Ihre Lieferzeit?<\/strong><br>\u2014\u2014Wenn es sich um eine Kleinserienbestellung handelt, kann sie innerhalb von 3 Tagen versendet werden. Wenn es sich um eine gro\u00dfe Produktcharge handelt, k\u00f6nnen wir auch in etwa einem halben Monat liefern. Die genaue Zeit h\u00e4ngt vom Produkt und der Anpassung ab.<\/li>\n\n\n\n<li><strong>Wie hoch ist Ihre Mindestbestellmenge?<\/strong><br>\u2014\u2014Bei Standardprodukten kann die Mindestbestellmenge ausgehandelt werden. Die Mindestbestellmenge verschiedener Modelle ist unterschiedlich, und einige haben keine Mindestbestellmenge. F\u00fcr OEM-Bestellungen k\u00f6nnen wir unsere Produkte bereitstellen und anpassen, um verschiedene Anforderungen zu erf\u00fcllen. Daher k\u00f6nnen die Mindestbestellmenge und der Preis aufgrund von Gr\u00f6\u00dfe, Material und anderen Spezifikationen, wie z. B. teuren Produkten oder Standardprodukten, stark variieren. Die Mindestbestellmenge ist normalerweise niedriger.<\/li>\n\n\n\n<li><strong>K\u00f6nnen Sie OEM- oder ODM-Produkte bereitstellen?<\/strong><br>\u2014\u2014Ja, wir k\u00f6nnen nach Ihren Mustern oder technischen Zeichnungen produzieren und wir k\u00f6nnen Formen und Vorrichtungen herstellen. Normalerweise k\u00f6nnen Ihre Anforderungen in unserer Produkttechnologie ge\u00e4ndert werden, um sie zu erreichen.<\/li>\n\n\n\n<li><strong>Kann ich Ihr Vertreter in meinem Land sein?<\/strong><br>\u2014\u2014Wir freuen uns auf eine langfristige Zusammenarbeit. Wenn Sie Ideen haben, k\u00f6nnen wir ausf\u00fchrlich kommunizieren. Wir brauchen Partner, um gemeinsam Werte zu schaffen.<\/li>\n\n\n\n<li><strong>Wie lang ist die Produktgarantiezeit?<\/strong><br>\u2014\u2014Die Garantiezeit unseres Produkts betr\u00e4gt ein Jahr.<\/li>\n\n\n\n<li><strong>Wie kann ich einige Proben erhalten?<\/strong><br>\u2014\u2014Normalerweise k\u00f6nnen wir keine kostenlosen Muster bereitstellen. Bitte bezahlen Sie die Muster- und Kuriergeb\u00fchren. Die Mustergeb\u00fchr kann bei Ihrer ersten Gro\u00dfbestellung abgezogen werden.<\/li>\n\n\n\n<li><strong>Wie hoch ist Ihre wettbewerbsf\u00e4hige Produktionskapazit\u00e4t?<\/strong><br>\u2014\u2014Monatliche Produktion von mehr als 5000 Sets.<\/li>\n\n\n\n<li><strong>Welche Zahlungsmethoden akzeptiert Ihr Unternehmen?<\/strong><br>\u2014\u2014Wir akzeptieren T\/T (Bank\u00fcberweisung), Western Union, Paypal, Alipay, WeChat Pay.<\/li>\n\n\n\n<li><strong>Wie sind Ihre Lieferbedingungen?<\/strong><br>\u2014\u2014EXW, FOB, CFR, CIF, DAP, DDP<\/li>\n\n\n\n<li><strong>Welche Versandmethode bieten Sie an?<\/strong><br>\u2014\u2014Wenn Sie eine kleine Menge an Produkten bestellen, empfehlen wir die Lieferung per internationalem Express wie DHL, FedEx, UPS, EMS usw. Wenn die Bestellmenge gro\u00df ist, unterst\u00fctzen wir mehrere Versandmethoden wie Express, Luftfracht, Seefracht, Bahn usw. Wir k\u00f6nnen Ihnen auch dabei helfen, Waren anderer Lieferanten in unserem Lager zu lagern und sie gemeinsam zu versenden.<\/li>\n\n\n\n<li><strong>Wie ist die Verpackung?<\/strong><br>\u2014\u2014Standard-Exportkartons, Holzkisten und andere seet\u00fcchtige Verpackungen. Bevor Sie den Restbetrag bezahlen, zeigen wir Ihnen vor dem Versand Bilder, Zeichnungen, Videos usw., um sicherzustellen, dass alle Produkte Ihren Anforderungen entsprechen.<\/li>\n\n\n\n<li><strong>Wie ist der Kundendienst?<\/strong><br>\u2014\u2014Nachdem der Kunde eine Frage gestellt hat, antworten wir innerhalb von 24 Stunden.<\/li>\n<\/ol>\n<\/div><\/div>\n<\/div><\/div>","protected":false},"excerpt":{"rendered":"","protected":false},"author":1,"featured_media":0,"parent":0,"menu_order":0,"comment_status":"closed","ping_status":"closed","template":"","meta":{"ocean_post_layout":"full-screen","ocean_both_sidebars_style":"","ocean_both_sidebars_content_width":0,"ocean_both_sidebars_sidebars_width":0,"ocean_sidebar":"0","ocean_second_sidebar":"0","ocean_disable_margins":"on","ocean_add_body_class":"","ocean_shortcode_before_top_bar":"","ocean_shortcode_after_top_bar":"","ocean_shortcode_before_header":"","ocean_shortcode_after_header":"","ocean_has_shortcode":"","ocean_shortcode_after_title":"","ocean_shortcode_before_footer_widgets":"","ocean_shortcode_after_footer_widgets":"","ocean_shortcode_before_footer_bottom":"","ocean_shortcode_after_footer_bottom":"","ocean_display_top_bar":"default","ocean_display_header":"default","ocean_header_style":"","ocean_center_header_left_menu":"0","ocean_custom_header_template":"0","ocean_custom_logo":0,"ocean_custom_retina_logo":0,"ocean_custom_logo_max_width":0,"ocean_custom_logo_tablet_max_width":0,"ocean_custom_logo_mobile_max_width":0,"ocean_custom_logo_max_height":0,"ocean_custom_logo_tablet_max_height":0,"ocean_custom_logo_mobile_max_height":0,"ocean_header_custom_menu":"0","ocean_menu_typo_font_family":"0","ocean_menu_typo_font_subset":"","ocean_menu_typo_font_size":0,"ocean_menu_typo_font_size_tablet":0,"ocean_menu_typo_font_size_mobile":0,"ocean_menu_typo_font_size_unit":"px","ocean_menu_typo_font_weight":"","ocean_menu_typo_font_weight_tablet":"","ocean_menu_typo_font_weight_mobile":"","ocean_menu_typo_transform":"","ocean_menu_typo_transform_tablet":"","ocean_menu_typo_transform_mobile":"","ocean_menu_typo_line_height":0,"ocean_menu_typo_line_height_tablet":0,"ocean_menu_typo_line_height_mobile":0,"ocean_menu_typo_line_height_unit":"","ocean_menu_typo_spacing":0,"ocean_menu_typo_spacing_tablet":0,"ocean_menu_typo_spacing_mobile":0,"ocean_menu_typo_spacing_unit":"","ocean_menu_link_color":"","ocean_menu_link_color_hover":"","ocean_menu_link_color_active":"","ocean_menu_link_background":"","ocean_menu_link_hover_background":"","ocean_menu_link_active_background":"","ocean_menu_social_links_bg":"","ocean_menu_social_hover_links_bg":"","ocean_menu_social_links_color":"","ocean_menu_social_hover_links_color":"","ocean_disable_title":"default","ocean_disable_heading":"default","ocean_post_title":"","ocean_post_subheading":"","ocean_post_title_style":"","ocean_post_title_background_color":"","ocean_post_title_background":0,"ocean_post_title_bg_image_position":"","ocean_post_title_bg_image_attachment":"","ocean_post_title_bg_image_repeat":"","ocean_post_title_bg_image_size":"","ocean_post_title_height":0,"ocean_post_title_bg_overlay":0.5,"ocean_post_title_bg_overlay_color":"","ocean_disable_breadcrumbs":"default","ocean_breadcrumbs_color":"","ocean_breadcrumbs_separator_color":"","ocean_breadcrumbs_links_color":"","ocean_breadcrumbs_links_hover_color":"","ocean_display_footer_widgets":"default","ocean_display_footer_bottom":"default","ocean_custom_footer_template":"0","osh_disable_topbar_sticky":"default","osh_disable_header_sticky":"default","osh_sticky_header_style":"default","osh_sticky_header_effect":"","osh_custom_sticky_logo":0,"osh_custom_retina_sticky_logo":0,"osh_custom_sticky_logo_height":0,"osh_background_color":"","osh_links_color":"","osh_links_hover_color":"","osh_links_active_color":"","osh_links_bg_color":"","osh_links_hover_bg_color":"","osh_links_active_bg_color":"","osh_menu_social_links_color":"","osh_menu_social_hover_links_color":"","footnotes":""},"class_list":["post-1817","page","type-page","status-publish","hentry","entry","owp-thumbs-layout-horizontal","owp-btn-very-big","owp-tabs-layout-horizontal","has-no-thumbnails"],"_links":{"self":[{"href":"https:\/\/www.jinpinlub.com\/de\/wp-json\/wp\/v2\/pages\/1817","targetHints":{"allow":["GET"]}}],"collection":[{"href":"https:\/\/www.jinpinlub.com\/de\/wp-json\/wp\/v2\/pages"}],"about":[{"href":"https:\/\/www.jinpinlub.com\/de\/wp-json\/wp\/v2\/types\/page"}],"author":[{"embeddable":true,"href":"https:\/\/www.jinpinlub.com\/de\/wp-json\/wp\/v2\/users\/1"}],"replies":[{"embeddable":true,"href":"https:\/\/www.jinpinlub.com\/de\/wp-json\/wp\/v2\/comments?post=1817"}],"version-history":[{"count":0,"href":"https:\/\/www.jinpinlub.com\/de\/wp-json\/wp\/v2\/pages\/1817\/revisions"}],"wp:attachment":[{"href":"https:\/\/www.jinpinlub.com\/de\/wp-json\/wp\/v2\/media?parent=1817"}],"curies":[{"name":"wp","href":"https:\/\/api.w.org\/{rel}","templated":true}]}}