{"id":2393,"date":"2024-07-16T03:34:27","date_gmt":"2024-07-16T03:34:27","guid":{"rendered":"https:\/\/www.jinpinlub.com\/?post_type=product&#038;p=2393"},"modified":"2024-08-02T09:06:09","modified_gmt":"2024-08-02T09:06:09","slug":"j203-fettpumpe-elektrisches-zentralschmierpumpensystem","status":"publish","type":"product","link":"https:\/\/www.jinpinlub.com\/de\/product\/j203-grease-pump-electric-centralized-lubrication-pump-system\/","title":{"rendered":"J203 Fettpumpe Elektrisches Zentralschmierpumpensystem"},"content":{"rendered":"<h2>Merkmale<\/h2>\n<p>1. Kompakte Bauweise: Die Schmierpumpe J203 ist sehr kompakt konstruiert, was sie f\u00fcr den Einbau bei wenig Platz sehr geeignet macht. Insgesamt besteht sie aus einem Geh\u00e4use mit integriertem Motor, einem Beh\u00e4lter mit Mischpaddel, einem Pumpenelement, Schmiernippel und elektrischen Anschlussteilen.<br \/>\n2. Diese Pumpe ist hocheffizient: Je nach Leitungsl\u00e4nge versorgt sie bis zu 150 Schmierstellen. Sie kann bis zu drei Pumpeneinheiten antreiben und kann mit einem \u00d6lmangelregler (mit oder ohne Steuerplatine) ausgestattet werden, um einen kontinuierlichen Betrieb des Schmiersystems zu gew\u00e4hrleisten.<br \/>\n3. Anpassung mehrerer Betriebseinstellungen: Je nach Anwendungsanforderungen kann der Benutzer mehrere Betriebseinstellungen der Steuerplatine der Schmierpumpe J203 anpassen.<br \/>\n4. Breiter Anwendungsbereich: Versorgung entweder mit Gleich- oder Wechselstrom und Ausstattung mit verschiedenen \u00d6ltanktypen mit Pumpenelementen f\u00fcr unterschiedliche Leistungsanforderungen.<br \/>\n5. Haltbarkeit: Dank hochwirksamer Materialien funktioniert J203 auch bei extremen Temperaturen. So verf\u00fcgt P203 \u00fcber einen Betriebstemperaturbereich von \u201340 bis +70 \u00baC (DC) und \u201325 bis +70 \u00baC (AC).<\/p>\n<h2>Spezifikation<\/h2>\n<table>\n<tbody>\n<tr>\n<td>Betriebstemperatur<\/td>\n<td>(-40\u00b0C bis +70\u00b0C)<\/td>\n<\/tr>\n<tr>\n<td>Anzahl der Filialen<\/td>\n<td>1, 2 oder 3<\/td>\n<\/tr>\n<tr>\n<td>Reservoirkapazit\u00e4t<\/td>\n<td>2 l, 4 l, 8 l<\/td>\n<\/tr>\n<tr>\n<td>Nachf\u00fcllen<\/td>\n<td>Hydraulischer Schmiernippel oder von oben<\/td>\n<\/tr>\n<tr>\n<td>Schmiermittel<\/td>\n<td>Fette mindestens der NLGI-Klasse 2, \u00d6le bis 40mm\u00b2\/s (cSt) bei 40\u00b0 C<\/td>\n<\/tr>\n<tr>\n<td>Schutzklasse<\/td>\n<td>IP6K 9K<\/td>\n<\/tr>\n<tr>\n<td>Kolbendurchmesser, K5<\/td>\n<td>5 mm, ca. 2 cm\u00b3\/min<\/td>\n<\/tr>\n<tr>\n<td>Kolbendurchmesser, (Standard) K6<\/td>\n<td>6mm, ca. 2,8cm\u00b3\/min<\/td>\n<\/tr>\n<tr>\n<td>Kolbendurchmesser, K7<\/td>\n<td>7 mm, ca. 4 cm\u00b3\/min<\/td>\n<\/tr>\n<tr>\n<td>Max. Betriebsdruck<\/td>\n<td>350 bar<\/td>\n<\/tr>\n<tr>\n<td>Anschlussgewinde<\/td>\n<td>G 1\/4<\/td>\n<\/tr>\n<tr>\n<td>Betriebsspannung<\/td>\n<td>12 V Gleichstrom, 24 V Gleichstrom, 110-240 V Wechselstrom<\/td>\n<\/tr>\n<\/tbody>\n<\/table>\n<h2>Anwendungen<\/h2>\n<p>1. Mobile Ger\u00e4te: J203-Pumpen werden \u00fcberwiegend in einer Vielzahl mobiler Ger\u00e4te installiert, von Radladern und Baggern bis hin zu kleinen und mittelgro\u00dfen Ger\u00e4ten. Diese Art von Ger\u00e4ten ist oft extrem schlechten Arbeitsbedingungen ausgesetzt; daher ist ein zuverl\u00e4ssiges Schmiersystem f\u00fcr den normalen Betrieb \u00e4u\u00dferst wichtig.<br \/>\n2. Allgemeine Industrie: Die J203-Pumpe schmiert in allgemeinen Industrieanwendungen alle mechanischen Ger\u00e4te, haupts\u00e4chlich M\u00e4hdrescher, Ballenpressen und Feldh\u00e4cksler.<br \/>\n3. Spezialanwendungen: Diese Pumpe eignet sich f\u00fcr einige Spezialanwendungen, beispielsweise in der Lebensmittel- und Getr\u00e4nkeindustrie. Daher bestehen die Pumpenkomponenten aus vernickeltem Stahl, w\u00e4hrend die in diesen Pumpen verwendeten Schmiermittel den Kriterien f\u00fcr lebensmitteltaugliche Schmiermittel entsprechen.<\/p>\n<h2>Benutzerhandb\u00fccher<\/h2>\n<div class=\"sdm_download_button_box_default\"><div class=\"sdm_download_link\"><a href=\"https:\/\/www.jinpinlub.com\/de\/?sdm_process_download=1&download_id=2429\" class=\"sdm_download white\" title=\"Privat: J203 Grease Pump\" target=\"&quot;_blank&quot;\">Datenblatt anzeigen - J203 Fettpumpe<\/a><\/div><\/div>","protected":false},"excerpt":{"rendered":"<p>Die Schmierpumpe J203 ist ein vielseitiges, kompaktes und relativ kosteng\u00fcnstiges Schmiersystem, das in einer Vielzahl von industriellen und mobilen Ger\u00e4ten zum Einsatz kommt. Sie wurde entwickelt, um effiziente und zuverl\u00e4ssige Schmierl\u00f6sungen bereitzustellen, die den normalen Betrieb und die verl\u00e4ngerte Lebensdauer der Ger\u00e4te gew\u00e4hrleisten.<\/p>","protected":false},"featured_media":2394,"template":"","meta":{"ocean_post_layout":"","ocean_both_sidebars_style":"","ocean_both_sidebars_content_width":0,"ocean_both_sidebars_sidebars_width":0,"ocean_sidebar":"0","ocean_second_sidebar":"0","ocean_disable_margins":"enable","ocean_add_body_class":"","ocean_shortcode_before_top_bar":"","ocean_shortcode_after_top_bar":"","ocean_shortcode_before_header":"","ocean_shortcode_after_header":"","ocean_has_shortcode":"","ocean_shortcode_after_title":"","ocean_shortcode_before_footer_widgets":"","ocean_shortcode_after_footer_widgets":"","ocean_shortcode_before_footer_bottom":"","ocean_shortcode_after_footer_bottom":"","ocean_display_top_bar":"default","ocean_display_header":"default","ocean_header_style":"","ocean_center_header_left_menu":"0","ocean_custom_header_template":"0","ocean_custom_logo":0,"ocean_custom_retina_logo":0,"ocean_custom_logo_max_width":0,"ocean_custom_logo_tablet_max_width":0,"ocean_custom_logo_mobile_max_width":0,"ocean_custom_logo_max_height":0,"ocean_custom_logo_tablet_max_height":0,"ocean_custom_logo_mobile_max_height":0,"ocean_header_custom_menu":"0","ocean_menu_typo_font_family":"0","ocean_menu_typo_font_subset":"","ocean_menu_typo_font_size":0,"ocean_menu_typo_font_size_tablet":0,"ocean_menu_typo_font_size_mobile":0,"ocean_menu_typo_font_size_unit":"px","ocean_menu_typo_font_weight":"","ocean_menu_typo_font_weight_tablet":"","ocean_menu_typo_font_weight_mobile":"","ocean_menu_typo_transform":"","ocean_menu_typo_transform_tablet":"","ocean_menu_typo_transform_mobile":"","ocean_menu_typo_line_height":0,"ocean_menu_typo_line_height_tablet":0,"ocean_menu_typo_line_height_mobile":0,"ocean_menu_typo_line_height_unit":"","ocean_menu_typo_spacing":0,"ocean_menu_typo_spacing_tablet":0,"ocean_menu_typo_spacing_mobile":0,"ocean_menu_typo_spacing_unit":"","ocean_menu_link_color":"","ocean_menu_link_color_hover":"","ocean_menu_link_color_active":"","ocean_menu_link_background":"","ocean_menu_link_hover_background":"","ocean_menu_link_active_background":"","ocean_menu_social_links_bg":"","ocean_menu_social_hover_links_bg":"","ocean_menu_social_links_color":"","ocean_menu_social_hover_links_color":"","ocean_disable_title":"default","ocean_disable_heading":"default","ocean_post_title":"","ocean_post_subheading":"","ocean_post_title_style":"","ocean_post_title_background_color":"","ocean_post_title_background":0,"ocean_post_title_bg_image_position":"","ocean_post_title_bg_image_attachment":"","ocean_post_title_bg_image_repeat":"","ocean_post_title_bg_image_size":"","ocean_post_title_height":0,"ocean_post_title_bg_overlay":0.5,"ocean_post_title_bg_overlay_color":"","ocean_disable_breadcrumbs":"default","ocean_breadcrumbs_color":"","ocean_breadcrumbs_separator_color":"","ocean_breadcrumbs_links_color":"","ocean_breadcrumbs_links_hover_color":"","ocean_display_footer_widgets":"default","ocean_display_footer_bottom":"default","ocean_custom_footer_template":"0","osh_disable_topbar_sticky":"default","osh_disable_header_sticky":"default","osh_sticky_header_style":"default","osh_sticky_header_effect":"","osh_custom_sticky_logo":0,"osh_custom_retina_sticky_logo":0,"osh_custom_sticky_logo_height":0,"osh_background_color":"","osh_links_color":"","osh_links_hover_color":"","osh_links_active_color":"","osh_links_bg_color":"","osh_links_hover_bg_color":"","osh_links_active_bg_color":"","osh_menu_social_links_color":"","osh_menu_social_hover_links_color":""},"product_brand":[],"product_cat":[42,41],"product_tag":[73,71,72],"class_list":{"0":"post-2393","1":"product","2":"type-product","3":"status-publish","4":"has-post-thumbnail","6":"product_cat-electric-progressive-pumps","7":"product_cat-progressive-grease-systems","8":"product_tag-electric-lubrication-pump","9":"product_tag-lubrication-pump","10":"product_tag-lubrication-system","12":"entry","13":"has-media","15":"first","16":"instock","17":"featured","18":"shipping-taxable","19":"product-type-external","20":"col","21":"span_1_of_3","22":"owp-content-center","23":"owp-thumbs-layout-horizontal","24":"owp-btn-very-big","25":"owp-tabs-layout-horizontal"},"_links":{"self":[{"href":"https:\/\/www.jinpinlub.com\/de\/wp-json\/wp\/v2\/product\/2393","targetHints":{"allow":["GET"]}}],"collection":[{"href":"https:\/\/www.jinpinlub.com\/de\/wp-json\/wp\/v2\/product"}],"about":[{"href":"https:\/\/www.jinpinlub.com\/de\/wp-json\/wp\/v2\/types\/product"}],"wp:featuredmedia":[{"embeddable":true,"href":"https:\/\/www.jinpinlub.com\/de\/wp-json\/wp\/v2\/media\/2394"}],"wp:attachment":[{"href":"https:\/\/www.jinpinlub.com\/de\/wp-json\/wp\/v2\/media?parent=2393"}],"wp:term":[{"taxonomy":"product_brand","embeddable":true,"href":"https:\/\/www.jinpinlub.com\/de\/wp-json\/wp\/v2\/product_brand?post=2393"},{"taxonomy":"product_cat","embeddable":true,"href":"https:\/\/www.jinpinlub.com\/de\/wp-json\/wp\/v2\/product_cat?post=2393"},{"taxonomy":"product_tag","embeddable":true,"href":"https:\/\/www.jinpinlub.com\/de\/wp-json\/wp\/v2\/product_tag?post=2393"}],"curies":[{"name":"wp","href":"https:\/\/api.w.org\/{rel}","templated":true}]}}