{"id":2485,"date":"2024-07-17T02:49:22","date_gmt":"2024-07-17T02:49:22","guid":{"rendered":"https:\/\/www.jinpinlub.com\/?post_type=product&#038;p=2485"},"modified":"2024-07-17T04:02:47","modified_gmt":"2024-07-17T04:02:47","slug":"lt-verdrangungsinjektor-fur-olschmiersystem","status":"publish","type":"product","link":"https:\/\/www.jinpinlub.com\/de\/product\/lt-positive-displacement-injector-for-oil-lubrication-system\/","title":{"rendered":"LT-Verdr\u00e4ngungsinjektor f\u00fcr \u00d6lschmiersystem"},"content":{"rendered":"<h2>Merkmale<\/h2>\n<p>1. Es muss mit einer Druckentlastungsschmierpumpe mit genauer \u00d6lmenge ausgestattet sein, die je nach Bedarf ausgew\u00e4hlt werden kann.<br \/>\n2. Jede Steckdose verf\u00fcgt \u00fcber einen Anzeigestab zur optischen Erkennung, und zur Signalerkennung kann ein N\u00e4herungsschalter oder Mikroschalter ausgew\u00e4hlt werden.<br \/>\n3. Der Standard-N\u00e4herungsschalter ist ein \u00d6ffner, zus\u00e4tzlich kann auch ein Schlie\u00dfer ausgew\u00e4hlt werden.<br \/>\n4. Der Mikroschalter kann nur am 0,5-ml-Auslass installiert werden, und NO- und NC-Kontakte sind optional.<br \/>\n5. Der Standard-LT-Verteiler ist mit einem Aderendh\u00fclsenstecker ausgestattet, ein Schnellsteckverbinder ist optional erh\u00e4ltlich.<\/p>\n<h2>Spezifikation<\/h2>\n<table>\n<tbody>\n<tr>\n<td>Funktionsprinzip<\/td>\n<td>Verdr\u00e4ngungsinjektor<\/td>\n<\/tr>\n<tr>\n<td>Verkaufsstellen<\/td>\n<td>2, 3, 4, 5, 6, 7<\/td>\n<\/tr>\n<tr>\n<td>Dosiermenge\u00d6l<\/td>\n<td>0,1, 0,2, 0,3, 0,4, 0,5, 0,06 ml\/Zyklus<\/td>\n<\/tr>\n<tr>\n<td>Schmiermittel<\/td>\n<td>32\u201390 mm\u00b2\/s bei 40 \u00b0C<\/td>\n<\/tr>\n<tr>\n<td>Betriebstemperatur<\/td>\n<td>0 bis +80 \u00b0C<\/td>\n<\/tr>\n<tr>\n<td>Betriebsdruck<\/td>\n<td>8~30bar<\/td>\n<\/tr>\n<tr>\n<td>Material<\/td>\n<td>Zinkdruckguss, Messing<\/td>\n<\/tr>\n<tr>\n<td>Anschluss Ausgang<\/td>\n<td>Einlass \u03a66 (M10x1), Auslass \u03a64 (M8x1)<\/td>\n<\/tr>\n<tr>\n<td>Auslaufarmaturen<\/td>\n<td>H\u00fclsentyp, Schnelltyp<\/td>\n<\/tr>\n<tr>\n<td>Einbaulage<\/td>\n<td>Beliebig<\/td>\n<\/tr>\n<\/tbody>\n<\/table>\n<h2>Prinzip<\/h2>\n<p>LT basiert haupts\u00e4chlich auf der Wirkung des Dosierkolbens und der Zusammenarbeit des schirmf\u00f6rmigen Zweiwegeventils. Wenn das von der Schmierpumpe gepumpte \u00d6l aus der Hauptleitung eingespritzt wird, wird das schirmf\u00f6rmige Zweiwegeventil gedr\u00fcckt, so dass das \u00d6l in die Kolbenkammer flie\u00dft und durch den Durchgang gepresst wird. Unter der Wirkung des Druck\u00f6ls bewegt sich der Dosierkolben nach unten, sammelt \u00d6l und dr\u00fcckt die Feder zusammen. Wenn der \u00d6ldruck in der Hauptleitung abgelassen wird (dh Druckentlastung), bewegt sich das schirmf\u00f6rmige Ventil aufgrund der Druckdifferenz und \u00f6ffnet gleichzeitig den Auslass, so dass das in der Wohnkammer angesammelte \u00d6l durch den Auslass in das \u00d6lrohr geleitet wird.<\/p>\n<h2>Benutzerhandb\u00fccher<\/h2>\n<div class=\"sdm_download_button_box_default\"><div class=\"sdm_download_link\"><a href=\"https:\/\/www.jinpinlub.com\/de\/?sdm_process_download=1&download_id=2475\" class=\"sdm_download white\" title=\"Privat: LT Pressure-relief Distributor\" target=\"&quot;_blank&quot;\">Datenblatt anzeigen - LT Distributor<\/a><\/div><\/div>","protected":false},"excerpt":{"rendered":"<p>LT-Druckverteiler werden h\u00e4ufig in Industrieanlagen eingesetzt, die eine pr\u00e4zise Schmierung erfordern, wie z. B. Kaltwalzanlagen, Spritzgussmaschinen, Druckgussmaschinen usw. Sie ben\u00f6tigen eine stabile Schmier\u00f6lversorgung, um einen langfristigen Betrieb zu gew\u00e4hrleisten.<\/p>","protected":false},"featured_media":2490,"template":"","meta":{"ocean_post_layout":"","ocean_both_sidebars_style":"","ocean_both_sidebars_content_width":0,"ocean_both_sidebars_sidebars_width":0,"ocean_sidebar":"0","ocean_second_sidebar":"0","ocean_disable_margins":"enable","ocean_add_body_class":"","ocean_shortcode_before_top_bar":"","ocean_shortcode_after_top_bar":"","ocean_shortcode_before_header":"","ocean_shortcode_after_header":"","ocean_has_shortcode":"","ocean_shortcode_after_title":"","ocean_shortcode_before_footer_widgets":"","ocean_shortcode_after_footer_widgets":"","ocean_shortcode_before_footer_bottom":"","ocean_shortcode_after_footer_bottom":"","ocean_display_top_bar":"default","ocean_display_header":"default","ocean_header_style":"","ocean_center_header_left_menu":"0","ocean_custom_header_template":"0","ocean_custom_logo":0,"ocean_custom_retina_logo":0,"ocean_custom_logo_max_width":0,"ocean_custom_logo_tablet_max_width":0,"ocean_custom_logo_mobile_max_width":0,"ocean_custom_logo_max_height":0,"ocean_custom_logo_tablet_max_height":0,"ocean_custom_logo_mobile_max_height":0,"ocean_header_custom_menu":"0","ocean_menu_typo_font_family":"0","ocean_menu_typo_font_subset":"","ocean_menu_typo_font_size":0,"ocean_menu_typo_font_size_tablet":0,"ocean_menu_typo_font_size_mobile":0,"ocean_menu_typo_font_size_unit":"px","ocean_menu_typo_font_weight":"","ocean_menu_typo_font_weight_tablet":"","ocean_menu_typo_font_weight_mobile":"","ocean_menu_typo_transform":"","ocean_menu_typo_transform_tablet":"","ocean_menu_typo_transform_mobile":"","ocean_menu_typo_line_height":0,"ocean_menu_typo_line_height_tablet":0,"ocean_menu_typo_line_height_mobile":0,"ocean_menu_typo_line_height_unit":"","ocean_menu_typo_spacing":0,"ocean_menu_typo_spacing_tablet":0,"ocean_menu_typo_spacing_mobile":0,"ocean_menu_typo_spacing_unit":"","ocean_menu_link_color":"","ocean_menu_link_color_hover":"","ocean_menu_link_color_active":"","ocean_menu_link_background":"","ocean_menu_link_hover_background":"","ocean_menu_link_active_background":"","ocean_menu_social_links_bg":"","ocean_menu_social_hover_links_bg":"","ocean_menu_social_links_color":"","ocean_menu_social_hover_links_color":"","ocean_disable_title":"default","ocean_disable_heading":"default","ocean_post_title":"","ocean_post_subheading":"","ocean_post_title_style":"","ocean_post_title_background_color":"","ocean_post_title_background":0,"ocean_post_title_bg_image_position":"","ocean_post_title_bg_image_attachment":"","ocean_post_title_bg_image_repeat":"","ocean_post_title_bg_image_size":"","ocean_post_title_height":0,"ocean_post_title_bg_overlay":0.5,"ocean_post_title_bg_overlay_color":"","ocean_disable_breadcrumbs":"default","ocean_breadcrumbs_color":"","ocean_breadcrumbs_separator_color":"","ocean_breadcrumbs_links_color":"","ocean_breadcrumbs_links_hover_color":"","ocean_display_footer_widgets":"default","ocean_display_footer_bottom":"default","ocean_custom_footer_template":"0","osh_disable_topbar_sticky":"default","osh_disable_header_sticky":"default","osh_sticky_header_style":"default","osh_sticky_header_effect":"","osh_custom_sticky_logo":0,"osh_custom_retina_sticky_logo":0,"osh_custom_sticky_logo_height":0,"osh_background_color":"","osh_links_color":"","osh_links_hover_color":"","osh_links_active_color":"","osh_links_bg_color":"","osh_links_hover_bg_color":"","osh_links_active_bg_color":"","osh_menu_social_links_color":"","osh_menu_social_hover_links_color":""},"product_brand":[],"product_cat":[49,47],"product_tag":[82,83,84],"class_list":{"0":"post-2485","1":"product","2":"type-product","3":"status-publish","4":"has-post-thumbnail","6":"product_cat-volumetric-oil-injectors","7":"product_cat-volumetric-thin-oil-systems","8":"product_tag-positive-displacement-injector","9":"product_tag-pressure-relief-distributor","10":"product_tag-volumetric-distributor","12":"entry","13":"has-media","15":"first","16":"instock","17":"shipping-taxable","18":"product-type-external","19":"col","20":"span_1_of_3","21":"owp-content-center","22":"owp-thumbs-layout-horizontal","23":"owp-btn-very-big","24":"owp-tabs-layout-horizontal"},"_links":{"self":[{"href":"https:\/\/www.jinpinlub.com\/de\/wp-json\/wp\/v2\/product\/2485","targetHints":{"allow":["GET"]}}],"collection":[{"href":"https:\/\/www.jinpinlub.com\/de\/wp-json\/wp\/v2\/product"}],"about":[{"href":"https:\/\/www.jinpinlub.com\/de\/wp-json\/wp\/v2\/types\/product"}],"wp:featuredmedia":[{"embeddable":true,"href":"https:\/\/www.jinpinlub.com\/de\/wp-json\/wp\/v2\/media\/2490"}],"wp:attachment":[{"href":"https:\/\/www.jinpinlub.com\/de\/wp-json\/wp\/v2\/media?parent=2485"}],"wp:term":[{"taxonomy":"product_brand","embeddable":true,"href":"https:\/\/www.jinpinlub.com\/de\/wp-json\/wp\/v2\/product_brand?post=2485"},{"taxonomy":"product_cat","embeddable":true,"href":"https:\/\/www.jinpinlub.com\/de\/wp-json\/wp\/v2\/product_cat?post=2485"},{"taxonomy":"product_tag","embeddable":true,"href":"https:\/\/www.jinpinlub.com\/de\/wp-json\/wp\/v2\/product_tag?post=2485"}],"curies":[{"name":"wp","href":"https:\/\/api.w.org\/{rel}","templated":true}]}}