{"id":2494,"date":"2024-07-17T08:36:45","date_gmt":"2024-07-17T08:36:45","guid":{"rendered":"https:\/\/www.jinpinlub.com\/?post_type=product&#038;p=2494"},"modified":"2024-08-06T18:08:15","modified_gmt":"2024-08-06T18:08:15","slug":"mgk-druckentlastungsverteiler-fur-einleitungsfettsystem","status":"publish","type":"product","link":"https:\/\/www.jinpinlub.com\/de\/product\/mgk-pressure-relief-distributor-for-single-line-grease-system\/","title":{"rendered":"MGK Druckentlastungsverteiler f\u00fcr Einleitungs-Fettsystem"},"content":{"rendered":"<h2>Merkmale<\/h2>\n<p>1. Unter Druck stehendes quantitatives Dosierventil, ein Typ mit direkter Druckwirkung.<br \/>\nDas von der Pumpe gef\u00f6rderte Druck\u00f6l versetzt den im Dosierventil eingebauten Kolben in Bewegung und bewirkt so die Abgabe der Schmierstoffmenge.<br \/>\nBei Pumpenstillstand wird der Kolben des Dosierteils durch die Federkraft zur\u00fcckgestellt, d.h. die Schmierstoffmenge wird gespeichert.<br \/>\n2. Genaue Entladung, der Dosierteil wird nur einmal in einem Zyklus entladen und der Abstand zueinander im System, ob weit, nah, hoch oder niedrig, horizontale oder vertikale Installation, hat keinen Einfluss auf die Entladung.<br \/>\n3. Zwangsentladung, sensible Wirkung. Zwei Dichtungen verhindern, dass das Entladen zur\u00fcckflie\u00dft.<br \/>\n4. Dosierventile k\u00f6nnen entsprechend den Anforderungen der einzelnen Schmierstellen ausgew\u00e4hlt und in Kombination mit der MGJ-Verbindung entweder in Reihe oder parallel verwendet werden.<br \/>\n5. H\u00fclsentyp: \u03a64-Nylonrohr muss mit PA-4-Verbindung und PB-4-Doppelkegelh\u00fclse kombiniert werden. Schnellstecktyp: \u03a64-Nylonrohr kann eingesteckt werden.<br \/>\n6. Gilt f\u00fcr Fette der Klasse NLGI 000# und 00#.<\/p>\n<h2>Spezifikation<\/h2>\n<table>\n<tbody>\n<tr>\n<td>Funktionsprinzip<\/td>\n<td>Druckbegrenzungs-Dosierventil<\/td>\n<\/tr>\n<tr>\n<td>Anzahl der Verkaufsstellen<\/td>\n<td>1, 2, 3, 4, 5<\/td>\n<\/tr>\n<tr>\n<td>Dosiermenge<\/td>\n<td>0,03, 0,05, 0,13, 0,20, 0,30, 0,50 ml\/Zyklus<\/td>\n<\/tr>\n<tr>\n<td>Schmiermittel<\/td>\n<td>NLGI 000#, 00# Fett.<\/td>\n<\/tr>\n<tr>\n<td>Betriebstemperatur<\/td>\n<td>0 bis +80 \u00b0C<\/td>\n<\/tr>\n<tr>\n<td>Betriebsdruck<\/td>\n<td>0,5 bis 1,5 MPa<\/td>\n<\/tr>\n<tr>\n<td>Material<\/td>\n<td>Kupfer, Aluminiumlegierung<\/td>\n<\/tr>\n<tr>\n<td>Anschluss Ausgang<\/td>\n<td>Einlass Rc1\/8, Auslass \u03a64(Rc1\/8)<\/td>\n<\/tr>\n<tr>\n<td>Auslaufarmaturen<\/td>\n<td>H\u00fclsentyp, Schnelltyp<\/td>\n<\/tr>\n<tr>\n<td>Einbaulage<\/td>\n<td>Beliebig<\/td>\n<\/tr>\n<\/tbody>\n<\/table>\n<h2>Anwendung<\/h2>\n<p>Spezielle Verteiler f\u00fcr Einleitungs-Druckentlastungs-Fettschmiersysteme werden h\u00e4ufig in mechanischen Ger\u00e4ten eingesetzt, die eine pr\u00e4zise Schmierung erfordern, wie z. B. Baumaschinen, Bergbaumaschinen, im Automobilbau usw. Sie eignen sich besonders f\u00fcr Situationen, in denen es viele Schmierstellen gibt und sichergestellt werden muss, dass jede Stelle richtig geschmiert werden kann.<\/p>\n<h2>Benutzerhandb\u00fccher<\/h2>\n<div class=\"sdm_download_button_box_default\"><div class=\"sdm_download_link\"><a href=\"https:\/\/www.jinpinlub.com\/de\/?sdm_process_download=1&download_id=2470\" class=\"sdm_download white\" title=\"Privat: MGK Metering Valve\" target=\"&quot;_blank&quot;\">Datenblatt anzeigen - MGK Dosierventil<\/a><\/div><\/div>","protected":false},"excerpt":{"rendered":"<p>Der MGK-Einleitungs-Druckentlastungsfettverteiler liefert Schmiermittel \u00fcber eine einzige Versorgungsleitung an verschiedene Schmierstellen. Jeder Verteiler kann die Schmiermittelmenge genau steuern, um den normalen Betrieb und die Wartung der Anlage sicherzustellen.<\/p>","protected":false},"featured_media":2495,"template":"","meta":{"ocean_post_layout":"","ocean_both_sidebars_style":"","ocean_both_sidebars_content_width":0,"ocean_both_sidebars_sidebars_width":0,"ocean_sidebar":"0","ocean_second_sidebar":"0","ocean_disable_margins":"enable","ocean_add_body_class":"","ocean_shortcode_before_top_bar":"","ocean_shortcode_after_top_bar":"","ocean_shortcode_before_header":"","ocean_shortcode_after_header":"","ocean_has_shortcode":"","ocean_shortcode_after_title":"","ocean_shortcode_before_footer_widgets":"","ocean_shortcode_after_footer_widgets":"","ocean_shortcode_before_footer_bottom":"","ocean_shortcode_after_footer_bottom":"","ocean_display_top_bar":"default","ocean_display_header":"default","ocean_header_style":"","ocean_center_header_left_menu":"0","ocean_custom_header_template":"0","ocean_custom_logo":0,"ocean_custom_retina_logo":0,"ocean_custom_logo_max_width":0,"ocean_custom_logo_tablet_max_width":0,"ocean_custom_logo_mobile_max_width":0,"ocean_custom_logo_max_height":0,"ocean_custom_logo_tablet_max_height":0,"ocean_custom_logo_mobile_max_height":0,"ocean_header_custom_menu":"0","ocean_menu_typo_font_family":"0","ocean_menu_typo_font_subset":"","ocean_menu_typo_font_size":0,"ocean_menu_typo_font_size_tablet":0,"ocean_menu_typo_font_size_mobile":0,"ocean_menu_typo_font_size_unit":"px","ocean_menu_typo_font_weight":"","ocean_menu_typo_font_weight_tablet":"","ocean_menu_typo_font_weight_mobile":"","ocean_menu_typo_transform":"","ocean_menu_typo_transform_tablet":"","ocean_menu_typo_transform_mobile":"","ocean_menu_typo_line_height":0,"ocean_menu_typo_line_height_tablet":0,"ocean_menu_typo_line_height_mobile":0,"ocean_menu_typo_line_height_unit":"","ocean_menu_typo_spacing":0,"ocean_menu_typo_spacing_tablet":0,"ocean_menu_typo_spacing_mobile":0,"ocean_menu_typo_spacing_unit":"","ocean_menu_link_color":"","ocean_menu_link_color_hover":"","ocean_menu_link_color_active":"","ocean_menu_link_background":"","ocean_menu_link_hover_background":"","ocean_menu_link_active_background":"","ocean_menu_social_links_bg":"","ocean_menu_social_hover_links_bg":"","ocean_menu_social_links_color":"","ocean_menu_social_hover_links_color":"","ocean_disable_title":"default","ocean_disable_heading":"default","ocean_post_title":"","ocean_post_subheading":"","ocean_post_title_style":"","ocean_post_title_background_color":"","ocean_post_title_background":0,"ocean_post_title_bg_image_position":"","ocean_post_title_bg_image_attachment":"","ocean_post_title_bg_image_repeat":"","ocean_post_title_bg_image_size":"","ocean_post_title_height":0,"ocean_post_title_bg_overlay":0.5,"ocean_post_title_bg_overlay_color":"","ocean_disable_breadcrumbs":"default","ocean_breadcrumbs_color":"","ocean_breadcrumbs_separator_color":"","ocean_breadcrumbs_links_color":"","ocean_breadcrumbs_links_hover_color":"","ocean_display_footer_widgets":"default","ocean_display_footer_bottom":"default","ocean_custom_footer_template":"0","osh_disable_topbar_sticky":"default","osh_disable_header_sticky":"default","osh_sticky_header_style":"default","osh_sticky_header_effect":"","osh_custom_sticky_logo":0,"osh_custom_retina_sticky_logo":0,"osh_custom_sticky_logo_height":0,"osh_background_color":"","osh_links_color":"","osh_links_hover_color":"","osh_links_active_color":"","osh_links_bg_color":"","osh_links_hover_bg_color":"","osh_links_active_bg_color":"","osh_menu_social_links_color":"","osh_menu_social_hover_links_color":""},"product_brand":[],"product_cat":[40,37],"product_tag":[87,85,86],"class_list":{"0":"post-2494","1":"product","2":"type-product","3":"status-publish","4":"has-post-thumbnail","6":"product_cat-pressure-relief-metering-valves","7":"product_cat-single-line-grease-systems","8":"product_tag-grease-distributor","9":"product_tag-pressure-relief-metering-valve","10":"product_tag-single-line-distributor","12":"entry","13":"has-media","15":"first","16":"instock","17":"shipping-taxable","18":"product-type-external","19":"col","20":"span_1_of_3","21":"owp-content-center","22":"owp-thumbs-layout-horizontal","23":"owp-btn-very-big","24":"owp-tabs-layout-horizontal"},"_links":{"self":[{"href":"https:\/\/www.jinpinlub.com\/de\/wp-json\/wp\/v2\/product\/2494","targetHints":{"allow":["GET"]}}],"collection":[{"href":"https:\/\/www.jinpinlub.com\/de\/wp-json\/wp\/v2\/product"}],"about":[{"href":"https:\/\/www.jinpinlub.com\/de\/wp-json\/wp\/v2\/types\/product"}],"wp:featuredmedia":[{"embeddable":true,"href":"https:\/\/www.jinpinlub.com\/de\/wp-json\/wp\/v2\/media\/2495"}],"wp:attachment":[{"href":"https:\/\/www.jinpinlub.com\/de\/wp-json\/wp\/v2\/media?parent=2494"}],"wp:term":[{"taxonomy":"product_brand","embeddable":true,"href":"https:\/\/www.jinpinlub.com\/de\/wp-json\/wp\/v2\/product_brand?post=2494"},{"taxonomy":"product_cat","embeddable":true,"href":"https:\/\/www.jinpinlub.com\/de\/wp-json\/wp\/v2\/product_cat?post=2494"},{"taxonomy":"product_tag","embeddable":true,"href":"https:\/\/www.jinpinlub.com\/de\/wp-json\/wp\/v2\/product_tag?post=2494"}],"curies":[{"name":"wp","href":"https:\/\/api.w.org\/{rel}","templated":true}]}}