{"id":2504,"date":"2024-07-17T10:01:41","date_gmt":"2024-07-17T10:01:41","guid":{"rendered":"https:\/\/www.jinpinlub.com\/?post_type=product&#038;p=2504"},"modified":"2024-08-02T09:06:45","modified_gmt":"2024-08-02T09:06:45","slug":"j200-elektrische-fettschmierpumpe-fur-genaue-schmierung","status":"publish","type":"product","link":"https:\/\/www.jinpinlub.com\/de\/product\/j200-electric-grease-lubrication-pump-for-accurate-lubrication\/","title":{"rendered":"J100 Elektrische Fettschmierpumpe f\u00fcr genaue Schmierung"},"content":{"rendered":"<h2>Merkmale<\/h2>\n<p>Die Schmierpumpe P100 ist eine kompakte Elektropumpe, die f\u00fcr \u00d6l und Fett geeignet ist. Sie verf\u00fcgt \u00fcber eine integrierte Druckentlastungsfunktion und kann die Anforderungen von Einleitungs- oder Progressivschmiersystemen erf\u00fcllen. Die Schmierpumpe ECP ben\u00f6tigt eine 24-V-Gleichstromversorgung und kann \u00fcber die speicherprogrammierbare Steuerung (SPS) der Maschine gesteuert werden. Dar\u00fcber hinaus verf\u00fcgt die Pumpe \u00fcber einen Schalter zum manuellen Starten zus\u00e4tzlicher Schmierzyklen und einen optionalen integrierten F\u00fcllstandsschalter zur \u00dcberwachung des F\u00fcllstands des \u00d6ltanks oder der Fettkartusche.<br \/>\nZu den Hauptmerkmalen der Schmierpumpe P100 geh\u00f6ren die Reduzierung ungeplanter Ausfallzeiten, die Verl\u00e4ngerung der Wartungsintervalle, die Minimierung der Umweltbelastung durch effizienten Einsatz von Schmierstoffen und die Verringerung des Risikos der Verwendung falscher oder verunreinigter Schmierstoffe. Sie verf\u00fcgt au\u00dferdem \u00fcber eine energiesparende 24-V-DC-Betriebsspannung und ist einfach zu installieren und zu bedienen.<\/p>\n<h2>Spezifikation<\/h2>\n<table>\n<tbody>\n<tr>\n<td>Betriebstemperatur<\/td>\n<td>0~+50\u00b0C<\/td>\n<\/tr>\n<tr>\n<td>Anzahl der Filialen<\/td>\n<td>1, 2<\/td>\n<\/tr>\n<tr>\n<td>Reservoirkapazit\u00e4t<\/td>\n<td>0,3 l, 1,5 l (Reservoir), 0,3 l, 0,7 l (Kartusche)<\/td>\n<\/tr>\n<tr>\n<td>Nachf\u00fcllen<\/td>\n<td>Hydraulische Schmiernippel<\/td>\n<\/tr>\n<tr>\n<td>Schmiermittel<\/td>\n<td>Fette NLGI-Klasse 000~2#<\/td>\n<\/tr>\n<tr>\n<td>Schutzklasse<\/td>\n<td>IP54<\/td>\n<\/tr>\n<tr>\n<td>Entladung<\/td>\n<td>15 ml\/min<\/td>\n<\/tr>\n<tr>\n<td>Max. Betriebsdruck<\/td>\n<td>8 MPa<\/td>\n<\/tr>\n<tr>\n<td>Anschlussgewinde<\/td>\n<td>\u03a66 oder \u03a68<\/td>\n<\/tr>\n<tr>\n<td>Betriebsspannung<\/td>\n<td>24 V Gleichstrom<\/td>\n<\/tr>\n<tr>\n<td>Zertifizierung<\/td>\n<td>CE<\/td>\n<\/tr>\n<tr>\n<td>Einbaulage<\/td>\n<td>Aufrecht<\/td>\n<\/tr>\n<\/tbody>\n<\/table>\n<h2>Anwendungen<\/h2>\n<p>Die P100-Schmierpumpe wird h\u00e4ufig in Spritzgussmaschinen, Automobilen, Aufz\u00fcgen und Hebesystemen, Materialtransporten, Industrierobotern, Werkzeugmaschinen, Linearf\u00fchrungen und Automatisierungsger\u00e4ten eingesetzt. In diesen Anwendungsszenarien gew\u00e4hrleistet das P100-Schmiersystem einen effizienten Betrieb und eine lange Lebensdauer der Ger\u00e4te, indem es eine zuverl\u00e4ssige und anpassbare Schmierl\u00f6sung bietet.<\/p>\n<h2>Benutzerhandb\u00fccher<\/h2>\n<div class=\"sdm_download_button_box_default\"><div class=\"sdm_download_link\"><a href=\"https:\/\/www.jinpinlub.com\/de\/?sdm_process_download=1&download_id=2462\" class=\"sdm_download white\" title=\"Privat: J100 Grease Pump\" target=\"&quot;_blank&quot;\">Datenblatt anzeigen - J100 Fettpumpe<\/a><\/div><\/div>","protected":false},"excerpt":{"rendered":"<p>Die Schmierpumpe P100 ist flexibel konzipiert und bietet einen Schmierstoffbeh\u00e4lter von 0,3 bis 1,5 Litern oder leicht austauschbare Standardfettkartuschen mit 300 oder 700 ml. Fettqualit\u00e4ten von NLGI 000# bis 2#. Die Pumpe hat zwei Ausl\u00e4sse und kann zwei Schmierleitungen gleichzeitig bedienen.<\/p>","protected":false},"featured_media":2509,"template":"","meta":{"ocean_post_layout":"","ocean_both_sidebars_style":"","ocean_both_sidebars_content_width":0,"ocean_both_sidebars_sidebars_width":0,"ocean_sidebar":"0","ocean_second_sidebar":"0","ocean_disable_margins":"enable","ocean_add_body_class":"","ocean_shortcode_before_top_bar":"","ocean_shortcode_after_top_bar":"","ocean_shortcode_before_header":"","ocean_shortcode_after_header":"","ocean_has_shortcode":"","ocean_shortcode_after_title":"","ocean_shortcode_before_footer_widgets":"","ocean_shortcode_after_footer_widgets":"","ocean_shortcode_before_footer_bottom":"","ocean_shortcode_after_footer_bottom":"","ocean_display_top_bar":"default","ocean_display_header":"default","ocean_header_style":"","ocean_center_header_left_menu":"0","ocean_custom_header_template":"0","ocean_custom_logo":0,"ocean_custom_retina_logo":0,"ocean_custom_logo_max_width":0,"ocean_custom_logo_tablet_max_width":0,"ocean_custom_logo_mobile_max_width":0,"ocean_custom_logo_max_height":0,"ocean_custom_logo_tablet_max_height":0,"ocean_custom_logo_mobile_max_height":0,"ocean_header_custom_menu":"0","ocean_menu_typo_font_family":"0","ocean_menu_typo_font_subset":"","ocean_menu_typo_font_size":0,"ocean_menu_typo_font_size_tablet":0,"ocean_menu_typo_font_size_mobile":0,"ocean_menu_typo_font_size_unit":"px","ocean_menu_typo_font_weight":"","ocean_menu_typo_font_weight_tablet":"","ocean_menu_typo_font_weight_mobile":"","ocean_menu_typo_transform":"","ocean_menu_typo_transform_tablet":"","ocean_menu_typo_transform_mobile":"","ocean_menu_typo_line_height":0,"ocean_menu_typo_line_height_tablet":0,"ocean_menu_typo_line_height_mobile":0,"ocean_menu_typo_line_height_unit":"","ocean_menu_typo_spacing":0,"ocean_menu_typo_spacing_tablet":0,"ocean_menu_typo_spacing_mobile":0,"ocean_menu_typo_spacing_unit":"","ocean_menu_link_color":"","ocean_menu_link_color_hover":"","ocean_menu_link_color_active":"","ocean_menu_link_background":"","ocean_menu_link_hover_background":"","ocean_menu_link_active_background":"","ocean_menu_social_links_bg":"","ocean_menu_social_hover_links_bg":"","ocean_menu_social_links_color":"","ocean_menu_social_hover_links_color":"","ocean_disable_title":"default","ocean_disable_heading":"default","ocean_post_title":"","ocean_post_subheading":"","ocean_post_title_style":"","ocean_post_title_background_color":"","ocean_post_title_background":0,"ocean_post_title_bg_image_position":"","ocean_post_title_bg_image_attachment":"","ocean_post_title_bg_image_repeat":"","ocean_post_title_bg_image_size":"","ocean_post_title_height":0,"ocean_post_title_bg_overlay":0.5,"ocean_post_title_bg_overlay_color":"","ocean_disable_breadcrumbs":"default","ocean_breadcrumbs_color":"","ocean_breadcrumbs_separator_color":"","ocean_breadcrumbs_links_color":"","ocean_breadcrumbs_links_hover_color":"","ocean_display_footer_widgets":"default","ocean_display_footer_bottom":"default","ocean_custom_footer_template":"0","osh_disable_topbar_sticky":"default","osh_disable_header_sticky":"default","osh_sticky_header_style":"default","osh_sticky_header_effect":"","osh_custom_sticky_logo":0,"osh_custom_retina_sticky_logo":0,"osh_custom_sticky_logo_height":0,"osh_background_color":"","osh_links_color":"","osh_links_hover_color":"","osh_links_active_color":"","osh_links_bg_color":"","osh_links_hover_bg_color":"","osh_links_active_bg_color":"","osh_menu_social_links_color":"","osh_menu_social_hover_links_color":""},"product_brand":[],"product_cat":[38,42,41,37],"product_tag":[93,91,92],"class_list":{"0":"post-2504","1":"product","2":"type-product","3":"status-publish","4":"has-post-thumbnail","6":"product_cat-electric-pressure-relief-pumps","7":"product_cat-electric-progressive-pumps","8":"product_cat-progressive-grease-systems","9":"product_cat-single-line-grease-systems","10":"product_tag-pressure-relief-lubrication-pump","11":"product_tag-progressive-lubrication-pump","12":"product_tag-single-line-lubrication-pump","14":"entry","15":"has-media","17":"first","18":"instock","19":"featured","20":"shipping-taxable","21":"product-type-external","22":"col","23":"span_1_of_3","24":"owp-content-center","25":"owp-thumbs-layout-horizontal","26":"owp-btn-very-big","27":"owp-tabs-layout-horizontal"},"_links":{"self":[{"href":"https:\/\/www.jinpinlub.com\/de\/wp-json\/wp\/v2\/product\/2504","targetHints":{"allow":["GET"]}}],"collection":[{"href":"https:\/\/www.jinpinlub.com\/de\/wp-json\/wp\/v2\/product"}],"about":[{"href":"https:\/\/www.jinpinlub.com\/de\/wp-json\/wp\/v2\/types\/product"}],"wp:featuredmedia":[{"embeddable":true,"href":"https:\/\/www.jinpinlub.com\/de\/wp-json\/wp\/v2\/media\/2509"}],"wp:attachment":[{"href":"https:\/\/www.jinpinlub.com\/de\/wp-json\/wp\/v2\/media?parent=2504"}],"wp:term":[{"taxonomy":"product_brand","embeddable":true,"href":"https:\/\/www.jinpinlub.com\/de\/wp-json\/wp\/v2\/product_brand?post=2504"},{"taxonomy":"product_cat","embeddable":true,"href":"https:\/\/www.jinpinlub.com\/de\/wp-json\/wp\/v2\/product_cat?post=2504"},{"taxonomy":"product_tag","embeddable":true,"href":"https:\/\/www.jinpinlub.com\/de\/wp-json\/wp\/v2\/product_tag?post=2504"}],"curies":[{"name":"wp","href":"https:\/\/api.w.org\/{rel}","templated":true}]}}