{"id":2519,"date":"2024-07-17T10:46:12","date_gmt":"2024-07-17T10:46:12","guid":{"rendered":"https:\/\/www.jinpinlub.com\/?post_type=product&#038;p=2519"},"modified":"2024-08-02T09:06:52","modified_gmt":"2024-08-02T09:06:52","slug":"j200-druckentlastungspumpe-fur-einleitungsschmiersysteme","status":"publish","type":"product","link":"https:\/\/www.jinpinlub.com\/de\/product\/j200-pressure-relief-pump-for-single-line-lubrication-systems\/","title":{"rendered":"J200 Druckentlastungspumpe f\u00fcr Einleitungsschmiersysteme"},"content":{"rendered":"<h2>Merkmale<\/h2>\n<p>1. Hohe Effizienz: Dank des fortschrittlichen mechanischen Designs ist die Schmierpumpe J200 \u00e4u\u00dferst effizient. Sie arbeitet mit hoher Geschwindigkeit und verf\u00fcgt \u00fcber eine gro\u00dfe Durchflusskapazit\u00e4t, sodass sie ihr Schmier\u00f6l in sehr kurzer Zeit schnell an die verschiedenen Schmierstellen liefert und so einen reibungslosen Betrieb der Ger\u00e4te gew\u00e4hrleistet.<br \/>\n2. Zuverl\u00e4ssigkeit: Hochwertiges Material und ein pr\u00e4ziser Herstellungsprozess gew\u00e4hrleisten, dass die Pumpe eine hervorragende Abriebfestigkeit und Korrosionsbest\u00e4ndigkeit aufweist, um einen stabilen Betrieb \u00fcber einen langen Zeitraum unter rauen Arbeitsbedingungen zu erm\u00f6glichen und gleichzeitig die Wartungskosten zu senken.<br \/>\n3. Intelligenz: Die Schmierpumpe J200 wird in Einleitungs-Druckentlastungsschmiersystemen eingesetzt, die den Durchfluss und den Druck des Schmier\u00f6ls an den tats\u00e4chlichen Bedarf der Anlage anpassen, um durch pr\u00e4zise Schmierung reine Verschwendung zu vermeiden.<br \/>\n4. Einfache Wartung: Die Pumpe hat ein einfaches Design und l\u00e4sst sich f\u00fcr die erforderliche Wartung leicht auseinandernehmen. Alle Arten allt\u00e4glicher Reinigungs- und Wartungsarbeiten k\u00f6nnen vom Benutzer selbst durchgef\u00fchrt werden, um die Lebensdauer zu verl\u00e4ngern.<\/p>\n<h2>Spezifikation<\/h2>\n<table>\n<tbody>\n<tr>\n<td>Betriebstemperatur<\/td>\n<td>0~+50\u00b0C<\/td>\n<\/tr>\n<tr>\n<td>Anzahl der Filialen<\/td>\n<td>1, 2<\/td>\n<\/tr>\n<tr>\n<td>Reservoirkapazit\u00e4t<\/td>\n<td>0,3 l, 1,5 l (Reservoir), 0,3 l, 0,7 l (Kartusche)<\/td>\n<\/tr>\n<tr>\n<td>Nachf\u00fcllen<\/td>\n<td>Hydraulische Schmiernippel<\/td>\n<\/tr>\n<tr>\n<td>Schmiermittel<\/td>\n<td>Fette NLGI-Klasse 000~2#<\/td>\n<\/tr>\n<tr>\n<td>Schutzklasse<\/td>\n<td>IP54<\/td>\n<\/tr>\n<tr>\n<td>Entladung<\/td>\n<td>15 ml\/min<\/td>\n<\/tr>\n<tr>\n<td>Max. Betriebsdruck<\/td>\n<td>8 MPa<\/td>\n<\/tr>\n<tr>\n<td>Anschlussgewinde<\/td>\n<td>\u03a66 oder \u03a68<\/td>\n<\/tr>\n<tr>\n<td>Betriebsspannung<\/td>\n<td>24 V Gleichstrom<\/td>\n<\/tr>\n<tr>\n<td>Zertifizierung<\/td>\n<td>CE<\/td>\n<\/tr>\n<tr>\n<td>Einbaulage<\/td>\n<td>Aufrecht<\/td>\n<\/tr>\n<\/tbody>\n<\/table>\n<h2>Anwendungen<\/h2>\n<p>Fertigung: Verschiedene Arten mechanischer Ger\u00e4te wie Werkzeugmaschinen, Spritzgussmaschinen, Druckgussmaschinen usw. Es liefert einen stetigen Schmier\u00f6lfluss und gew\u00e4hrleistet gleichzeitig einen effektiven Ger\u00e4tebetrieb.<br \/>\nBergbauindustrie: Es sorgt f\u00fcr eine hervorragende Schmierung schwerer Maschinen wie F\u00f6rdermaschinen, Bagger usw., verringert den Verschlei\u00df der Ger\u00e4te und verbessert die Betriebseffizienz.<br \/>\nEnergiebranche: Anwendung in Generatoren, Windkraftanlagen und anderen Ger\u00e4ten. Garantiert die rechtzeitige Versorgung der Ger\u00e4te mit Schmier\u00f6l und verringert die Ausfallrate der Ger\u00e4te, wodurch eine stabile Energieversorgung gew\u00e4hrleistet wird.<\/p>\n<h2>Benutzerhandb\u00fccher<\/h2>\n<div class=\"sdm_download_button_box_default\"><div class=\"sdm_download_link\"><a href=\"https:\/\/www.jinpinlub.com\/de\/?sdm_process_download=1&download_id=2464\" class=\"sdm_download white\" title=\"Privat: J200 Grease Pump\" target=\"&quot;_blank&quot;\">Datenblatt anzeigen - J200 Fettpumpe<\/a><\/div><\/div>","protected":false},"excerpt":{"rendered":"<p>Die Schmierpumpe J200 wird in Einleitungsschmiersystemen mit einem maximalen Druck von 8 MPa, einem minimalen Schmierintervall von 5 Minuten und einer maximalen Hauptleitung von 15 Metern verwendet. Sie spielt aufgrund ihrer hohen Effizienz, Zuverl\u00e4ssigkeit und einfachen Wartung in vielen Bereichen eine wichtige Rolle.<\/p>","protected":false},"featured_media":2520,"template":"","meta":{"ocean_post_layout":"","ocean_both_sidebars_style":"","ocean_both_sidebars_content_width":0,"ocean_both_sidebars_sidebars_width":0,"ocean_sidebar":"0","ocean_second_sidebar":"0","ocean_disable_margins":"enable","ocean_add_body_class":"","ocean_shortcode_before_top_bar":"","ocean_shortcode_after_top_bar":"","ocean_shortcode_before_header":"","ocean_shortcode_after_header":"","ocean_has_shortcode":"","ocean_shortcode_after_title":"","ocean_shortcode_before_footer_widgets":"","ocean_shortcode_after_footer_widgets":"","ocean_shortcode_before_footer_bottom":"","ocean_shortcode_after_footer_bottom":"","ocean_display_top_bar":"default","ocean_display_header":"default","ocean_header_style":"","ocean_center_header_left_menu":"0","ocean_custom_header_template":"0","ocean_custom_logo":0,"ocean_custom_retina_logo":0,"ocean_custom_logo_max_width":0,"ocean_custom_logo_tablet_max_width":0,"ocean_custom_logo_mobile_max_width":0,"ocean_custom_logo_max_height":0,"ocean_custom_logo_tablet_max_height":0,"ocean_custom_logo_mobile_max_height":0,"ocean_header_custom_menu":"0","ocean_menu_typo_font_family":"0","ocean_menu_typo_font_subset":"","ocean_menu_typo_font_size":0,"ocean_menu_typo_font_size_tablet":0,"ocean_menu_typo_font_size_mobile":0,"ocean_menu_typo_font_size_unit":"px","ocean_menu_typo_font_weight":"","ocean_menu_typo_font_weight_tablet":"","ocean_menu_typo_font_weight_mobile":"","ocean_menu_typo_transform":"","ocean_menu_typo_transform_tablet":"","ocean_menu_typo_transform_mobile":"","ocean_menu_typo_line_height":0,"ocean_menu_typo_line_height_tablet":0,"ocean_menu_typo_line_height_mobile":0,"ocean_menu_typo_line_height_unit":"","ocean_menu_typo_spacing":0,"ocean_menu_typo_spacing_tablet":0,"ocean_menu_typo_spacing_mobile":0,"ocean_menu_typo_spacing_unit":"","ocean_menu_link_color":"","ocean_menu_link_color_hover":"","ocean_menu_link_color_active":"","ocean_menu_link_background":"","ocean_menu_link_hover_background":"","ocean_menu_link_active_background":"","ocean_menu_social_links_bg":"","ocean_menu_social_hover_links_bg":"","ocean_menu_social_links_color":"","ocean_menu_social_hover_links_color":"","ocean_disable_title":"default","ocean_disable_heading":"default","ocean_post_title":"","ocean_post_subheading":"","ocean_post_title_style":"","ocean_post_title_background_color":"","ocean_post_title_background":0,"ocean_post_title_bg_image_position":"","ocean_post_title_bg_image_attachment":"","ocean_post_title_bg_image_repeat":"","ocean_post_title_bg_image_size":"","ocean_post_title_height":0,"ocean_post_title_bg_overlay":0.5,"ocean_post_title_bg_overlay_color":"","ocean_disable_breadcrumbs":"default","ocean_breadcrumbs_color":"","ocean_breadcrumbs_separator_color":"","ocean_breadcrumbs_links_color":"","ocean_breadcrumbs_links_hover_color":"","ocean_display_footer_widgets":"default","ocean_display_footer_bottom":"default","ocean_custom_footer_template":"0","osh_disable_topbar_sticky":"default","osh_disable_header_sticky":"default","osh_sticky_header_style":"default","osh_sticky_header_effect":"","osh_custom_sticky_logo":0,"osh_custom_retina_sticky_logo":0,"osh_custom_sticky_logo_height":0,"osh_background_color":"","osh_links_color":"","osh_links_hover_color":"","osh_links_active_color":"","osh_links_bg_color":"","osh_links_hover_bg_color":"","osh_links_active_bg_color":"","osh_menu_social_links_color":"","osh_menu_social_hover_links_color":""},"product_brand":[],"product_cat":[38,37],"product_tag":[77,93,92],"class_list":{"0":"post-2519","1":"product","2":"type-product","3":"status-publish","4":"has-post-thumbnail","6":"product_cat-electric-pressure-relief-pumps","7":"product_cat-single-line-grease-systems","8":"product_tag-grease-lubrication-pump","9":"product_tag-pressure-relief-lubrication-pump","10":"product_tag-single-line-lubrication-pump","12":"entry","13":"has-media","15":"first","16":"instock","17":"featured","18":"shipping-taxable","19":"product-type-external","20":"col","21":"span_1_of_3","22":"owp-content-center","23":"owp-thumbs-layout-horizontal","24":"owp-btn-very-big","25":"owp-tabs-layout-horizontal"},"_links":{"self":[{"href":"https:\/\/www.jinpinlub.com\/de\/wp-json\/wp\/v2\/product\/2519","targetHints":{"allow":["GET"]}}],"collection":[{"href":"https:\/\/www.jinpinlub.com\/de\/wp-json\/wp\/v2\/product"}],"about":[{"href":"https:\/\/www.jinpinlub.com\/de\/wp-json\/wp\/v2\/types\/product"}],"wp:featuredmedia":[{"embeddable":true,"href":"https:\/\/www.jinpinlub.com\/de\/wp-json\/wp\/v2\/media\/2520"}],"wp:attachment":[{"href":"https:\/\/www.jinpinlub.com\/de\/wp-json\/wp\/v2\/media?parent=2519"}],"wp:term":[{"taxonomy":"product_brand","embeddable":true,"href":"https:\/\/www.jinpinlub.com\/de\/wp-json\/wp\/v2\/product_brand?post=2519"},{"taxonomy":"product_cat","embeddable":true,"href":"https:\/\/www.jinpinlub.com\/de\/wp-json\/wp\/v2\/product_cat?post=2519"},{"taxonomy":"product_tag","embeddable":true,"href":"https:\/\/www.jinpinlub.com\/de\/wp-json\/wp\/v2\/product_tag?post=2519"}],"curies":[{"name":"wp","href":"https:\/\/api.w.org\/{rel}","templated":true}]}}