{"id":2524,"date":"2024-07-17T11:28:45","date_gmt":"2024-07-17T11:28:45","guid":{"rendered":"https:\/\/www.jinpinlub.com\/?post_type=product&#038;p=2524"},"modified":"2024-08-30T10:15:54","modified_gmt":"2024-08-30T02:15:54","slug":"jdl-4-elektrische-verdrangerschmierpumpe-fur-cnc","status":"publish","type":"product","link":"https:\/\/www.jinpinlub.com\/de\/produkt\/jdl-4-elektrische-verdrangerschmierpumpe-fur-cnc\/","title":{"rendered":"JDL-4 Elektrische Verdr\u00e4ngerschmierpumpe f\u00fcr CNC"},"content":{"rendered":"<h2>Merkmale<\/h2>\n<p>1. Schmierung und Intervallzeit werden durch SPS gesteuert.<br \/>\n2. Mit einem Druckschalter zur Erkennung, ob der \u00d6lkreislauf besch\u00e4digt ist.<br \/>\n3. Mit einem Schwimmerschalter, der einen niedrigen Fl\u00fcssigkeitsstand erkennt und automatisch ein Signal sendet.<br \/>\n4. Mit einem Manometer zur Erkennung des Betriebsdrucks der \u00d6lpumpe.<br \/>\n5. Mit Druckschmierknopf, kontinuierliche Schmierung f\u00fcr weniger als 3 Minuten, um eine \u00dcberlastung des Motors zu vermeiden.<br \/>\n6. Wenn der Hochtemperaturschutz des Motors ausgel\u00f6st wird, stoppt er f\u00fcr etwa 10 Minuten.<br \/>\n7. Ein Funkenl\u00f6scher kann hinzugef\u00fcgt werden, um Spannungsst\u00f6rungen und Funkenbildung auf der SPS zu unterdr\u00fccken.<br \/>\n8. Es muss mit einem Volumenverteiler verwendet werden.<\/p>\n<h2>Spezifikation<\/h2>\n<table>\n<tbody>\n<tr>\n<td>Timer<\/td>\n<td>SPS<\/td>\n<\/tr>\n<tr>\n<td>Betriebstemperatur<\/td>\n<td>0~+50\u00b0C<\/td>\n<\/tr>\n<tr>\n<td>Anzahl der Filialen<\/td>\n<td>1<\/td>\n<\/tr>\n<tr>\n<td>Reservoirkapazit\u00e4t<\/td>\n<td>2 l, 3 l, 4 l, 8 l<\/td>\n<\/tr>\n<tr>\n<td>Nachf\u00fcllen<\/td>\n<td>Von oben<\/td>\n<\/tr>\n<tr>\n<td>Schmiermittel<\/td>\n<td>32\u201368 cSt bei 40 \u00b0C<\/td>\n<\/tr>\n<tr>\n<td>Schutzklasse<\/td>\n<td>IP54<\/td>\n<\/tr>\n<tr>\n<td>Entladung<\/td>\n<td>150 ml\/min<\/td>\n<\/tr>\n<tr>\n<td>Max. Betriebsdruck<\/td>\n<td>1,8 MPa<\/td>\n<\/tr>\n<tr>\n<td>Anschlussgewinde<\/td>\n<td>Auslass \u03a66<\/td>\n<\/tr>\n<tr>\n<td>Betriebsspannung<\/td>\n<td>110 V Wechselstrom, 220 V Wechselstrom<\/td>\n<\/tr>\n<tr>\n<td>Zertifizierung<\/td>\n<td>CE<\/td>\n<\/tr>\n<tr>\n<td>Einbaulage<\/td>\n<td>Aufrecht<\/td>\n<\/tr>\n<\/tbody>\n<\/table>\n<h2>Anwendungen<\/h2>\n<p>Verdr\u00e4nger\u00f6lschmierpumpen werden haupts\u00e4chlich verwendet, um eine dosierte Menge Schmier\u00f6l bereitzustellen, die den mechanischen Betrieb erleichtert und den Verschlei\u00df verringert. Sie werden h\u00e4ufig in den folgenden Bereichen eingesetzt:<br \/>\n1. Maschinenbau: Dazu geh\u00f6ren Drehmaschinen, Fr\u00e4smaschinen usw., bei denen die verschiedenen beweglichen Teile geschmiert werden m\u00fcssen.<br \/>\n2. Druckgussger\u00e4t: Hohe Temperaturen und hohe Belastungen in der Betriebsumgebung erfordern eine zuverl\u00e4ssige Schmierung.<br \/>\n3. Textilmaschinen: Webst\u00fchle, Spinnmaschinen und viele andere. Sie wollen Kontinuit\u00e4t in ihrem Betrieb.<br \/>\n4. Druckmaschinen: f\u00fcr sauberes Arbeiten und Pr\u00e4zision im Druckvorgang.<br \/>\n5. Lebensmittel- und Verpackungsmaschinen: unterliegen hohen Hygieneanforderungen.<\/p>\n<h2>Benutzerhandb\u00fccher<\/h2>\n<div class=\"sdm_download_button_box_default\"><div class=\"sdm_download_link\"><a href=\"https:\/\/www.jinpinlub.com\/de\/?sdm_process_download=1&download_id=2466\" class=\"sdm_download white\" title=\"Privat: JDL4 Volumetric Pump\" target=\"&quot;_blank&quot;\">Datenblatt anzeigen \u2013 JDL4-Pumpe<\/a><\/div><\/div>","protected":false},"excerpt":{"rendered":"<p>Das JDL-4-System umfasst eine \u00d6lpumpe, einen volumetrischen Verteiler, \u00d6lschl\u00e4uche und verschiedene Verbindungselemente. Es eignet sich f\u00fcr Ger\u00e4te mit weniger Schmierstellen, wie z. B. kleine Werkzeugmaschinen. Sein Vorteil besteht darin, dass es mehrere Schmierstellen pr\u00e4zise mit \u00d6l versorgen kann.<\/p>","protected":false},"featured_media":2526,"template":"","meta":{"ocean_post_layout":"","ocean_both_sidebars_style":"","ocean_both_sidebars_content_width":0,"ocean_both_sidebars_sidebars_width":0,"ocean_sidebar":"0","ocean_second_sidebar":"0","ocean_disable_margins":"enable","ocean_add_body_class":"","ocean_shortcode_before_top_bar":"","ocean_shortcode_after_top_bar":"","ocean_shortcode_before_header":"","ocean_shortcode_after_header":"","ocean_has_shortcode":"","ocean_shortcode_after_title":"","ocean_shortcode_before_footer_widgets":"","ocean_shortcode_after_footer_widgets":"","ocean_shortcode_before_footer_bottom":"","ocean_shortcode_after_footer_bottom":"","ocean_display_top_bar":"default","ocean_display_header":"default","ocean_header_style":"","ocean_center_header_left_menu":"0","ocean_custom_header_template":"0","ocean_custom_logo":0,"ocean_custom_retina_logo":0,"ocean_custom_logo_max_width":0,"ocean_custom_logo_tablet_max_width":0,"ocean_custom_logo_mobile_max_width":0,"ocean_custom_logo_max_height":0,"ocean_custom_logo_tablet_max_height":0,"ocean_custom_logo_mobile_max_height":0,"ocean_header_custom_menu":"0","ocean_menu_typo_font_family":"0","ocean_menu_typo_font_subset":"","ocean_menu_typo_font_size":0,"ocean_menu_typo_font_size_tablet":0,"ocean_menu_typo_font_size_mobile":0,"ocean_menu_typo_font_size_unit":"px","ocean_menu_typo_font_weight":"","ocean_menu_typo_font_weight_tablet":"","ocean_menu_typo_font_weight_mobile":"","ocean_menu_typo_transform":"","ocean_menu_typo_transform_tablet":"","ocean_menu_typo_transform_mobile":"","ocean_menu_typo_line_height":0,"ocean_menu_typo_line_height_tablet":0,"ocean_menu_typo_line_height_mobile":0,"ocean_menu_typo_line_height_unit":"","ocean_menu_typo_spacing":0,"ocean_menu_typo_spacing_tablet":0,"ocean_menu_typo_spacing_mobile":0,"ocean_menu_typo_spacing_unit":"","ocean_menu_link_color":"","ocean_menu_link_color_hover":"","ocean_menu_link_color_active":"","ocean_menu_link_background":"","ocean_menu_link_hover_background":"","ocean_menu_link_active_background":"","ocean_menu_social_links_bg":"","ocean_menu_social_hover_links_bg":"","ocean_menu_social_links_color":"","ocean_menu_social_hover_links_color":"","ocean_disable_title":"default","ocean_disable_heading":"default","ocean_post_title":"","ocean_post_subheading":"","ocean_post_title_style":"","ocean_post_title_background_color":"","ocean_post_title_background":0,"ocean_post_title_bg_image_position":"","ocean_post_title_bg_image_attachment":"","ocean_post_title_bg_image_repeat":"","ocean_post_title_bg_image_size":"","ocean_post_title_height":0,"ocean_post_title_bg_overlay":0.5,"ocean_post_title_bg_overlay_color":"","ocean_disable_breadcrumbs":"default","ocean_breadcrumbs_color":"","ocean_breadcrumbs_separator_color":"","ocean_breadcrumbs_links_color":"","ocean_breadcrumbs_links_hover_color":"","ocean_display_footer_widgets":"default","ocean_display_footer_bottom":"default","ocean_custom_footer_template":"0","osh_disable_topbar_sticky":"default","osh_disable_header_sticky":"default","osh_sticky_header_style":"default","osh_sticky_header_effect":"","osh_custom_sticky_logo":0,"osh_custom_retina_sticky_logo":0,"osh_custom_sticky_logo_height":0,"osh_background_color":"","osh_links_color":"","osh_links_hover_color":"","osh_links_active_color":"","osh_links_bg_color":"","osh_links_hover_bg_color":"","osh_links_active_bg_color":"","osh_menu_social_links_color":"","osh_menu_social_hover_links_color":""},"product_brand":[],"product_cat":[47,48],"product_tag":[95,94,96],"class_list":{"0":"post-2524","1":"product","2":"type-product","3":"status-publish","4":"has-post-thumbnail","6":"product_cat-volumetric-thin-oil-systems","7":"product_cat-electric-volumetric-pumps","8":"product_tag-positive-displacement-lubrication-pump","9":"product_tag-positive-displacement-lubrication-system","10":"product_tag-volumetric-lubrication-pump","12":"entry","13":"has-media","15":"first","16":"instock","17":"shipping-taxable","18":"product-type-external","19":"col","20":"span_1_of_3","21":"owp-content-center","22":"owp-thumbs-layout-horizontal","23":"owp-btn-very-big","24":"owp-tabs-layout-horizontal"},"_links":{"self":[{"href":"https:\/\/www.jinpinlub.com\/de\/wp-json\/wp\/v2\/product\/2524","targetHints":{"allow":["GET"]}}],"collection":[{"href":"https:\/\/www.jinpinlub.com\/de\/wp-json\/wp\/v2\/product"}],"about":[{"href":"https:\/\/www.jinpinlub.com\/de\/wp-json\/wp\/v2\/types\/product"}],"wp:featuredmedia":[{"embeddable":true,"href":"https:\/\/www.jinpinlub.com\/de\/wp-json\/wp\/v2\/media\/2526"}],"wp:attachment":[{"href":"https:\/\/www.jinpinlub.com\/de\/wp-json\/wp\/v2\/media?parent=2524"}],"wp:term":[{"taxonomy":"product_brand","embeddable":true,"href":"https:\/\/www.jinpinlub.com\/de\/wp-json\/wp\/v2\/product_brand?post=2524"},{"taxonomy":"product_cat","embeddable":true,"href":"https:\/\/www.jinpinlub.com\/de\/wp-json\/wp\/v2\/product_cat?post=2524"},{"taxonomy":"product_tag","embeddable":true,"href":"https:\/\/www.jinpinlub.com\/de\/wp-json\/wp\/v2\/product_tag?post=2524"}],"curies":[{"name":"wp","href":"https:\/\/api.w.org\/{rel}","templated":true}]}}