{"id":2529,"date":"2024-07-17T12:16:34","date_gmt":"2024-07-17T12:16:34","guid":{"rendered":"https:\/\/www.jinpinlub.com\/?post_type=product&#038;p=2529"},"modified":"2025-04-15T20:33:27","modified_gmt":"2025-04-15T12:33:27","slug":"jghp-progressive-manuelle-hochdruck-fettschmierpumpe","status":"publish","type":"product","link":"https:\/\/www.jinpinlub.com\/de\/product\/jghp-progressive-high-pressure-manual-grease-lubrication-pump\/","title":{"rendered":"EGHP Progressive manuelle Hochdruck-Fettschmierpumpe"},"content":{"rendered":"<h2>Merkmale<\/h2>\n<p>1. Ziehen Sie am Griff, um Schmiermittel zuzuf\u00fchren. Die Bedienung ist einfach.<br \/>\n2. Bei guter Haftung des Druck\u00f6lblocks bleibt kein Fett zur\u00fcck.<br \/>\n3. Der Auslass kann je nach Bedarf auf der linken oder rechten Seite des Griffs angebracht werden, oder es kann sich um einen Doppelauslass handeln.<br \/>\n4. JGHP mit starker Feder, geeignet f\u00fcr Fett NLGI 1~2#.<br \/>\n5. Das Fett muss aus der Schmiernippel eingespritzt werden, um Luft und Fremdk\u00f6rper zu vermeiden.<\/p>\n<h2>Spezifikation<\/h2>\n<table>\n<tbody>\n<tr>\n<td>Betriebstemperatur<\/td>\n<td>(-20~+55\u00b0C)<\/td>\n<\/tr>\n<tr>\n<td>Anzahl der Filialen<\/td>\n<td>1, 2<\/td>\n<\/tr>\n<tr>\n<td>Reservoirkapazit\u00e4t<\/td>\n<td>600 ml<\/td>\n<\/tr>\n<tr>\n<td>Funktionsprinzip<\/td>\n<td>Manuell betriebene Pumpe<\/td>\n<\/tr>\n<tr>\n<td>Schmiermittel<\/td>\n<td>NLGI 1~2# Fett<\/td>\n<\/tr>\n<tr>\n<td>Entladung<\/td>\n<td>2 ml\/Zyklus<\/td>\n<\/tr>\n<tr>\n<td>Max. Betriebsdruck<\/td>\n<td>10 MPa<\/td>\n<\/tr>\n<tr>\n<td>Anschlussgewinde<\/td>\n<td>Auslass \u03a64, \u03a66, \u03a68, PT1\/8<\/td>\n<\/tr>\n<tr>\n<td>Zertifizierung<\/td>\n<td>CE<\/td>\n<\/tr>\n<tr>\n<td>Einbaulage<\/td>\n<td>Vertikal oder horizontal<\/td>\n<\/tr>\n<\/tbody>\n<\/table>\n<h2>Anwendungen<\/h2>\n<p>Baumaschinen wie Bagger, Lader usw., die h\u00e4ufig geschmiert werden m\u00fcssen.<br \/>\nTextilmaschinen: Stellen Sie sicher, dass die Ausr\u00fcstung bei hoher Geschwindigkeit vollst\u00e4ndig geschmiert ist.<br \/>\nDruckmaschinen: Eine genaue Schmierung tr\u00e4gt zur Verbesserung der Druckqualit\u00e4t und der Lebensdauer der Ger\u00e4te bei.<br \/>\nWerkzeugmaschinenausr\u00fcstung: wie CNC-Werkzeugmaschinen, Bearbeitungszentren usw., um Verarbeitungsgenauigkeit und Ger\u00e4testabilit\u00e4t zu gew\u00e4hrleisten.<br \/>\nLandwirtschaftliche Maschinen wie Traktoren, Erntemaschinen usw. passen sich an verschiedene komplexe Arbeitsbedingungen an.<br \/>\nBergbauausr\u00fcstung: Arbeiten Sie in rauen Umgebungen, um einen zuverl\u00e4ssigen Betrieb der Ausr\u00fcstung zu gew\u00e4hrleisten.<\/p>\n<h2>Benutzerhandb\u00fccher<\/h2>\n<div class=\"sdm_download_button_box_default\"><div class=\"sdm_download_link\"><a href=\"https:\/\/www.jinpinlub.com\/de\/?sdm_process_download=1&download_id=2468\" class=\"sdm_download white\" title=\"Privat: EGHP Manual Pump\" target=\"&quot;_blank&quot;\">Datenblatt anzeigen \u2013 EGHP-Handpumpe<\/a><\/div><\/div>","protected":false},"excerpt":{"rendered":"<p>Die progressive manuelle Fettpumpe EGHP verf\u00fcgt \u00fcber eine progressive Kolbenstruktur und wird in Verbindung mit einem d\u00e4mpfenden Fettverteiler verwendet. Durch die Hin- und Herbewegung des Griffs wird das Schmierfett pr\u00e4zise an jede Schmierstelle abgegeben.<\/p>","protected":false},"featured_media":2530,"template":"","meta":{"ocean_post_layout":"","ocean_both_sidebars_style":"","ocean_both_sidebars_content_width":0,"ocean_both_sidebars_sidebars_width":0,"ocean_sidebar":"0","ocean_second_sidebar":"0","ocean_disable_margins":"enable","ocean_add_body_class":"","ocean_shortcode_before_top_bar":"","ocean_shortcode_after_top_bar":"","ocean_shortcode_before_header":"","ocean_shortcode_after_header":"","ocean_has_shortcode":"","ocean_shortcode_after_title":"","ocean_shortcode_before_footer_widgets":"","ocean_shortcode_after_footer_widgets":"","ocean_shortcode_before_footer_bottom":"","ocean_shortcode_after_footer_bottom":"","ocean_display_top_bar":"default","ocean_display_header":"default","ocean_header_style":"","ocean_center_header_left_menu":"0","ocean_custom_header_template":"0","ocean_custom_logo":0,"ocean_custom_retina_logo":0,"ocean_custom_logo_max_width":0,"ocean_custom_logo_tablet_max_width":0,"ocean_custom_logo_mobile_max_width":0,"ocean_custom_logo_max_height":0,"ocean_custom_logo_tablet_max_height":0,"ocean_custom_logo_mobile_max_height":0,"ocean_header_custom_menu":"0","ocean_menu_typo_font_family":"0","ocean_menu_typo_font_subset":"","ocean_menu_typo_font_size":0,"ocean_menu_typo_font_size_tablet":0,"ocean_menu_typo_font_size_mobile":0,"ocean_menu_typo_font_size_unit":"px","ocean_menu_typo_font_weight":"","ocean_menu_typo_font_weight_tablet":"","ocean_menu_typo_font_weight_mobile":"","ocean_menu_typo_transform":"","ocean_menu_typo_transform_tablet":"","ocean_menu_typo_transform_mobile":"","ocean_menu_typo_line_height":0,"ocean_menu_typo_line_height_tablet":0,"ocean_menu_typo_line_height_mobile":0,"ocean_menu_typo_line_height_unit":"","ocean_menu_typo_spacing":0,"ocean_menu_typo_spacing_tablet":0,"ocean_menu_typo_spacing_mobile":0,"ocean_menu_typo_spacing_unit":"","ocean_menu_link_color":"","ocean_menu_link_color_hover":"","ocean_menu_link_color_active":"","ocean_menu_link_background":"","ocean_menu_link_hover_background":"","ocean_menu_link_active_background":"","ocean_menu_social_links_bg":"","ocean_menu_social_hover_links_bg":"","ocean_menu_social_links_color":"","ocean_menu_social_hover_links_color":"","ocean_disable_title":"default","ocean_disable_heading":"default","ocean_post_title":"","ocean_post_subheading":"","ocean_post_title_style":"","ocean_post_title_background_color":"","ocean_post_title_background":0,"ocean_post_title_bg_image_position":"","ocean_post_title_bg_image_attachment":"","ocean_post_title_bg_image_repeat":"","ocean_post_title_bg_image_size":"","ocean_post_title_height":0,"ocean_post_title_bg_overlay":0.5,"ocean_post_title_bg_overlay_color":"","ocean_disable_breadcrumbs":"default","ocean_breadcrumbs_color":"","ocean_breadcrumbs_separator_color":"","ocean_breadcrumbs_links_color":"","ocean_breadcrumbs_links_hover_color":"","ocean_display_footer_widgets":"default","ocean_display_footer_bottom":"default","ocean_custom_footer_template":"0","osh_disable_topbar_sticky":"default","osh_disable_header_sticky":"default","osh_sticky_header_style":"default","osh_sticky_header_effect":"","osh_custom_sticky_logo":0,"osh_custom_retina_sticky_logo":0,"osh_custom_sticky_logo_height":0,"osh_background_color":"","osh_links_color":"","osh_links_hover_color":"","osh_links_active_color":"","osh_links_bg_color":"","osh_links_hover_bg_color":"","osh_links_active_bg_color":"","osh_menu_social_links_color":"","osh_menu_social_hover_links_color":""},"product_brand":[],"product_cat":[43,41],"product_tag":[76,78,77],"class_list":{"0":"post-2529","1":"product","2":"type-product","3":"status-publish","4":"has-post-thumbnail","6":"product_cat-manual-progressive-pumps","7":"product_cat-progressive-grease-systems","8":"product_tag-electric-lubrication-system","9":"product_tag-excavator-lubrication-pump","10":"product_tag-grease-lubrication-pump","12":"entry","13":"has-media","15":"first","16":"instock","17":"shipping-taxable","18":"product-type-external","19":"col","20":"span_1_of_3","21":"owp-content-center","22":"owp-thumbs-layout-horizontal","23":"owp-btn-very-big","24":"owp-tabs-layout-horizontal"},"_links":{"self":[{"href":"https:\/\/www.jinpinlub.com\/de\/wp-json\/wp\/v2\/product\/2529","targetHints":{"allow":["GET"]}}],"collection":[{"href":"https:\/\/www.jinpinlub.com\/de\/wp-json\/wp\/v2\/product"}],"about":[{"href":"https:\/\/www.jinpinlub.com\/de\/wp-json\/wp\/v2\/types\/product"}],"wp:featuredmedia":[{"embeddable":true,"href":"https:\/\/www.jinpinlub.com\/de\/wp-json\/wp\/v2\/media\/2530"}],"wp:attachment":[{"href":"https:\/\/www.jinpinlub.com\/de\/wp-json\/wp\/v2\/media?parent=2529"}],"wp:term":[{"taxonomy":"product_brand","embeddable":true,"href":"https:\/\/www.jinpinlub.com\/de\/wp-json\/wp\/v2\/product_brand?post=2529"},{"taxonomy":"product_cat","embeddable":true,"href":"https:\/\/www.jinpinlub.com\/de\/wp-json\/wp\/v2\/product_cat?post=2529"},{"taxonomy":"product_tag","embeddable":true,"href":"https:\/\/www.jinpinlub.com\/de\/wp-json\/wp\/v2\/product_tag?post=2529"}],"curies":[{"name":"wp","href":"https:\/\/api.w.org\/{rel}","templated":true}]}}