{"id":2540,"date":"2024-07-17T13:29:01","date_gmt":"2024-07-17T13:29:01","guid":{"rendered":"https:\/\/www.jinpinlub.com\/?post_type=product&#038;p=2540"},"modified":"2025-06-06T19:31:30","modified_gmt":"2025-06-06T11:31:30","slug":"jsv8-fettdosiergerat-fur-progressivschmiersystem","status":"publish","type":"product","link":"https:\/\/www.jinpinlub.com\/de\/product\/jsv8-grease-metering-device-for-progressive-lubrication-system\/","title":{"rendered":"JSV8 Fettdosierger\u00e4t f\u00fcr Progressivschmiersysteme"},"content":{"rendered":"<h2>Merkmale<\/h2>\n<p>1. JSV-Progressivverteiler durch Kolbensequenzaktion, progressiv Punkt f\u00fcr Punkt zur Entladung.<br \/>\n2. Das Dosiervolumen jedes Auslasses betr\u00e4gt in jedem Zyklus 0,17 ml.<br \/>\n3. Ein Auslass kann durch einen speziellen Verschlussstopfen blockiert werden, wodurch sich das Dosiervolumen des n\u00e4chsten Auslasses verdoppelt.<br \/>\n4. Es k\u00f6nnen 6 bis 20 Ausl\u00e4sse ausgew\u00e4hlt werden. Die Ausl\u00e4sse verf\u00fcgen \u00fcber Einwegventile, um ein Zur\u00fcckflie\u00dfen des Schmiermittels zu verhindern.<br \/>\n5. Einfach zu \u00fcberwachen, visuelle \u00dcberwachung oder elektronische \u00dcberwachung. Es ist leicht zu ersetzen und beeintr\u00e4chtigt keine anderen Pipelines.<br \/>\n6. Verwendbare Schmiermittel: Fett NLGI 000# ~ 2#, \u00d6l 32-220cSt@40\u2103.<br \/>\n7. Die Betriebstemperatur betr\u00e4gt -20 \u00b0C bis +80 \u00b0C.<\/p>\n<h2>Spezifikation<\/h2>\n<table>\n<tbody>\n<tr>\n<td>Funktionsprinzip<\/td>\n<td>Messger\u00e4te<\/td>\n<\/tr>\n<tr>\n<td>Anzahl der Verkaufsstellen<\/td>\n<td>6-20<\/td>\n<\/tr>\n<tr>\n<td>Dosiermenge<\/td>\n<td>0,2 ml\/Zyklus<\/td>\n<\/tr>\n<tr>\n<td>Schmiermittel<\/td>\n<td>Fett bis NLGI 2, \u00d6l 32\u2013220 cSt bei 40 \u00b0C<\/td>\n<\/tr>\n<tr>\n<td>Betriebstemperatur<\/td>\n<td>\u201320 bis +80 \u00b0C<\/td>\n<\/tr>\n<tr>\n<td>Betriebsdruck<\/td>\n<td>Max. 350 bar<\/td>\n<\/tr>\n<tr>\n<td>Material<\/td>\n<td>Schwarz verzinkt<\/td>\n<\/tr>\n<tr>\n<td>Anschluss Einlass<\/td>\n<td>\u03a66\/\u03a68 (M10x1)<\/td>\n<\/tr>\n<tr>\n<td>Anschluss Ausgang<\/td>\n<td>\u03a66\/\u03a68 (M10x1)<\/td>\n<\/tr>\n<tr>\n<td>Einbaulage<\/td>\n<td>Beliebig<\/td>\n<\/tr>\n<\/tbody>\n<\/table>\n<h2>Anwendung<\/h2>\n<p>1. Bau und Bergbau: In diesen Bereichen werden Ger\u00e4te normalerweise unter rauen Betriebsbedingungen und hoher Belastung betrieben. Beispielsweise sorgt JSV-Schmierung f\u00fcr einen normalen Betrieb der Ger\u00e4te f\u00fcr eine zuverl\u00e4ssige Schmierung.<br \/>\n2. Landwirtschaftliche Maschinen: Landwirtschaftliche Maschinen sollten relativ oft geschmiert werden, um einen reibungslosen Betrieb der Maschinen zu gew\u00e4hrleisten. JSV-Verteiler k\u00f6nnen unter verschiedenen Temperatur- und Druckbedingungen betrieben werden, um sich an unterschiedliche landwirtschaftliche Umgebungen anzupassen.<br \/>\n3. Industrieanlagen: Die Fertigungs- und Verarbeitungsindustrie verf\u00fcgt \u00fcber vielf\u00e4ltige mechanische Anlagen, bei denen JSV als Schmiermittel eine Rolle spielt, um die Lebensdauer der mechanischen Anlagen zu verl\u00e4ngern und so die damit verbundenen Reparaturkosten zu senken.<br \/>\n4. Erneuerbare Energien: Verteiler f\u00fcr JSV werden zum Schmieren wichtiger Teile in Windkraft- und Solarenergieanlagen verwendet, um einen langen, effizienten und stabilen Betrieb zu gew\u00e4hrleisten.<\/p>\n<h2>Benutzerhandb\u00fccher<\/h2>\n<div class=\"sdm_download_button_box_default\"><div class=\"sdm_download_link\"><a href=\"https:\/\/www.jinpinlub.com\/de\/?sdm_process_download=1&download_id=2474\" class=\"sdm_download white\" title=\"Privat: JSV Progressive Distributor\" target=\"&quot;_blank&quot;\">Datenblatt anzeigen - JSV Distributor<\/a><\/div><\/div>","protected":false},"excerpt":{"rendered":"<p>Der JSV-Verteiler ist ein integrierter Progressivverteiler f\u00fcr Progressivschmiersysteme. Er kann unter hohen Gegendr\u00fccken eingesetzt werden und ist f\u00fcr verschiedene Temperaturbereiche geeignet. Der maximale Betriebsdruck betr\u00e4gt 350 bar und er verf\u00fcgt \u00fcber 6 bis 22 Ausl\u00e4sse.<\/p>","protected":false},"featured_media":2544,"template":"","meta":{"ocean_post_layout":"","ocean_both_sidebars_style":"","ocean_both_sidebars_content_width":0,"ocean_both_sidebars_sidebars_width":0,"ocean_sidebar":"0","ocean_second_sidebar":"0","ocean_disable_margins":"enable","ocean_add_body_class":"","ocean_shortcode_before_top_bar":"","ocean_shortcode_after_top_bar":"","ocean_shortcode_before_header":"","ocean_shortcode_after_header":"","ocean_has_shortcode":"","ocean_shortcode_after_title":"","ocean_shortcode_before_footer_widgets":"","ocean_shortcode_after_footer_widgets":"","ocean_shortcode_before_footer_bottom":"","ocean_shortcode_after_footer_bottom":"","ocean_display_top_bar":"default","ocean_display_header":"default","ocean_header_style":"","ocean_center_header_left_menu":"0","ocean_custom_header_template":"0","ocean_custom_logo":0,"ocean_custom_retina_logo":0,"ocean_custom_logo_max_width":0,"ocean_custom_logo_tablet_max_width":0,"ocean_custom_logo_mobile_max_width":0,"ocean_custom_logo_max_height":0,"ocean_custom_logo_tablet_max_height":0,"ocean_custom_logo_mobile_max_height":0,"ocean_header_custom_menu":"0","ocean_menu_typo_font_family":"0","ocean_menu_typo_font_subset":"","ocean_menu_typo_font_size":0,"ocean_menu_typo_font_size_tablet":0,"ocean_menu_typo_font_size_mobile":0,"ocean_menu_typo_font_size_unit":"px","ocean_menu_typo_font_weight":"","ocean_menu_typo_font_weight_tablet":"","ocean_menu_typo_font_weight_mobile":"","ocean_menu_typo_transform":"","ocean_menu_typo_transform_tablet":"","ocean_menu_typo_transform_mobile":"","ocean_menu_typo_line_height":0,"ocean_menu_typo_line_height_tablet":0,"ocean_menu_typo_line_height_mobile":0,"ocean_menu_typo_line_height_unit":"","ocean_menu_typo_spacing":0,"ocean_menu_typo_spacing_tablet":0,"ocean_menu_typo_spacing_mobile":0,"ocean_menu_typo_spacing_unit":"","ocean_menu_link_color":"","ocean_menu_link_color_hover":"","ocean_menu_link_color_active":"","ocean_menu_link_background":"","ocean_menu_link_hover_background":"","ocean_menu_link_active_background":"","ocean_menu_social_links_bg":"","ocean_menu_social_hover_links_bg":"","ocean_menu_social_links_color":"","ocean_menu_social_hover_links_color":"","ocean_disable_title":"default","ocean_disable_heading":"default","ocean_post_title":"","ocean_post_subheading":"","ocean_post_title_style":"","ocean_post_title_background_color":"","ocean_post_title_background":0,"ocean_post_title_bg_image_position":"","ocean_post_title_bg_image_attachment":"","ocean_post_title_bg_image_repeat":"","ocean_post_title_bg_image_size":"","ocean_post_title_height":0,"ocean_post_title_bg_overlay":0.5,"ocean_post_title_bg_overlay_color":"","ocean_disable_breadcrumbs":"default","ocean_breadcrumbs_color":"","ocean_breadcrumbs_separator_color":"","ocean_breadcrumbs_links_color":"","ocean_breadcrumbs_links_hover_color":"","ocean_display_footer_widgets":"default","ocean_display_footer_bottom":"default","ocean_custom_footer_template":"0","osh_disable_topbar_sticky":"default","osh_disable_header_sticky":"default","osh_sticky_header_style":"default","osh_sticky_header_effect":"","osh_custom_sticky_logo":0,"osh_custom_retina_sticky_logo":0,"osh_custom_sticky_logo_height":0,"osh_background_color":"","osh_links_color":"","osh_links_hover_color":"","osh_links_active_color":"","osh_links_bg_color":"","osh_links_hover_bg_color":"","osh_links_active_bg_color":"","osh_menu_social_links_color":"","osh_menu_social_hover_links_color":""},"product_brand":[],"product_cat":[44,41],"product_tag":[101,100,99],"class_list":{"0":"post-2540","1":"product","2":"type-product","3":"status-publish","4":"has-post-thumbnail","6":"product_cat-progressive-grease-dividers","7":"product_cat-progressive-grease-systems","8":"product_tag-grease-distributor-block","9":"product_tag-grease-metering-valve","10":"product_tag-progressive-distributor","12":"entry","13":"has-media","15":"first","16":"instock","17":"shipping-taxable","18":"product-type-external","19":"col","20":"span_1_of_3","21":"owp-content-center","22":"owp-thumbs-layout-horizontal","23":"owp-btn-very-big","24":"owp-tabs-layout-horizontal"},"_links":{"self":[{"href":"https:\/\/www.jinpinlub.com\/de\/wp-json\/wp\/v2\/product\/2540","targetHints":{"allow":["GET"]}}],"collection":[{"href":"https:\/\/www.jinpinlub.com\/de\/wp-json\/wp\/v2\/product"}],"about":[{"href":"https:\/\/www.jinpinlub.com\/de\/wp-json\/wp\/v2\/types\/product"}],"wp:featuredmedia":[{"embeddable":true,"href":"https:\/\/www.jinpinlub.com\/de\/wp-json\/wp\/v2\/media\/2544"}],"wp:attachment":[{"href":"https:\/\/www.jinpinlub.com\/de\/wp-json\/wp\/v2\/media?parent=2540"}],"wp:term":[{"taxonomy":"product_brand","embeddable":true,"href":"https:\/\/www.jinpinlub.com\/de\/wp-json\/wp\/v2\/product_brand?post=2540"},{"taxonomy":"product_cat","embeddable":true,"href":"https:\/\/www.jinpinlub.com\/de\/wp-json\/wp\/v2\/product_cat?post=2540"},{"taxonomy":"product_tag","embeddable":true,"href":"https:\/\/www.jinpinlub.com\/de\/wp-json\/wp\/v2\/product_tag?post=2540"}],"curies":[{"name":"wp","href":"https:\/\/api.w.org\/{rel}","templated":true}]}}