{"id":2547,"date":"2024-07-18T09:49:55","date_gmt":"2024-07-18T09:49:55","guid":{"rendered":"https:\/\/www.jinpinlub.com\/?post_type=product&#038;p=2547"},"modified":"2025-04-30T15:28:50","modified_gmt":"2025-04-30T07:28:50","slug":"sml-60-gasbetriebener-einstellbarer-automatischer-einzelpunkt-schmierstoffgeber","status":"publish","type":"product","link":"https:\/\/www.jinpinlub.com\/de\/product\/sml-60-gas-driven-adjustable-automatic-single-point-lubricator\/","title":{"rendered":"SML-60 Gasbetriebener, einstellbarer, automatischer Einzelpunkt-Schmierstoffgeber"},"content":{"rendered":"<h2>Merkmale<\/h2>\n<p>1. Es kann so eingestellt werden, dass die Entladung 1\u201312 Monate lang jeden Tag automatisch, gleichm\u00e4\u00dfig, p\u00fcnktlich und pr\u00e4zise erfolgt.<br \/>\n2. Kontrollieren Sie die Schmierung aktiv, sparen Sie Ger\u00e4tewartungskosten und vermeiden Sie \u00d6llecks und Umweltverschmutzung.<br \/>\n4. Trockenbatteriebetrieb, unbeeinflusst von \u00e4u\u00dferen Faktoren.<br \/>\n5. Wiederverwendbar und preiswert.<br \/>\n6. Mechanischer Kraftbetrieb, explosionsgesch\u00fctzte Sicherheit.<br \/>\n7. Es kann jederzeit gestoppt und bei Bedarf fortgesetzt werden.<br \/>\n8. Transparenter Beh\u00e4lter zur jederzeitigen \u00dcberpr\u00fcfung der verbleibenden Kapazit\u00e4t.<\/p>\n<h2>Spezifikation<\/h2>\n<p>Name: SML gas driven lubricator<br \/>\nAntriebsmethode: elektrochemisches Gas<br \/>\nArbeitsdruck: maximal 5 bar<br \/>\nEntleerungszeit: 1-12 Monate<br \/>\nAusfluss: 0,17\u20134,17\u00a0ml\/Tag<br \/>\nArbeitstemperatur: -20 \u2103 ~ + 55 \u2103<br \/>\nSchmierstoffe: \u00d6l oder Fett \u2264 NLGI#2<br \/>\nSchutzart: IP68<br \/>\nLebensdauer: 2 Jahre<br \/>\nLagertemperatur: 20 \u00b0C \u00b1 5 \u00b0C<br \/>\nF\u00fcllgewicht: 115 g (60 ml), 190 g (125 ml)<br \/>\nZertifikat: CE-Zertifizierung<\/p>\n<h2>Anwendungen<\/h2>\n<p>W\u00e4lzlager: Sorgen Sie f\u00fcr eine kontinuierliche Schmierung der Lager im Betrieb und reduzieren Sie so den Verschlei\u00df und den Wartungsaufwand.<br \/>\nKetten: Sorgen Sie w\u00e4hrend des Kettenbetriebs f\u00fcr eine kontinuierliche Schmierung, um vorzeitige Sch\u00e4den zu vermeiden.<br \/>\nF\u00fchrungen und Gleitf\u00fchrungen: Sorgen Sie f\u00fcr einen reibungslosen Lauf der F\u00fchrungen und reduzieren Sie die Reibung.<br \/>\nPumpen und Motoren: Stellen Sie sicher, dass die Hauptkomponenten dieser Ger\u00e4te ausreichend geschmiert sind, um ihre Lebensdauer zu verl\u00e4ngern.<br \/>\nZahnr\u00e4der und Spindeln: Sorgen Sie f\u00fcr eine pr\u00e4zise Schmierung, um Verschlei\u00df und Ausf\u00e4lle zu reduzieren.<br \/>\nL\u00fcftungssysteme: Werden in L\u00fcftungsanlagen eingesetzt, um deren reibungslosen Betrieb zu gew\u00e4hrleisten<\/p>\n<h2>Benutzerhandb\u00fccher<\/h2>\n<div class=\"sdm_download_button_box_default\"><div class=\"sdm_download_link\"><a href=\"https:\/\/www.jinpinlub.com\/de\/?sdm_process_download=1&download_id=2479\" class=\"sdm_download white\" title=\"Privat: SML Single-point Lubricator\" target=\"&quot;_blank&quot;\">Datenblatt anzeigen - SML Lubricator<\/a><\/div><\/div>","protected":false},"excerpt":{"rendered":"<p>Der SML-Schmierstoffgeber kann an jedem mobilen, vibrierenden, Unterwasser-, H\u00f6hen- oder verschmutzten Ort installiert werden und kann auch kopf\u00fcber oder horizontal installiert werden. Dieser Schmierstoffgeber ist normalerweise ein Einwegprodukt, kann jedoch bis zu dreimal nachgef\u00fcllt und nach Gebrauch einfach entsorgt werden.<\/p>","protected":false},"featured_media":3182,"template":"","meta":{"ocean_post_layout":"","ocean_both_sidebars_style":"","ocean_both_sidebars_content_width":0,"ocean_both_sidebars_sidebars_width":0,"ocean_sidebar":"0","ocean_second_sidebar":"0","ocean_disable_margins":"enable","ocean_add_body_class":"","ocean_shortcode_before_top_bar":"","ocean_shortcode_after_top_bar":"","ocean_shortcode_before_header":"","ocean_shortcode_after_header":"","ocean_has_shortcode":"","ocean_shortcode_after_title":"","ocean_shortcode_before_footer_widgets":"","ocean_shortcode_after_footer_widgets":"","ocean_shortcode_before_footer_bottom":"","ocean_shortcode_after_footer_bottom":"","ocean_display_top_bar":"default","ocean_display_header":"default","ocean_header_style":"","ocean_center_header_left_menu":"0","ocean_custom_header_template":"0","ocean_custom_logo":0,"ocean_custom_retina_logo":0,"ocean_custom_logo_max_width":0,"ocean_custom_logo_tablet_max_width":0,"ocean_custom_logo_mobile_max_width":0,"ocean_custom_logo_max_height":0,"ocean_custom_logo_tablet_max_height":0,"ocean_custom_logo_mobile_max_height":0,"ocean_header_custom_menu":"0","ocean_menu_typo_font_family":"0","ocean_menu_typo_font_subset":"","ocean_menu_typo_font_size":0,"ocean_menu_typo_font_size_tablet":0,"ocean_menu_typo_font_size_mobile":0,"ocean_menu_typo_font_size_unit":"px","ocean_menu_typo_font_weight":"","ocean_menu_typo_font_weight_tablet":"","ocean_menu_typo_font_weight_mobile":"","ocean_menu_typo_transform":"","ocean_menu_typo_transform_tablet":"","ocean_menu_typo_transform_mobile":"","ocean_menu_typo_line_height":0,"ocean_menu_typo_line_height_tablet":0,"ocean_menu_typo_line_height_mobile":0,"ocean_menu_typo_line_height_unit":"","ocean_menu_typo_spacing":0,"ocean_menu_typo_spacing_tablet":0,"ocean_menu_typo_spacing_mobile":0,"ocean_menu_typo_spacing_unit":"","ocean_menu_link_color":"","ocean_menu_link_color_hover":"","ocean_menu_link_color_active":"","ocean_menu_link_background":"","ocean_menu_link_hover_background":"","ocean_menu_link_active_background":"","ocean_menu_social_links_bg":"","ocean_menu_social_hover_links_bg":"","ocean_menu_social_links_color":"","ocean_menu_social_hover_links_color":"","ocean_disable_title":"default","ocean_disable_heading":"default","ocean_post_title":"","ocean_post_subheading":"","ocean_post_title_style":"","ocean_post_title_background_color":"","ocean_post_title_background":0,"ocean_post_title_bg_image_position":"","ocean_post_title_bg_image_attachment":"","ocean_post_title_bg_image_repeat":"","ocean_post_title_bg_image_size":"","ocean_post_title_height":0,"ocean_post_title_bg_overlay":0.5,"ocean_post_title_bg_overlay_color":"","ocean_disable_breadcrumbs":"default","ocean_breadcrumbs_color":"","ocean_breadcrumbs_separator_color":"","ocean_breadcrumbs_links_color":"","ocean_breadcrumbs_links_hover_color":"","ocean_display_footer_widgets":"default","ocean_display_footer_bottom":"default","ocean_custom_footer_template":"0","osh_disable_topbar_sticky":"default","osh_disable_header_sticky":"default","osh_sticky_header_style":"default","osh_sticky_header_effect":"","osh_custom_sticky_logo":0,"osh_custom_retina_sticky_logo":0,"osh_custom_sticky_logo_height":0,"osh_background_color":"","osh_links_color":"","osh_links_hover_color":"","osh_links_active_color":"","osh_links_bg_color":"","osh_links_hover_bg_color":"","osh_links_active_bg_color":"","osh_menu_social_links_color":"","osh_menu_social_hover_links_color":""},"product_brand":[],"product_cat":[33],"product_tag":[104,102,103],"class_list":{"0":"post-2547","1":"product","2":"type-product","3":"status-publish","4":"has-post-thumbnail","6":"product_cat-single-point-lubricators","7":"product_tag-gas-single-point-lubricator","8":"product_tag-single-point-lubrication-pump","9":"product_tag-single-point-lubricator","11":"entry","12":"has-media","14":"first","15":"instock","16":"featured","17":"shipping-taxable","18":"product-type-external","19":"col","20":"span_1_of_3","21":"owp-content-center","22":"owp-thumbs-layout-horizontal","23":"owp-btn-very-big","24":"owp-tabs-layout-horizontal"},"_links":{"self":[{"href":"https:\/\/www.jinpinlub.com\/de\/wp-json\/wp\/v2\/product\/2547","targetHints":{"allow":["GET"]}}],"collection":[{"href":"https:\/\/www.jinpinlub.com\/de\/wp-json\/wp\/v2\/product"}],"about":[{"href":"https:\/\/www.jinpinlub.com\/de\/wp-json\/wp\/v2\/types\/product"}],"wp:featuredmedia":[{"embeddable":true,"href":"https:\/\/www.jinpinlub.com\/de\/wp-json\/wp\/v2\/media\/3182"}],"wp:attachment":[{"href":"https:\/\/www.jinpinlub.com\/de\/wp-json\/wp\/v2\/media?parent=2547"}],"wp:term":[{"taxonomy":"product_brand","embeddable":true,"href":"https:\/\/www.jinpinlub.com\/de\/wp-json\/wp\/v2\/product_brand?post=2547"},{"taxonomy":"product_cat","embeddable":true,"href":"https:\/\/www.jinpinlub.com\/de\/wp-json\/wp\/v2\/product_cat?post=2547"},{"taxonomy":"product_tag","embeddable":true,"href":"https:\/\/www.jinpinlub.com\/de\/wp-json\/wp\/v2\/product_tag?post=2547"}],"curies":[{"name":"wp","href":"https:\/\/api.w.org\/{rel}","templated":true}]}}