{"id":2989,"date":"2024-08-05T18:32:14","date_gmt":"2024-08-05T18:32:14","guid":{"rendered":"https:\/\/www.jinpinlub.com\/?post_type=product&#038;p=2989"},"modified":"2024-08-29T05:35:45","modified_gmt":"2024-08-28T21:35:45","slug":"jdl1-elektrische-widerstandsolschmierzahnradpumpe-mit-sensor","status":"publish","type":"product","link":"https:\/\/www.jinpinlub.com\/de\/product\/jdl1-electric-resistance-oil-lubrication-gear-pump-with-sensor\/","title":{"rendered":"JDL1 Elektrische Widerstands-\u00d6lschmierzahnradpumpe mit Sensor"},"content":{"rendered":"<h2>Merkmale<\/h2>\n<p>1. Zwei Aktionsmodi:<br \/>\n\u2460 Schmierung: Die Schmierzeit wird zuerst beim Start ausgef\u00fchrt.<br \/>\n\u2461 Speicher: F\u00fchren Sie beim Start weiterhin die unvollendete Intervallzeit aus.<br \/>\n2. Druckschalter kann Sch\u00e4den am \u00d6lkreislauf erkennen.<br \/>\n3. Schwimmerschalter kann den \u00d6lstand erkennen und ein Signal senden.<br \/>\n4. Ein Druckmessger\u00e4t kann den \u00d6lkreislaufdruck messen.<br \/>\n5. Der Timer kann eingestellt werden und verf\u00fcgt \u00fcber eine Selbstsperrfunktion, LUB-Zeit: 1\u2013999 Sek. (Min.), Intervallzeit: 1\u2013999 Min. (Sek.\/Std.\/Zyklen).<br \/>\n6. Die Bedienfeldanzeige zeigt den Schmier- und Intervallstatus der Pumpe an.<br \/>\n7. Mit der Taste \u201eRST\u201c k\u00f6nnen Sie eine Schmierung erzwingen oder abnormale Signale beseitigen.<br \/>\n8. Die Schmierzeit muss weniger als 2 Minuten betragen, die Intervallzeit muss mehr als das F\u00fcnffache der Schmierzeit betragen, um ein Ausl\u00f6sen des Hochtemperaturschutzger\u00e4ts zu vermeiden.<\/p>\n<h2>Spezifikation<\/h2>\n<table>\n<tbody>\n<tr>\n<td>Modell<\/td>\n<td>JDL1<\/td>\n<\/tr>\n<tr>\n<td>Schmierzeit<\/td>\n<td>1-999 Min<\/td>\n<\/tr>\n<tr>\n<td>Intervallzeit<\/td>\n<td>1-999 Min<\/td>\n<\/tr>\n<tr>\n<td>Betriebstemperatur<\/td>\n<td>0~+50\u00b0C<\/td>\n<\/tr>\n<tr>\n<td>Anzahl der Filialen<\/td>\n<td>1<\/td>\n<\/tr>\n<tr>\n<td>Reservoirkapazit\u00e4t<\/td>\n<td>2 l, 3 l, 4 l, 8 l<\/td>\n<\/tr>\n<tr>\n<td>Nachf\u00fcllen<\/td>\n<td>Von oben<\/td>\n<\/tr>\n<tr>\n<td>Schmiermittel<\/td>\n<td>32\u201368 cSt bei 40 \u00b0C<\/td>\n<\/tr>\n<tr>\n<td>Motorleistung<\/td>\n<td>30 Watt<\/td>\n<\/tr>\n<tr>\n<td>Entladung<\/td>\n<td>150 ml\/min<\/td>\n<\/tr>\n<tr>\n<td>Max. Betriebsdruck<\/td>\n<td>1,5 MPa<\/td>\n<\/tr>\n<tr>\n<td>Anschlussgewinde<\/td>\n<td>Auslass \u03a66<\/td>\n<\/tr>\n<tr>\n<td>Betriebsspannung<\/td>\n<td>110 V Wechselstrom, 220 V Wechselstrom<\/td>\n<\/tr>\n<tr>\n<td>Zertifizierung<\/td>\n<td>CE<\/td>\n<\/tr>\n<tr>\n<td>Niedrigniveauschalter<\/td>\n<td>\u00d6ffner<\/td>\n<\/tr>\n<\/tbody>\n<\/table>\n<h2>Anwendungen<\/h2>\n<p>1. Lagerschmierung: insbesondere bei schnellaufenden Spindellagern von Elektrospindeln.<br \/>\n2. Getriebeschmierung: geeignet f\u00fcr den Getriebeteil zahlreicher mechanischer Ger\u00e4te.<br \/>\n3. Schmierung der manuellen Gleitschienen und Zahnstangen: sorgt f\u00fcr den reibungslosen Betrieb mechanischer Ger\u00e4te.<br \/>\n4. Schmierung w\u00e4hrend der gesamten Montage und Verarbeitung: Verbessert die Produktionsleistung und die Lebensdauer des Ger\u00e4ts.<br \/>\n5. Zahnr\u00e4der, F\u00fchrungsschienen, Ketten und vieles mehr. Von CNC-Werkzeugmaschinen, Drehmaschinen, Textilmaschinen, Aufz\u00fcgen und Holzbearbeitungsmaschinen.<br \/>\n6. Zentralisiertes Schmierger\u00e4t f\u00fcr Automatisierungsger\u00e4te wie Spritzgussmaschinen, Druckgussmaschinen, Gummimaschinen und CNC-Werkzeuge.<\/p>\n<h2>Benutzerhandb\u00fccher<\/h2>\n<div class=\"sdm_download_button_box_default\"><div class=\"sdm_download_link\"><a href=\"https:\/\/www.jinpinlub.com\/de\/?sdm_process_download=1&download_id=3000\" class=\"sdm_download white\" title=\"Privat: JDL1 Resistance Pump\" target=\"&quot;_blank&quot;\">Datenblatt anzeigen \u2013 JDL1-Pumpe<\/a><\/div><\/div>","protected":false},"excerpt":{"rendered":"<p>Die Widerstandsschmierpumpe JDL1 wird von einem Elektromotor angetrieben, um \u00d6l anzusaugen und zu f\u00f6rdern. Das Design der Zahnradpumpe erm\u00f6glicht einen stabilen Ausgangsdruck und Durchfluss und eignet sich f\u00fcr Situationen, in denen eine zeitgesteuerte und quantitative Schmierung erforderlich ist.<\/p>","protected":false},"featured_media":2994,"template":"","meta":{"ocean_post_layout":"","ocean_both_sidebars_style":"","ocean_both_sidebars_content_width":0,"ocean_both_sidebars_sidebars_width":0,"ocean_sidebar":"0","ocean_second_sidebar":"0","ocean_disable_margins":"enable","ocean_add_body_class":"","ocean_shortcode_before_top_bar":"","ocean_shortcode_after_top_bar":"","ocean_shortcode_before_header":"","ocean_shortcode_after_header":"","ocean_has_shortcode":"","ocean_shortcode_after_title":"","ocean_shortcode_before_footer_widgets":"","ocean_shortcode_after_footer_widgets":"","ocean_shortcode_before_footer_bottom":"","ocean_shortcode_after_footer_bottom":"","ocean_display_top_bar":"default","ocean_display_header":"default","ocean_header_style":"","ocean_center_header_left_menu":"0","ocean_custom_header_template":"0","ocean_custom_logo":0,"ocean_custom_retina_logo":0,"ocean_custom_logo_max_width":0,"ocean_custom_logo_tablet_max_width":0,"ocean_custom_logo_mobile_max_width":0,"ocean_custom_logo_max_height":0,"ocean_custom_logo_tablet_max_height":0,"ocean_custom_logo_mobile_max_height":0,"ocean_header_custom_menu":"0","ocean_menu_typo_font_family":"0","ocean_menu_typo_font_subset":"","ocean_menu_typo_font_size":0,"ocean_menu_typo_font_size_tablet":0,"ocean_menu_typo_font_size_mobile":0,"ocean_menu_typo_font_size_unit":"px","ocean_menu_typo_font_weight":"","ocean_menu_typo_font_weight_tablet":"","ocean_menu_typo_font_weight_mobile":"","ocean_menu_typo_transform":"","ocean_menu_typo_transform_tablet":"","ocean_menu_typo_transform_mobile":"","ocean_menu_typo_line_height":0,"ocean_menu_typo_line_height_tablet":0,"ocean_menu_typo_line_height_mobile":0,"ocean_menu_typo_line_height_unit":"","ocean_menu_typo_spacing":0,"ocean_menu_typo_spacing_tablet":0,"ocean_menu_typo_spacing_mobile":0,"ocean_menu_typo_spacing_unit":"","ocean_menu_link_color":"","ocean_menu_link_color_hover":"","ocean_menu_link_color_active":"","ocean_menu_link_background":"","ocean_menu_link_hover_background":"","ocean_menu_link_active_background":"","ocean_menu_social_links_bg":"","ocean_menu_social_hover_links_bg":"","ocean_menu_social_links_color":"","ocean_menu_social_hover_links_color":"","ocean_disable_title":"default","ocean_disable_heading":"default","ocean_post_title":"","ocean_post_subheading":"","ocean_post_title_style":"","ocean_post_title_background_color":"","ocean_post_title_background":0,"ocean_post_title_bg_image_position":"","ocean_post_title_bg_image_attachment":"","ocean_post_title_bg_image_repeat":"","ocean_post_title_bg_image_size":"","ocean_post_title_height":0,"ocean_post_title_bg_overlay":0.5,"ocean_post_title_bg_overlay_color":"","ocean_disable_breadcrumbs":"default","ocean_breadcrumbs_color":"","ocean_breadcrumbs_separator_color":"","ocean_breadcrumbs_links_color":"","ocean_breadcrumbs_links_hover_color":"","ocean_display_footer_widgets":"default","ocean_display_footer_bottom":"default","ocean_custom_footer_template":"0","osh_disable_topbar_sticky":"default","osh_disable_header_sticky":"default","osh_sticky_header_style":"default","osh_sticky_header_effect":"","osh_custom_sticky_logo":0,"osh_custom_retina_sticky_logo":0,"osh_custom_sticky_logo_height":0,"osh_background_color":"","osh_links_color":"","osh_links_hover_color":"","osh_links_active_color":"","osh_links_bg_color":"","osh_links_hover_bg_color":"","osh_links_active_bg_color":"","osh_menu_social_links_color":"","osh_menu_social_hover_links_color":""},"product_brand":[],"product_cat":[51,50],"product_tag":[109,108,110],"class_list":{"0":"post-2989","1":"product","2":"type-product","3":"status-publish","4":"has-post-thumbnail","6":"product_cat-electric-resistance-pumps","7":"product_cat-resistance-thin-oil-systems","8":"product_tag-electric-gear-pump","9":"product_tag-resistance-lubrication-pump","10":"product_tag-resistance-lubrication-system","12":"entry","13":"has-media","15":"first","16":"instock","17":"featured","18":"shipping-taxable","19":"product-type-external","20":"col","21":"span_1_of_3","22":"owp-content-center","23":"owp-thumbs-layout-horizontal","24":"owp-btn-very-big","25":"owp-tabs-layout-horizontal"},"_links":{"self":[{"href":"https:\/\/www.jinpinlub.com\/de\/wp-json\/wp\/v2\/product\/2989","targetHints":{"allow":["GET"]}}],"collection":[{"href":"https:\/\/www.jinpinlub.com\/de\/wp-json\/wp\/v2\/product"}],"about":[{"href":"https:\/\/www.jinpinlub.com\/de\/wp-json\/wp\/v2\/types\/product"}],"wp:featuredmedia":[{"embeddable":true,"href":"https:\/\/www.jinpinlub.com\/de\/wp-json\/wp\/v2\/media\/2994"}],"wp:attachment":[{"href":"https:\/\/www.jinpinlub.com\/de\/wp-json\/wp\/v2\/media?parent=2989"}],"wp:term":[{"taxonomy":"product_brand","embeddable":true,"href":"https:\/\/www.jinpinlub.com\/de\/wp-json\/wp\/v2\/product_brand?post=2989"},{"taxonomy":"product_cat","embeddable":true,"href":"https:\/\/www.jinpinlub.com\/de\/wp-json\/wp\/v2\/product_cat?post=2989"},{"taxonomy":"product_tag","embeddable":true,"href":"https:\/\/www.jinpinlub.com\/de\/wp-json\/wp\/v2\/product_tag?post=2989"}],"curies":[{"name":"wp","href":"https:\/\/api.w.org\/{rel}","templated":true}]}}