{"id":3009,"date":"2024-08-06T08:05:14","date_gmt":"2024-08-06T08:05:14","guid":{"rendered":"https:\/\/www.jinpinlub.com\/?post_type=product&#038;p=3009"},"modified":"2024-08-29T05:36:12","modified_gmt":"2024-08-28T21:36:12","slug":"jdl2-elektrische-widerstandsgetriebe-schmierolpumpe-mit-motor","status":"publish","type":"product","link":"https:\/\/www.jinpinlub.com\/de\/product\/jdl2-electric-resistance-gear-lubrication-oil-pump-with-motor\/","title":{"rendered":"JDL2 Elektrische Widerstandsgetriebe-Schmier\u00f6lpumpe mit Motor"},"content":{"rendered":"<h2>Merkmale<\/h2>\n<p>1. Schmierung und Intervallzeit werden von der Host-SPS gesteuert.<br \/>\n2. Um zu erkennen, ob der \u00d6lkreislauf besch\u00e4digt ist, kann ein Druckschalter eingebaut werden.<br \/>\n3. Ein Schwimmerschalter erkennt den Fl\u00fcssigkeitsstand und sendet automatisch ein Signal.<br \/>\n4. Zur Erkennung des Betriebsdrucks der \u00d6lpumpe ist ein Manometer angebracht.<br \/>\n5. Ein Schl\u00fcssel zur Zwangs\u00f6lzufuhr sorgt f\u00fcr eine kontinuierliche Schmierung von weniger als 3 Minuten, um eine \u00dcberlastung des Motors zu vermeiden.<br \/>\n6. Die hohe Temperatur des Motors l\u00f6st den Temperaturschutz aus und f\u00fchrt zu einer Abschaltung f\u00fcr etwa 10 Minuten.<br \/>\n7. Um Spannungsst\u00f6rungen und Funkenbildung auf der SPS zu unterdr\u00fccken, kann ein Funkenl\u00f6scher hinzugef\u00fcgt werden.<br \/>\n8. Ein \u00dcberlaufventil verhindert, dass in der Schmierpumpe und der Rohrleitung ein \u00dcberdruck entsteht.<\/p>\n<h2>Spezifikation<\/h2>\n<table>\n<tbody>\n<tr>\n<td>Modell<\/td>\n<td>JDL2<\/td>\n<\/tr>\n<tr>\n<td>Timer<\/td>\n<td>SPS<\/td>\n<\/tr>\n<tr>\n<td>Betriebstemperatur<\/td>\n<td>0~+50\u00b0C<\/td>\n<\/tr>\n<tr>\n<td>Anzahl der Filialen<\/td>\n<td>1<\/td>\n<\/tr>\n<tr>\n<td>Reservoirkapazit\u00e4t<\/td>\n<td>2 l, 3 l, 4 l, 8 l<\/td>\n<\/tr>\n<tr>\n<td>Nachf\u00fcllen<\/td>\n<td>Von oben<\/td>\n<\/tr>\n<tr>\n<td>Schmiermittel<\/td>\n<td>32\u201368 cSt bei 40 \u00b0C<\/td>\n<\/tr>\n<tr>\n<td>Motorleistung<\/td>\n<td>30 Watt<\/td>\n<\/tr>\n<tr>\n<td>Entladung<\/td>\n<td>150 ml\/min<\/td>\n<\/tr>\n<tr>\n<td>Max. Betriebsdruck<\/td>\n<td>1,5 MPa<\/td>\n<\/tr>\n<tr>\n<td>Anschlussgewinde<\/td>\n<td>Auslass \u03a66<\/td>\n<\/tr>\n<tr>\n<td>Betriebsspannung<\/td>\n<td>110 V Wechselstrom, 220 V Wechselstrom<\/td>\n<\/tr>\n<tr>\n<td>Zertifizierung<\/td>\n<td>CE<\/td>\n<\/tr>\n<tr>\n<td>Einbaulage<\/td>\n<td>Aufrecht<\/td>\n<\/tr>\n<\/tbody>\n<\/table>\n<h2>Anwendungen<\/h2>\n<p><span id=\"input-sentence~0\">Elektrische \u00d6lpumpen werden h\u00e4ufig zur Zentralschmierung von Automatisierungsger\u00e4ten eingesetzt.<br \/>\nSpritzgusssystem: Dient zum Schmieren der zahlreichen beweglichen Komponenten des Spritzgussger\u00e4ts, um einen sauberen Betrieb zu gew\u00e4hrleisten.<br \/>\nDruckgusssystem: sorgt f\u00fcr die wichtige Schmierung w\u00e4hrend des gesamten Druckgussverfahrens, um Reibung und Verschlei\u00df zu verringern.<\/span><span id=\"input-sentence~1\"><br \/>\nGummiger\u00e4t: Wird zur Schmierung von Gummiverarbeitungsger\u00e4ten verwendet, um die Tr\u00e4gerlebensdauer des Systems zu verl\u00e4ngern.<br \/>\nCNC-Ger\u00e4tewerkzeuge: bieten spezielle Schmierung f\u00fcr CNC-Systemwerkzeuge, um Verarbeitungsgenauigkeit und Leistung sicherzustellen.<br \/>\nElektrische Zahnradschmierpumpen sind in der Regel umweltfreundlich, integriert und kosteng\u00fcnstig und eignen sich f\u00fcr verschiedene Automatisierungssysteme in Unternehmen.<\/span><\/p>\n<h2>Benutzerhandb\u00fccher<\/h2>\n<div class=\"sdm_download_button_box_default\"><div class=\"sdm_download_link\"><a href=\"https:\/\/www.jinpinlub.com\/de\/?sdm_process_download=1&download_id=3010\" class=\"sdm_download white\" title=\"Privat: JDL2 Resistance Pump\" target=\"&quot;_blank&quot;\">Datenblatt anzeigen \u2013 JDL2-Pumpe<\/a><\/div><\/div>","protected":false},"excerpt":{"rendered":"<p>Die elektrische \u00d6lzahnradschmierpumpe ist ein Ger\u00e4t, das speziell f\u00fcr die Schmierung verschiedener mechanischer Ger\u00e4te entwickelt wurde und h\u00e4ufig in CNC-Maschinen, Bearbeitungszentren, Produktionslinien, der Textil-, Kunststoff-, Druck-, Chemie-, Holzverarbeitungs-, Lebensmittel- und anderen Industrien verwendet wird.<\/p>","protected":false},"featured_media":3011,"template":"","meta":{"ocean_post_layout":"","ocean_both_sidebars_style":"","ocean_both_sidebars_content_width":0,"ocean_both_sidebars_sidebars_width":0,"ocean_sidebar":"0","ocean_second_sidebar":"0","ocean_disable_margins":"enable","ocean_add_body_class":"","ocean_shortcode_before_top_bar":"","ocean_shortcode_after_top_bar":"","ocean_shortcode_before_header":"","ocean_shortcode_after_header":"","ocean_has_shortcode":"","ocean_shortcode_after_title":"","ocean_shortcode_before_footer_widgets":"","ocean_shortcode_after_footer_widgets":"","ocean_shortcode_before_footer_bottom":"","ocean_shortcode_after_footer_bottom":"","ocean_display_top_bar":"default","ocean_display_header":"default","ocean_header_style":"","ocean_center_header_left_menu":"0","ocean_custom_header_template":"0","ocean_custom_logo":0,"ocean_custom_retina_logo":0,"ocean_custom_logo_max_width":0,"ocean_custom_logo_tablet_max_width":0,"ocean_custom_logo_mobile_max_width":0,"ocean_custom_logo_max_height":0,"ocean_custom_logo_tablet_max_height":0,"ocean_custom_logo_mobile_max_height":0,"ocean_header_custom_menu":"0","ocean_menu_typo_font_family":"0","ocean_menu_typo_font_subset":"","ocean_menu_typo_font_size":0,"ocean_menu_typo_font_size_tablet":0,"ocean_menu_typo_font_size_mobile":0,"ocean_menu_typo_font_size_unit":"px","ocean_menu_typo_font_weight":"","ocean_menu_typo_font_weight_tablet":"","ocean_menu_typo_font_weight_mobile":"","ocean_menu_typo_transform":"","ocean_menu_typo_transform_tablet":"","ocean_menu_typo_transform_mobile":"","ocean_menu_typo_line_height":0,"ocean_menu_typo_line_height_tablet":0,"ocean_menu_typo_line_height_mobile":0,"ocean_menu_typo_line_height_unit":"","ocean_menu_typo_spacing":0,"ocean_menu_typo_spacing_tablet":0,"ocean_menu_typo_spacing_mobile":0,"ocean_menu_typo_spacing_unit":"","ocean_menu_link_color":"","ocean_menu_link_color_hover":"","ocean_menu_link_color_active":"","ocean_menu_link_background":"","ocean_menu_link_hover_background":"","ocean_menu_link_active_background":"","ocean_menu_social_links_bg":"","ocean_menu_social_hover_links_bg":"","ocean_menu_social_links_color":"","ocean_menu_social_hover_links_color":"","ocean_disable_title":"default","ocean_disable_heading":"default","ocean_post_title":"","ocean_post_subheading":"","ocean_post_title_style":"","ocean_post_title_background_color":"","ocean_post_title_background":0,"ocean_post_title_bg_image_position":"","ocean_post_title_bg_image_attachment":"","ocean_post_title_bg_image_repeat":"","ocean_post_title_bg_image_size":"","ocean_post_title_height":0,"ocean_post_title_bg_overlay":0.5,"ocean_post_title_bg_overlay_color":"","ocean_disable_breadcrumbs":"default","ocean_breadcrumbs_color":"","ocean_breadcrumbs_separator_color":"","ocean_breadcrumbs_links_color":"","ocean_breadcrumbs_links_hover_color":"","ocean_display_footer_widgets":"default","ocean_display_footer_bottom":"default","ocean_custom_footer_template":"0","osh_disable_topbar_sticky":"default","osh_disable_header_sticky":"default","osh_sticky_header_style":"default","osh_sticky_header_effect":"","osh_custom_sticky_logo":0,"osh_custom_retina_sticky_logo":0,"osh_custom_sticky_logo_height":0,"osh_background_color":"","osh_links_color":"","osh_links_hover_color":"","osh_links_active_color":"","osh_links_bg_color":"","osh_links_hover_bg_color":"","osh_links_active_bg_color":"","osh_menu_social_links_color":"","osh_menu_social_hover_links_color":""},"product_brand":[],"product_cat":[51,50],"product_tag":[112,113,111],"class_list":{"0":"post-3009","1":"product","2":"type-product","3":"status-publish","4":"has-post-thumbnail","6":"product_cat-electric-resistance-pumps","7":"product_cat-resistance-thin-oil-systems","8":"product_tag-centralized-lubrication-system","9":"product_tag-motor-lubrication-pump","10":"product_tag-oil-lubrication-pump","12":"entry","13":"has-media","15":"first","16":"instock","17":"shipping-taxable","18":"product-type-external","19":"col","20":"span_1_of_3","21":"owp-content-center","22":"owp-thumbs-layout-horizontal","23":"owp-btn-very-big","24":"owp-tabs-layout-horizontal"},"_links":{"self":[{"href":"https:\/\/www.jinpinlub.com\/de\/wp-json\/wp\/v2\/product\/3009","targetHints":{"allow":["GET"]}}],"collection":[{"href":"https:\/\/www.jinpinlub.com\/de\/wp-json\/wp\/v2\/product"}],"about":[{"href":"https:\/\/www.jinpinlub.com\/de\/wp-json\/wp\/v2\/types\/product"}],"wp:featuredmedia":[{"embeddable":true,"href":"https:\/\/www.jinpinlub.com\/de\/wp-json\/wp\/v2\/media\/3011"}],"wp:attachment":[{"href":"https:\/\/www.jinpinlub.com\/de\/wp-json\/wp\/v2\/media?parent=3009"}],"wp:term":[{"taxonomy":"product_brand","embeddable":true,"href":"https:\/\/www.jinpinlub.com\/de\/wp-json\/wp\/v2\/product_brand?post=3009"},{"taxonomy":"product_cat","embeddable":true,"href":"https:\/\/www.jinpinlub.com\/de\/wp-json\/wp\/v2\/product_cat?post=3009"},{"taxonomy":"product_tag","embeddable":true,"href":"https:\/\/www.jinpinlub.com\/de\/wp-json\/wp\/v2\/product_tag?post=3009"}],"curies":[{"name":"wp","href":"https:\/\/api.w.org\/{rel}","templated":true}]}}