{"id":3021,"date":"2024-08-06T10:21:32","date_gmt":"2024-08-06T10:21:32","guid":{"rendered":"https:\/\/www.jinpinlub.com\/?post_type=product&#038;p=3021"},"modified":"2024-08-06T15:27:20","modified_gmt":"2024-08-06T15:27:20","slug":"gs-selbstansaugendes-kuhlschmiermittelspruhgerat-fur-werkzeugmaschinen","status":"publish","type":"product","link":"https:\/\/www.jinpinlub.com\/de\/product\/gs-self-priming-cooling-lubrication-sprayer-for-machine-tools\/","title":{"rendered":"GS selbstansaugendes K\u00fchlschmiermittel-Spr\u00fchger\u00e4t f\u00fcr Werkzeugmaschinen"},"content":{"rendered":"<h2>Merkmale<\/h2>\n<p>GS hat eine gute K\u00fchlwirkung und bietet Schmierung, Spanabfuhr, Reinigung und andere Funktionen, um die Produktionseffizienz und Verarbeitungsqualit\u00e4t zu verbessern, den Verlust mechanischer Werkzeuge zu verringern und die Umweltverschmutzung in der Werkstatt zu reduzieren.<br \/>\n1. Der Spr\u00fcher kann w\u00e4hrend der Verarbeitung gleichzeitig k\u00fchlen, schmieren und Eisensp\u00e4ne wegblasen.<br \/>\n2. Der Spr\u00fcher kann die Verarbeitungsgeschwindigkeit erh\u00f6hen, Verarbeitungszeit sparen und den Werkzeugverschlei\u00df verringern.<br \/>\n3. Durch Schmierung k\u00f6nnen die Endbearbeitungsqualit\u00e4t des Werkst\u00fccks und die optimale Nutzung des Werkzeugs sichergestellt werden.<br \/>\n4. Durch die Verarbeitung von Legierungen oder superharten Materialien kann auch eine glatte und hochpr\u00e4zise Oberfl\u00e4che erzielt werden.<br \/>\n5. Das Spritzger\u00e4t verf\u00fcgt \u00fcber eine neue, dicht schlie\u00dfende Rohrleitung, um ein internes \u00d6lleck zu vermeiden und die Lebensdauer zu verl\u00e4ngern.<br \/>\n6. Die Luftmenge und das K\u00fchlmittel am Spr\u00fcher k\u00f6nnen zur Anpassung an unterschiedliche Verarbeitungsbedingungen eingestellt werden.<br \/>\n7. Um dem Kunden die Installation und Befestigung zu erleichtern, stehen verschiedene feste Rohrleitungen zur Auswahl.<\/p>\n<h2>Spezifikation<\/h2>\n<p>1. Es muss saubere Fl\u00fcssigkeit verwendet werden.<br \/>\n2. Verwenden Sie keine \u00e4tzenden Fl\u00fcssigkeiten.<br \/>\n3. Der Druckbereich der Luftquelle betr\u00e4gt 5\u20137 kgf\/cm\u00b2 (bezogen auf das Zerst\u00e4ubungsgasvolumen und den Luftdruck).<br \/>\n4. Die Viskosit\u00e4t der verwendeten Fl\u00fcssigkeit liegt unter 68cSt.<br \/>\n5. Anwendungsgebiete: S\u00e4gemaschinen, Drehmaschinen, Schleifmaschinen, Gewindeschneidmaschinen, CNC-Bearbeitungszentren, Stanzmaschinen, Holzbearbeitungsmaschinen und andere Schneid- und Verarbeitungsger\u00e4te.<\/p>\n<h2>Benutzerhandb\u00fccher<\/h2>\n<div class=\"sdm_download_button_box_default\"><div class=\"sdm_download_link\"><a href=\"https:\/\/www.jinpinlub.com\/de\/?sdm_process_download=1&download_id=3022\" class=\"sdm_download white\" title=\"Privat: GS Lubrication Spray\" target=\"&quot;_blank&quot;\">Datenblatt anzeigen - GS Sprayer<\/a><\/div><\/div>","protected":false},"excerpt":{"rendered":"<p>Der GS-Spr\u00fcher verwendet einen Luftkompressor als Energiequelle und wendet das Prinzip der Vakuum-Selbstansaugung an, um Fl\u00fcssigkeit durch eine D\u00fcse mit Luft zu vermischen, zu zerst\u00e4uben und auf Schmierstellen wie Werkst\u00fccke, Werkzeuge oder Lager zu spr\u00fchen.<\/p>","protected":false},"featured_media":3024,"template":"","meta":{"ocean_post_layout":"","ocean_both_sidebars_style":"","ocean_both_sidebars_content_width":0,"ocean_both_sidebars_sidebars_width":0,"ocean_sidebar":"0","ocean_second_sidebar":"0","ocean_disable_margins":"enable","ocean_add_body_class":"","ocean_shortcode_before_top_bar":"","ocean_shortcode_after_top_bar":"","ocean_shortcode_before_header":"","ocean_shortcode_after_header":"","ocean_has_shortcode":"","ocean_shortcode_after_title":"","ocean_shortcode_before_footer_widgets":"","ocean_shortcode_after_footer_widgets":"","ocean_shortcode_before_footer_bottom":"","ocean_shortcode_after_footer_bottom":"","ocean_display_top_bar":"default","ocean_display_header":"default","ocean_header_style":"","ocean_center_header_left_menu":"0","ocean_custom_header_template":"0","ocean_custom_logo":0,"ocean_custom_retina_logo":0,"ocean_custom_logo_max_width":0,"ocean_custom_logo_tablet_max_width":0,"ocean_custom_logo_mobile_max_width":0,"ocean_custom_logo_max_height":0,"ocean_custom_logo_tablet_max_height":0,"ocean_custom_logo_mobile_max_height":0,"ocean_header_custom_menu":"0","ocean_menu_typo_font_family":"0","ocean_menu_typo_font_subset":"","ocean_menu_typo_font_size":0,"ocean_menu_typo_font_size_tablet":0,"ocean_menu_typo_font_size_mobile":0,"ocean_menu_typo_font_size_unit":"px","ocean_menu_typo_font_weight":"","ocean_menu_typo_font_weight_tablet":"","ocean_menu_typo_font_weight_mobile":"","ocean_menu_typo_transform":"","ocean_menu_typo_transform_tablet":"","ocean_menu_typo_transform_mobile":"","ocean_menu_typo_line_height":0,"ocean_menu_typo_line_height_tablet":0,"ocean_menu_typo_line_height_mobile":0,"ocean_menu_typo_line_height_unit":"","ocean_menu_typo_spacing":0,"ocean_menu_typo_spacing_tablet":0,"ocean_menu_typo_spacing_mobile":0,"ocean_menu_typo_spacing_unit":"","ocean_menu_link_color":"","ocean_menu_link_color_hover":"","ocean_menu_link_color_active":"","ocean_menu_link_background":"","ocean_menu_link_hover_background":"","ocean_menu_link_active_background":"","ocean_menu_social_links_bg":"","ocean_menu_social_hover_links_bg":"","ocean_menu_social_links_color":"","ocean_menu_social_hover_links_color":"","ocean_disable_title":"default","ocean_disable_heading":"default","ocean_post_title":"","ocean_post_subheading":"","ocean_post_title_style":"","ocean_post_title_background_color":"","ocean_post_title_background":0,"ocean_post_title_bg_image_position":"","ocean_post_title_bg_image_attachment":"","ocean_post_title_bg_image_repeat":"","ocean_post_title_bg_image_size":"","ocean_post_title_height":0,"ocean_post_title_bg_overlay":0.5,"ocean_post_title_bg_overlay_color":"","ocean_disable_breadcrumbs":"default","ocean_breadcrumbs_color":"","ocean_breadcrumbs_separator_color":"","ocean_breadcrumbs_links_color":"","ocean_breadcrumbs_links_hover_color":"","ocean_display_footer_widgets":"default","ocean_display_footer_bottom":"default","ocean_custom_footer_template":"0","osh_disable_topbar_sticky":"default","osh_disable_header_sticky":"default","osh_sticky_header_style":"default","osh_sticky_header_effect":"","osh_custom_sticky_logo":0,"osh_custom_retina_sticky_logo":0,"osh_custom_sticky_logo_height":0,"osh_background_color":"","osh_links_color":"","osh_links_hover_color":"","osh_links_active_color":"","osh_links_bg_color":"","osh_links_hover_bg_color":"","osh_links_active_bg_color":"","osh_menu_social_links_color":"","osh_menu_social_hover_links_color":""},"product_brand":[],"product_cat":[46],"product_tag":[115,72,116],"class_list":{"0":"post-3021","1":"product","2":"type-product","3":"status-publish","4":"has-post-thumbnail","6":"product_cat-oil-mist-lubrication-systems","7":"product_tag-lubricating-sprayer","8":"product_tag-lubrication-system","9":"product_tag-oil-mist-lubrication","11":"entry","12":"has-media","14":"first","15":"instock","16":"shipping-taxable","17":"product-type-external","18":"col","19":"span_1_of_3","20":"owp-content-center","21":"owp-thumbs-layout-horizontal","22":"owp-btn-very-big","23":"owp-tabs-layout-horizontal"},"_links":{"self":[{"href":"https:\/\/www.jinpinlub.com\/de\/wp-json\/wp\/v2\/product\/3021","targetHints":{"allow":["GET"]}}],"collection":[{"href":"https:\/\/www.jinpinlub.com\/de\/wp-json\/wp\/v2\/product"}],"about":[{"href":"https:\/\/www.jinpinlub.com\/de\/wp-json\/wp\/v2\/types\/product"}],"wp:featuredmedia":[{"embeddable":true,"href":"https:\/\/www.jinpinlub.com\/de\/wp-json\/wp\/v2\/media\/3024"}],"wp:attachment":[{"href":"https:\/\/www.jinpinlub.com\/de\/wp-json\/wp\/v2\/media?parent=3021"}],"wp:term":[{"taxonomy":"product_brand","embeddable":true,"href":"https:\/\/www.jinpinlub.com\/de\/wp-json\/wp\/v2\/product_brand?post=3021"},{"taxonomy":"product_cat","embeddable":true,"href":"https:\/\/www.jinpinlub.com\/de\/wp-json\/wp\/v2\/product_cat?post=3021"},{"taxonomy":"product_tag","embeddable":true,"href":"https:\/\/www.jinpinlub.com\/de\/wp-json\/wp\/v2\/product_tag?post=3021"}],"curies":[{"name":"wp","href":"https:\/\/api.w.org\/{rel}","templated":true}]}}