{"id":3064,"date":"2024-08-08T15:40:21","date_gmt":"2024-08-08T15:40:21","guid":{"rendered":"https:\/\/www.jinpinlub.com\/?post_type=product&#038;p=3064"},"modified":"2024-11-28T17:59:45","modified_gmt":"2024-11-28T09:59:45","slug":"ao-5-ol-luft-mischer-dosierverteiler-fur-schmiersystem","status":"publish","type":"product","link":"https:\/\/www.jinpinlub.com\/de\/product\/ao-5-oil-air-mixer-metering-distributor-for-lubrication-system\/","title":{"rendered":"AO-5 \u00d6l-Luft-Mischer-Dosierverteiler f\u00fcr Schmiersysteme"},"content":{"rendered":"<h2>Merkmale<\/h2>\n<p>AO ist ein quantitativer \u00d6l-Luft-Schmiermischer, der auf Basis fortschrittlicher \u00d6l-Luft-Mischertechnologie entwickelt wurde.<br \/>\nDas Abgabevolumen ist in vier Spezifikationen verf\u00fcgbar: 0,03, 0,06, 0,1 und 0,16 ml\/Zyklus.<br \/>\nJeder Auslass kann f\u00fcr verschiedene Entladungen und integrierte Montagen mit 1 bis 5 kombinierten Ausl\u00e4ssen ausgew\u00e4hlt werden.<br \/>\nDer \u00d6l-Luft-Schmiermengenmischer ist mit einer Luftstrom-Einstellschraube zum Einstellen des Luftstroms ausgestattet.<br \/>\nMikromengen\u00f6lung, hohe \u00d6lausnutzungsrate.<br \/>\nKompatible \u00d6lviskosit\u00e4t 10\u201390 cSt bei 40 \u00b0C.<\/p>\n<h2>Spezifikation<\/h2>\n<table>\n<tbody>\n<tr>\n<td>Funktionsprinzip<\/td>\n<td>Messger\u00e4te<\/td>\n<\/tr>\n<tr>\n<td>Anzahl der Verkaufsstellen<\/td>\n<td>1-5<\/td>\n<\/tr>\n<tr>\n<td>Dosiermenge<\/td>\n<td>0,03, 0,06, 0,10, 0,16 ml\/Zyklus<\/td>\n<\/tr>\n<tr>\n<td>Schmiermittel<\/td>\n<td>\u00d6l 10\u201390 cSt bei 40 \u00b0C<\/td>\n<\/tr>\n<tr>\n<td>Betriebstemperatur<\/td>\n<td>0 bis +40 \u00b0C<\/td>\n<\/tr>\n<tr>\n<td>\u00d6ldruck<\/td>\n<td>15-30bar<\/td>\n<\/tr>\n<tr>\n<td>Material<\/td>\n<td>Legierung<\/td>\n<\/tr>\n<tr>\n<td>Lufteinlass<\/td>\n<td>\u03a66 (PT1\/8)<\/td>\n<\/tr>\n<tr>\n<td>\u00d6leinlass<\/td>\n<td>\u03a66 (M10x1)<\/td>\n<\/tr>\n<tr>\n<td>\u00d6l-Luft-Auslass<\/td>\n<td>\u03a64 (M8x1)<\/td>\n<\/tr>\n<\/tbody>\n<\/table>\n<h2>Anwendung<\/h2>\n<p>Mechanische Ger\u00e4te: Wie CNC-Werkzeugmaschinen, Bearbeitungszentren, Schleifmaschinen usw. zur Schmierung von Teilen wie Lagern, F\u00fchrungsschienen und Zahnr\u00e4dern.<br \/>\nIn der Automobilbranche wird es zur Schmierung verschiedener mechanischer Ger\u00e4te an Automobil-Produktionslinien eingesetzt, um einen reibungslosen Ablauf der Produktionslinie zu gew\u00e4hrleisten.<br \/>\nIn der Stahlindustrie wird es in Walzwerken, Stranggussmaschinen und anderen Anlagen eingesetzt, um den Verschlei\u00df der Anlagen zu verringern und so die Produktionseffizienz zu steigern.<br \/>\nIn der Papierindustrie wird es auf allen Arten beweglicher Teile von Papierherstellungsmaschinen angewendet, um die Lebensdauer der Ger\u00e4te zu verl\u00e4ngern.<\/p>\n<h2>Benutzerhandb\u00fccher<\/h2>\n<div class=\"sdm_download_button_box_default\"><div class=\"sdm_download_link\"><a href=\"https:\/\/www.jinpinlub.com\/de\/?sdm_process_download=1&download_id=3069\" class=\"sdm_download white\" title=\"Privat: AO Oil-air Distributor\" target=\"&quot;_blank&quot;\">Datenblatt anzeigen - AO Distributor<\/a><\/div><\/div>","protected":false},"excerpt":{"rendered":"<p>Der AO-\u00d6l-Luft-Verteiler ist ein Dosierventil, das in \u00d6l-Luft-Schmiersystemen verwendet wird. Es hat die Funktion, \u00d6l und Luft zu mischen, um es gleichm\u00e4\u00dfig an verschiedene Schmierstellen zu verteilen. Gemischte \u00d6l-Luft-Ausg\u00e4nge stehen je nach Anwendungsanforderungen zur Auswahl.<\/p>","protected":false},"featured_media":3065,"template":"","meta":{"ocean_post_layout":"","ocean_both_sidebars_style":"","ocean_both_sidebars_content_width":0,"ocean_both_sidebars_sidebars_width":0,"ocean_sidebar":"0","ocean_second_sidebar":"0","ocean_disable_margins":"enable","ocean_add_body_class":"","ocean_shortcode_before_top_bar":"","ocean_shortcode_after_top_bar":"","ocean_shortcode_before_header":"","ocean_shortcode_after_header":"","ocean_has_shortcode":"","ocean_shortcode_after_title":"","ocean_shortcode_before_footer_widgets":"","ocean_shortcode_after_footer_widgets":"","ocean_shortcode_before_footer_bottom":"","ocean_shortcode_after_footer_bottom":"","ocean_display_top_bar":"default","ocean_display_header":"default","ocean_header_style":"","ocean_center_header_left_menu":"0","ocean_custom_header_template":"0","ocean_custom_logo":0,"ocean_custom_retina_logo":0,"ocean_custom_logo_max_width":0,"ocean_custom_logo_tablet_max_width":0,"ocean_custom_logo_mobile_max_width":0,"ocean_custom_logo_max_height":0,"ocean_custom_logo_tablet_max_height":0,"ocean_custom_logo_mobile_max_height":0,"ocean_header_custom_menu":"0","ocean_menu_typo_font_family":"0","ocean_menu_typo_font_subset":"","ocean_menu_typo_font_size":0,"ocean_menu_typo_font_size_tablet":0,"ocean_menu_typo_font_size_mobile":0,"ocean_menu_typo_font_size_unit":"px","ocean_menu_typo_font_weight":"","ocean_menu_typo_font_weight_tablet":"","ocean_menu_typo_font_weight_mobile":"","ocean_menu_typo_transform":"","ocean_menu_typo_transform_tablet":"","ocean_menu_typo_transform_mobile":"","ocean_menu_typo_line_height":0,"ocean_menu_typo_line_height_tablet":0,"ocean_menu_typo_line_height_mobile":0,"ocean_menu_typo_line_height_unit":"","ocean_menu_typo_spacing":0,"ocean_menu_typo_spacing_tablet":0,"ocean_menu_typo_spacing_mobile":0,"ocean_menu_typo_spacing_unit":"","ocean_menu_link_color":"","ocean_menu_link_color_hover":"","ocean_menu_link_color_active":"","ocean_menu_link_background":"","ocean_menu_link_hover_background":"","ocean_menu_link_active_background":"","ocean_menu_social_links_bg":"","ocean_menu_social_hover_links_bg":"","ocean_menu_social_links_color":"","ocean_menu_social_hover_links_color":"","ocean_disable_title":"default","ocean_disable_heading":"default","ocean_post_title":"","ocean_post_subheading":"","ocean_post_title_style":"","ocean_post_title_background_color":"","ocean_post_title_background":0,"ocean_post_title_bg_image_position":"","ocean_post_title_bg_image_attachment":"","ocean_post_title_bg_image_repeat":"","ocean_post_title_bg_image_size":"","ocean_post_title_height":0,"ocean_post_title_bg_overlay":0.5,"ocean_post_title_bg_overlay_color":"","ocean_disable_breadcrumbs":"default","ocean_breadcrumbs_color":"","ocean_breadcrumbs_separator_color":"","ocean_breadcrumbs_links_color":"","ocean_breadcrumbs_links_hover_color":"","ocean_display_footer_widgets":"default","ocean_display_footer_bottom":"default","ocean_custom_footer_template":"0","osh_disable_topbar_sticky":"default","osh_disable_header_sticky":"default","osh_sticky_header_style":"default","osh_sticky_header_effect":"","osh_custom_sticky_logo":0,"osh_custom_retina_sticky_logo":0,"osh_custom_sticky_logo_height":0,"osh_background_color":"","osh_links_color":"","osh_links_hover_color":"","osh_links_active_color":"","osh_links_bg_color":"","osh_links_hover_bg_color":"","osh_links_active_bg_color":"","osh_menu_social_links_color":"","osh_menu_social_hover_links_color":""},"product_brand":[],"product_cat":[45],"product_tag":[133,134,135],"class_list":{"0":"post-3064","1":"product","2":"type-product","3":"status-publish","4":"has-post-thumbnail","6":"product_cat-oil-air-lubrication-systems","7":"product_tag-oil-air-distributor","8":"product_tag-oil-air-lubrication-system","9":"product_tag-oil-air-metering-valve","11":"entry","12":"has-media","14":"first","15":"instock","16":"shipping-taxable","17":"product-type-external","18":"col","19":"span_1_of_3","20":"owp-content-center","21":"owp-thumbs-layout-horizontal","22":"owp-btn-very-big","23":"owp-tabs-layout-horizontal"},"_links":{"self":[{"href":"https:\/\/www.jinpinlub.com\/de\/wp-json\/wp\/v2\/product\/3064","targetHints":{"allow":["GET"]}}],"collection":[{"href":"https:\/\/www.jinpinlub.com\/de\/wp-json\/wp\/v2\/product"}],"about":[{"href":"https:\/\/www.jinpinlub.com\/de\/wp-json\/wp\/v2\/types\/product"}],"wp:featuredmedia":[{"embeddable":true,"href":"https:\/\/www.jinpinlub.com\/de\/wp-json\/wp\/v2\/media\/3065"}],"wp:attachment":[{"href":"https:\/\/www.jinpinlub.com\/de\/wp-json\/wp\/v2\/media?parent=3064"}],"wp:term":[{"taxonomy":"product_brand","embeddable":true,"href":"https:\/\/www.jinpinlub.com\/de\/wp-json\/wp\/v2\/product_brand?post=3064"},{"taxonomy":"product_cat","embeddable":true,"href":"https:\/\/www.jinpinlub.com\/de\/wp-json\/wp\/v2\/product_cat?post=3064"},{"taxonomy":"product_tag","embeddable":true,"href":"https:\/\/www.jinpinlub.com\/de\/wp-json\/wp\/v2\/product_tag?post=3064"}],"curies":[{"name":"wp","href":"https:\/\/api.w.org\/{rel}","templated":true}]}}