{"id":3071,"date":"2024-08-08T16:22:50","date_gmt":"2024-08-08T16:22:50","guid":{"rendered":"https:\/\/www.jinpinlub.com\/?post_type=product&#038;p=3071"},"modified":"2024-08-08T16:51:35","modified_gmt":"2024-08-08T16:51:35","slug":"muk-fettdosierventil-fur-einleitungsschmiersystem","status":"publish","type":"product","link":"https:\/\/www.jinpinlub.com\/de\/product\/muk-grease-metering-valve-for-single-line-lubrication-system\/","title":{"rendered":"MUK-Fettdosierventil f\u00fcr Einleitungsschmiersystem"},"content":{"rendered":"<h2>Merkmale<\/h2>\n<p>1. MU ist ein unter Druck stehendes Dosierventil mit direkter Druckwirkung.<br \/>\nDas von der Pumpe gef\u00f6rderte Druckschmiermittel dr\u00fcckt den Kolben im Dosierventil, um das Schmiermittel gewaltsam abzugeben. Wenn die Pumpe nicht mehr funktioniert, erholt sich der Kolben unter der Wirkung der Federkraft und das Schmiermittel wird gespeichert.<br \/>\n2. Die Entladung ist genau und ein Dosierzyklus wird nur einmal entladen. Ob der Verteiler weit, nah, hoch oder niedrig im Schmiersystem ist, horizontale oder vertikale Installation hat keinen Einfluss auf die Entladung des Dosierventils.<br \/>\n3. Zwangsentladung, sensible Wirkung, es gibt zwei Dichtungen, um einen R\u00fcckfluss der Entladung zu verhindern.<br \/>\n4. Das Dosierventil und der Anschlussblock sind unabh\u00e4ngig. Abh\u00e4ngig von der Schmiermenge der Schmierstellen kann das Dosierventil frei mit den MU- und MUJ-Anschlussbl\u00f6cken kombiniert und in Reihe oder parallel verwendet werden.<br \/>\n5. Die Auslassanschl\u00fcsse des Dosierventils sind \u03a64, es gibt zwei Typen.<br \/>\nEinschraubbare Ausf\u00fchrung: bestehend aus PA4 und PB4.<br \/>\nStecktyp: Stecken Sie das \u03a64-Rohr direkt ein.<br \/>\n6. Kompatibel mit NLGI 000 #, 00 #, 0 # Schmierstoffen<\/p>\n<h2>Spezifikation<\/h2>\n<table>\n<tbody>\n<tr>\n<td>Funktionsprinzip<\/td>\n<td>Messger\u00e4te<\/td>\n<\/tr>\n<tr>\n<td>Anzahl der Verkaufsstellen<\/td>\n<td>1-12<\/td>\n<\/tr>\n<tr>\n<td>Dosiermenge<\/td>\n<td>0,05, 0,10, 0,20, 0,30, 0,50 ml\/Zyklus<\/td>\n<\/tr>\n<tr>\n<td>Schmiermittel<\/td>\n<td>NLGI 000 #, 00 #, 0 #<\/td>\n<\/tr>\n<tr>\n<td>Betriebstemperatur<\/td>\n<td>0 bis +80 \u00b0C<\/td>\n<\/tr>\n<tr>\n<td>Betriebsdruck<\/td>\n<td>\u22651,5 MPa<\/td>\n<\/tr>\n<tr>\n<td>R\u00fcckstelldruck<\/td>\n<td>\u22640,5 MPa<\/td>\n<\/tr>\n<tr>\n<td>Anschlussarmaturen<\/td>\n<td>Einschraubbare Ausf\u00fchrung, Einsteckbare Ausf\u00fchrung<\/td>\n<\/tr>\n<tr>\n<td>Material<\/td>\n<td>Aluminiumlegierung + Kupfer<\/td>\n<\/tr>\n<tr>\n<td>Einbaulage<\/td>\n<td>Beliebig<\/td>\n<\/tr>\n<\/tbody>\n<\/table>\n<h2>Anwendung<\/h2>\n<p>Schmiersystem: Wird insbesondere in Werkzeugmaschinensystemen verwendet, um den Fluss von Schmier\u00f6l oder Schmierfett genau zu steuern.<br \/>\nNicht standardm\u00e4\u00dfige Automatisierungsindustrie: Es kann f\u00fcr verschiedene nicht standardm\u00e4\u00dfige Automatisierungsmaschinen verwendet werden, die eine pr\u00e4zise \u00d6lschmierung erfordern.<br \/>\nChemische und pharmazeutische Industrie: Es wird zum genauen Messen und Abgeben von Chemikalien und Medikamenten verwendet.<br \/>\nLabore und Forschungseinrichtungen: Es wird in F\u00e4llen verwendet, in denen bei Experimenten eine pr\u00e4zise Kontrolle des Fl\u00fcssigkeitsflusses erforderlich ist.<\/p>\n<h2>Benutzerhandb\u00fccher<\/h2>\n<div class=\"sdm_download_button_box_default\"><div class=\"sdm_download_link\"><a href=\"https:\/\/www.jinpinlub.com\/de\/?sdm_process_download=1&download_id=3070\" class=\"sdm_download white\" title=\"Privat: MUK Pressure-relief Distributor\" target=\"&quot;_blank&quot;\">Datenblatt anzeigen - MUK-Distributor<\/a><\/div><\/div>","protected":false},"excerpt":{"rendered":"<p>MUK-Dosierger\u00e4te werden haupts\u00e4chlich zur Druckentlastung von Einleitungsfettschmiersystemen eingesetzt. Sie werden haupts\u00e4chlich f\u00fcr mechanische Ger\u00e4te mit pr\u00e4zisen Schmieranforderungen verwendet. Der Vorteil besteht darin, dass die Durchflussmenge an jeder Schmierstelle nach Bedarf angepasst werden kann.<\/p>","protected":false},"featured_media":3073,"template":"","meta":{"ocean_post_layout":"","ocean_both_sidebars_style":"","ocean_both_sidebars_content_width":0,"ocean_both_sidebars_sidebars_width":0,"ocean_sidebar":"0","ocean_second_sidebar":"0","ocean_disable_margins":"enable","ocean_add_body_class":"","ocean_shortcode_before_top_bar":"","ocean_shortcode_after_top_bar":"","ocean_shortcode_before_header":"","ocean_shortcode_after_header":"","ocean_has_shortcode":"","ocean_shortcode_after_title":"","ocean_shortcode_before_footer_widgets":"","ocean_shortcode_after_footer_widgets":"","ocean_shortcode_before_footer_bottom":"","ocean_shortcode_after_footer_bottom":"","ocean_display_top_bar":"default","ocean_display_header":"default","ocean_header_style":"","ocean_center_header_left_menu":"0","ocean_custom_header_template":"0","ocean_custom_logo":0,"ocean_custom_retina_logo":0,"ocean_custom_logo_max_width":0,"ocean_custom_logo_tablet_max_width":0,"ocean_custom_logo_mobile_max_width":0,"ocean_custom_logo_max_height":0,"ocean_custom_logo_tablet_max_height":0,"ocean_custom_logo_mobile_max_height":0,"ocean_header_custom_menu":"0","ocean_menu_typo_font_family":"0","ocean_menu_typo_font_subset":"","ocean_menu_typo_font_size":0,"ocean_menu_typo_font_size_tablet":0,"ocean_menu_typo_font_size_mobile":0,"ocean_menu_typo_font_size_unit":"px","ocean_menu_typo_font_weight":"","ocean_menu_typo_font_weight_tablet":"","ocean_menu_typo_font_weight_mobile":"","ocean_menu_typo_transform":"","ocean_menu_typo_transform_tablet":"","ocean_menu_typo_transform_mobile":"","ocean_menu_typo_line_height":0,"ocean_menu_typo_line_height_tablet":0,"ocean_menu_typo_line_height_mobile":0,"ocean_menu_typo_line_height_unit":"","ocean_menu_typo_spacing":0,"ocean_menu_typo_spacing_tablet":0,"ocean_menu_typo_spacing_mobile":0,"ocean_menu_typo_spacing_unit":"","ocean_menu_link_color":"","ocean_menu_link_color_hover":"","ocean_menu_link_color_active":"","ocean_menu_link_background":"","ocean_menu_link_hover_background":"","ocean_menu_link_active_background":"","ocean_menu_social_links_bg":"","ocean_menu_social_hover_links_bg":"","ocean_menu_social_links_color":"","ocean_menu_social_hover_links_color":"","ocean_disable_title":"default","ocean_disable_heading":"default","ocean_post_title":"","ocean_post_subheading":"","ocean_post_title_style":"","ocean_post_title_background_color":"","ocean_post_title_background":0,"ocean_post_title_bg_image_position":"","ocean_post_title_bg_image_attachment":"","ocean_post_title_bg_image_repeat":"","ocean_post_title_bg_image_size":"","ocean_post_title_height":0,"ocean_post_title_bg_overlay":0.5,"ocean_post_title_bg_overlay_color":"","ocean_disable_breadcrumbs":"default","ocean_breadcrumbs_color":"","ocean_breadcrumbs_separator_color":"","ocean_breadcrumbs_links_color":"","ocean_breadcrumbs_links_hover_color":"","ocean_display_footer_widgets":"default","ocean_display_footer_bottom":"default","ocean_custom_footer_template":"0","osh_disable_topbar_sticky":"default","osh_disable_header_sticky":"default","osh_sticky_header_style":"default","osh_sticky_header_effect":"","osh_custom_sticky_logo":0,"osh_custom_retina_sticky_logo":0,"osh_custom_sticky_logo_height":0,"osh_background_color":"","osh_links_color":"","osh_links_hover_color":"","osh_links_active_color":"","osh_links_bg_color":"","osh_links_hover_bg_color":"","osh_links_active_bg_color":"","osh_menu_social_links_color":"","osh_menu_social_hover_links_color":""},"product_brand":[],"product_cat":[40,37],"product_tag":[87,83,136],"class_list":{"0":"post-3071","1":"product","2":"type-product","3":"status-publish","4":"has-post-thumbnail","6":"product_cat-pressure-relief-metering-valves","7":"product_cat-single-line-grease-systems","8":"product_tag-grease-distributor","9":"product_tag-pressure-relief-distributor","10":"product_tag-single-line-system-distributor","12":"entry","13":"has-media","15":"first","16":"instock","17":"shipping-taxable","18":"product-type-external","19":"col","20":"span_1_of_3","21":"owp-content-center","22":"owp-thumbs-layout-horizontal","23":"owp-btn-very-big","24":"owp-tabs-layout-horizontal"},"_links":{"self":[{"href":"https:\/\/www.jinpinlub.com\/de\/wp-json\/wp\/v2\/product\/3071","targetHints":{"allow":["GET"]}}],"collection":[{"href":"https:\/\/www.jinpinlub.com\/de\/wp-json\/wp\/v2\/product"}],"about":[{"href":"https:\/\/www.jinpinlub.com\/de\/wp-json\/wp\/v2\/types\/product"}],"wp:featuredmedia":[{"embeddable":true,"href":"https:\/\/www.jinpinlub.com\/de\/wp-json\/wp\/v2\/media\/3073"}],"wp:attachment":[{"href":"https:\/\/www.jinpinlub.com\/de\/wp-json\/wp\/v2\/media?parent=3071"}],"wp:term":[{"taxonomy":"product_brand","embeddable":true,"href":"https:\/\/www.jinpinlub.com\/de\/wp-json\/wp\/v2\/product_brand?post=3071"},{"taxonomy":"product_cat","embeddable":true,"href":"https:\/\/www.jinpinlub.com\/de\/wp-json\/wp\/v2\/product_cat?post=3071"},{"taxonomy":"product_tag","embeddable":true,"href":"https:\/\/www.jinpinlub.com\/de\/wp-json\/wp\/v2\/product_tag?post=3071"}],"curies":[{"name":"wp","href":"https:\/\/api.w.org\/{rel}","templated":true}]}}