{"id":3184,"date":"2024-08-11T14:31:27","date_gmt":"2024-08-11T14:31:27","guid":{"rendered":"https:\/\/www.jinpinlub.com\/?post_type=product&#038;p=3184"},"modified":"2024-08-14T19:35:42","modified_gmt":"2024-08-14T19:35:42","slug":"einschraubverschraubungen-mit-ruckschlagventil-fur-ssv-ssvd-verteiler","status":"publish","type":"product","link":"https:\/\/www.jinpinlub.com\/de\/product\/screw-in-fittings-with-check-valve-for-ssv-ssvd-distributors\/","title":{"rendered":"Einschraubverschraubungen mit R\u00fcckschlagventil f\u00fcr SSV SSVD Verteiler"},"content":{"rendered":"<h2>Merkmale<\/h2>\n<p>1. Schnelle und praktische Installation: Der APV-Steckanschluss f\u00fcr R\u00fcckschlagventile wurde entwickelt, um die Installations- und Demontageprozesse sehr schnell zu gestalten und so die Arbeitseffizienz erheblich zu verbessern.<br \/>\n2. Zuverl\u00e4ssige Abdichtung: Der SSV-Schnellsteck-R\u00fcckschlagventilanschluss sperrt ein Medium effizient ab und verhindert dessen Austreten. Die Kernkomponenten bestehen aus pr\u00e4zisionsgefertigten Dichtungsringen und Sicherungsringen.<br \/>\n3. R\u00fcckfluss der Fl\u00fcssigkeit verhindern: Das Design des APV-R\u00fcckschlagventils stellt sicher, dass die Fl\u00fcssigkeit beim Abklemmen nicht zur\u00fcckflie\u00dft, was f\u00fcr die Aufrechterhaltung des Drucks im Schmiersystem und die Vermeidung von Verunreinigungen von entscheidender Bedeutung ist.<\/p>\n<h2>Spezifikation<\/h2>\n<table>\n<tbody>\n<tr>\n<td>Modell<\/td>\n<td>Rohr<\/td>\n<td>M-Gewinde<\/td>\n<td>Faden<\/td>\n<td>L\u00e4nge<\/td>\n<\/tr>\n<tr>\n<td>APV4<\/td>\n<td>\u03a64<\/td>\n<td>M10x1<\/td>\n<td>10 mm<\/td>\n<td>30 mm<\/td>\n<\/tr>\n<tr>\n<td>APV6<\/td>\n<td>\u03a66<\/td>\n<td>M10x1<\/td>\n<td>10 mm<\/td>\n<td>30 mm<\/td>\n<\/tr>\n<tr>\n<td>APV8<\/td>\n<td>\u03a68<\/td>\n<td>M10x1<\/td>\n<td>10 mm<\/td>\n<td>30 mm<\/td>\n<\/tr>\n<tr>\n<td>APV10<\/td>\n<td>\u03a610<\/td>\n<td>M10x1<\/td>\n<td>10 mm<\/td>\n<td>30 mm<\/td>\n<\/tr>\n<\/tbody>\n<\/table>\n<h2>Anwendung<\/h2>\n<p>Der APV-Schnellsteckverbinder f\u00fcr R\u00fcckschlagventile wird haupts\u00e4chlich bei Progressivverteilern SSV, SSV-E und SSVD verwendet. Er wird in vielen Bereichen eingesetzt, beispielsweise in der Industrie, der Automobilindustrie, der Luft- und Raumfahrtindustrie und der Medizintechnik.<\/p>\n<h2>Benutzerhandb\u00fccher<\/h2>\n<div class=\"sdm_download_button_box_default\"><div class=\"sdm_download_link\"><a href=\"https:\/\/www.jinpinlub.com\/de\/?sdm_process_download=1&download_id=3173\" class=\"sdm_download white\" title=\"Privat: PG\/FCB\/PDSV\/APV\" target=\"&quot;_blank&quot;\">Datenblatt anzeigen - PG\/FCB\/PDSV\/APV<\/a><\/div><\/div>","protected":false},"excerpt":{"rendered":"<p>Der SSV-Schnellsteck-R\u00fcckschlagventilanschluss ist ein Schnellverbinder, der Rohre ohne Werkzeug verbinden oder trennen kann und zur Verhinderung des R\u00fcckflusses von Fl\u00fcssigkeiten geeignet ist.<\/p>","protected":false},"featured_media":3099,"template":"","meta":{"ocean_post_layout":"","ocean_both_sidebars_style":"","ocean_both_sidebars_content_width":0,"ocean_both_sidebars_sidebars_width":0,"ocean_sidebar":"0","ocean_second_sidebar":"0","ocean_disable_margins":"enable","ocean_add_body_class":"","ocean_shortcode_before_top_bar":"","ocean_shortcode_after_top_bar":"","ocean_shortcode_before_header":"","ocean_shortcode_after_header":"","ocean_has_shortcode":"","ocean_shortcode_after_title":"","ocean_shortcode_before_footer_widgets":"","ocean_shortcode_after_footer_widgets":"","ocean_shortcode_before_footer_bottom":"","ocean_shortcode_after_footer_bottom":"","ocean_display_top_bar":"default","ocean_display_header":"default","ocean_header_style":"","ocean_center_header_left_menu":"0","ocean_custom_header_template":"0","ocean_custom_logo":0,"ocean_custom_retina_logo":0,"ocean_custom_logo_max_width":0,"ocean_custom_logo_tablet_max_width":0,"ocean_custom_logo_mobile_max_width":0,"ocean_custom_logo_max_height":0,"ocean_custom_logo_tablet_max_height":0,"ocean_custom_logo_mobile_max_height":0,"ocean_header_custom_menu":"0","ocean_menu_typo_font_family":"0","ocean_menu_typo_font_subset":"","ocean_menu_typo_font_size":0,"ocean_menu_typo_font_size_tablet":0,"ocean_menu_typo_font_size_mobile":0,"ocean_menu_typo_font_size_unit":"px","ocean_menu_typo_font_weight":"","ocean_menu_typo_font_weight_tablet":"","ocean_menu_typo_font_weight_mobile":"","ocean_menu_typo_transform":"","ocean_menu_typo_transform_tablet":"","ocean_menu_typo_transform_mobile":"","ocean_menu_typo_line_height":0,"ocean_menu_typo_line_height_tablet":0,"ocean_menu_typo_line_height_mobile":0,"ocean_menu_typo_line_height_unit":"","ocean_menu_typo_spacing":0,"ocean_menu_typo_spacing_tablet":0,"ocean_menu_typo_spacing_mobile":0,"ocean_menu_typo_spacing_unit":"","ocean_menu_link_color":"","ocean_menu_link_color_hover":"","ocean_menu_link_color_active":"","ocean_menu_link_background":"","ocean_menu_link_hover_background":"","ocean_menu_link_active_background":"","ocean_menu_social_links_bg":"","ocean_menu_social_hover_links_bg":"","ocean_menu_social_links_color":"","ocean_menu_social_hover_links_color":"","ocean_disable_title":"default","ocean_disable_heading":"default","ocean_post_title":"","ocean_post_subheading":"","ocean_post_title_style":"","ocean_post_title_background_color":"","ocean_post_title_background":0,"ocean_post_title_bg_image_position":"","ocean_post_title_bg_image_attachment":"","ocean_post_title_bg_image_repeat":"","ocean_post_title_bg_image_size":"","ocean_post_title_height":0,"ocean_post_title_bg_overlay":0.5,"ocean_post_title_bg_overlay_color":"","ocean_disable_breadcrumbs":"default","ocean_breadcrumbs_color":"","ocean_breadcrumbs_separator_color":"","ocean_breadcrumbs_links_color":"","ocean_breadcrumbs_links_hover_color":"","ocean_display_footer_widgets":"default","ocean_display_footer_bottom":"default","ocean_custom_footer_template":"0","osh_disable_topbar_sticky":"default","osh_disable_header_sticky":"default","osh_sticky_header_style":"default","osh_sticky_header_effect":"","osh_custom_sticky_logo":0,"osh_custom_retina_sticky_logo":0,"osh_custom_sticky_logo_height":0,"osh_background_color":"","osh_links_color":"","osh_links_hover_color":"","osh_links_active_color":"","osh_links_bg_color":"","osh_links_hover_bg_color":"","osh_links_active_bg_color":"","osh_menu_social_links_color":"","osh_menu_social_hover_links_color":""},"product_brand":[],"product_cat":[31],"product_tag":[148,149,147],"class_list":{"0":"post-3184","1":"product","2":"type-product","3":"status-publish","4":"has-post-thumbnail","6":"product_cat-lube-system-accessories","7":"product_tag-distributor-check-valve","8":"product_tag-ssv-distributor","9":"product_tag-ssv-pipe-fittings","11":"entry","12":"has-media","14":"first","15":"instock","16":"shipping-taxable","17":"product-type-external","18":"col","19":"span_1_of_3","20":"owp-content-center","21":"owp-thumbs-layout-horizontal","22":"owp-btn-very-big","23":"owp-tabs-layout-horizontal"},"_links":{"self":[{"href":"https:\/\/www.jinpinlub.com\/de\/wp-json\/wp\/v2\/product\/3184","targetHints":{"allow":["GET"]}}],"collection":[{"href":"https:\/\/www.jinpinlub.com\/de\/wp-json\/wp\/v2\/product"}],"about":[{"href":"https:\/\/www.jinpinlub.com\/de\/wp-json\/wp\/v2\/types\/product"}],"wp:featuredmedia":[{"embeddable":true,"href":"https:\/\/www.jinpinlub.com\/de\/wp-json\/wp\/v2\/media\/3099"}],"wp:attachment":[{"href":"https:\/\/www.jinpinlub.com\/de\/wp-json\/wp\/v2\/media?parent=3184"}],"wp:term":[{"taxonomy":"product_brand","embeddable":true,"href":"https:\/\/www.jinpinlub.com\/de\/wp-json\/wp\/v2\/product_brand?post=3184"},{"taxonomy":"product_cat","embeddable":true,"href":"https:\/\/www.jinpinlub.com\/de\/wp-json\/wp\/v2\/product_cat?post=3184"},{"taxonomy":"product_tag","embeddable":true,"href":"https:\/\/www.jinpinlub.com\/de\/wp-json\/wp\/v2\/product_tag?post=3184"}],"curies":[{"name":"wp","href":"https:\/\/api.w.org\/{rel}","templated":true}]}}