{"id":3186,"date":"2024-08-11T14:59:03","date_gmt":"2024-08-11T14:59:03","guid":{"rendered":"https:\/\/www.jinpinlub.com\/?post_type=product&#038;p=3186"},"modified":"2024-08-11T15:12:36","modified_gmt":"2024-08-11T15:12:36","slug":"lt5-hulsenverteilerinjektor-fur-volumetrische-olpumpe","status":"publish","type":"product","link":"https:\/\/www.jinpinlub.com\/de\/product\/lt5-sleeve-type-distributor-injector-for-volumetric-oil-pump\/","title":{"rendered":"LT5-H\u00fclsenverteilerinjektor f\u00fcr volumetrische \u00d6lpumpe"},"content":{"rendered":"<h2>Merkmale<\/h2>\n<p>1. LT hat einen pr\u00e4zisen Durchfluss, d. h. jeder Schmierpunkt kann die erforderliche Schmier\u00f6lmenge ausw\u00e4hlen.<br \/>\n2. Es muss mit einer volumetrischen Pumpe verwendet werden, um bei jedem Motorintervall zu entladen.<br \/>\n3. Jeder \u00d6lauslass von LT verf\u00fcgt \u00fcber eine Anzeigestange, mit der die Aktion visuell \u00fcberpr\u00fcft werden kann. Ein N\u00e4herungsschalter oder Mikroschalter ist optional.<br \/>\n4. Die Standardspezifikation des N\u00e4herungsschalters ist ein normalerweise geschlossener NC-Kontakt, der ein Signal erzeugt, wenn keine Bewegung der Anzeigestange erkannt wird. Es kann auch ein normalerweise offener NO-Kontakt ausgew\u00e4hlt werden.<br \/>\n5. Der Mikroschalter kann nur am \u00d6lauslass mit einem Auslassvolumen von 0,5 ccm installiert werden und kann auf einen NO-\u00d6ffnerkontakt eingestellt werden, der ein Signal erzeugt, wenn der Motor in Bewegung ist, oder auf einen NC-\u00d6ffnerkontakt, der ein Signal erzeugt, wenn der Motor intermittierend ist.<br \/>\n6. LT bietet zwei Arten von Rohrverbindungsst\u00fccken zur Auswahl: Standardmontagerohr und Schnellsteckrohr.<\/p>\n<h2>Spezifikation<\/h2>\n<table>\n<tbody>\n<tr>\n<td>Funktionsprinzip<\/td>\n<td>Verdr\u00e4ngungsinjektor<\/td>\n<\/tr>\n<tr>\n<td>Verkaufsstellen<\/td>\n<td>2, 3, 4, 5, 6, 7<\/td>\n<\/tr>\n<tr>\n<td>Dosiermenge\u00d6l<\/td>\n<td>0,1, 0,2, 0,3, 0,4, 0,5, 0,06 ml\/Zyklus<\/td>\n<\/tr>\n<tr>\n<td>Schmiermittel<\/td>\n<td>32\u201390 mm\u00b2\/s bei 40 \u00b0C<\/td>\n<\/tr>\n<tr>\n<td>Betriebstemperatur<\/td>\n<td>0 bis +80 \u00b0C<\/td>\n<\/tr>\n<tr>\n<td>Betriebsdruck<\/td>\n<td>8~30bar<\/td>\n<\/tr>\n<tr>\n<td>Material<\/td>\n<td>Zinkdruckguss, Messing<\/td>\n<\/tr>\n<tr>\n<td>Anschluss Ausgang<\/td>\n<td>Einlass \u03a66 (M10x1), Auslass \u03a64 (M8x1)<\/td>\n<\/tr>\n<tr>\n<td>Auslaufarmaturen<\/td>\n<td>H\u00fclsentyp, Schnelltyp<\/td>\n<\/tr>\n<tr>\n<td>Einbaulage<\/td>\n<td>Beliebig<\/td>\n<\/tr>\n<\/tbody>\n<\/table>\n<h2>Prinzip<\/h2>\n<p>Das Funktionsprinzip des LT-Druckentlastungs-D\u00fcnn\u00f6lverteilers h\u00e4ngt haupts\u00e4chlich vom Betrieb und dem Druckentlastungsmechanismus des \u00d6linjektors ab. Wenn die Schmierpumpe arbeitet, liefert sie Schmier\u00f6l an den Verteiler. Wenn der Verteiler mit Schmier\u00f6l gef\u00fcllt ist, stoppt die \u00d6lmaschine den Betrieb und gibt den Druck ab. An diesem Punkt dr\u00fcckt die Feder im LT-Verteiler den Kolben und liefert eine vorgegebene Menge Schmier\u00f6l an jeden Schmierpunkt.<\/p>\n<h2>Benutzerhandb\u00fccher<\/h2>\n<div class=\"sdm_download_button_box_default\"><div class=\"sdm_download_link\"><a href=\"https:\/\/www.jinpinlub.com\/de\/?sdm_process_download=1&download_id=2475\" class=\"sdm_download white\" title=\"Privat: LT Pressure-relief Distributor\" target=\"&quot;_blank&quot;\">Datenblatt anzeigen - LT Distributor<\/a><\/div><\/div>","protected":false},"excerpt":{"rendered":"<p>Der D\u00fcnn\u00f6lverteiler mit Druckentlastung ist ein Ger\u00e4t, das in Schmiersystemen zur pr\u00e4zisen Verteilung von Schmier\u00f6l verwendet wird. Er erreicht eine quantitative \u00d6lversorgung durch den Betrieb und die Druckentlastung des \u00d6linjektors, und wenn die Pumpe den Druck abl\u00e4sst, gibt LT \u00d6l ab.<\/p>","protected":false},"featured_media":3103,"template":"","meta":{"ocean_post_layout":"","ocean_both_sidebars_style":"","ocean_both_sidebars_content_width":0,"ocean_both_sidebars_sidebars_width":0,"ocean_sidebar":"0","ocean_second_sidebar":"0","ocean_disable_margins":"enable","ocean_add_body_class":"","ocean_shortcode_before_top_bar":"","ocean_shortcode_after_top_bar":"","ocean_shortcode_before_header":"","ocean_shortcode_after_header":"","ocean_has_shortcode":"","ocean_shortcode_after_title":"","ocean_shortcode_before_footer_widgets":"","ocean_shortcode_after_footer_widgets":"","ocean_shortcode_before_footer_bottom":"","ocean_shortcode_after_footer_bottom":"","ocean_display_top_bar":"default","ocean_display_header":"default","ocean_header_style":"","ocean_center_header_left_menu":"0","ocean_custom_header_template":"0","ocean_custom_logo":0,"ocean_custom_retina_logo":0,"ocean_custom_logo_max_width":0,"ocean_custom_logo_tablet_max_width":0,"ocean_custom_logo_mobile_max_width":0,"ocean_custom_logo_max_height":0,"ocean_custom_logo_tablet_max_height":0,"ocean_custom_logo_mobile_max_height":0,"ocean_header_custom_menu":"0","ocean_menu_typo_font_family":"0","ocean_menu_typo_font_subset":"","ocean_menu_typo_font_size":0,"ocean_menu_typo_font_size_tablet":0,"ocean_menu_typo_font_size_mobile":0,"ocean_menu_typo_font_size_unit":"px","ocean_menu_typo_font_weight":"","ocean_menu_typo_font_weight_tablet":"","ocean_menu_typo_font_weight_mobile":"","ocean_menu_typo_transform":"","ocean_menu_typo_transform_tablet":"","ocean_menu_typo_transform_mobile":"","ocean_menu_typo_line_height":0,"ocean_menu_typo_line_height_tablet":0,"ocean_menu_typo_line_height_mobile":0,"ocean_menu_typo_line_height_unit":"","ocean_menu_typo_spacing":0,"ocean_menu_typo_spacing_tablet":0,"ocean_menu_typo_spacing_mobile":0,"ocean_menu_typo_spacing_unit":"","ocean_menu_link_color":"","ocean_menu_link_color_hover":"","ocean_menu_link_color_active":"","ocean_menu_link_background":"","ocean_menu_link_hover_background":"","ocean_menu_link_active_background":"","ocean_menu_social_links_bg":"","ocean_menu_social_hover_links_bg":"","ocean_menu_social_links_color":"","ocean_menu_social_hover_links_color":"","ocean_disable_title":"default","ocean_disable_heading":"default","ocean_post_title":"","ocean_post_subheading":"","ocean_post_title_style":"","ocean_post_title_background_color":"","ocean_post_title_background":0,"ocean_post_title_bg_image_position":"","ocean_post_title_bg_image_attachment":"","ocean_post_title_bg_image_repeat":"","ocean_post_title_bg_image_size":"","ocean_post_title_height":0,"ocean_post_title_bg_overlay":0.5,"ocean_post_title_bg_overlay_color":"","ocean_disable_breadcrumbs":"default","ocean_breadcrumbs_color":"","ocean_breadcrumbs_separator_color":"","ocean_breadcrumbs_links_color":"","ocean_breadcrumbs_links_hover_color":"","ocean_display_footer_widgets":"default","ocean_display_footer_bottom":"default","ocean_custom_footer_template":"0","osh_disable_topbar_sticky":"default","osh_disable_header_sticky":"default","osh_sticky_header_style":"default","osh_sticky_header_effect":"","osh_custom_sticky_logo":0,"osh_custom_retina_sticky_logo":0,"osh_custom_sticky_logo_height":0,"osh_background_color":"","osh_links_color":"","osh_links_hover_color":"","osh_links_active_color":"","osh_links_bg_color":"","osh_links_hover_bg_color":"","osh_links_active_bg_color":"","osh_menu_social_links_color":"","osh_menu_social_hover_links_color":""},"product_brand":[],"product_cat":[49,47],"product_tag":[150,82,83],"class_list":{"0":"post-3186","1":"product","2":"type-product","3":"status-publish","4":"has-post-thumbnail","6":"product_cat-volumetric-oil-injectors","7":"product_cat-volumetric-thin-oil-systems","8":"product_tag-oil-lubrication-distributor","9":"product_tag-positive-displacement-injector","10":"product_tag-pressure-relief-distributor","12":"entry","13":"has-media","15":"first","16":"instock","17":"shipping-taxable","18":"product-type-external","19":"col","20":"span_1_of_3","21":"owp-content-center","22":"owp-thumbs-layout-horizontal","23":"owp-btn-very-big","24":"owp-tabs-layout-horizontal"},"_links":{"self":[{"href":"https:\/\/www.jinpinlub.com\/de\/wp-json\/wp\/v2\/product\/3186","targetHints":{"allow":["GET"]}}],"collection":[{"href":"https:\/\/www.jinpinlub.com\/de\/wp-json\/wp\/v2\/product"}],"about":[{"href":"https:\/\/www.jinpinlub.com\/de\/wp-json\/wp\/v2\/types\/product"}],"wp:featuredmedia":[{"embeddable":true,"href":"https:\/\/www.jinpinlub.com\/de\/wp-json\/wp\/v2\/media\/3103"}],"wp:attachment":[{"href":"https:\/\/www.jinpinlub.com\/de\/wp-json\/wp\/v2\/media?parent=3186"}],"wp:term":[{"taxonomy":"product_brand","embeddable":true,"href":"https:\/\/www.jinpinlub.com\/de\/wp-json\/wp\/v2\/product_brand?post=3186"},{"taxonomy":"product_cat","embeddable":true,"href":"https:\/\/www.jinpinlub.com\/de\/wp-json\/wp\/v2\/product_cat?post=3186"},{"taxonomy":"product_tag","embeddable":true,"href":"https:\/\/www.jinpinlub.com\/de\/wp-json\/wp\/v2\/product_tag?post=3186"}],"curies":[{"name":"wp","href":"https:\/\/api.w.org\/{rel}","templated":true}]}}