{"id":3188,"date":"2024-08-11T17:22:28","date_gmt":"2024-08-11T17:22:28","guid":{"rendered":"https:\/\/www.jinpinlub.com\/?post_type=product&#038;p=3188"},"modified":"2024-08-14T19:38:05","modified_gmt":"2024-08-14T19:38:05","slug":"m35-doppeleinheit-schwarzes-stahldruckmessgerat-fur-schmierpumpe","status":"publish","type":"product","link":"https:\/\/www.jinpinlub.com\/de\/produkt\/m35-doppeleinheit-schwarzes-stahldruckmessgerat-fur-schmierpumpe\/","title":{"rendered":"M35 Doppeleinheit Schwarzstahl-Druckmessger\u00e4t f\u00fcr Schmierpumpe"},"content":{"rendered":"<h2>Merkmale<\/h2>\n<p>1. Zuverl\u00e4ssiges Messger\u00e4t mit kleinem Durchmesser und niedrigem Profil.<br \/>\n2. Das Abdeckungsmaterial des Druckmessers besteht aus transparentem Acryl in Knopfform.<br \/>\n3. Das Material des Manometerrohrs besteht aus hochwertigem Kupfer.<br \/>\n4. Das Metallgeh\u00e4use des M35-Manometers ist robust und langlebig.<br \/>\n5. Das Geh\u00e4use des Druckmessger\u00e4ts besteht aus galvanisiertem Eisen, was sich positiv auf die Korrosionsbest\u00e4ndigkeit auswirkt.<br \/>\n6. Die M35-Kopfskala verf\u00fcgt \u00fcber metrische und imperiale Einheiten.<\/p>\n<h2>Spezifikation<\/h2>\n<table>\n<tbody>\n<tr>\n<td>Modell<\/td>\n<td>Bar<\/td>\n<td>Breite<\/td>\n<td>L\u00e4nge<\/td>\n<td>Typ<\/td>\n<\/tr>\n<tr>\n<td>M-15<\/td>\n<td>15<\/td>\n<td>40 mm<\/td>\n<td>38 mm<\/td>\n<td>Trocken<\/td>\n<\/tr>\n<tr>\n<td>M-40<\/td>\n<td>40<\/td>\n<td>40 mm<\/td>\n<td>38 mm<\/td>\n<td>Trocken<\/td>\n<\/tr>\n<tr>\n<td>MB-40<\/td>\n<td>40<\/td>\n<td>47 mm<\/td>\n<td>60 mm<\/td>\n<td>\u00d6l<\/td>\n<\/tr>\n<tr>\n<td>MB-60<\/td>\n<td>60<\/td>\n<td>47 mm<\/td>\n<td>60 mm<\/td>\n<td>\u00d6l<\/td>\n<\/tr>\n<tr>\n<td>MB-100<\/td>\n<td>100<\/td>\n<td>47 mm<\/td>\n<td>60 mm<\/td>\n<td>\u00d6l<\/td>\n<\/tr>\n<tr>\n<td>MB-250<\/td>\n<td>250<\/td>\n<td>58 mm<\/td>\n<td>75 mm<\/td>\n<td>\u00d6l<\/td>\n<\/tr>\n<tr>\n<td>MB-400<\/td>\n<td>400<\/td>\n<td>58 mm<\/td>\n<td>75 mm<\/td>\n<td>\u00d6l<\/td>\n<\/tr>\n<tr>\n<td>MB-600<\/td>\n<td>600<\/td>\n<td>58 mm<\/td>\n<td>75 mm<\/td>\n<td>\u00d6l<\/td>\n<\/tr>\n<tr>\n<td>MB-700<\/td>\n<td>700<\/td>\n<td>58 mm<\/td>\n<td>75 mm<\/td>\n<td>\u00d6l<\/td>\n<\/tr>\n<\/tbody>\n<\/table>\n<h2>Prinzip<\/h2>\n<p>Das Funktionsprinzip des M35-Druckmessger\u00e4ts besteht darin, elastische empfindliche Elemente (z. B. Federrohre) zu verwenden, um unter Druck eine elastische Verformung zu erzeugen, und die Gr\u00f6\u00dfe der Verformung steht in linearem Verh\u00e4ltnis zum angelegten Druck. Der gemessene Druck wird durch den \u00dcbertragungsmechanismus verst\u00e4rkt und der Zeiger zeigt den gemessenen Druck auf dem Zifferblatt an.<\/p>\n<h2>Benutzerhandb\u00fccher<\/h2>\n<div class=\"sdm_download_button_box_default\"><div class=\"sdm_download_link\"><a href=\"https:\/\/www.jinpinlub.com\/de\/?sdm_process_download=1&download_id=3175\" class=\"sdm_download white\" title=\"Privat: PS\/F\/MF\/MFB\/M\/MB\" target=\"&quot;_blank&quot;\">Datenblatt anzeigen - PS\/F\/MF\/MFB\/M\/MB<\/a><\/div><\/div>","protected":false},"excerpt":{"rendered":"<p>Das Druckmessger\u00e4t M35 wird f\u00fcr allgemeine Druckmessungen in zahlreichen Branchen, einschlie\u00dflich der wissenschaftlichen Forschung, verwendet. Dieses Druckmessger\u00e4t eignet sich ideal f\u00fcr Schmierpumpensysteme, um den Druck von Fl\u00fcssigkeiten in einem kleinen Bereich zu messen.<\/p>","protected":false},"featured_media":3108,"template":"","meta":{"ocean_post_layout":"","ocean_both_sidebars_style":"","ocean_both_sidebars_content_width":0,"ocean_both_sidebars_sidebars_width":0,"ocean_sidebar":"0","ocean_second_sidebar":"0","ocean_disable_margins":"enable","ocean_add_body_class":"","ocean_shortcode_before_top_bar":"","ocean_shortcode_after_top_bar":"","ocean_shortcode_before_header":"","ocean_shortcode_after_header":"","ocean_has_shortcode":"","ocean_shortcode_after_title":"","ocean_shortcode_before_footer_widgets":"","ocean_shortcode_after_footer_widgets":"","ocean_shortcode_before_footer_bottom":"","ocean_shortcode_after_footer_bottom":"","ocean_display_top_bar":"default","ocean_display_header":"default","ocean_header_style":"","ocean_center_header_left_menu":"0","ocean_custom_header_template":"0","ocean_custom_logo":0,"ocean_custom_retina_logo":0,"ocean_custom_logo_max_width":0,"ocean_custom_logo_tablet_max_width":0,"ocean_custom_logo_mobile_max_width":0,"ocean_custom_logo_max_height":0,"ocean_custom_logo_tablet_max_height":0,"ocean_custom_logo_mobile_max_height":0,"ocean_header_custom_menu":"0","ocean_menu_typo_font_family":"0","ocean_menu_typo_font_subset":"","ocean_menu_typo_font_size":0,"ocean_menu_typo_font_size_tablet":0,"ocean_menu_typo_font_size_mobile":0,"ocean_menu_typo_font_size_unit":"px","ocean_menu_typo_font_weight":"","ocean_menu_typo_font_weight_tablet":"","ocean_menu_typo_font_weight_mobile":"","ocean_menu_typo_transform":"","ocean_menu_typo_transform_tablet":"","ocean_menu_typo_transform_mobile":"","ocean_menu_typo_line_height":0,"ocean_menu_typo_line_height_tablet":0,"ocean_menu_typo_line_height_mobile":0,"ocean_menu_typo_line_height_unit":"","ocean_menu_typo_spacing":0,"ocean_menu_typo_spacing_tablet":0,"ocean_menu_typo_spacing_mobile":0,"ocean_menu_typo_spacing_unit":"","ocean_menu_link_color":"","ocean_menu_link_color_hover":"","ocean_menu_link_color_active":"","ocean_menu_link_background":"","ocean_menu_link_hover_background":"","ocean_menu_link_active_background":"","ocean_menu_social_links_bg":"","ocean_menu_social_hover_links_bg":"","ocean_menu_social_links_color":"","ocean_menu_social_hover_links_color":"","ocean_disable_title":"default","ocean_disable_heading":"default","ocean_post_title":"","ocean_post_subheading":"","ocean_post_title_style":"","ocean_post_title_background_color":"","ocean_post_title_background":0,"ocean_post_title_bg_image_position":"","ocean_post_title_bg_image_attachment":"","ocean_post_title_bg_image_repeat":"","ocean_post_title_bg_image_size":"","ocean_post_title_height":0,"ocean_post_title_bg_overlay":0.5,"ocean_post_title_bg_overlay_color":"","ocean_disable_breadcrumbs":"default","ocean_breadcrumbs_color":"","ocean_breadcrumbs_separator_color":"","ocean_breadcrumbs_links_color":"","ocean_breadcrumbs_links_hover_color":"","ocean_display_footer_widgets":"default","ocean_display_footer_bottom":"default","ocean_custom_footer_template":"0","osh_disable_topbar_sticky":"default","osh_disable_header_sticky":"default","osh_sticky_header_style":"default","osh_sticky_header_effect":"","osh_custom_sticky_logo":0,"osh_custom_retina_sticky_logo":0,"osh_custom_sticky_logo_height":0,"osh_background_color":"","osh_links_color":"","osh_links_hover_color":"","osh_links_active_color":"","osh_links_bg_color":"","osh_links_hover_bg_color":"","osh_links_active_bg_color":"","osh_menu_social_links_color":"","osh_menu_social_hover_links_color":""},"product_brand":[],"product_cat":[31],"product_tag":[153,152,151],"class_list":{"0":"post-3188","1":"product","2":"type-product","3":"status-publish","4":"has-post-thumbnail","6":"product_cat-lube-system-accessories","7":"product_tag-grease-pump-pressure-gauge","8":"product_tag-oil-pump-pressure-gauge","9":"product_tag-pressure-gauge","11":"entry","12":"has-media","14":"first","15":"instock","16":"shipping-taxable","17":"product-type-external","18":"col","19":"span_1_of_3","20":"owp-content-center","21":"owp-thumbs-layout-horizontal","22":"owp-btn-very-big","23":"owp-tabs-layout-horizontal"},"_links":{"self":[{"href":"https:\/\/www.jinpinlub.com\/de\/wp-json\/wp\/v2\/product\/3188","targetHints":{"allow":["GET"]}}],"collection":[{"href":"https:\/\/www.jinpinlub.com\/de\/wp-json\/wp\/v2\/product"}],"about":[{"href":"https:\/\/www.jinpinlub.com\/de\/wp-json\/wp\/v2\/types\/product"}],"wp:featuredmedia":[{"embeddable":true,"href":"https:\/\/www.jinpinlub.com\/de\/wp-json\/wp\/v2\/media\/3108"}],"wp:attachment":[{"href":"https:\/\/www.jinpinlub.com\/de\/wp-json\/wp\/v2\/media?parent=3188"}],"wp:term":[{"taxonomy":"product_brand","embeddable":true,"href":"https:\/\/www.jinpinlub.com\/de\/wp-json\/wp\/v2\/product_brand?post=3188"},{"taxonomy":"product_cat","embeddable":true,"href":"https:\/\/www.jinpinlub.com\/de\/wp-json\/wp\/v2\/product_cat?post=3188"},{"taxonomy":"product_tag","embeddable":true,"href":"https:\/\/www.jinpinlub.com\/de\/wp-json\/wp\/v2\/product_tag?post=3188"}],"curies":[{"name":"wp","href":"https:\/\/api.w.org\/{rel}","templated":true}]}}