{"id":3206,"date":"2024-08-12T14:57:16","date_gmt":"2024-08-12T14:57:16","guid":{"rendered":"https:\/\/www.jinpinlub.com\/?post_type=product&#038;p=3206"},"modified":"2024-08-12T15:04:37","modified_gmt":"2024-08-12T15:04:37","slug":"ph-kupferhulsen-winkeladapter-fur-schmierolkreislauf","status":"publish","type":"product","link":"https:\/\/www.jinpinlub.com\/de\/product\/ph-copper-sleeve-elbow-adapter-for-lubrication-oil-circuit\/","title":{"rendered":"PH-Kupferh\u00fclsen-Winkeladapter f\u00fcr Schmier\u00f6lkreislauf"},"content":{"rendered":"<h2>Merkmale<\/h2>\n<p>Der PH-Winkelstecker besteht aus hochwertigem Messingmaterial, das robust und langlebig ist und nicht leicht verschlei\u00dft.<br \/>\nDie Gewinde der Verbinder sind hochwertig verarbeitet und sitzen normgerecht und fest.<br \/>\nKupfersteckverbinder sind in verschiedenen Spezifikationen und Ausf\u00fchrungen erh\u00e4ltlich. Wenn eine Massenproduktion erforderlich ist, unterst\u00fctzen wir die Anpassung.<br \/>\nDer rechtwinklige Adapter ist insgesamt fein und glatt. Er bleibt bei der Installation nicht so leicht h\u00e4ngen und aus der Rohrleitung tritt kein \u00d6l aus.<\/p>\n<h2>Spezifikation<\/h2>\n<figure id=\"attachment_3207\" aria-describedby=\"caption-attachment-3207\" style=\"width: 800px\" class=\"wp-caption alignnone\"><img loading=\"lazy\" decoding=\"async\" class=\"size-full wp-image-3207\" src=\"https:\/\/www.jinpinlub.com\/wp-content\/uploads\/2024\/08\/PH-specification.jpg\" alt=\"PH-Angabe\" width=\"800\" height=\"890\" srcset=\"https:\/\/www.jinpinlub.com\/wp-content\/uploads\/2024\/08\/PH-specification.jpg 800w, https:\/\/www.jinpinlub.com\/wp-content\/uploads\/2024\/08\/PH-specification-270x300.jpg 270w, https:\/\/www.jinpinlub.com\/wp-content\/uploads\/2024\/08\/PH-specification-768x854.jpg 768w, https:\/\/www.jinpinlub.com\/wp-content\/uploads\/2024\/08\/PH-specification-11x12.jpg 11w\" sizes=\"auto, (max-width: 800px) 100vw, 800px\" \/><figcaption id=\"caption-attachment-3207\" class=\"wp-caption-text\">PH-Angabe<\/figcaption><\/figure>\n<h2>Anwendung<\/h2>\n<p>PH-Winkelverbinder werden haupts\u00e4chlich in verschiedenen Rohrleitungen verwendet, insbesondere in Rohrleitungen von Schmiersystemen. Kupfer-Winkelverbinder und Kompressionsbuchse, Kompressionsh\u00fclse und Rohrauskleidung bilden eine H\u00fclsenverbinderbaugruppe, die mit Nylonrohren, Hochdruckschl\u00e4uchen, Kupferrohren, Aluminiumrohren und anderen Rohren verwendet werden kann, um eine strikte Abdichtung des \u00d6lkreislaufs zu gew\u00e4hrleisten, ohne dass es zu Feststecken oder \u00d6llecks kommt. Daher wird es h\u00e4ufig in der Automobilindustrie, der chemischen Industrie, der Druckindustrie, der Textilindustrie, der verarbeitenden Industrie usw. verwendet.<\/p>\n<h2>Benutzerhandb\u00fccher<\/h2>\n<div class=\"sdm_download_button_box_default\"><div class=\"sdm_download_link\"><a href=\"https:\/\/www.jinpinlub.com\/de\/?sdm_process_download=1&download_id=3174\" class=\"sdm_download white\" title=\"Privat: PH\/PD\/PG\" target=\"&quot;_blank&quot;\">Datenblatt anzeigen \u2013 PH\/PD\/PG<\/a><\/div><\/div>","protected":false},"excerpt":{"rendered":"<p>Rechtwinkliger PH-Kupferverbinder, gerader Winkel mit Au\u00dfen- und Innengewindeh\u00fclse, rechtwinkliger \u00d6lleitungsadapter, verwendet f\u00fcr Rohrleitungen von Zentralschmiersystemen aus Kupferrohren, Aluminiumrohren, Stahlrohren, Nylonrohren und Hochdruckschl\u00e4uchen.<\/p>","protected":false},"featured_media":3156,"template":"","meta":{"ocean_post_layout":"","ocean_both_sidebars_style":"","ocean_both_sidebars_content_width":0,"ocean_both_sidebars_sidebars_width":0,"ocean_sidebar":"0","ocean_second_sidebar":"0","ocean_disable_margins":"enable","ocean_add_body_class":"","ocean_shortcode_before_top_bar":"","ocean_shortcode_after_top_bar":"","ocean_shortcode_before_header":"","ocean_shortcode_after_header":"","ocean_has_shortcode":"","ocean_shortcode_after_title":"","ocean_shortcode_before_footer_widgets":"","ocean_shortcode_after_footer_widgets":"","ocean_shortcode_before_footer_bottom":"","ocean_shortcode_after_footer_bottom":"","ocean_display_top_bar":"default","ocean_display_header":"default","ocean_header_style":"","ocean_center_header_left_menu":"0","ocean_custom_header_template":"0","ocean_custom_logo":0,"ocean_custom_retina_logo":0,"ocean_custom_logo_max_width":0,"ocean_custom_logo_tablet_max_width":0,"ocean_custom_logo_mobile_max_width":0,"ocean_custom_logo_max_height":0,"ocean_custom_logo_tablet_max_height":0,"ocean_custom_logo_mobile_max_height":0,"ocean_header_custom_menu":"0","ocean_menu_typo_font_family":"0","ocean_menu_typo_font_subset":"","ocean_menu_typo_font_size":0,"ocean_menu_typo_font_size_tablet":0,"ocean_menu_typo_font_size_mobile":0,"ocean_menu_typo_font_size_unit":"px","ocean_menu_typo_font_weight":"","ocean_menu_typo_font_weight_tablet":"","ocean_menu_typo_font_weight_mobile":"","ocean_menu_typo_transform":"","ocean_menu_typo_transform_tablet":"","ocean_menu_typo_transform_mobile":"","ocean_menu_typo_line_height":0,"ocean_menu_typo_line_height_tablet":0,"ocean_menu_typo_line_height_mobile":0,"ocean_menu_typo_line_height_unit":"","ocean_menu_typo_spacing":0,"ocean_menu_typo_spacing_tablet":0,"ocean_menu_typo_spacing_mobile":0,"ocean_menu_typo_spacing_unit":"","ocean_menu_link_color":"","ocean_menu_link_color_hover":"","ocean_menu_link_color_active":"","ocean_menu_link_background":"","ocean_menu_link_hover_background":"","ocean_menu_link_active_background":"","ocean_menu_social_links_bg":"","ocean_menu_social_hover_links_bg":"","ocean_menu_social_links_color":"","ocean_menu_social_hover_links_color":"","ocean_disable_title":"default","ocean_disable_heading":"default","ocean_post_title":"","ocean_post_subheading":"","ocean_post_title_style":"","ocean_post_title_background_color":"","ocean_post_title_background":0,"ocean_post_title_bg_image_position":"","ocean_post_title_bg_image_attachment":"","ocean_post_title_bg_image_repeat":"","ocean_post_title_bg_image_size":"","ocean_post_title_height":0,"ocean_post_title_bg_overlay":0.5,"ocean_post_title_bg_overlay_color":"","ocean_disable_breadcrumbs":"default","ocean_breadcrumbs_color":"","ocean_breadcrumbs_separator_color":"","ocean_breadcrumbs_links_color":"","ocean_breadcrumbs_links_hover_color":"","ocean_display_footer_widgets":"default","ocean_display_footer_bottom":"default","ocean_custom_footer_template":"0","osh_disable_topbar_sticky":"default","osh_disable_header_sticky":"default","osh_sticky_header_style":"default","osh_sticky_header_effect":"","osh_custom_sticky_logo":0,"osh_custom_retina_sticky_logo":0,"osh_custom_sticky_logo_height":0,"osh_background_color":"","osh_links_color":"","osh_links_hover_color":"","osh_links_active_color":"","osh_links_bg_color":"","osh_links_hover_bg_color":"","osh_links_active_bg_color":"","osh_menu_social_links_color":"","osh_menu_social_hover_links_color":""},"product_brand":[],"product_cat":[31],"product_tag":[175,174,176],"class_list":{"0":"post-3206","1":"product","2":"type-product","3":"status-publish","4":"has-post-thumbnail","6":"product_cat-lube-system-accessories","7":"product_tag-copper-connector","8":"product_tag-copper-right-angle-elbow","9":"product_tag-pipe-adapter","11":"entry","12":"has-media","14":"first","15":"instock","16":"shipping-taxable","17":"product-type-external","18":"col","19":"span_1_of_3","20":"owp-content-center","21":"owp-thumbs-layout-horizontal","22":"owp-btn-very-big","23":"owp-tabs-layout-horizontal"},"_links":{"self":[{"href":"https:\/\/www.jinpinlub.com\/de\/wp-json\/wp\/v2\/product\/3206","targetHints":{"allow":["GET"]}}],"collection":[{"href":"https:\/\/www.jinpinlub.com\/de\/wp-json\/wp\/v2\/product"}],"about":[{"href":"https:\/\/www.jinpinlub.com\/de\/wp-json\/wp\/v2\/types\/product"}],"wp:featuredmedia":[{"embeddable":true,"href":"https:\/\/www.jinpinlub.com\/de\/wp-json\/wp\/v2\/media\/3156"}],"wp:attachment":[{"href":"https:\/\/www.jinpinlub.com\/de\/wp-json\/wp\/v2\/media?parent=3206"}],"wp:term":[{"taxonomy":"product_brand","embeddable":true,"href":"https:\/\/www.jinpinlub.com\/de\/wp-json\/wp\/v2\/product_brand?post=3206"},{"taxonomy":"product_cat","embeddable":true,"href":"https:\/\/www.jinpinlub.com\/de\/wp-json\/wp\/v2\/product_cat?post=3206"},{"taxonomy":"product_tag","embeddable":true,"href":"https:\/\/www.jinpinlub.com\/de\/wp-json\/wp\/v2\/product_tag?post=3206"}],"curies":[{"name":"wp","href":"https:\/\/api.w.org\/{rel}","templated":true}]}}