{"id":3225,"date":"2024-08-15T19:58:29","date_gmt":"2024-08-15T19:58:29","guid":{"rendered":"https:\/\/www.jinpinlub.com\/?post_type=product&#038;p=3225"},"modified":"2024-08-15T21:11:52","modified_gmt":"2024-08-15T21:11:52","slug":"j100-kleine-elektrische-schmierpumpe-fur-lagerlinearfuhrung","status":"publish","type":"product","link":"https:\/\/www.jinpinlub.com\/de\/product\/j100-small-electric-lubrication-pump-for-bearing-linear-guide\/","title":{"rendered":"J100 Kleine elektrische Schmierpumpe f\u00fcr lineare Lagerf\u00fchrung"},"content":{"rendered":"<h2>Merkmale<\/h2>\n<p>Kosteneffizienz und Zuverl\u00e4ssigkeit: Die elektrische Fettpumpe J100 bietet eine kosteng\u00fcnstige und \u00e4u\u00dferst zuverl\u00e4ssige Zentralschmierl\u00f6sung f\u00fcr Lager und Linearf\u00fchrungen in mechanischen Ger\u00e4ten.<br \/>\nEinfach zu bedienen: Einfach zu installieren und zu bedienen, der Arbeitszyklus der J100-Schmierpumpe kann per SPS oder integriertem Controller gesteuert werden.<br \/>\nKompatibel mit mehreren \u00d6ltanks: Der Fettschmierer J100 kann mit vorgef\u00fcllten Fettkartuschen oder mit einer Vielzahl von Kunststoff-\u00d6ltanks unterschiedlicher Gr\u00f6\u00dfe verwendet werden.<br \/>\nErweiterbarkeit: Je nach spezifischer Situation des Schmiersystems kann die Schmierpumpe auf mehrere Schmierstellen erweitert werden und die Pumpe kann sogar in eine Einleitungspumpe oder eine Progressivpumpe umgewandelt werden.<br \/>\nFr\u00fchwarnfunktion: Die Schmierpumpe verf\u00fcgt \u00fcber eine F\u00fcllstands\u00fcberwachung mit Fr\u00fchwarnfunktion um ausreichend Schmierstoff sicherzustellen.<\/p>\n<h2>Spezifikation<\/h2>\n<table>\n<tbody>\n<tr>\n<td>Betriebstemperatur<\/td>\n<td>0~+50\u00b0C<\/td>\n<\/tr>\n<tr>\n<td>Anzahl der Filialen<\/td>\n<td>1, 2<\/td>\n<\/tr>\n<tr>\n<td>Reservoirkapazit\u00e4t<\/td>\n<td>0,3 l, 1,5 l (Reservoir), 0,3 l, 0,7 l (Kartusche)<\/td>\n<\/tr>\n<tr>\n<td>Nachf\u00fcllen<\/td>\n<td>Hydraulische Schmiernippel<\/td>\n<\/tr>\n<tr>\n<td>Schmiermittel<\/td>\n<td>Fette NLGI-Klasse 000~2#<\/td>\n<\/tr>\n<tr>\n<td>Schutzklasse<\/td>\n<td>IP54<\/td>\n<\/tr>\n<tr>\n<td>Entladung<\/td>\n<td>15 ml\/min<\/td>\n<\/tr>\n<tr>\n<td>Max. Betriebsdruck<\/td>\n<td>8 MPa<\/td>\n<\/tr>\n<tr>\n<td>Anschlussgewinde<\/td>\n<td>\u03a66 oder \u03a68<\/td>\n<\/tr>\n<tr>\n<td>Betriebsspannung<\/td>\n<td>24 V Gleichstrom<\/td>\n<\/tr>\n<tr>\n<td>Zertifizierung<\/td>\n<td>CE<\/td>\n<\/tr>\n<tr>\n<td>Einbaulage<\/td>\n<td>Aufrecht<\/td>\n<\/tr>\n<\/tbody>\n<\/table>\n<h2>Anwendungen<\/h2>\n<p>Lager und F\u00fchrung: Das bedeutet, dass die Schmierpumpen J100 f\u00fcr kleine mechanische Ger\u00e4te geeignet sind, die Schmierung ben\u00f6tigen, um den normalen Betrieb von Lagern und F\u00fchrungen sicherzustellen und so die Lebensdauer der Ger\u00e4te zu verl\u00e4ngern.<br \/>\nWerkzeugmaschinenindustrie: Mit den Schmierpumpen J100 k\u00f6nnen wichtige Komponenten wie Spindeln und F\u00fchrungen von Werkzeugmaschinen geschmiert werden, um deren Genauigkeit und Stabilit\u00e4t zu verbessern.<br \/>\nIn Verpackungsmaschinen sorgt diese J100-Schmierpumpe daf\u00fcr, dass jeder Schmierpunkt entlang der Produktionslinie rechtzeitig und genau geschmiert wird, wodurch die Produktionseffizienz verbessert wird.<br \/>\nTextilmaschinen: J100-Fettpumpen werden zum Schmieren wichtiger Komponenten von Textilmaschinen wie Spinntrommeln und Webst\u00fchlen eingesetzt, um einen reibungslosen Ablauf der Textilproduktion zu gew\u00e4hrleisten.<\/p>\n<h2>Benutzerhandb\u00fccher<\/h2>\n<div class=\"sdm_download_button_box_default\"><div class=\"sdm_download_link\"><a href=\"https:\/\/www.jinpinlub.com\/de\/?sdm_process_download=1&download_id=2462\" class=\"sdm_download white\" title=\"Privat: J100 Grease Pump\" target=\"&quot;_blank&quot;\">Datenblatt anzeigen - J100 Fettpumpe<\/a><\/div><\/div>","protected":false},"excerpt":{"rendered":"<p>J100 kann zur Schmierung von Lagern und Linearf\u00fchrungen verwendet werden. Es bietet eine kosteng\u00fcnstige und \u00e4u\u00dferst zuverl\u00e4ssige Schmierl\u00f6sung und eignet sich f\u00fcr Zentralschmiersysteme mit bis zu 20 Schmierstellen und einer 15 Meter langen Hauptschmierleitung.<\/p>","protected":false},"featured_media":3226,"template":"","meta":{"ocean_post_layout":"","ocean_both_sidebars_style":"","ocean_both_sidebars_content_width":0,"ocean_both_sidebars_sidebars_width":0,"ocean_sidebar":"0","ocean_second_sidebar":"0","ocean_disable_margins":"enable","ocean_add_body_class":"","ocean_shortcode_before_top_bar":"","ocean_shortcode_after_top_bar":"","ocean_shortcode_before_header":"","ocean_shortcode_after_header":"","ocean_has_shortcode":"","ocean_shortcode_after_title":"","ocean_shortcode_before_footer_widgets":"","ocean_shortcode_after_footer_widgets":"","ocean_shortcode_before_footer_bottom":"","ocean_shortcode_after_footer_bottom":"","ocean_display_top_bar":"default","ocean_display_header":"default","ocean_header_style":"","ocean_center_header_left_menu":"0","ocean_custom_header_template":"0","ocean_custom_logo":0,"ocean_custom_retina_logo":0,"ocean_custom_logo_max_width":0,"ocean_custom_logo_tablet_max_width":0,"ocean_custom_logo_mobile_max_width":0,"ocean_custom_logo_max_height":0,"ocean_custom_logo_tablet_max_height":0,"ocean_custom_logo_mobile_max_height":0,"ocean_header_custom_menu":"0","ocean_menu_typo_font_family":"0","ocean_menu_typo_font_subset":"","ocean_menu_typo_font_size":0,"ocean_menu_typo_font_size_tablet":0,"ocean_menu_typo_font_size_mobile":0,"ocean_menu_typo_font_size_unit":"px","ocean_menu_typo_font_weight":"","ocean_menu_typo_font_weight_tablet":"","ocean_menu_typo_font_weight_mobile":"","ocean_menu_typo_transform":"","ocean_menu_typo_transform_tablet":"","ocean_menu_typo_transform_mobile":"","ocean_menu_typo_line_height":0,"ocean_menu_typo_line_height_tablet":0,"ocean_menu_typo_line_height_mobile":0,"ocean_menu_typo_line_height_unit":"","ocean_menu_typo_spacing":0,"ocean_menu_typo_spacing_tablet":0,"ocean_menu_typo_spacing_mobile":0,"ocean_menu_typo_spacing_unit":"","ocean_menu_link_color":"","ocean_menu_link_color_hover":"","ocean_menu_link_color_active":"","ocean_menu_link_background":"","ocean_menu_link_hover_background":"","ocean_menu_link_active_background":"","ocean_menu_social_links_bg":"","ocean_menu_social_hover_links_bg":"","ocean_menu_social_links_color":"","ocean_menu_social_hover_links_color":"","ocean_disable_title":"default","ocean_disable_heading":"default","ocean_post_title":"","ocean_post_subheading":"","ocean_post_title_style":"","ocean_post_title_background_color":"","ocean_post_title_background":0,"ocean_post_title_bg_image_position":"","ocean_post_title_bg_image_attachment":"","ocean_post_title_bg_image_repeat":"","ocean_post_title_bg_image_size":"","ocean_post_title_height":0,"ocean_post_title_bg_overlay":0.5,"ocean_post_title_bg_overlay_color":"","ocean_disable_breadcrumbs":"default","ocean_breadcrumbs_color":"","ocean_breadcrumbs_separator_color":"","ocean_breadcrumbs_links_color":"","ocean_breadcrumbs_links_hover_color":"","ocean_display_footer_widgets":"default","ocean_display_footer_bottom":"default","ocean_custom_footer_template":"0","osh_disable_topbar_sticky":"default","osh_disable_header_sticky":"default","osh_sticky_header_style":"default","osh_sticky_header_effect":"","osh_custom_sticky_logo":0,"osh_custom_retina_sticky_logo":0,"osh_custom_sticky_logo_height":0,"osh_background_color":"","osh_links_color":"","osh_links_hover_color":"","osh_links_active_color":"","osh_links_bg_color":"","osh_links_hover_bg_color":"","osh_links_active_bg_color":"","osh_menu_social_links_color":"","osh_menu_social_hover_links_color":""},"product_brand":[],"product_cat":[42,41],"product_tag":[185,184,183],"class_list":{"0":"post-3225","1":"product","2":"type-product","3":"status-publish","4":"has-post-thumbnail","6":"product_cat-electric-progressive-pumps","7":"product_cat-progressive-grease-systems","8":"product_tag-electric-grease-pump","9":"product_tag-electric-lube-pump","10":"product_tag-lincoln-electric-grease-pump","12":"entry","13":"has-media","15":"first","16":"instock","17":"shipping-taxable","18":"product-type-external","19":"col","20":"span_1_of_3","21":"owp-content-center","22":"owp-thumbs-layout-horizontal","23":"owp-btn-very-big","24":"owp-tabs-layout-horizontal"},"_links":{"self":[{"href":"https:\/\/www.jinpinlub.com\/de\/wp-json\/wp\/v2\/product\/3225","targetHints":{"allow":["GET"]}}],"collection":[{"href":"https:\/\/www.jinpinlub.com\/de\/wp-json\/wp\/v2\/product"}],"about":[{"href":"https:\/\/www.jinpinlub.com\/de\/wp-json\/wp\/v2\/types\/product"}],"wp:featuredmedia":[{"embeddable":true,"href":"https:\/\/www.jinpinlub.com\/de\/wp-json\/wp\/v2\/media\/3226"}],"wp:attachment":[{"href":"https:\/\/www.jinpinlub.com\/de\/wp-json\/wp\/v2\/media?parent=3225"}],"wp:term":[{"taxonomy":"product_brand","embeddable":true,"href":"https:\/\/www.jinpinlub.com\/de\/wp-json\/wp\/v2\/product_brand?post=3225"},{"taxonomy":"product_cat","embeddable":true,"href":"https:\/\/www.jinpinlub.com\/de\/wp-json\/wp\/v2\/product_cat?post=3225"},{"taxonomy":"product_tag","embeddable":true,"href":"https:\/\/www.jinpinlub.com\/de\/wp-json\/wp\/v2\/product_tag?post=3225"}],"curies":[{"name":"wp","href":"https:\/\/api.w.org\/{rel}","templated":true}]}}