{"id":3314,"date":"2024-08-15T20:37:15","date_gmt":"2024-08-15T20:37:15","guid":{"rendered":"https:\/\/www.jinpinlub.com\/?post_type=product&#038;p=3314"},"modified":"2024-08-16T15:06:41","modified_gmt":"2024-08-16T15:06:41","slug":"j100-motorgetriebene-kolbenfettschmierpumpe-mit-sensor","status":"publish","type":"product","link":"https:\/\/www.jinpinlub.com\/de\/product\/j100-motor-driven-plunger-grease-lubrication-pump-with-sensor\/","title":{"rendered":"J100 Motorgetriebene Kolbenfettschmierpumpe mit Sensor"},"content":{"rendered":"<h2>Merkmale<\/h2>\n<p>Effiziente Schmierung: Innerhalb des angegebenen Rohrleitungsbereichs und der Anzahl der Schmierstellen kann die Schmierpumpe J100 ausreichend Druck und Durchfluss bereitstellen, um sicherzustellen, dass die Schmierstellen die erforderliche Schmiermenge erhalten.<br \/>\nAutomatische Steuerung: Die Schmierpumpe kann automatisch durch eine externe SPS-Steuerung oder einen eingebauten Controller gesteuert werden, um den Automatisierungsgrad zu verbessern. Es gibt viele optionale Konfigurationen.<br \/>\nSicher und zuverl\u00e4ssig: Die Elektropumpe J100 verf\u00fcgt \u00fcber eine Niedrigf\u00fcllstands\u00fcberwachung und Fr\u00fchwarnfunktionen, um einen Leerlauf der Pumpe oder eine \u00dcberlastung des Antriebsmotors zu verhindern und so die Lebensdauer der Pumpe zu verl\u00e4ngern.<br \/>\nFlexible Auswahl: Die Fettpumpe J100 verf\u00fcgt \u00fcber zwei Betriebsarten. Auf der Grundlage des progressiven Typs kann durch Hinzuf\u00fcgen einer Druckentlastungsvorrichtung ein Einleitungs-Druckentlastungsfettsystem gebildet werden.<\/p>\n<h2>Spezifikation<\/h2>\n<table>\n<tbody>\n<tr>\n<td>Betriebstemperatur<\/td>\n<td>+0\u2103~+50\u2103, Luftfeuchtigkeit 35~85%RH<\/td>\n<\/tr>\n<tr>\n<td>Anzahl der Filialen<\/td>\n<td>1, 2<\/td>\n<\/tr>\n<tr>\n<td>Reservoirkapazit\u00e4t<\/td>\n<td>0,3 l, 1,5 l (Reservoir), 0,3 l, 0,7 l (Kartusche)<\/td>\n<\/tr>\n<tr>\n<td>Nachf\u00fcllen<\/td>\n<td>Hydraulische Schmiernippel<\/td>\n<\/tr>\n<tr>\n<td>Schmiermittel<\/td>\n<td>Fette NLGI-Klasse 000~2#<\/td>\n<\/tr>\n<tr>\n<td>Schutzklasse<\/td>\n<td>IP54<\/td>\n<\/tr>\n<tr>\n<td>Entladung<\/td>\n<td>15 ml\/min<\/td>\n<\/tr>\n<tr>\n<td>Max. Betriebsdruck<\/td>\n<td>8 MPa<\/td>\n<\/tr>\n<tr>\n<td>Anschlussgewinde<\/td>\n<td>\u03a66 oder \u03a68<\/td>\n<\/tr>\n<tr>\n<td>Betriebsspannung<\/td>\n<td>24 V Gleichstrom<\/td>\n<\/tr>\n<tr>\n<td>Zertifizierung<\/td>\n<td>CE<\/td>\n<\/tr>\n<tr>\n<td>Einbaulage<\/td>\n<td>Aufrecht<\/td>\n<\/tr>\n<\/tbody>\n<\/table>\n<h2>Anwendungen<\/h2>\n<p>J100-Elektrofettschmierpumpen werden h\u00e4ufig zur Zentralschmierung mechanischer Ger\u00e4te in verschiedenen Branchen eingesetzt, beispielsweise bei CNC-Maschinen, Bearbeitungszentren, Schmiedemaschinen, Kunststoffmaschinen, Textilmaschinen, Bergbaumaschinen, Baumaschinen und Maschinenbaumaschinen. Diese Pumpen k\u00f6nnen die Anforderungen verschiedener Branchen an die Schmiermenge genau erf\u00fcllen, den stabilen Betrieb mechanischer Ger\u00e4te gew\u00e4hrleisten und deren Lebensdauer verl\u00e4ngern.<\/p>\n<h2>Benutzerhandb\u00fccher<\/h2>\n<div class=\"sdm_download_button_box_default\"><div class=\"sdm_download_link\"><a href=\"https:\/\/www.jinpinlub.com\/de\/?sdm_process_download=1&download_id=2462\" class=\"sdm_download white\" title=\"Privat: J100 Grease Pump\" target=\"&quot;_blank&quot;\">Datenblatt anzeigen - J100 Fettpumpe<\/a><\/div><\/div>","protected":false},"excerpt":{"rendered":"<p>Die elektrische Fettschmierpumpe J100 treibt den Kolben und andere Komponenten im Pumpenk\u00f6rper \u00fcber den Motor an, um das Fett aus dem Beh\u00e4lter anzusaugen und unter Druck zu setzen. Anschlie\u00dfend leitet sie das Hochdruckfett \u00fcber die Schmierleitung an die Schmierteile.<\/p>","protected":false},"featured_media":3320,"template":"","meta":{"ocean_post_layout":"","ocean_both_sidebars_style":"","ocean_both_sidebars_content_width":0,"ocean_both_sidebars_sidebars_width":0,"ocean_sidebar":"0","ocean_second_sidebar":"0","ocean_disable_margins":"enable","ocean_add_body_class":"","ocean_shortcode_before_top_bar":"","ocean_shortcode_after_top_bar":"","ocean_shortcode_before_header":"","ocean_shortcode_after_header":"","ocean_has_shortcode":"","ocean_shortcode_after_title":"","ocean_shortcode_before_footer_widgets":"","ocean_shortcode_after_footer_widgets":"","ocean_shortcode_before_footer_bottom":"","ocean_shortcode_after_footer_bottom":"","ocean_display_top_bar":"default","ocean_display_header":"default","ocean_header_style":"","ocean_center_header_left_menu":"0","ocean_custom_header_template":"0","ocean_custom_logo":0,"ocean_custom_retina_logo":0,"ocean_custom_logo_max_width":0,"ocean_custom_logo_tablet_max_width":0,"ocean_custom_logo_mobile_max_width":0,"ocean_custom_logo_max_height":0,"ocean_custom_logo_tablet_max_height":0,"ocean_custom_logo_mobile_max_height":0,"ocean_header_custom_menu":"0","ocean_menu_typo_font_family":"0","ocean_menu_typo_font_subset":"","ocean_menu_typo_font_size":0,"ocean_menu_typo_font_size_tablet":0,"ocean_menu_typo_font_size_mobile":0,"ocean_menu_typo_font_size_unit":"px","ocean_menu_typo_font_weight":"","ocean_menu_typo_font_weight_tablet":"","ocean_menu_typo_font_weight_mobile":"","ocean_menu_typo_transform":"","ocean_menu_typo_transform_tablet":"","ocean_menu_typo_transform_mobile":"","ocean_menu_typo_line_height":0,"ocean_menu_typo_line_height_tablet":0,"ocean_menu_typo_line_height_mobile":0,"ocean_menu_typo_line_height_unit":"","ocean_menu_typo_spacing":0,"ocean_menu_typo_spacing_tablet":0,"ocean_menu_typo_spacing_mobile":0,"ocean_menu_typo_spacing_unit":"","ocean_menu_link_color":"","ocean_menu_link_color_hover":"","ocean_menu_link_color_active":"","ocean_menu_link_background":"","ocean_menu_link_hover_background":"","ocean_menu_link_active_background":"","ocean_menu_social_links_bg":"","ocean_menu_social_hover_links_bg":"","ocean_menu_social_links_color":"","ocean_menu_social_hover_links_color":"","ocean_disable_title":"default","ocean_disable_heading":"default","ocean_post_title":"","ocean_post_subheading":"","ocean_post_title_style":"","ocean_post_title_background_color":"","ocean_post_title_background":0,"ocean_post_title_bg_image_position":"","ocean_post_title_bg_image_attachment":"","ocean_post_title_bg_image_repeat":"","ocean_post_title_bg_image_size":"","ocean_post_title_height":0,"ocean_post_title_bg_overlay":0.5,"ocean_post_title_bg_overlay_color":"","ocean_disable_breadcrumbs":"default","ocean_breadcrumbs_color":"","ocean_breadcrumbs_separator_color":"","ocean_breadcrumbs_links_color":"","ocean_breadcrumbs_links_hover_color":"","ocean_display_footer_widgets":"default","ocean_display_footer_bottom":"default","ocean_custom_footer_template":"0","osh_disable_topbar_sticky":"default","osh_disable_header_sticky":"default","osh_sticky_header_style":"default","osh_sticky_header_effect":"","osh_custom_sticky_logo":0,"osh_custom_retina_sticky_logo":0,"osh_custom_sticky_logo_height":0,"osh_background_color":"","osh_links_color":"","osh_links_hover_color":"","osh_links_active_color":"","osh_links_bg_color":"","osh_links_hover_bg_color":"","osh_links_active_bg_color":"","osh_menu_social_links_color":"","osh_menu_social_hover_links_color":""},"product_brand":[],"product_cat":[42,41],"product_tag":[74,186,187],"class_list":{"0":"post-3314","1":"product","2":"type-product","3":"status-publish","4":"has-post-thumbnail","6":"product_cat-electric-progressive-pumps","7":"product_cat-progressive-grease-systems","8":"product_tag-automatic-lubrication-pump","9":"product_tag-electric-lubrication-pump-supplier","10":"product_tag-electric-operated-grease-pump","12":"entry","13":"has-media","15":"first","16":"instock","17":"shipping-taxable","18":"product-type-external","19":"col","20":"span_1_of_3","21":"owp-content-center","22":"owp-thumbs-layout-horizontal","23":"owp-btn-very-big","24":"owp-tabs-layout-horizontal"},"_links":{"self":[{"href":"https:\/\/www.jinpinlub.com\/de\/wp-json\/wp\/v2\/product\/3314","targetHints":{"allow":["GET"]}}],"collection":[{"href":"https:\/\/www.jinpinlub.com\/de\/wp-json\/wp\/v2\/product"}],"about":[{"href":"https:\/\/www.jinpinlub.com\/de\/wp-json\/wp\/v2\/types\/product"}],"wp:featuredmedia":[{"embeddable":true,"href":"https:\/\/www.jinpinlub.com\/de\/wp-json\/wp\/v2\/media\/3320"}],"wp:attachment":[{"href":"https:\/\/www.jinpinlub.com\/de\/wp-json\/wp\/v2\/media?parent=3314"}],"wp:term":[{"taxonomy":"product_brand","embeddable":true,"href":"https:\/\/www.jinpinlub.com\/de\/wp-json\/wp\/v2\/product_brand?post=3314"},{"taxonomy":"product_cat","embeddable":true,"href":"https:\/\/www.jinpinlub.com\/de\/wp-json\/wp\/v2\/product_cat?post=3314"},{"taxonomy":"product_tag","embeddable":true,"href":"https:\/\/www.jinpinlub.com\/de\/wp-json\/wp\/v2\/product_tag?post=3314"}],"curies":[{"name":"wp","href":"https:\/\/api.w.org\/{rel}","templated":true}]}}