{"id":3317,"date":"2024-08-16T14:18:49","date_gmt":"2024-08-16T14:18:49","guid":{"rendered":"https:\/\/www.jinpinlub.com\/?post_type=product&#038;p=3317"},"modified":"2024-08-16T14:40:11","modified_gmt":"2024-08-16T14:40:11","slug":"j200-elektrische-schmierpumpe-fur-einleitungsschmiersysteme","status":"publish","type":"product","link":"https:\/\/www.jinpinlub.com\/de\/product\/j200-electric-lubrication-pump-for-single-line-lube-systems\/","title":{"rendered":"J200 Elektrische Schmierpumpe f\u00fcr Einleitungsschmiersysteme"},"content":{"rendered":"<h2>Merkmale<\/h2>\n<p>Die J200-Serie kann in zentralisierten Einleitungsschmiersystemen verwendet werden. Die hin- und hergehende lineare Bewegung der vom Motor angetriebenen Pumpe f\u00f6rdert das Fett zum Auslass der Pumpe und erreicht den Schmierpunkt durch den unter Druck stehenden Verteiler. Wenn der voreingestellte Druck erreicht ist, stoppt der Motor und das Druckbegrenzungsventil beginnt ebenfalls zu arbeiten, wodurch der Druck des Systems abgelassen wird. Ein Zyklus ist abgeschlossen.<br \/>\nDie Pumpe kann \u00fcber ein externes Steuersystem gesteuert werden. Das Steuersystem legt haupts\u00e4chlich die Schmierh\u00e4ufigkeit, die Schmierzeit und die Intervallzeit fest.<br \/>\nDer Systemdruck wird durch einen Druckschalter \u00fcberwacht, der normalerweise im Rohr vor dem letzten Verteiler installiert ist. Der Druckschalter sendet ein Signal an die Steuereinheit, die die Pumpe stoppt.<br \/>\nDie Schmierpumpe und der Druckverteiler J200 arbeiten innerhalb des angegebenen Temperaturbereichs, der maximale Druck liegt bei 8 MPa, das Mindestschmierintervall betr\u00e4gt 5 Minuten, die maximale Hauptleitungsl\u00e4nge betr\u00e4gt 15 Meter und sie sind f\u00fcr bis zu 100 Schmierungen kleiner und mittlerer Ger\u00e4te im Innenbereich geeignet.<\/p>\n<h2>Spezifikation<\/h2>\n<table>\n<tbody>\n<tr>\n<td>Betriebstemperatur<\/td>\n<td>0~+50\u00b0C<\/td>\n<\/tr>\n<tr>\n<td>Anzahl der Filialen<\/td>\n<td>1, 2<\/td>\n<\/tr>\n<tr>\n<td>Reservoirkapazit\u00e4t<\/td>\n<td>0,3 l, 1,5 l (Reservoir), 0,3 l, 0,7 l (Kartusche)<\/td>\n<\/tr>\n<tr>\n<td>Nachf\u00fcllen<\/td>\n<td>Hydraulische Schmiernippel<\/td>\n<\/tr>\n<tr>\n<td>Schmiermittel<\/td>\n<td>Fette NLGI-Klasse 000~2#<\/td>\n<\/tr>\n<tr>\n<td>Schutzklasse<\/td>\n<td>IP54<\/td>\n<\/tr>\n<tr>\n<td>Entladung<\/td>\n<td>15 ml\/min<\/td>\n<\/tr>\n<tr>\n<td>Max. Betriebsdruck<\/td>\n<td>8 MPa<\/td>\n<\/tr>\n<tr>\n<td>Anschlussgewinde<\/td>\n<td>\u03a66 oder \u03a68<\/td>\n<\/tr>\n<tr>\n<td>Betriebsspannung<\/td>\n<td>24 V Gleichstrom<\/td>\n<\/tr>\n<tr>\n<td>Zertifizierung<\/td>\n<td>CE<\/td>\n<\/tr>\n<tr>\n<td>Einbaulage<\/td>\n<td>Aufrecht<\/td>\n<\/tr>\n<\/tbody>\n<\/table>\n<h2>Anwendungen<\/h2>\n<p>Der Niedrigstandschalter befindet sich im Kartuschenadapter. Wenn der Niveauschalter funktioniert, stoppt die Schmierpumpe, bevor die Kartusche leer ist, um das Eindringen von Luft zu verhindern. Wenn der Niveauschalter funktioniert, blinkt die Arbeitsleuchte.<br \/>\nDer Niveauschalter gibt nur dann ein Signal aus, wenn die Pumpe mit Strom versorgt wird.<br \/>\nDa die Pumpe stoppt, wenn der Fl\u00fcssigkeitsstandsschalter arbeitet, funktioniert der Druckschalter m\u00f6glicherweise nicht und gibt daher einen normalen Druckwert aus.<\/p>\n<h2>Benutzerhandb\u00fccher<\/h2>\n<div class=\"sdm_download_button_box_default\"><div class=\"sdm_download_link\"><a href=\"https:\/\/www.jinpinlub.com\/de\/?sdm_process_download=1&download_id=2464\" class=\"sdm_download white\" title=\"Privat: J200 Grease Pump\" target=\"&quot;_blank&quot;\">Datenblatt anzeigen - J200 Fettpumpe<\/a><\/div><\/div>","protected":false},"excerpt":{"rendered":"<p>Das Fettschmiersystem J200 schmiert und sch\u00fctzt die Anlage, indem es das Schmiermittel absaugt, durch den Filter und das Schmiermitteldosierventil leitet und es dann durch die Schmierleitung zum Schmierpunkt der Anlage transportiert.<\/p>","protected":false},"featured_media":3244,"template":"","meta":{"ocean_post_layout":"","ocean_both_sidebars_style":"","ocean_both_sidebars_content_width":0,"ocean_both_sidebars_sidebars_width":0,"ocean_sidebar":"0","ocean_second_sidebar":"0","ocean_disable_margins":"enable","ocean_add_body_class":"","ocean_shortcode_before_top_bar":"","ocean_shortcode_after_top_bar":"","ocean_shortcode_before_header":"","ocean_shortcode_after_header":"","ocean_has_shortcode":"","ocean_shortcode_after_title":"","ocean_shortcode_before_footer_widgets":"","ocean_shortcode_after_footer_widgets":"","ocean_shortcode_before_footer_bottom":"","ocean_shortcode_after_footer_bottom":"","ocean_display_top_bar":"default","ocean_display_header":"default","ocean_header_style":"","ocean_center_header_left_menu":"0","ocean_custom_header_template":"0","ocean_custom_logo":0,"ocean_custom_retina_logo":0,"ocean_custom_logo_max_width":0,"ocean_custom_logo_tablet_max_width":0,"ocean_custom_logo_mobile_max_width":0,"ocean_custom_logo_max_height":0,"ocean_custom_logo_tablet_max_height":0,"ocean_custom_logo_mobile_max_height":0,"ocean_header_custom_menu":"0","ocean_menu_typo_font_family":"0","ocean_menu_typo_font_subset":"","ocean_menu_typo_font_size":0,"ocean_menu_typo_font_size_tablet":0,"ocean_menu_typo_font_size_mobile":0,"ocean_menu_typo_font_size_unit":"px","ocean_menu_typo_font_weight":"","ocean_menu_typo_font_weight_tablet":"","ocean_menu_typo_font_weight_mobile":"","ocean_menu_typo_transform":"","ocean_menu_typo_transform_tablet":"","ocean_menu_typo_transform_mobile":"","ocean_menu_typo_line_height":0,"ocean_menu_typo_line_height_tablet":0,"ocean_menu_typo_line_height_mobile":0,"ocean_menu_typo_line_height_unit":"","ocean_menu_typo_spacing":0,"ocean_menu_typo_spacing_tablet":0,"ocean_menu_typo_spacing_mobile":0,"ocean_menu_typo_spacing_unit":"","ocean_menu_link_color":"","ocean_menu_link_color_hover":"","ocean_menu_link_color_active":"","ocean_menu_link_background":"","ocean_menu_link_hover_background":"","ocean_menu_link_active_background":"","ocean_menu_social_links_bg":"","ocean_menu_social_hover_links_bg":"","ocean_menu_social_links_color":"","ocean_menu_social_hover_links_color":"","ocean_disable_title":"default","ocean_disable_heading":"default","ocean_post_title":"","ocean_post_subheading":"","ocean_post_title_style":"","ocean_post_title_background_color":"","ocean_post_title_background":0,"ocean_post_title_bg_image_position":"","ocean_post_title_bg_image_attachment":"","ocean_post_title_bg_image_repeat":"","ocean_post_title_bg_image_size":"","ocean_post_title_height":0,"ocean_post_title_bg_overlay":0.5,"ocean_post_title_bg_overlay_color":"","ocean_disable_breadcrumbs":"default","ocean_breadcrumbs_color":"","ocean_breadcrumbs_separator_color":"","ocean_breadcrumbs_links_color":"","ocean_breadcrumbs_links_hover_color":"","ocean_display_footer_widgets":"default","ocean_display_footer_bottom":"default","ocean_custom_footer_template":"0","osh_disable_topbar_sticky":"default","osh_disable_header_sticky":"default","osh_sticky_header_style":"default","osh_sticky_header_effect":"","osh_custom_sticky_logo":0,"osh_custom_retina_sticky_logo":0,"osh_custom_sticky_logo_height":0,"osh_background_color":"","osh_links_color":"","osh_links_hover_color":"","osh_links_active_color":"","osh_links_bg_color":"","osh_links_hover_bg_color":"","osh_links_active_bg_color":"","osh_menu_social_links_color":"","osh_menu_social_hover_links_color":""},"product_brand":[],"product_cat":[38,37],"product_tag":[194,195,193],"class_list":{"0":"post-3317","1":"product","2":"type-product","3":"status-publish","4":"has-post-thumbnail","6":"product_cat-electric-pressure-relief-pumps","7":"product_cat-single-line-grease-systems","8":"product_tag-centralized-lubrication-pump","9":"product_tag-lube-piston-pump","10":"product_tag-lubrication-pumps","12":"entry","13":"has-media","15":"first","16":"instock","17":"shipping-taxable","18":"product-type-external","19":"col","20":"span_1_of_3","21":"owp-content-center","22":"owp-thumbs-layout-horizontal","23":"owp-btn-very-big","24":"owp-tabs-layout-horizontal"},"_links":{"self":[{"href":"https:\/\/www.jinpinlub.com\/de\/wp-json\/wp\/v2\/product\/3317","targetHints":{"allow":["GET"]}}],"collection":[{"href":"https:\/\/www.jinpinlub.com\/de\/wp-json\/wp\/v2\/product"}],"about":[{"href":"https:\/\/www.jinpinlub.com\/de\/wp-json\/wp\/v2\/types\/product"}],"wp:featuredmedia":[{"embeddable":true,"href":"https:\/\/www.jinpinlub.com\/de\/wp-json\/wp\/v2\/media\/3244"}],"wp:attachment":[{"href":"https:\/\/www.jinpinlub.com\/de\/wp-json\/wp\/v2\/media?parent=3317"}],"wp:term":[{"taxonomy":"product_brand","embeddable":true,"href":"https:\/\/www.jinpinlub.com\/de\/wp-json\/wp\/v2\/product_brand?post=3317"},{"taxonomy":"product_cat","embeddable":true,"href":"https:\/\/www.jinpinlub.com\/de\/wp-json\/wp\/v2\/product_cat?post=3317"},{"taxonomy":"product_tag","embeddable":true,"href":"https:\/\/www.jinpinlub.com\/de\/wp-json\/wp\/v2\/product_tag?post=3317"}],"curies":[{"name":"wp","href":"https:\/\/api.w.org\/{rel}","templated":true}]}}