{"id":3329,"date":"2024-08-20T04:43:19","date_gmt":"2024-08-19T20:43:19","guid":{"rendered":"https:\/\/www.jinpinlub.com\/?post_type=product&#038;p=3329"},"modified":"2024-08-20T04:54:17","modified_gmt":"2024-08-19T20:54:17","slug":"j203-progressive-elektrische-fettpumpe-fur-den-mobilen-einsatz","status":"publish","type":"product","link":"https:\/\/www.jinpinlub.com\/de\/product\/j203-progressive-electric-grease-pump-for-mobile-application\/","title":{"rendered":"J203 Progressive elektrische Fettpumpe f\u00fcr den mobilen Einsatz"},"content":{"rendered":"<h2>Merkmale<\/h2>\n<p><span id=\"input-sentence~0\">Vielseitigkeit: Je nach Leitungsl\u00e4nge k\u00f6nnen bis zu 150 Schmierstellen versorgt werden.<br \/>\nKomponenten: Die Pumpe besteht aus einem Geh\u00e4use mit integriertem Motor, einem Vorratsbeh\u00e4lter mit R\u00fchrfl\u00fcgel, einem Pumpenelement, optional inklusive \u00dcberdruckventil, einem Einf\u00fcllstutzen und elektrischen Anschlussteilen.<\/span><span id=\"input-sentence~1\"><br \/>\nAnwendungen: Geeignet f\u00fcr mobile Anwendungen wie Radlader und Bagger sowie kleine und mittelgro\u00dfe Maschinen in der allgemeinen Industrie.<br \/>\nBetriebsbedingungen: Es arbeitet effizient in einem weiten Temperaturbereich und kann sowohl Fett bis NLGI 2 als auch \u00d6l mit unterschiedlichen Viskosit\u00e4ten verarbeiten.<\/span><\/p>\n<h2>Spezifikation<\/h2>\n<table>\n<tbody>\n<tr>\n<td>Betriebstemperatur<\/td>\n<td>(-40\u00b0C bis +70\u00b0C)<\/td>\n<\/tr>\n<tr>\n<td>Anzahl der Filialen<\/td>\n<td>1, 2 oder 3<\/td>\n<\/tr>\n<tr>\n<td>Reservoirkapazit\u00e4t<\/td>\n<td>2 l, 4 l, 8 l<\/td>\n<\/tr>\n<tr>\n<td>Nachf\u00fcllen<\/td>\n<td>Hydraulischer Schmiernippel oder von oben<\/td>\n<\/tr>\n<tr>\n<td>Schmiermittel<\/td>\n<td>Fette mindestens der NLGI-Klasse 2, \u00d6le bis 40mm\u00b2\/s (cSt) bei 40\u00b0 C<\/td>\n<\/tr>\n<tr>\n<td>Schutzklasse<\/td>\n<td>IP6K 9K<\/td>\n<\/tr>\n<tr>\n<td>Kolbendurchmesser, K5<\/td>\n<td>5 mm, ca. 2 cm\u00b3\/min<\/td>\n<\/tr>\n<tr>\n<td>Kolbendurchmesser, (Standard) K6<\/td>\n<td>6mm, ca. 2,8cm\u00b3\/min<\/td>\n<\/tr>\n<tr>\n<td>Kolbendurchmesser, K7<\/td>\n<td>7 mm, ca. 4 cm\u00b3\/min<\/td>\n<\/tr>\n<tr>\n<td>Max. Betriebsdruck<\/td>\n<td>350 bar<\/td>\n<\/tr>\n<tr>\n<td>Anschlussgewinde<\/td>\n<td>G 1\/4<\/td>\n<\/tr>\n<tr>\n<td>Betriebsspannung<\/td>\n<td>12 V Gleichstrom, 24 V Gleichstrom, 110-240 V Wechselstrom<\/td>\n<\/tr>\n<\/tbody>\n<\/table>\n<h2>Anwendungen<\/h2>\n<p>Inspektion: \u00dcberpr\u00fcfen Sie die Schmierpumpe regelm\u00e4\u00dfig auf Anzeichen von Verschlei\u00df, Besch\u00e4digungen oder Lecks. Alle Verbindungen m\u00fcssen dicht sein und d\u00fcrfen keine Verstopfungen in den Schmierleitungen aufweisen.<br \/>\nFilterwechsel: Wenn an der Pumpe ein Filter angebracht ist, reinigen oder ersetzen Sie ihn nach Bedarf, um sicherzustellen, dass das Schmiermittel frei von Verunreinigungen ist.<br \/>\n\u00dcberpr\u00fcfen Sie das Pumpenelement auf Anzeichen von Verschlei\u00df oder Besch\u00e4digung und ersetzen Sie es bei Verschlei\u00df oder Besch\u00e4digung, um einen effizienten Betrieb sicherzustellen.<br \/>\nElektrische Anschl\u00fcsse: Stellen Sie sicher, dass alle elektrischen Anschl\u00fcsse fest sind. \u00dcberpr\u00fcfen Sie die Anschl\u00fcsse auf Anzeichen von Korrosion oder Verschlei\u00df.<br \/>\nTemperatur: Stellen Sie sicher, dass die Betriebstemperatur der Fettpumpe im angegebenen Bereich liegt. \u00dcberm\u00e4\u00dfige Hitze kann auf ein Problem hinweisen, das behoben werden muss.<\/p>\n<h2>Benutzerhandb\u00fccher<\/h2>\n<div class=\"sdm_download_button_box_default\"><div class=\"sdm_download_link\"><a href=\"https:\/\/www.jinpinlub.com\/de\/?sdm_process_download=1&download_id=2429\" class=\"sdm_download white\" title=\"Privat: J203 Grease Pump\" target=\"&quot;_blank&quot;\">Datenblatt anzeigen - J203 Fettpumpe<\/a><\/div><\/div>","protected":false},"excerpt":{"rendered":"<p>Die Schmierpumpe J203 ist ein elektrisches Schmierger\u00e4t mit mehreren Ausg\u00e4ngen, das in progressiven Verteilerventilsystemen verwendet wird. Diese Pumpe kann bis zu 3 unabh\u00e4ngige Pumpenkomponenten aufnehmen und Schmierstellen direkt oder \u00fcber ein Verteilernetz mit \u00d6l versorgen.<\/p>","protected":false},"featured_media":3254,"template":"","meta":{"ocean_post_layout":"","ocean_both_sidebars_style":"","ocean_both_sidebars_content_width":0,"ocean_both_sidebars_sidebars_width":0,"ocean_sidebar":"0","ocean_second_sidebar":"0","ocean_disable_margins":"enable","ocean_add_body_class":"","ocean_shortcode_before_top_bar":"","ocean_shortcode_after_top_bar":"","ocean_shortcode_before_header":"","ocean_shortcode_after_header":"","ocean_has_shortcode":"","ocean_shortcode_after_title":"","ocean_shortcode_before_footer_widgets":"","ocean_shortcode_after_footer_widgets":"","ocean_shortcode_before_footer_bottom":"","ocean_shortcode_after_footer_bottom":"","ocean_display_top_bar":"default","ocean_display_header":"default","ocean_header_style":"","ocean_center_header_left_menu":"0","ocean_custom_header_template":"0","ocean_custom_logo":0,"ocean_custom_retina_logo":0,"ocean_custom_logo_max_width":0,"ocean_custom_logo_tablet_max_width":0,"ocean_custom_logo_mobile_max_width":0,"ocean_custom_logo_max_height":0,"ocean_custom_logo_tablet_max_height":0,"ocean_custom_logo_mobile_max_height":0,"ocean_header_custom_menu":"0","ocean_menu_typo_font_family":"0","ocean_menu_typo_font_subset":"","ocean_menu_typo_font_size":0,"ocean_menu_typo_font_size_tablet":0,"ocean_menu_typo_font_size_mobile":0,"ocean_menu_typo_font_size_unit":"px","ocean_menu_typo_font_weight":"","ocean_menu_typo_font_weight_tablet":"","ocean_menu_typo_font_weight_mobile":"","ocean_menu_typo_transform":"","ocean_menu_typo_transform_tablet":"","ocean_menu_typo_transform_mobile":"","ocean_menu_typo_line_height":0,"ocean_menu_typo_line_height_tablet":0,"ocean_menu_typo_line_height_mobile":0,"ocean_menu_typo_line_height_unit":"","ocean_menu_typo_spacing":0,"ocean_menu_typo_spacing_tablet":0,"ocean_menu_typo_spacing_mobile":0,"ocean_menu_typo_spacing_unit":"","ocean_menu_link_color":"","ocean_menu_link_color_hover":"","ocean_menu_link_color_active":"","ocean_menu_link_background":"","ocean_menu_link_hover_background":"","ocean_menu_link_active_background":"","ocean_menu_social_links_bg":"","ocean_menu_social_hover_links_bg":"","ocean_menu_social_links_color":"","ocean_menu_social_hover_links_color":"","ocean_disable_title":"default","ocean_disable_heading":"default","ocean_post_title":"","ocean_post_subheading":"","ocean_post_title_style":"","ocean_post_title_background_color":"","ocean_post_title_background":0,"ocean_post_title_bg_image_position":"","ocean_post_title_bg_image_attachment":"","ocean_post_title_bg_image_repeat":"","ocean_post_title_bg_image_size":"","ocean_post_title_height":0,"ocean_post_title_bg_overlay":0.5,"ocean_post_title_bg_overlay_color":"","ocean_disable_breadcrumbs":"default","ocean_breadcrumbs_color":"","ocean_breadcrumbs_separator_color":"","ocean_breadcrumbs_links_color":"","ocean_breadcrumbs_links_hover_color":"","ocean_display_footer_widgets":"default","ocean_display_footer_bottom":"default","ocean_custom_footer_template":"0","osh_disable_topbar_sticky":"default","osh_disable_header_sticky":"default","osh_sticky_header_style":"default","osh_sticky_header_effect":"","osh_custom_sticky_logo":0,"osh_custom_retina_sticky_logo":0,"osh_custom_sticky_logo_height":0,"osh_background_color":"","osh_links_color":"","osh_links_hover_color":"","osh_links_active_color":"","osh_links_bg_color":"","osh_links_hover_bg_color":"","osh_links_active_bg_color":"","osh_menu_social_links_color":"","osh_menu_social_hover_links_color":""},"product_brand":[],"product_cat":[42,41],"product_tag":[201,78,202],"class_list":{"0":"post-3329","1":"product","2":"type-product","3":"status-publish","4":"has-post-thumbnail","6":"product_cat-electric-progressive-pumps","7":"product_cat-progressive-grease-systems","8":"product_tag-bulldozer-lubrication-pump","9":"product_tag-excavator-lubrication-pump","10":"product_tag-skf-lubrication-pump","12":"entry","13":"has-media","15":"first","16":"instock","17":"shipping-taxable","18":"product-type-external","19":"col","20":"span_1_of_3","21":"owp-content-center","22":"owp-thumbs-layout-horizontal","23":"owp-btn-very-big","24":"owp-tabs-layout-horizontal"},"_links":{"self":[{"href":"https:\/\/www.jinpinlub.com\/de\/wp-json\/wp\/v2\/product\/3329","targetHints":{"allow":["GET"]}}],"collection":[{"href":"https:\/\/www.jinpinlub.com\/de\/wp-json\/wp\/v2\/product"}],"about":[{"href":"https:\/\/www.jinpinlub.com\/de\/wp-json\/wp\/v2\/types\/product"}],"wp:featuredmedia":[{"embeddable":true,"href":"https:\/\/www.jinpinlub.com\/de\/wp-json\/wp\/v2\/media\/3254"}],"wp:attachment":[{"href":"https:\/\/www.jinpinlub.com\/de\/wp-json\/wp\/v2\/media?parent=3329"}],"wp:term":[{"taxonomy":"product_brand","embeddable":true,"href":"https:\/\/www.jinpinlub.com\/de\/wp-json\/wp\/v2\/product_brand?post=3329"},{"taxonomy":"product_cat","embeddable":true,"href":"https:\/\/www.jinpinlub.com\/de\/wp-json\/wp\/v2\/product_cat?post=3329"},{"taxonomy":"product_tag","embeddable":true,"href":"https:\/\/www.jinpinlub.com\/de\/wp-json\/wp\/v2\/product_tag?post=3329"}],"curies":[{"name":"wp","href":"https:\/\/api.w.org\/{rel}","templated":true}]}}