{"id":3334,"date":"2024-08-20T05:17:04","date_gmt":"2024-08-19T21:17:04","guid":{"rendered":"https:\/\/www.jinpinlub.com\/?post_type=product&#038;p=3334"},"modified":"2024-08-20T05:22:58","modified_gmt":"2024-08-19T21:22:58","slug":"j203-automatische-schmiersystemausrustung-fur-offroad-ausrustung","status":"publish","type":"product","link":"https:\/\/www.jinpinlub.com\/de\/product\/j203-automatic-lube-system-equipment-for-off-road-equipment\/","title":{"rendered":"J203 Automatische Schmiersystemausr\u00fcstung f\u00fcr Offroad-Ausr\u00fcstung"},"content":{"rendered":"<h2>Merkmale<\/h2>\n<p>Hauptfunktionen der Leiterplatte:<br \/>\nAutomatische Steuerung: Automatische Steuerung des Betriebs der Schmierpumpe gem\u00e4\u00df dem voreingestellten Programm, einschlie\u00dflich Start-, Stopp- und Schmierzyklus der elektrischen Schmierpumpe.<br \/>\n\u00dcberwachung des Schmierprozesses: \u00dcberwachen Sie den Schmierfluss und den Systemdruck, um den normalen Betrieb des Schmiersystems sicherzustellen.<br \/>\nFehleralarm: Wenn ein Fehler im Schmiersystem erkannt wird, z. B. ein niedriger \u00d6lstand oder ein Ausfall der Schmierpumpe, wird die Schmierung automatisch gestoppt und ein Alarm ausgegeben.<br \/>\nPr\u00e4zise Schmierung: Das PCB-Panel sorgt daf\u00fcr, dass das Schmiermittel bei Bedarf pr\u00e4zise an die Schmierstelle geliefert wird, indem es den Betrieb der Schmierpumpe steuert und \u00dcber- oder Unterschmierung vermeidet. Gleichzeitig kann die Echtzeit\u00fcberwachung des Status des Schmiersystems Probleme erkennen, bevor Ausf\u00e4lle auftreten.<\/p>\n<h2>Spezifikation<\/h2>\n<table>\n<tbody>\n<tr>\n<td>Betriebstemperatur<\/td>\n<td>(-40\u00b0C bis +70\u00b0C)<\/td>\n<\/tr>\n<tr>\n<td>Anzahl der Filialen<\/td>\n<td>1, 2 oder 3<\/td>\n<\/tr>\n<tr>\n<td>Reservoirkapazit\u00e4t<\/td>\n<td>2 l, 4 l, 8 l<\/td>\n<\/tr>\n<tr>\n<td>Nachf\u00fcllen<\/td>\n<td>Hydraulischer Schmiernippel oder von oben<\/td>\n<\/tr>\n<tr>\n<td>Schmiermittel<\/td>\n<td>Fette mindestens der NLGI-Klasse 2, \u00d6le bis 40mm\u00b2\/s (cSt) bei 40\u00b0 C<\/td>\n<\/tr>\n<tr>\n<td>Schutzklasse<\/td>\n<td>IP6K 9K<\/td>\n<\/tr>\n<tr>\n<td>Kolbendurchmesser, K5<\/td>\n<td>5 mm, ca. 2 cm\u00b3\/min<\/td>\n<\/tr>\n<tr>\n<td>Kolbendurchmesser, (Standard) K6<\/td>\n<td>6mm, ca. 2,8cm\u00b3\/min<\/td>\n<\/tr>\n<tr>\n<td>Kolbendurchmesser, K7<\/td>\n<td>7 mm, ca. 4 cm\u00b3\/min<\/td>\n<\/tr>\n<tr>\n<td>Max. Betriebsdruck<\/td>\n<td>350 bar<\/td>\n<\/tr>\n<tr>\n<td>Anschlussgewinde<\/td>\n<td>G 1\/4<\/td>\n<\/tr>\n<tr>\n<td>Betriebsspannung<\/td>\n<td>12 V Gleichstrom, 24 V Gleichstrom, 110-240 V Wechselstrom<\/td>\n<\/tr>\n<\/tbody>\n<\/table>\n<h2>Anwendung<\/h2>\n<p><span id=\"input-sentence~0\">Bestimmen Sie, ob die Schmierpumpe ausgetauscht werden muss.<br \/>\nLeistungseinbu\u00dfe: Dies geschieht, wenn die F\u00f6rderleistung der Schmierpumpe nachl\u00e4sst oder der F\u00f6rderdruck sinkt. Dies kann auf den Verschlei\u00df oder die Alterung der inneren Teile der Pumpe zur\u00fcckzuf\u00fchren sein.<\/span><span id=\"input-sentence~1\"><br \/>\nUngew\u00f6hnliche Ger\u00e4usche: Wenn beim Betrieb einer Schmierpumpe ungew\u00f6hnliche Ger\u00e4usche wie Summen oder Knarren auftreten, kann dies ein Anzeichen daf\u00fcr sein, dass ihre inneren Teile besch\u00e4digt oder locker sind.<br \/>\nPumpenleckage: Wenn Schmierstoff aus dem Geh\u00e4use oder der Rohrschnittstelle einer Schmierpumpe austritt, kann dies an einer besch\u00e4digten oder gealterten Dichtung liegen.<br \/>\nLebensdauer: Gem\u00e4\u00df der Bedienungsanleitung der Schmierpumpe muss die Schmierpumpe ausgetauscht werden, wenn sie ihre empfohlene Lebensdauer erreicht hat.<\/span><\/p>\n<h2>Benutzerhandb\u00fccher<\/h2>\n<div class=\"sdm_download_button_box_default\"><div class=\"sdm_download_link\"><a href=\"https:\/\/www.jinpinlub.com\/de\/?sdm_process_download=1&download_id=2429\" class=\"sdm_download white\" title=\"Privat: J203 Grease Pump\" target=\"&quot;_blank&quot;\">Datenblatt anzeigen - J203 Fettpumpe<\/a><\/div><\/div>","protected":false},"excerpt":{"rendered":"<p>Das PCB-Panel der J203-Schmierpumpe erm\u00f6glicht die automatische Steuerung des zentralen Schmiersystems. Es kann den Schmierzyklus und die Durchflussrate entsprechend den tats\u00e4chlichen Anforderungen des Ger\u00e4ts anpassen, um sicherzustellen, dass das Ger\u00e4t ordnungsgem\u00e4\u00df geschmiert wird.<\/p>","protected":false},"featured_media":3271,"template":"","meta":{"ocean_post_layout":"","ocean_both_sidebars_style":"","ocean_both_sidebars_content_width":0,"ocean_both_sidebars_sidebars_width":0,"ocean_sidebar":"0","ocean_second_sidebar":"0","ocean_disable_margins":"enable","ocean_add_body_class":"","ocean_shortcode_before_top_bar":"","ocean_shortcode_after_top_bar":"","ocean_shortcode_before_header":"","ocean_shortcode_after_header":"","ocean_has_shortcode":"","ocean_shortcode_after_title":"","ocean_shortcode_before_footer_widgets":"","ocean_shortcode_after_footer_widgets":"","ocean_shortcode_before_footer_bottom":"","ocean_shortcode_after_footer_bottom":"","ocean_display_top_bar":"default","ocean_display_header":"default","ocean_header_style":"","ocean_center_header_left_menu":"0","ocean_custom_header_template":"0","ocean_custom_logo":0,"ocean_custom_retina_logo":0,"ocean_custom_logo_max_width":0,"ocean_custom_logo_tablet_max_width":0,"ocean_custom_logo_mobile_max_width":0,"ocean_custom_logo_max_height":0,"ocean_custom_logo_tablet_max_height":0,"ocean_custom_logo_mobile_max_height":0,"ocean_header_custom_menu":"0","ocean_menu_typo_font_family":"0","ocean_menu_typo_font_subset":"","ocean_menu_typo_font_size":0,"ocean_menu_typo_font_size_tablet":0,"ocean_menu_typo_font_size_mobile":0,"ocean_menu_typo_font_size_unit":"px","ocean_menu_typo_font_weight":"","ocean_menu_typo_font_weight_tablet":"","ocean_menu_typo_font_weight_mobile":"","ocean_menu_typo_transform":"","ocean_menu_typo_transform_tablet":"","ocean_menu_typo_transform_mobile":"","ocean_menu_typo_line_height":0,"ocean_menu_typo_line_height_tablet":0,"ocean_menu_typo_line_height_mobile":0,"ocean_menu_typo_line_height_unit":"","ocean_menu_typo_spacing":0,"ocean_menu_typo_spacing_tablet":0,"ocean_menu_typo_spacing_mobile":0,"ocean_menu_typo_spacing_unit":"","ocean_menu_link_color":"","ocean_menu_link_color_hover":"","ocean_menu_link_color_active":"","ocean_menu_link_background":"","ocean_menu_link_hover_background":"","ocean_menu_link_active_background":"","ocean_menu_social_links_bg":"","ocean_menu_social_hover_links_bg":"","ocean_menu_social_links_color":"","ocean_menu_social_hover_links_color":"","ocean_disable_title":"default","ocean_disable_heading":"default","ocean_post_title":"","ocean_post_subheading":"","ocean_post_title_style":"","ocean_post_title_background_color":"","ocean_post_title_background":0,"ocean_post_title_bg_image_position":"","ocean_post_title_bg_image_attachment":"","ocean_post_title_bg_image_repeat":"","ocean_post_title_bg_image_size":"","ocean_post_title_height":0,"ocean_post_title_bg_overlay":0.5,"ocean_post_title_bg_overlay_color":"","ocean_disable_breadcrumbs":"default","ocean_breadcrumbs_color":"","ocean_breadcrumbs_separator_color":"","ocean_breadcrumbs_links_color":"","ocean_breadcrumbs_links_hover_color":"","ocean_display_footer_widgets":"default","ocean_display_footer_bottom":"default","ocean_custom_footer_template":"0","osh_disable_topbar_sticky":"default","osh_disable_header_sticky":"default","osh_sticky_header_style":"default","osh_sticky_header_effect":"","osh_custom_sticky_logo":0,"osh_custom_retina_sticky_logo":0,"osh_custom_sticky_logo_height":0,"osh_background_color":"","osh_links_color":"","osh_links_hover_color":"","osh_links_active_color":"","osh_links_bg_color":"","osh_links_hover_bg_color":"","osh_links_active_bg_color":"","osh_menu_social_links_color":"","osh_menu_social_hover_links_color":""},"product_brand":[],"product_cat":[42,41],"product_tag":[209,208,210],"class_list":{"0":"post-3334","1":"product","2":"type-product","3":"status-publish","4":"has-post-thumbnail","6":"product_cat-electric-progressive-pumps","7":"product_cat-progressive-grease-systems","8":"product_tag-grease-lube-system","9":"product_tag-lubrication-equipment","10":"product_tag-p203-lubrication-pump","12":"entry","13":"has-media","15":"first","16":"instock","17":"shipping-taxable","18":"product-type-external","19":"col","20":"span_1_of_3","21":"owp-content-center","22":"owp-thumbs-layout-horizontal","23":"owp-btn-very-big","24":"owp-tabs-layout-horizontal"},"_links":{"self":[{"href":"https:\/\/www.jinpinlub.com\/de\/wp-json\/wp\/v2\/product\/3334","targetHints":{"allow":["GET"]}}],"collection":[{"href":"https:\/\/www.jinpinlub.com\/de\/wp-json\/wp\/v2\/product"}],"about":[{"href":"https:\/\/www.jinpinlub.com\/de\/wp-json\/wp\/v2\/types\/product"}],"wp:featuredmedia":[{"embeddable":true,"href":"https:\/\/www.jinpinlub.com\/de\/wp-json\/wp\/v2\/media\/3271"}],"wp:attachment":[{"href":"https:\/\/www.jinpinlub.com\/de\/wp-json\/wp\/v2\/media?parent=3334"}],"wp:term":[{"taxonomy":"product_brand","embeddable":true,"href":"https:\/\/www.jinpinlub.com\/de\/wp-json\/wp\/v2\/product_brand?post=3334"},{"taxonomy":"product_cat","embeddable":true,"href":"https:\/\/www.jinpinlub.com\/de\/wp-json\/wp\/v2\/product_cat?post=3334"},{"taxonomy":"product_tag","embeddable":true,"href":"https:\/\/www.jinpinlub.com\/de\/wp-json\/wp\/v2\/product_tag?post=3334"}],"curies":[{"name":"wp","href":"https:\/\/api.w.org\/{rel}","templated":true}]}}