{"id":3343,"date":"2024-08-22T13:01:03","date_gmt":"2024-08-22T05:01:03","guid":{"rendered":"https:\/\/www.jinpinlub.com\/?post_type=product&#038;p=3343"},"modified":"2024-08-22T13:05:21","modified_gmt":"2024-08-22T05:05:21","slug":"j203-24-vdc-fettschmiersysteme-mit-niedrigfullstandssensor","status":"publish","type":"product","link":"https:\/\/www.jinpinlub.com\/de\/product\/j203-24vdc-grease-lubrication-systems-with-low-level-sensor\/","title":{"rendered":"J203 24VDC Fettschmiersysteme mit Niedrigf\u00fcllstandssensor"},"content":{"rendered":"<h2>Merkmale<\/h2>\n<p><span id=\"input-sentence~0\">Automatische Schmiermaschine: Die elektrische Schmierpumpe J203 und das progressive Dosierger\u00e4t bilden eine Schmiermaschine, die mechanisch schmieren kann.<br \/>\nTimer und Niedrigniveausensor: Die Schmierpumpe kann mit einem Timer und einem Niedrigniveauschalter ausgestattet sein. Wenn der Schmiermittelstand zu niedrig ist, schaltet die Maschine die Pumpe automatisch ab, um Sch\u00e4den durch Leerlauf der Pumpe zu vermeiden.<\/span><span id=\"input-sentence~1\"><br \/>\nVielseitigkeit: Der J203 ist unglaublich vielseitig. Er ist mit einem R\u00fchrpaddel und einem Wischerarm ausgestattet, um eine Schmierstofftrennung zu verhindern, und eignet sich f\u00fcr eine Vielzahl industrieller Anwendungen.<br \/>\nLanglebiges Design: Die Pumpe verf\u00fcgt \u00fcber ein sorgf\u00e4ltig konzipiertes Teillastdruckdesign, um das Gewicht und die Belastung der Motor- und Pumpenkomponenten zu begrenzen, was die Lebensdauer der Pumpe verl\u00e4ngert und ihre Zuverl\u00e4ssigkeit verbessert.<\/span><\/p>\n<h2>Spezifikation<\/h2>\n<table>\n<tbody>\n<tr>\n<td>Betriebstemperatur<\/td>\n<td>(-40\u00b0C bis +70\u00b0C)<\/td>\n<\/tr>\n<tr>\n<td>Anzahl der Filialen<\/td>\n<td>1, 2 oder 3<\/td>\n<\/tr>\n<tr>\n<td>Reservoirkapazit\u00e4t<\/td>\n<td>2 l, 4 l, 8 l<\/td>\n<\/tr>\n<tr>\n<td>Nachf\u00fcllen<\/td>\n<td>Hydraulischer Schmiernippel oder von oben<\/td>\n<\/tr>\n<tr>\n<td>Schmiermittel<\/td>\n<td>Fette mindestens der NLGI-Klasse 2, \u00d6le bis 40mm\u00b2\/s (cSt) bei 40\u00b0 C<\/td>\n<\/tr>\n<tr>\n<td>Schutzklasse<\/td>\n<td>IP6K 9K<\/td>\n<\/tr>\n<tr>\n<td>Kolbendurchmesser, K5<\/td>\n<td>5 mm, ca. 2 cm\u00b3\/min<\/td>\n<\/tr>\n<tr>\n<td>Kolbendurchmesser, (Standard) K6<\/td>\n<td>6mm, ca. 2,8cm\u00b3\/min<\/td>\n<\/tr>\n<tr>\n<td>Kolbendurchmesser, K7<\/td>\n<td>7 mm, ca. 4 cm\u00b3\/min<\/td>\n<\/tr>\n<tr>\n<td>Max. Betriebsdruck<\/td>\n<td>350 bar<\/td>\n<\/tr>\n<tr>\n<td>Anschlussgewinde<\/td>\n<td>G 1\/4<\/td>\n<\/tr>\n<tr>\n<td>Betriebsspannung<\/td>\n<td>12 V Gleichstrom, 24 V Gleichstrom, 110-240 V Wechselstrom<\/td>\n<\/tr>\n<\/tbody>\n<\/table>\n<h2>Anwendungen<\/h2>\n<p>Fertigung: Wird zur Schmierung zahlreicher mechanischer Ger\u00e4te verwendet, einschlie\u00dflich Systemgetrieben, F\u00f6rderb\u00e4ndern und kommerziellen Robotern.<br \/>\nAutomobilindustrie: Geeignet f\u00fcr Schmiersysteme von Fahrzeugmontagelinien und Anlagen zur Teilefertigung.<br \/>\nEnergieunternehmen: bietet Schmierdienste f\u00fcr gro\u00dfe Ger\u00e4te an, darunter Windm\u00fchlen und \u00d6lbohrger\u00e4te.<br \/>\nLebensmittelverarbeitung: Diese Schmierpumpe kann f\u00fcr Schmierpumpen von Lebensmittelverarbeitungsger\u00e4ten verwendet werden, um Sicherheit und Hygiene zu gew\u00e4hrleisten.<\/p>\n<h2>Benutzerhandb\u00fccher<\/h2>\n<div class=\"sdm_download_button_box_default\"><div class=\"sdm_download_link\"><a href=\"https:\/\/www.jinpinlub.com\/de\/?sdm_process_download=1&download_id=2429\" class=\"sdm_download white\" title=\"Privat: J203 Grease Pump\" target=\"&quot;_blank&quot;\">Datenblatt anzeigen - J203 Fettpumpe<\/a><\/div><\/div>","protected":false},"excerpt":{"rendered":"<p>Die elektrische Schmierpumpe J203 ist als zuverl\u00e4ssiger und einfacher Ersatz f\u00fcr manuelle Schmierung konzipiert. Sie kann mit einem Controller zur \u00dcberwachung des Schmiervorgangs ausgestattet werden. Die Bedienoberfl\u00e4che ist einfach, sodass Benutzer die Schmierparameter problemlos einstellen k\u00f6nnen.<\/p>","protected":false},"featured_media":3344,"template":"","meta":{"ocean_post_layout":"","ocean_both_sidebars_style":"","ocean_both_sidebars_content_width":0,"ocean_both_sidebars_sidebars_width":0,"ocean_sidebar":"0","ocean_second_sidebar":"0","ocean_disable_margins":"enable","ocean_add_body_class":"","ocean_shortcode_before_top_bar":"","ocean_shortcode_after_top_bar":"","ocean_shortcode_before_header":"","ocean_shortcode_after_header":"","ocean_has_shortcode":"","ocean_shortcode_after_title":"","ocean_shortcode_before_footer_widgets":"","ocean_shortcode_after_footer_widgets":"","ocean_shortcode_before_footer_bottom":"","ocean_shortcode_after_footer_bottom":"","ocean_display_top_bar":"default","ocean_display_header":"default","ocean_header_style":"","ocean_center_header_left_menu":"0","ocean_custom_header_template":"0","ocean_custom_logo":0,"ocean_custom_retina_logo":0,"ocean_custom_logo_max_width":0,"ocean_custom_logo_tablet_max_width":0,"ocean_custom_logo_mobile_max_width":0,"ocean_custom_logo_max_height":0,"ocean_custom_logo_tablet_max_height":0,"ocean_custom_logo_mobile_max_height":0,"ocean_header_custom_menu":"0","ocean_menu_typo_font_family":"0","ocean_menu_typo_font_subset":"","ocean_menu_typo_font_size":0,"ocean_menu_typo_font_size_tablet":0,"ocean_menu_typo_font_size_mobile":0,"ocean_menu_typo_font_size_unit":"px","ocean_menu_typo_font_weight":"","ocean_menu_typo_font_weight_tablet":"","ocean_menu_typo_font_weight_mobile":"","ocean_menu_typo_transform":"","ocean_menu_typo_transform_tablet":"","ocean_menu_typo_transform_mobile":"","ocean_menu_typo_line_height":0,"ocean_menu_typo_line_height_tablet":0,"ocean_menu_typo_line_height_mobile":0,"ocean_menu_typo_line_height_unit":"","ocean_menu_typo_spacing":0,"ocean_menu_typo_spacing_tablet":0,"ocean_menu_typo_spacing_mobile":0,"ocean_menu_typo_spacing_unit":"","ocean_menu_link_color":"","ocean_menu_link_color_hover":"","ocean_menu_link_color_active":"","ocean_menu_link_background":"","ocean_menu_link_hover_background":"","ocean_menu_link_active_background":"","ocean_menu_social_links_bg":"","ocean_menu_social_hover_links_bg":"","ocean_menu_social_links_color":"","ocean_menu_social_hover_links_color":"","ocean_disable_title":"default","ocean_disable_heading":"default","ocean_post_title":"","ocean_post_subheading":"","ocean_post_title_style":"","ocean_post_title_background_color":"","ocean_post_title_background":0,"ocean_post_title_bg_image_position":"","ocean_post_title_bg_image_attachment":"","ocean_post_title_bg_image_repeat":"","ocean_post_title_bg_image_size":"","ocean_post_title_height":0,"ocean_post_title_bg_overlay":0.5,"ocean_post_title_bg_overlay_color":"","ocean_disable_breadcrumbs":"default","ocean_breadcrumbs_color":"","ocean_breadcrumbs_separator_color":"","ocean_breadcrumbs_links_color":"","ocean_breadcrumbs_links_hover_color":"","ocean_display_footer_widgets":"default","ocean_display_footer_bottom":"default","ocean_custom_footer_template":"0","osh_disable_topbar_sticky":"default","osh_disable_header_sticky":"default","osh_sticky_header_style":"default","osh_sticky_header_effect":"","osh_custom_sticky_logo":0,"osh_custom_retina_sticky_logo":0,"osh_custom_sticky_logo_height":0,"osh_background_color":"","osh_links_color":"","osh_links_hover_color":"","osh_links_active_color":"","osh_links_bg_color":"","osh_links_hover_bg_color":"","osh_links_active_bg_color":"","osh_menu_social_links_color":"","osh_menu_social_hover_links_color":""},"product_brand":[],"product_cat":[42,41],"product_tag":[76,223,224],"class_list":{"0":"post-3343","1":"product","2":"type-product","3":"status-publish","4":"has-post-thumbnail","6":"product_cat-electric-progressive-pumps","7":"product_cat-progressive-grease-systems","8":"product_tag-electric-lubrication-system","9":"product_tag-grease-oil-pumps","10":"product_tag-multiport-lubrication","12":"entry","13":"has-media","15":"first","16":"instock","17":"shipping-taxable","18":"product-type-external","19":"col","20":"span_1_of_3","21":"owp-content-center","22":"owp-thumbs-layout-horizontal","23":"owp-btn-very-big","24":"owp-tabs-layout-horizontal"},"_links":{"self":[{"href":"https:\/\/www.jinpinlub.com\/de\/wp-json\/wp\/v2\/product\/3343","targetHints":{"allow":["GET"]}}],"collection":[{"href":"https:\/\/www.jinpinlub.com\/de\/wp-json\/wp\/v2\/product"}],"about":[{"href":"https:\/\/www.jinpinlub.com\/de\/wp-json\/wp\/v2\/types\/product"}],"wp:featuredmedia":[{"embeddable":true,"href":"https:\/\/www.jinpinlub.com\/de\/wp-json\/wp\/v2\/media\/3344"}],"wp:attachment":[{"href":"https:\/\/www.jinpinlub.com\/de\/wp-json\/wp\/v2\/media?parent=3343"}],"wp:term":[{"taxonomy":"product_brand","embeddable":true,"href":"https:\/\/www.jinpinlub.com\/de\/wp-json\/wp\/v2\/product_brand?post=3343"},{"taxonomy":"product_cat","embeddable":true,"href":"https:\/\/www.jinpinlub.com\/de\/wp-json\/wp\/v2\/product_cat?post=3343"},{"taxonomy":"product_tag","embeddable":true,"href":"https:\/\/www.jinpinlub.com\/de\/wp-json\/wp\/v2\/product_tag?post=3343"}],"curies":[{"name":"wp","href":"https:\/\/api.w.org\/{rel}","templated":true}]}}