{"id":3350,"date":"2024-08-27T02:38:44","date_gmt":"2024-08-26T18:38:44","guid":{"rendered":"https:\/\/www.jinpinlub.com\/?post_type=product&#038;p=3350"},"modified":"2024-08-27T03:13:26","modified_gmt":"2024-08-26T19:13:26","slug":"dpb14-verteilungsventil-fur-volumetrische-pdi-schmierpumpe","status":"publish","type":"product","link":"https:\/\/www.jinpinlub.com\/de\/product\/dpb14-distribution-valve-for-volumetric-pdi-lubrication-pump\/","title":{"rendered":"DPB14-Verteilungsventil f\u00fcr volumetrische PDI-Schmierpumpe"},"content":{"rendered":"<h2>Besonderheit<\/h2>\n<p>Hochpr\u00e4zise Dosierung: JINPINLUB DPB kann Schmiermittel in jedem Schmierzyklus pr\u00e4zise verteilen und so sicherstellen, dass jeder Schmierpunkt der Ausr\u00fcstung die richtige Schmiermenge erh\u00e4lt.<br \/>\nKompatibel mit mehreren Schmiermitteln: Das Dosierventil ist f\u00fcr Mineral\u00f6l, synthetisches \u00d6l und weiches Fett (\u00d6l 32\u201390 cSt bei 40 \u00b0C, Fett \u2264 NLGI 0#) geeignet und kann im Temperaturbereich von 0 \u00b0C bis 80 \u00b0C normal arbeiten.<br \/>\nMehrere Modelle zur Auswahl: Entsprechend den unterschiedlichen Anwendungsanforderungen sind DPB-Verteiler in verschiedenen Modellen erh\u00e4ltlich, geeignet f\u00fcr verschiedene Schmierstoffarten und unterschiedliche Arbeitsdr\u00fccke und Ausgabemengen.<\/p>\n<h2>Spezifikation<\/h2>\n<table>\n<tbody>\n<tr>\n<td>Funktionsprinzip<\/td>\n<td>Druckverteiler<\/td>\n<\/tr>\n<tr>\n<td>Verkaufsstellen<\/td>\n<td>2, 3, 4, 5, 6, 8 ,10<\/td>\n<\/tr>\n<tr>\n<td>Dosiermenge\u00d6l<\/td>\n<td>0,03, 0,06, 0,10, 0,16 ml\/Zyklus<\/td>\n<\/tr>\n<tr>\n<td>Schmiermittel<\/td>\n<td>32~90 cSt@40\u00b0C (\u00d6l), \u2264NLGI 0 (Fett)<\/td>\n<\/tr>\n<tr>\n<td>Betriebstemperatur<\/td>\n<td>0 bis +80 \u00b0C<\/td>\n<\/tr>\n<tr>\n<td>Betriebsdruck<\/td>\n<td>8~30bar (\u00d6l), 20~50bar (Fett)<\/td>\n<\/tr>\n<tr>\n<td>Material<\/td>\n<td>Zinkdruckguss, Messing<\/td>\n<\/tr>\n<tr>\n<td>Anschluss Ausgang<\/td>\n<td>Einlass \u03a66 (M10x1), Auslass \u03a64 (M8x1)<\/td>\n<\/tr>\n<tr>\n<td>Auslaufarmaturen<\/td>\n<td>H\u00fclsentyp, Schnelltyp<\/td>\n<\/tr>\n<tr>\n<td>Einbaulage<\/td>\n<td>Beliebig<\/td>\n<\/tr>\n<\/tbody>\n<\/table>\n<h2>Anwendung<\/h2>\n<p>CNC-Werkzeugmaschinen: Schmieren Sie alle beweglichen Teile und verl\u00e4ngern Sie die Lebensdauer der Ausr\u00fcstung.<br \/>\nHolzbearbeitungsmaschinen: Zuverl\u00e4ssige Schmierung in staubiger Umgebung zur Vermeidung mechanischen Verschlei\u00dfes.<br \/>\nTextilmaschinen: Durch kontinuierliche Schmierung schnell laufender Ger\u00e4te wird eine effiziente Produktion gew\u00e4hrleistet.<br \/>\nVerpackungsmaschinen: Sorgen Sie daf\u00fcr, dass die Maschinen gut funktionieren und es weniger Ausfallzeiten gibt.<br \/>\nKunststoffmaschinen: Sorgen Sie f\u00fcr eine stabile Schmierung in einer Hochtemperaturumgebung, um eine \u00dcberhitzung der Teile zu vermeiden.<br \/>\nGlasmaschinen: Zuverl\u00e4ssige Schmierstoffversorgung und -verteilung unter Hochtemperatur- und Hochdruckbedingungen.<br \/>\nDruckmaschinen: Volumetrisches Schmiersystem f\u00fcr einen reibungslosen Druckablauf und eine reduzierte Ausfallrate.<\/p>\n<h2>Benutzerhandb\u00fccher<\/h2>\n<div class=\"sdm_download_button_box_default\"><div class=\"sdm_download_link\"><a href=\"https:\/\/www.jinpinlub.com\/de\/?sdm_process_download=1&download_id=2458\" class=\"sdm_download white\" title=\"Privat: DPB Lubrication Distributor\" target=\"&quot;_blank&quot;\">Datenblatt anzeigen - DPB Distributor<\/a><\/div><\/div>","protected":false},"excerpt":{"rendered":"<p>DPB-Volumendosierventile sind hochpr\u00e4zise Schmierger\u00e4te, die in Einleitungsschmiersystemen verwendet werden. Sie verteilen und dosieren Schmierstoffe an verschiedenen Schmierstellen durch intermittierende Pumpen und geben eine bestimmte Schmierstoffmenge von 0,03 bis 0,16 ccm pro Zyklus aus.<\/p>","protected":false},"featured_media":3396,"template":"","meta":{"ocean_post_layout":"","ocean_both_sidebars_style":"","ocean_both_sidebars_content_width":0,"ocean_both_sidebars_sidebars_width":0,"ocean_sidebar":"0","ocean_second_sidebar":"0","ocean_disable_margins":"enable","ocean_add_body_class":"","ocean_shortcode_before_top_bar":"","ocean_shortcode_after_top_bar":"","ocean_shortcode_before_header":"","ocean_shortcode_after_header":"","ocean_has_shortcode":"","ocean_shortcode_after_title":"","ocean_shortcode_before_footer_widgets":"","ocean_shortcode_after_footer_widgets":"","ocean_shortcode_before_footer_bottom":"","ocean_shortcode_after_footer_bottom":"","ocean_display_top_bar":"default","ocean_display_header":"default","ocean_header_style":"","ocean_center_header_left_menu":"0","ocean_custom_header_template":"0","ocean_custom_logo":0,"ocean_custom_retina_logo":0,"ocean_custom_logo_max_width":0,"ocean_custom_logo_tablet_max_width":0,"ocean_custom_logo_mobile_max_width":0,"ocean_custom_logo_max_height":0,"ocean_custom_logo_tablet_max_height":0,"ocean_custom_logo_mobile_max_height":0,"ocean_header_custom_menu":"0","ocean_menu_typo_font_family":"0","ocean_menu_typo_font_subset":"","ocean_menu_typo_font_size":0,"ocean_menu_typo_font_size_tablet":0,"ocean_menu_typo_font_size_mobile":0,"ocean_menu_typo_font_size_unit":"px","ocean_menu_typo_font_weight":"","ocean_menu_typo_font_weight_tablet":"","ocean_menu_typo_font_weight_mobile":"","ocean_menu_typo_transform":"","ocean_menu_typo_transform_tablet":"","ocean_menu_typo_transform_mobile":"","ocean_menu_typo_line_height":0,"ocean_menu_typo_line_height_tablet":0,"ocean_menu_typo_line_height_mobile":0,"ocean_menu_typo_line_height_unit":"","ocean_menu_typo_spacing":0,"ocean_menu_typo_spacing_tablet":0,"ocean_menu_typo_spacing_mobile":0,"ocean_menu_typo_spacing_unit":"","ocean_menu_link_color":"","ocean_menu_link_color_hover":"","ocean_menu_link_color_active":"","ocean_menu_link_background":"","ocean_menu_link_hover_background":"","ocean_menu_link_active_background":"","ocean_menu_social_links_bg":"","ocean_menu_social_hover_links_bg":"","ocean_menu_social_links_color":"","ocean_menu_social_hover_links_color":"","ocean_disable_title":"default","ocean_disable_heading":"default","ocean_post_title":"","ocean_post_subheading":"","ocean_post_title_style":"","ocean_post_title_background_color":"","ocean_post_title_background":0,"ocean_post_title_bg_image_position":"","ocean_post_title_bg_image_attachment":"","ocean_post_title_bg_image_repeat":"","ocean_post_title_bg_image_size":"","ocean_post_title_height":0,"ocean_post_title_bg_overlay":0.5,"ocean_post_title_bg_overlay_color":"","ocean_disable_breadcrumbs":"default","ocean_breadcrumbs_color":"","ocean_breadcrumbs_separator_color":"","ocean_breadcrumbs_links_color":"","ocean_breadcrumbs_links_hover_color":"","ocean_display_footer_widgets":"default","ocean_display_footer_bottom":"default","ocean_custom_footer_template":"0","osh_disable_topbar_sticky":"default","osh_disable_header_sticky":"default","osh_sticky_header_style":"default","osh_sticky_header_effect":"","osh_custom_sticky_logo":0,"osh_custom_retina_sticky_logo":0,"osh_custom_sticky_logo_height":0,"osh_background_color":"","osh_links_color":"","osh_links_hover_color":"","osh_links_active_color":"","osh_links_bg_color":"","osh_links_hover_bg_color":"","osh_links_active_bg_color":"","osh_menu_social_links_color":"","osh_menu_social_hover_links_color":""},"product_brand":[],"product_cat":[49,47],"product_tag":[229,228,80],"class_list":{"0":"post-3350","1":"product","2":"type-product","3":"status-publish","4":"has-post-thumbnail","6":"product_cat-volumetric-oil-injectors","7":"product_cat-volumetric-thin-oil-systems","8":"product_tag-oil-metering-valve","9":"product_tag-thin-oil-injector","10":"product_tag-volumetric-oil-distributor","12":"entry","13":"has-media","15":"first","16":"instock","17":"shipping-taxable","18":"product-type-external","19":"col","20":"span_1_of_3","21":"owp-content-center","22":"owp-thumbs-layout-horizontal","23":"owp-btn-very-big","24":"owp-tabs-layout-horizontal"},"_links":{"self":[{"href":"https:\/\/www.jinpinlub.com\/de\/wp-json\/wp\/v2\/product\/3350","targetHints":{"allow":["GET"]}}],"collection":[{"href":"https:\/\/www.jinpinlub.com\/de\/wp-json\/wp\/v2\/product"}],"about":[{"href":"https:\/\/www.jinpinlub.com\/de\/wp-json\/wp\/v2\/types\/product"}],"wp:featuredmedia":[{"embeddable":true,"href":"https:\/\/www.jinpinlub.com\/de\/wp-json\/wp\/v2\/media\/3396"}],"wp:attachment":[{"href":"https:\/\/www.jinpinlub.com\/de\/wp-json\/wp\/v2\/media?parent=3350"}],"wp:term":[{"taxonomy":"product_brand","embeddable":true,"href":"https:\/\/www.jinpinlub.com\/de\/wp-json\/wp\/v2\/product_brand?post=3350"},{"taxonomy":"product_cat","embeddable":true,"href":"https:\/\/www.jinpinlub.com\/de\/wp-json\/wp\/v2\/product_cat?post=3350"},{"taxonomy":"product_tag","embeddable":true,"href":"https:\/\/www.jinpinlub.com\/de\/wp-json\/wp\/v2\/product_tag?post=3350"}],"curies":[{"name":"wp","href":"https:\/\/api.w.org\/{rel}","templated":true}]}}