{"id":3398,"date":"2024-08-27T03:16:27","date_gmt":"2024-08-26T19:16:27","guid":{"rendered":"https:\/\/www.jinpinlub.com\/?post_type=product&#038;p=3398"},"modified":"2024-08-27T03:20:31","modified_gmt":"2024-08-26T19:20:31","slug":"dpb-verdrangungsinjektor-fur-volumetrische-schmierpumpe","status":"publish","type":"product","link":"https:\/\/www.jinpinlub.com\/de\/product\/dpb-positive-displacement-injector-for-volumetric-lube-pump\/","title":{"rendered":"DPB-Verdr\u00e4ngungsinjektor f\u00fcr volumetrische Schmierpumpe"},"content":{"rendered":"<h2>Besonderheit<\/h2>\n<p>Pr\u00e4zise Steuerung: DPB-Verteiler k\u00f6nnen die Schmierstoffausgabe pr\u00e4zise steuern, um eine \u00dcber- oder Unterschmierung zu vermeiden.<br \/>\nMehrere Ausgabevolumina: F\u00fcr unterschiedliche Arten und Anwendungspunkte stehen verschiedene Ausgabevolumenoptionen im Bereich von 0,03\u00a0cm\u00b3 bis 0,16\u00a0cm\u00b3 zur Verf\u00fcgung.<br \/>\nGeeignet f\u00fcr eine Vielzahl von Schmiermitteln: Der Spender kann \u00d6l und weiches Fett verarbeiten, \u00d6l 32\u201390 cSt bei 40 \u00b0C, Fett \u2264 NLGI 0#.<br \/>\nHoher Arbeitsdruck: Der maximale Arbeitsdruck dieser Schmierstoffspritze betr\u00e4gt 8 bar und der minimale Arbeitsdruck betr\u00e4gt 50 bar.<br \/>\nEinfache Installation: Die Anschlussrohre des \u00d6lverteilers bieten Kompressions- und Steckanschlussm\u00f6glichkeiten und reduzieren so den Arbeitsaufwand bei der Installation.<\/p>\n<h2>Spezifikation<\/h2>\n<table>\n<tbody>\n<tr>\n<td>Funktionsprinzip<\/td>\n<td>Druckverteiler<\/td>\n<\/tr>\n<tr>\n<td>Verkaufsstellen<\/td>\n<td>2, 3, 4, 5, 6, 8 ,10<\/td>\n<\/tr>\n<tr>\n<td>Dosiermenge\u00d6l<\/td>\n<td>0,03, 0,06, 0,10, 0,16 ml\/Zyklus<\/td>\n<\/tr>\n<tr>\n<td>Schmiermittel<\/td>\n<td>32~90 cSt@40\u00b0C (\u00d6l), \u2264NLGI 0 (Fett)<\/td>\n<\/tr>\n<tr>\n<td>Betriebstemperatur<\/td>\n<td>0 bis +80 \u00b0C<\/td>\n<\/tr>\n<tr>\n<td>Betriebsdruck<\/td>\n<td>8~30bar (\u00d6l), 20~50bar (Fett)<\/td>\n<\/tr>\n<tr>\n<td>Material<\/td>\n<td>Zinkdruckguss, Messing<\/td>\n<\/tr>\n<tr>\n<td>Anschluss Ausgang<\/td>\n<td>Einlass \u03a66 (M10x1), Auslass \u03a64 (M8x1)<\/td>\n<\/tr>\n<tr>\n<td>Auslaufarmaturen<\/td>\n<td>H\u00fclsentyp, Schnelltyp<\/td>\n<\/tr>\n<tr>\n<td>Einbaulage<\/td>\n<td>Beliebig<\/td>\n<\/tr>\n<\/tbody>\n<\/table>\n<h2>Anwendung<\/h2>\n<p>Industrieanlagen: JINPINLUB DPB-Verteiler werden in den Schmiersystemen verschiedener Industrieanlagen verwendet, beispielsweise in Bearbeitungsanlagen, F\u00f6rderanlagen und Schwermaschinen.<br \/>\nAutomobilherstellung: Im Automobilherstellungsprozess werden Verteiler zum Schmieren verschiedener mechanischer Teile verwendet, um deren reibungslosen Betrieb zu gew\u00e4hrleisten.<br \/>\nTextilindustrie: Wird zur Schmierung von Textilmaschinen verwendet, um Reibung und Verschlei\u00df zu verringern und die Produktionseffizienz zu verbessern.<br \/>\nDruckindustrie: Das in Druckger\u00e4ten verwendete \u00d6lschmiersystem gew\u00e4hrleistet den pr\u00e4zisen Betrieb der Ger\u00e4te.<\/p>\n<h2>Benutzerhandb\u00fccher<\/h2>\n<div class=\"sdm_download_button_box_default\"><div class=\"sdm_download_link\"><a href=\"https:\/\/www.jinpinlub.com\/de\/?sdm_process_download=1&download_id=2458\" class=\"sdm_download white\" title=\"Privat: DPB Lubrication Distributor\" target=\"&quot;_blank&quot;\">Datenblatt anzeigen - DPB Distributor<\/a><\/div><\/div>","protected":false},"excerpt":{"rendered":"<p>DPB-Injektoren funktionieren, indem sie Druck im Verteiler aufbauen, den Kolben in der Spritze nach vorne dr\u00fccken und eine festgelegte Menge Schmiermittel an die Schmierstellen abgeben. Wenn der Druck abgelassen wird, kehrt die Druckfeder zur\u00fcck, f\u00fcllt das Schmiermittel nach und bereitet den n\u00e4chsten Zyklus vor.<\/p>","protected":false},"featured_media":3359,"template":"","meta":{"ocean_post_layout":"","ocean_both_sidebars_style":"","ocean_both_sidebars_content_width":0,"ocean_both_sidebars_sidebars_width":0,"ocean_sidebar":"0","ocean_second_sidebar":"0","ocean_disable_margins":"enable","ocean_add_body_class":"","ocean_shortcode_before_top_bar":"","ocean_shortcode_after_top_bar":"","ocean_shortcode_before_header":"","ocean_shortcode_after_header":"","ocean_has_shortcode":"","ocean_shortcode_after_title":"","ocean_shortcode_before_footer_widgets":"","ocean_shortcode_after_footer_widgets":"","ocean_shortcode_before_footer_bottom":"","ocean_shortcode_after_footer_bottom":"","ocean_display_top_bar":"default","ocean_display_header":"default","ocean_header_style":"","ocean_center_header_left_menu":"0","ocean_custom_header_template":"0","ocean_custom_logo":0,"ocean_custom_retina_logo":0,"ocean_custom_logo_max_width":0,"ocean_custom_logo_tablet_max_width":0,"ocean_custom_logo_mobile_max_width":0,"ocean_custom_logo_max_height":0,"ocean_custom_logo_tablet_max_height":0,"ocean_custom_logo_mobile_max_height":0,"ocean_header_custom_menu":"0","ocean_menu_typo_font_family":"0","ocean_menu_typo_font_subset":"","ocean_menu_typo_font_size":0,"ocean_menu_typo_font_size_tablet":0,"ocean_menu_typo_font_size_mobile":0,"ocean_menu_typo_font_size_unit":"px","ocean_menu_typo_font_weight":"","ocean_menu_typo_font_weight_tablet":"","ocean_menu_typo_font_weight_mobile":"","ocean_menu_typo_transform":"","ocean_menu_typo_transform_tablet":"","ocean_menu_typo_transform_mobile":"","ocean_menu_typo_line_height":0,"ocean_menu_typo_line_height_tablet":0,"ocean_menu_typo_line_height_mobile":0,"ocean_menu_typo_line_height_unit":"","ocean_menu_typo_spacing":0,"ocean_menu_typo_spacing_tablet":0,"ocean_menu_typo_spacing_mobile":0,"ocean_menu_typo_spacing_unit":"","ocean_menu_link_color":"","ocean_menu_link_color_hover":"","ocean_menu_link_color_active":"","ocean_menu_link_background":"","ocean_menu_link_hover_background":"","ocean_menu_link_active_background":"","ocean_menu_social_links_bg":"","ocean_menu_social_hover_links_bg":"","ocean_menu_social_links_color":"","ocean_menu_social_hover_links_color":"","ocean_disable_title":"default","ocean_disable_heading":"default","ocean_post_title":"","ocean_post_subheading":"","ocean_post_title_style":"","ocean_post_title_background_color":"","ocean_post_title_background":0,"ocean_post_title_bg_image_position":"","ocean_post_title_bg_image_attachment":"","ocean_post_title_bg_image_repeat":"","ocean_post_title_bg_image_size":"","ocean_post_title_height":0,"ocean_post_title_bg_overlay":0.5,"ocean_post_title_bg_overlay_color":"","ocean_disable_breadcrumbs":"default","ocean_breadcrumbs_color":"","ocean_breadcrumbs_separator_color":"","ocean_breadcrumbs_links_color":"","ocean_breadcrumbs_links_hover_color":"","ocean_display_footer_widgets":"default","ocean_display_footer_bottom":"default","ocean_custom_footer_template":"0","osh_disable_topbar_sticky":"default","osh_disable_header_sticky":"default","osh_sticky_header_style":"default","osh_sticky_header_effect":"","osh_custom_sticky_logo":0,"osh_custom_retina_sticky_logo":0,"osh_custom_sticky_logo_height":0,"osh_background_color":"","osh_links_color":"","osh_links_hover_color":"","osh_links_active_color":"","osh_links_bg_color":"","osh_links_hover_bg_color":"","osh_links_active_bg_color":"","osh_menu_social_links_color":"","osh_menu_social_hover_links_color":""},"product_brand":[],"product_cat":[49,47],"product_tag":[141,234,233],"class_list":{"0":"post-3398","1":"product","2":"type-product","3":"status-publish","4":"has-post-thumbnail","6":"product_cat-volumetric-oil-injectors","7":"product_cat-volumetric-thin-oil-systems","8":"product_tag-lubrication-distributor","9":"product_tag-lubrication-injector","10":"product_tag-pdi-dispensers","12":"entry","13":"has-media","15":"first","16":"instock","17":"shipping-taxable","18":"product-type-external","19":"col","20":"span_1_of_3","21":"owp-content-center","22":"owp-thumbs-layout-horizontal","23":"owp-btn-very-big","24":"owp-tabs-layout-horizontal"},"_links":{"self":[{"href":"https:\/\/www.jinpinlub.com\/de\/wp-json\/wp\/v2\/product\/3398","targetHints":{"allow":["GET"]}}],"collection":[{"href":"https:\/\/www.jinpinlub.com\/de\/wp-json\/wp\/v2\/product"}],"about":[{"href":"https:\/\/www.jinpinlub.com\/de\/wp-json\/wp\/v2\/types\/product"}],"wp:featuredmedia":[{"embeddable":true,"href":"https:\/\/www.jinpinlub.com\/de\/wp-json\/wp\/v2\/media\/3359"}],"wp:attachment":[{"href":"https:\/\/www.jinpinlub.com\/de\/wp-json\/wp\/v2\/media?parent=3398"}],"wp:term":[{"taxonomy":"product_brand","embeddable":true,"href":"https:\/\/www.jinpinlub.com\/de\/wp-json\/wp\/v2\/product_brand?post=3398"},{"taxonomy":"product_cat","embeddable":true,"href":"https:\/\/www.jinpinlub.com\/de\/wp-json\/wp\/v2\/product_cat?post=3398"},{"taxonomy":"product_tag","embeddable":true,"href":"https:\/\/www.jinpinlub.com\/de\/wp-json\/wp\/v2\/product_tag?post=3398"}],"curies":[{"name":"wp","href":"https:\/\/api.w.org\/{rel}","templated":true}]}}