{"id":3400,"date":"2024-08-27T03:31:55","date_gmt":"2024-08-26T19:31:55","guid":{"rendered":"https:\/\/www.jinpinlub.com\/?post_type=product&#038;p=3400"},"modified":"2024-08-27T03:36:21","modified_gmt":"2024-08-26T19:36:21","slug":"2-druckschmierol-fettverteiler-mit-10-ausgangen","status":"publish","type":"product","link":"https:\/\/www.jinpinlub.com\/de\/product\/2-10-outlet-pressurized-lubricating-oil-grease-distributor\/","title":{"rendered":"Druckschmier\u00f6l-\/Fettverteiler mit 2 bis 10 Ausl\u00e4ssen"},"content":{"rendered":"<h2>Besonderheit<\/h2>\n<p><span id=\"input-sentence~0\">Betriebsdruck: Der Betriebsdruckbereich des JINPINLUB DPB-Verteilers betr\u00e4gt 8 bis 5 Bar und er kann in einer Umgebung mit hohem Druck stabil arbeiten.<br \/>\nDosiergenauigkeit: Der Verteiler liefert eine pr\u00e4zise Schmierstoffmenge und der Schmierstoffdosierbereich betr\u00e4gt 0,03 bis 0,16 ccm.<\/span><span id=\"input-sentence~1\"><br \/>\nMehrere Modelle: Der Schmierverteiler verf\u00fcgt optional \u00fcber 2\u201310 Ausl\u00e4sse, um den Anforderungen verschiedener Schmierstellen gerecht zu werden.<br \/>\nEinfache Installation: Die Schnellsteckverschraubungen des DPB-Verteilers sind optional, was den Installations- und Wartungsprozess vereinfacht.<\/span><\/p>\n<h2>Spezifikation<\/h2>\n<table>\n<tbody>\n<tr>\n<td>Funktionsprinzip<\/td>\n<td>Druckverteiler<\/td>\n<\/tr>\n<tr>\n<td>Verkaufsstellen<\/td>\n<td>2, 3, 4, 5, 6, 8 ,10<\/td>\n<\/tr>\n<tr>\n<td>Dosiermenge\u00d6l<\/td>\n<td>0,03, 0,06, 0,10, 0,16 ml\/Zyklus<\/td>\n<\/tr>\n<tr>\n<td>Schmiermittel<\/td>\n<td>32~90 cSt@40\u00b0C (\u00d6l), \u2264NLGI 0 (Fett)<\/td>\n<\/tr>\n<tr>\n<td>Betriebstemperatur<\/td>\n<td>0 bis +80 \u00b0C<\/td>\n<\/tr>\n<tr>\n<td>Betriebsdruck<\/td>\n<td>8~30bar (\u00d6l), 20~50bar (Fett)<\/td>\n<\/tr>\n<tr>\n<td>Material<\/td>\n<td>Zinkdruckguss, Messing<\/td>\n<\/tr>\n<tr>\n<td>Anschluss Ausgang<\/td>\n<td>Einlass \u03a66 (M10x1), Auslass \u03a64 (M8x1)<\/td>\n<\/tr>\n<tr>\n<td>Auslaufarmaturen<\/td>\n<td>H\u00fclsentyp, Schnelltyp<\/td>\n<\/tr>\n<tr>\n<td>Einbaulage<\/td>\n<td>Beliebig<\/td>\n<\/tr>\n<\/tbody>\n<\/table>\n<h2>Anwendung<\/h2>\n<p>Dieser Schmiersystemverteiler wird in mehreren Branchen eingesetzt:<br \/>\nAutomobilindustrie: Fettverteiler gew\u00e4hrleisten die Schmierung von Motoren und anderen wichtigen Komponenten und reduzieren so Verschlei\u00df und Ausf\u00e4lle.<br \/>\nEnergiebranche: Schmiermittelinjektoren werden in Stromerzeugungsanlagen sowie Strom\u00fcbertragungs- und -verteilungssystemen verwendet, um einen effizienten Betrieb der Anlagen zu gew\u00e4hrleisten.<br \/>\nLebensmittel- und Getr\u00e4nkeindustrie: \u00d6linjektoren werden in Produktionslinien und Verpackungsanlagen eingesetzt, um Hygiene und Effizienz zu gew\u00e4hrleisten.<br \/>\nIndustrielle Ausr\u00fcstung: wie Werkzeugmaschinen, Druckmaschinen, Verpackungsanlagen und Textilmaschinen.<\/p>\n<h2>Benutzerhandb\u00fccher<\/h2>\n<div class=\"sdm_download_button_box_default\"><div class=\"sdm_download_link\"><a href=\"https:\/\/www.jinpinlub.com\/de\/?sdm_process_download=1&download_id=2458\" class=\"sdm_download white\" title=\"Privat: DPB Lubrication Distributor\" target=\"&quot;_blank&quot;\">Datenblatt anzeigen - DPB Distributor<\/a><\/div><\/div>","protected":false},"excerpt":{"rendered":"<p>Der JINPINLUB DPB-Verteiler ist ein Einleitungsdosierger\u00e4t f\u00fcr \u00d6l (32\u201390 cSt bei 40 \u00b0C) und Fett (\u2264 NLGI 0#), das haupts\u00e4chlich in Zentralschmiersystemen verwendet wird. Er besteht aus Metalldruckgussmaterial und die Dichtungen bestehen aus Nitrilkautschuk, was f\u00fcr Langlebigkeit und Zuverl\u00e4ssigkeit sorgt.<\/p>","protected":false},"featured_media":3365,"template":"","meta":{"ocean_post_layout":"","ocean_both_sidebars_style":"","ocean_both_sidebars_content_width":0,"ocean_both_sidebars_sidebars_width":0,"ocean_sidebar":"0","ocean_second_sidebar":"0","ocean_disable_margins":"enable","ocean_add_body_class":"","ocean_shortcode_before_top_bar":"","ocean_shortcode_after_top_bar":"","ocean_shortcode_before_header":"","ocean_shortcode_after_header":"","ocean_has_shortcode":"","ocean_shortcode_after_title":"","ocean_shortcode_before_footer_widgets":"","ocean_shortcode_after_footer_widgets":"","ocean_shortcode_before_footer_bottom":"","ocean_shortcode_after_footer_bottom":"","ocean_display_top_bar":"default","ocean_display_header":"default","ocean_header_style":"","ocean_center_header_left_menu":"0","ocean_custom_header_template":"0","ocean_custom_logo":0,"ocean_custom_retina_logo":0,"ocean_custom_logo_max_width":0,"ocean_custom_logo_tablet_max_width":0,"ocean_custom_logo_mobile_max_width":0,"ocean_custom_logo_max_height":0,"ocean_custom_logo_tablet_max_height":0,"ocean_custom_logo_mobile_max_height":0,"ocean_header_custom_menu":"0","ocean_menu_typo_font_family":"0","ocean_menu_typo_font_subset":"","ocean_menu_typo_font_size":0,"ocean_menu_typo_font_size_tablet":0,"ocean_menu_typo_font_size_mobile":0,"ocean_menu_typo_font_size_unit":"px","ocean_menu_typo_font_weight":"","ocean_menu_typo_font_weight_tablet":"","ocean_menu_typo_font_weight_mobile":"","ocean_menu_typo_transform":"","ocean_menu_typo_transform_tablet":"","ocean_menu_typo_transform_mobile":"","ocean_menu_typo_line_height":0,"ocean_menu_typo_line_height_tablet":0,"ocean_menu_typo_line_height_mobile":0,"ocean_menu_typo_line_height_unit":"","ocean_menu_typo_spacing":0,"ocean_menu_typo_spacing_tablet":0,"ocean_menu_typo_spacing_mobile":0,"ocean_menu_typo_spacing_unit":"","ocean_menu_link_color":"","ocean_menu_link_color_hover":"","ocean_menu_link_color_active":"","ocean_menu_link_background":"","ocean_menu_link_hover_background":"","ocean_menu_link_active_background":"","ocean_menu_social_links_bg":"","ocean_menu_social_hover_links_bg":"","ocean_menu_social_links_color":"","ocean_menu_social_hover_links_color":"","ocean_disable_title":"default","ocean_disable_heading":"default","ocean_post_title":"","ocean_post_subheading":"","ocean_post_title_style":"","ocean_post_title_background_color":"","ocean_post_title_background":0,"ocean_post_title_bg_image_position":"","ocean_post_title_bg_image_attachment":"","ocean_post_title_bg_image_repeat":"","ocean_post_title_bg_image_size":"","ocean_post_title_height":0,"ocean_post_title_bg_overlay":0.5,"ocean_post_title_bg_overlay_color":"","ocean_disable_breadcrumbs":"default","ocean_breadcrumbs_color":"","ocean_breadcrumbs_separator_color":"","ocean_breadcrumbs_links_color":"","ocean_breadcrumbs_links_hover_color":"","ocean_display_footer_widgets":"default","ocean_display_footer_bottom":"default","ocean_custom_footer_template":"0","osh_disable_topbar_sticky":"default","osh_disable_header_sticky":"default","osh_sticky_header_style":"default","osh_sticky_header_effect":"","osh_custom_sticky_logo":0,"osh_custom_retina_sticky_logo":0,"osh_custom_sticky_logo_height":0,"osh_background_color":"","osh_links_color":"","osh_links_hover_color":"","osh_links_active_color":"","osh_links_bg_color":"","osh_links_hover_bg_color":"","osh_links_active_bg_color":"","osh_menu_social_links_color":"","osh_menu_social_hover_links_color":""},"product_brand":[],"product_cat":[49,47],"product_tag":[238,237,239],"class_list":{"0":"post-3400","1":"product","2":"type-product","3":"status-publish","4":"has-post-thumbnail","6":"product_cat-volumetric-oil-injectors","7":"product_cat-volumetric-thin-oil-systems","8":"product_tag-lubricant-metering-device","9":"product_tag-oil-grease-distributor-valve","10":"product_tag-oil-quantitative-valve","12":"entry","13":"has-media","15":"first","16":"instock","17":"shipping-taxable","18":"product-type-external","19":"col","20":"span_1_of_3","21":"owp-content-center","22":"owp-thumbs-layout-horizontal","23":"owp-btn-very-big","24":"owp-tabs-layout-horizontal"},"_links":{"self":[{"href":"https:\/\/www.jinpinlub.com\/de\/wp-json\/wp\/v2\/product\/3400","targetHints":{"allow":["GET"]}}],"collection":[{"href":"https:\/\/www.jinpinlub.com\/de\/wp-json\/wp\/v2\/product"}],"about":[{"href":"https:\/\/www.jinpinlub.com\/de\/wp-json\/wp\/v2\/types\/product"}],"wp:featuredmedia":[{"embeddable":true,"href":"https:\/\/www.jinpinlub.com\/de\/wp-json\/wp\/v2\/media\/3365"}],"wp:attachment":[{"href":"https:\/\/www.jinpinlub.com\/de\/wp-json\/wp\/v2\/media?parent=3400"}],"wp:term":[{"taxonomy":"product_brand","embeddable":true,"href":"https:\/\/www.jinpinlub.com\/de\/wp-json\/wp\/v2\/product_brand?post=3400"},{"taxonomy":"product_cat","embeddable":true,"href":"https:\/\/www.jinpinlub.com\/de\/wp-json\/wp\/v2\/product_cat?post=3400"},{"taxonomy":"product_tag","embeddable":true,"href":"https:\/\/www.jinpinlub.com\/de\/wp-json\/wp\/v2\/product_tag?post=3400"}],"curies":[{"name":"wp","href":"https:\/\/api.w.org\/{rel}","templated":true}]}}