{"id":3401,"date":"2024-08-27T03:36:41","date_gmt":"2024-08-26T19:36:41","guid":{"rendered":"https:\/\/www.jinpinlub.com\/?post_type=product&#038;p=3401"},"modified":"2024-08-27T03:40:41","modified_gmt":"2024-08-26T19:40:41","slug":"dpb-druckschmiersystem-dosiergerat-injektor","status":"publish","type":"product","link":"https:\/\/www.jinpinlub.com\/de\/product\/dpb-pressurized-lubrication-system-metering-device-injector\/","title":{"rendered":"DPB Druckschmiersystem Dosierger\u00e4t Injektor"},"content":{"rendered":"<h2>Besonderheit<\/h2>\n<p><span id=\"input-sentence~0\">Festes Ausgabevolumen: JINPINLUB DPB-Verteiler liefern pro Ausgabe eine pr\u00e4zise Schmiermittelmenge, gew\u00e4hrleisten eine gleichbleibende Schmierwirkung und k\u00f6nnen mit Detektoren ausgestattet werden.<br \/>\nMehrere Durchflussraten: 0,03, 0,06, 0,10 und 0,16 ccm\/Zyklus k\u00f6nnen ausgew\u00e4hlt werden, um unterschiedlichen Anforderungen gerecht zu werden.<\/span><span id=\"input-sentence~1\"><br \/>\nGro\u00dfe Auswahl an Arbeitsdr\u00fccken: Der minimale Arbeitsdruck betr\u00e4gt 8 Bar und der maximale kann 50 Bar erreichen, was f\u00fcr eine Vielzahl von Industrieumgebungen geeignet ist.<br \/>\nAnwendbare \u00d6lviskosit\u00e4t: Der \u00d6linjektor ist f\u00fcr \u00d6le mit einem Viskosit\u00e4tsbereich von 32\u201390 cSt bei 40 \u00b0C geeignet und gew\u00e4hrleistet einen reibungslosen Betrieb des Ger\u00e4ts.<\/span><span id=\"input-sentence~2\"><br \/>\nVerwendung mit: Der Volumenverteiler muss mit einem \u00d6lschmierger\u00e4t mit Druckentlastung verwendet werden, um die \u00d6lversorgung bei laufendem Schmierger\u00e4t sicherzustellen.<\/span><\/p>\n<h2>Spezifikation<\/h2>\n<table>\n<tbody>\n<tr>\n<td>Funktionsprinzip<\/td>\n<td>Druckverteiler<\/td>\n<\/tr>\n<tr>\n<td>Verkaufsstellen<\/td>\n<td>2, 3, 4, 5, 6, 8 ,10<\/td>\n<\/tr>\n<tr>\n<td>Dosiermenge\u00d6l<\/td>\n<td>0,03, 0,06, 0,10, 0,16 ml\/Zyklus<\/td>\n<\/tr>\n<tr>\n<td>Schmiermittel<\/td>\n<td>32~90 cSt@40\u00b0C (\u00d6l), \u2264NLGI 0 (Fett)<\/td>\n<\/tr>\n<tr>\n<td>Betriebstemperatur<\/td>\n<td>0 bis +80 \u00b0C<\/td>\n<\/tr>\n<tr>\n<td>Betriebsdruck<\/td>\n<td>8~30bar (\u00d6l), 20~50bar (Fett)<\/td>\n<\/tr>\n<tr>\n<td>Material<\/td>\n<td>Zinkdruckguss, Messing<\/td>\n<\/tr>\n<tr>\n<td>Anschluss Ausgang<\/td>\n<td>Einlass \u03a66 (M10x1), Auslass \u03a64 (M8x1)<\/td>\n<\/tr>\n<tr>\n<td>Auslaufarmaturen<\/td>\n<td>H\u00fclsentyp, Schnelltyp<\/td>\n<\/tr>\n<tr>\n<td>Einbaulage<\/td>\n<td>Beliebig<\/td>\n<\/tr>\n<\/tbody>\n<\/table>\n<h2>Anwendung<\/h2>\n<p>Druckentlastung: Dieser Verteilertyp wird in Verbindung mit einem \u00d6lschmierger\u00e4t mit Druckentlastung verwendet. W\u00e4hrend des Betriebs des Schmierger\u00e4ts steigt der Druck im System.<br \/>\n\u00d6labgabe: Durch den Druckanstieg gibt der verdr\u00e4ngte Kolben im Verteiler eine dosierte Menge Schmierstoff an die einzelnen Schmierstellen ab.<br \/>\nFester Durchfluss: Die jeweils abgegebene Schmierstoffmenge ist festgelegt, wodurch sichergestellt wird, dass jeder Schmierpunkt gleichm\u00e4\u00dfig geschmiert wird.<br \/>\nZyklusvorgang: Wenn der Schmierstoffgeber nicht mehr l\u00e4uft, wird der Systemdruck abgelassen und der Kolben kehrt in die Ausgangsposition zur\u00fcck, bereit f\u00fcr den n\u00e4chsten Schmierzyklus.<\/p>\n<h2>Benutzerhandb\u00fccher<\/h2>\n<div class=\"sdm_download_button_box_default\"><div class=\"sdm_download_link\"><a href=\"https:\/\/www.jinpinlub.com\/de\/?sdm_process_download=1&download_id=2458\" class=\"sdm_download white\" title=\"Privat: DPB Lubrication Distributor\" target=\"&quot;_blank&quot;\">Datenblatt anzeigen - DPB Distributor<\/a><\/div><\/div>","protected":false},"excerpt":{"rendered":"<p>Das von der Schmierpumpe gelieferte Druckmedium dr\u00fcckt den Kolben in der Dosierkammer, um den in der Dosierkammer gespeicherten Schmierstoff abzugeben. Nachdem der Schmierstoff abgelassen wurde, wird das System drucklos gemacht und die Dosierkammer speichert \u00d6l f\u00fcr den n\u00e4chsten Arbeitszyklus.<\/p>","protected":false},"featured_media":3369,"template":"","meta":{"ocean_post_layout":"","ocean_both_sidebars_style":"","ocean_both_sidebars_content_width":0,"ocean_both_sidebars_sidebars_width":0,"ocean_sidebar":"0","ocean_second_sidebar":"0","ocean_disable_margins":"enable","ocean_add_body_class":"","ocean_shortcode_before_top_bar":"","ocean_shortcode_after_top_bar":"","ocean_shortcode_before_header":"","ocean_shortcode_after_header":"","ocean_has_shortcode":"","ocean_shortcode_after_title":"","ocean_shortcode_before_footer_widgets":"","ocean_shortcode_after_footer_widgets":"","ocean_shortcode_before_footer_bottom":"","ocean_shortcode_after_footer_bottom":"","ocean_display_top_bar":"default","ocean_display_header":"default","ocean_header_style":"","ocean_center_header_left_menu":"0","ocean_custom_header_template":"0","ocean_custom_logo":0,"ocean_custom_retina_logo":0,"ocean_custom_logo_max_width":0,"ocean_custom_logo_tablet_max_width":0,"ocean_custom_logo_mobile_max_width":0,"ocean_custom_logo_max_height":0,"ocean_custom_logo_tablet_max_height":0,"ocean_custom_logo_mobile_max_height":0,"ocean_header_custom_menu":"0","ocean_menu_typo_font_family":"0","ocean_menu_typo_font_subset":"","ocean_menu_typo_font_size":0,"ocean_menu_typo_font_size_tablet":0,"ocean_menu_typo_font_size_mobile":0,"ocean_menu_typo_font_size_unit":"px","ocean_menu_typo_font_weight":"","ocean_menu_typo_font_weight_tablet":"","ocean_menu_typo_font_weight_mobile":"","ocean_menu_typo_transform":"","ocean_menu_typo_transform_tablet":"","ocean_menu_typo_transform_mobile":"","ocean_menu_typo_line_height":0,"ocean_menu_typo_line_height_tablet":0,"ocean_menu_typo_line_height_mobile":0,"ocean_menu_typo_line_height_unit":"","ocean_menu_typo_spacing":0,"ocean_menu_typo_spacing_tablet":0,"ocean_menu_typo_spacing_mobile":0,"ocean_menu_typo_spacing_unit":"","ocean_menu_link_color":"","ocean_menu_link_color_hover":"","ocean_menu_link_color_active":"","ocean_menu_link_background":"","ocean_menu_link_hover_background":"","ocean_menu_link_active_background":"","ocean_menu_social_links_bg":"","ocean_menu_social_hover_links_bg":"","ocean_menu_social_links_color":"","ocean_menu_social_hover_links_color":"","ocean_disable_title":"default","ocean_disable_heading":"default","ocean_post_title":"","ocean_post_subheading":"","ocean_post_title_style":"","ocean_post_title_background_color":"","ocean_post_title_background":0,"ocean_post_title_bg_image_position":"","ocean_post_title_bg_image_attachment":"","ocean_post_title_bg_image_repeat":"","ocean_post_title_bg_image_size":"","ocean_post_title_height":0,"ocean_post_title_bg_overlay":0.5,"ocean_post_title_bg_overlay_color":"","ocean_disable_breadcrumbs":"default","ocean_breadcrumbs_color":"","ocean_breadcrumbs_separator_color":"","ocean_breadcrumbs_links_color":"","ocean_breadcrumbs_links_hover_color":"","ocean_display_footer_widgets":"default","ocean_display_footer_bottom":"default","ocean_custom_footer_template":"0","osh_disable_topbar_sticky":"default","osh_disable_header_sticky":"default","osh_sticky_header_style":"default","osh_sticky_header_effect":"","osh_custom_sticky_logo":0,"osh_custom_retina_sticky_logo":0,"osh_custom_sticky_logo_height":0,"osh_background_color":"","osh_links_color":"","osh_links_hover_color":"","osh_links_active_color":"","osh_links_bg_color":"","osh_links_hover_bg_color":"","osh_links_active_bg_color":"","osh_menu_social_links_color":"","osh_menu_social_hover_links_color":""},"product_brand":[],"product_cat":[49,47],"product_tag":[87,139,240],"class_list":{"0":"post-3401","1":"product","2":"type-product","3":"status-publish","4":"has-post-thumbnail","6":"product_cat-volumetric-oil-injectors","7":"product_cat-volumetric-thin-oil-systems","8":"product_tag-grease-distributor","9":"product_tag-oil-distributor","10":"product_tag-pressurized-distributor","12":"entry","13":"has-media","15":"first","16":"instock","17":"shipping-taxable","18":"product-type-external","19":"col","20":"span_1_of_3","21":"owp-content-center","22":"owp-thumbs-layout-horizontal","23":"owp-btn-very-big","24":"owp-tabs-layout-horizontal"},"_links":{"self":[{"href":"https:\/\/www.jinpinlub.com\/de\/wp-json\/wp\/v2\/product\/3401","targetHints":{"allow":["GET"]}}],"collection":[{"href":"https:\/\/www.jinpinlub.com\/de\/wp-json\/wp\/v2\/product"}],"about":[{"href":"https:\/\/www.jinpinlub.com\/de\/wp-json\/wp\/v2\/types\/product"}],"wp:featuredmedia":[{"embeddable":true,"href":"https:\/\/www.jinpinlub.com\/de\/wp-json\/wp\/v2\/media\/3369"}],"wp:attachment":[{"href":"https:\/\/www.jinpinlub.com\/de\/wp-json\/wp\/v2\/media?parent=3401"}],"wp:term":[{"taxonomy":"product_brand","embeddable":true,"href":"https:\/\/www.jinpinlub.com\/de\/wp-json\/wp\/v2\/product_brand?post=3401"},{"taxonomy":"product_cat","embeddable":true,"href":"https:\/\/www.jinpinlub.com\/de\/wp-json\/wp\/v2\/product_cat?post=3401"},{"taxonomy":"product_tag","embeddable":true,"href":"https:\/\/www.jinpinlub.com\/de\/wp-json\/wp\/v2\/product_tag?post=3401"}],"curies":[{"name":"wp","href":"https:\/\/api.w.org\/{rel}","templated":true}]}}