{"id":3403,"date":"2024-08-27T03:45:23","date_gmt":"2024-08-26T19:45:23","guid":{"rendered":"https:\/\/www.jinpinlub.com\/?post_type=product&#038;p=3403"},"modified":"2024-08-27T04:01:02","modified_gmt":"2024-08-26T20:01:02","slug":"mgk-druckfettverteiler-fur-einleitungssysteme","status":"publish","type":"product","link":"https:\/\/www.jinpinlub.com\/de\/product\/mgk-pressurized-grease-distributors-for-single-line-system\/","title":{"rendered":"MGK Druckfettverteiler f\u00fcr Einleitungssysteme"},"content":{"rendered":"<h2>Besonderheit<\/h2>\n<p>Pr\u00e4zise Dosierung: JINPINLUB MGK-Verteiler liefern f\u00fcr jeden Schmierzyklus eine pr\u00e4zise Schmiermenge und gew\u00e4hrleisten so den besten Zustand der Ausr\u00fcstung.<br \/>\nVielseitigkeit: MGK-Injektoren sind f\u00fcr eine Vielzahl von Schmierstoffen mit einem Viskosit\u00e4tsbereich von NLGI 000#, 00#, 00# geeignet.<br \/>\nHohe Zuverl\u00e4ssigkeit: Der Verteiler besteht aus einer Aluminiumlegierung und das Dosierventil aus Messing, was die allgemeine Zuverl\u00e4ssigkeit und Haltbarkeit des Fettverteilers auf lange Sicht gew\u00e4hrleistet.<br \/>\nEinfache Bedienung: Das Dosierventil des MGK-Verteilers ist abnehmbar und je nach Schmierbedarf k\u00f6nnen MG-Dosierventile mit unterschiedlichen Ausgabevolumina ausgew\u00e4hlt werden.<br \/>\nStarke Anpassungsf\u00e4higkeit: Der gro\u00dfe Betriebstemperaturbereich (0 \u00b0C bis 80 \u00b0C) erm\u00f6glicht die Anpassung an unterschiedliche Arbeitsumgebungen.<\/p>\n<h2>Spezifikation<\/h2>\n<table>\n<tbody>\n<tr>\n<td>Funktionsprinzip<\/td>\n<td>Druckbegrenzungs-Dosierventil<\/td>\n<\/tr>\n<tr>\n<td>Anzahl der Verkaufsstellen<\/td>\n<td>1, 2, 3, 4, 5<\/td>\n<\/tr>\n<tr>\n<td>Dosiermenge<\/td>\n<td>0,03, 0,05, 0,13, 0,20, 0,30, 0,50 ml\/Zyklus<\/td>\n<\/tr>\n<tr>\n<td>Schmiermittel<\/td>\n<td>NLGI 000#, 00# Fett.<\/td>\n<\/tr>\n<tr>\n<td>Betriebstemperatur<\/td>\n<td>0 bis +80 \u00b0C<\/td>\n<\/tr>\n<tr>\n<td>Betriebsdruck<\/td>\n<td>0,5 bis 1,5 MPa<\/td>\n<\/tr>\n<tr>\n<td>Material<\/td>\n<td>Kupfer, Aluminiumlegierung<\/td>\n<\/tr>\n<tr>\n<td>Anschluss Ausgang<\/td>\n<td>Einlass Rc1\/8, Auslass \u03a64(Rc1\/8)<\/td>\n<\/tr>\n<tr>\n<td>Auslaufarmaturen<\/td>\n<td>H\u00fclsentyp, Schnelltyp<\/td>\n<\/tr>\n<tr>\n<td>Einbaulage<\/td>\n<td>Beliebig<\/td>\n<\/tr>\n<\/tbody>\n<\/table>\n<h2>Anwendung<\/h2>\n<p>MGK-Fettverteiler werden h\u00e4ufig in verschiedenen Industrieanlagen eingesetzt, die eine pr\u00e4zise Schmierung erfordern. Die Dosierventile am Verteiler k\u00f6nnen frei montiert und demontiert werden, was f\u00fcr die Anpassung oder Wartung und den Austausch praktisch ist.<br \/>\nFettdosierventile werden haupts\u00e4chlich in mittelgro\u00dfen und gro\u00dfen Schmiersystemen verwendet, k\u00f6nnen aber auch bei mechanischen Ger\u00e4ten mit hoher Schmierpr\u00e4zision eingesetzt werden, wie z. B. Werkzeugmaschinen, Holzbearbeitungsmaschinen, Textilmaschinen, Verpackungsmaschinen, Kunststoffmaschinen, Glasmaschinen und Druckmaschinen. Diese Schmierventile stellen sicher, dass die Ger\u00e4te w\u00e4hrend des Betriebs des Systems normal mit pr\u00e4ziser Schmierung funktionieren und verl\u00e4ngern ihre Lebensdauer.<\/p>\n<h2>Benutzerhandb\u00fccher<\/h2>\n<div class=\"sdm_download_button_box_default\"><div class=\"sdm_download_link\"><a href=\"https:\/\/www.jinpinlub.com\/de\/?sdm_process_download=1&download_id=2470\" class=\"sdm_download white\" title=\"Privat: MGK Metering Valve\" target=\"&quot;_blank&quot;\">Datenblatt anzeigen - MGK Dosierventil<\/a><\/div><\/div>","protected":false},"excerpt":{"rendered":"<p>Wenn die Pumpe arbeitet, bewegt der Druck den Kolben und das Schmiermittel in der Vorratskammer wird abgegeben. Wenn die Pumpe intermittierend arbeitet, wird der Druck in der Hauptleitung abgelassen und der Kolben kehrt unter der Wirkung der Kolbenfeder zur\u00fcck, bereit f\u00fcr den n\u00e4chsten Zyklus.<\/p>","protected":false},"featured_media":3404,"template":"","meta":{"ocean_post_layout":"","ocean_both_sidebars_style":"","ocean_both_sidebars_content_width":0,"ocean_both_sidebars_sidebars_width":0,"ocean_sidebar":"0","ocean_second_sidebar":"0","ocean_disable_margins":"enable","ocean_add_body_class":"","ocean_shortcode_before_top_bar":"","ocean_shortcode_after_top_bar":"","ocean_shortcode_before_header":"","ocean_shortcode_after_header":"","ocean_has_shortcode":"","ocean_shortcode_after_title":"","ocean_shortcode_before_footer_widgets":"","ocean_shortcode_after_footer_widgets":"","ocean_shortcode_before_footer_bottom":"","ocean_shortcode_after_footer_bottom":"","ocean_display_top_bar":"default","ocean_display_header":"default","ocean_header_style":"","ocean_center_header_left_menu":"0","ocean_custom_header_template":"0","ocean_custom_logo":0,"ocean_custom_retina_logo":0,"ocean_custom_logo_max_width":0,"ocean_custom_logo_tablet_max_width":0,"ocean_custom_logo_mobile_max_width":0,"ocean_custom_logo_max_height":0,"ocean_custom_logo_tablet_max_height":0,"ocean_custom_logo_mobile_max_height":0,"ocean_header_custom_menu":"0","ocean_menu_typo_font_family":"0","ocean_menu_typo_font_subset":"","ocean_menu_typo_font_size":0,"ocean_menu_typo_font_size_tablet":0,"ocean_menu_typo_font_size_mobile":0,"ocean_menu_typo_font_size_unit":"px","ocean_menu_typo_font_weight":"","ocean_menu_typo_font_weight_tablet":"","ocean_menu_typo_font_weight_mobile":"","ocean_menu_typo_transform":"","ocean_menu_typo_transform_tablet":"","ocean_menu_typo_transform_mobile":"","ocean_menu_typo_line_height":0,"ocean_menu_typo_line_height_tablet":0,"ocean_menu_typo_line_height_mobile":0,"ocean_menu_typo_line_height_unit":"","ocean_menu_typo_spacing":0,"ocean_menu_typo_spacing_tablet":0,"ocean_menu_typo_spacing_mobile":0,"ocean_menu_typo_spacing_unit":"","ocean_menu_link_color":"","ocean_menu_link_color_hover":"","ocean_menu_link_color_active":"","ocean_menu_link_background":"","ocean_menu_link_hover_background":"","ocean_menu_link_active_background":"","ocean_menu_social_links_bg":"","ocean_menu_social_hover_links_bg":"","ocean_menu_social_links_color":"","ocean_menu_social_hover_links_color":"","ocean_disable_title":"default","ocean_disable_heading":"default","ocean_post_title":"","ocean_post_subheading":"","ocean_post_title_style":"","ocean_post_title_background_color":"","ocean_post_title_background":0,"ocean_post_title_bg_image_position":"","ocean_post_title_bg_image_attachment":"","ocean_post_title_bg_image_repeat":"","ocean_post_title_bg_image_size":"","ocean_post_title_height":0,"ocean_post_title_bg_overlay":0.5,"ocean_post_title_bg_overlay_color":"","ocean_disable_breadcrumbs":"default","ocean_breadcrumbs_color":"","ocean_breadcrumbs_separator_color":"","ocean_breadcrumbs_links_color":"","ocean_breadcrumbs_links_hover_color":"","ocean_display_footer_widgets":"default","ocean_display_footer_bottom":"default","ocean_custom_footer_template":"0","osh_disable_topbar_sticky":"default","osh_disable_header_sticky":"default","osh_sticky_header_style":"default","osh_sticky_header_effect":"","osh_custom_sticky_logo":0,"osh_custom_retina_sticky_logo":0,"osh_custom_sticky_logo_height":0,"osh_background_color":"","osh_links_color":"","osh_links_hover_color":"","osh_links_active_color":"","osh_links_bg_color":"","osh_links_hover_bg_color":"","osh_links_active_bg_color":"","osh_menu_social_links_color":"","osh_menu_social_hover_links_color":""},"product_brand":[],"product_cat":[40,37],"product_tag":[87,85,86],"class_list":{"0":"post-3403","1":"product","2":"type-product","3":"status-publish","4":"has-post-thumbnail","6":"product_cat-pressure-relief-metering-valves","7":"product_cat-single-line-grease-systems","8":"product_tag-grease-distributor","9":"product_tag-pressure-relief-metering-valve","10":"product_tag-single-line-distributor","12":"entry","13":"has-media","15":"first","16":"instock","17":"shipping-taxable","18":"product-type-external","19":"col","20":"span_1_of_3","21":"owp-content-center","22":"owp-thumbs-layout-horizontal","23":"owp-btn-very-big","24":"owp-tabs-layout-horizontal"},"_links":{"self":[{"href":"https:\/\/www.jinpinlub.com\/de\/wp-json\/wp\/v2\/product\/3403","targetHints":{"allow":["GET"]}}],"collection":[{"href":"https:\/\/www.jinpinlub.com\/de\/wp-json\/wp\/v2\/product"}],"about":[{"href":"https:\/\/www.jinpinlub.com\/de\/wp-json\/wp\/v2\/types\/product"}],"wp:featuredmedia":[{"embeddable":true,"href":"https:\/\/www.jinpinlub.com\/de\/wp-json\/wp\/v2\/media\/3404"}],"wp:attachment":[{"href":"https:\/\/www.jinpinlub.com\/de\/wp-json\/wp\/v2\/media?parent=3403"}],"wp:term":[{"taxonomy":"product_brand","embeddable":true,"href":"https:\/\/www.jinpinlub.com\/de\/wp-json\/wp\/v2\/product_brand?post=3403"},{"taxonomy":"product_cat","embeddable":true,"href":"https:\/\/www.jinpinlub.com\/de\/wp-json\/wp\/v2\/product_cat?post=3403"},{"taxonomy":"product_tag","embeddable":true,"href":"https:\/\/www.jinpinlub.com\/de\/wp-json\/wp\/v2\/product_tag?post=3403"}],"curies":[{"name":"wp","href":"https:\/\/api.w.org\/{rel}","templated":true}]}}