{"id":3486,"date":"2024-08-29T04:21:15","date_gmt":"2024-08-28T20:21:15","guid":{"rendered":"https:\/\/www.jinpinlub.com\/?post_type=product&#038;p=3486"},"modified":"2025-06-06T19:33:42","modified_gmt":"2025-06-06T11:33:42","slug":"jsv-plunger-progressivverteiler-fur-schmiermittel-nlgi-02","status":"publish","type":"product","link":"https:\/\/www.jinpinlub.com\/de\/product\/jsv-plunger-progressive-distributor-for-lubricant-nlgi-0-2\/","title":{"rendered":"JSV Kolben-Progressivverteiler f\u00fcr Schmiermittel NLGI 0-2"},"content":{"rendered":"<h2>Merkmale<\/h2>\n<p><span id=\"input-sentence~0\">Mehrfachauslass-Design: JSV-Progressivverteiler sind in Ausf\u00fchrungen mit 6 bis 20 Ausl\u00e4ssen erh\u00e4ltlich, um die meisten Schmieranforderungen zu erf\u00fcllen.<br \/>\nErweiterte Sequenzverteilung: JSV-Fettverteiler geben Schmiermittel an jedem Auslass der Reihe nach ab, wodurch der Betrieb einfach \u00fcberwacht werden kann.<br \/>\nFlexibilit\u00e4tsanpassung: Bei Dosierventilen des JSV l\u00e4sst sich das Abgabevolumen erh\u00f6hen, indem ein Auslass geschlossen wird, um Schmierstoff zum n\u00e4chsten Auslass zu leiten.<\/span><span id=\"input-sentence~1\"><br \/>\nLanglebigkeit der Materialien: Die Ventilverteiler JSV bestehen aus Kohlenstoffstahl und einer vernickelten Legierung mit Best\u00e4ndigkeit gegen Umwelteinfl\u00fcsse.<\/span><\/p>\n<h2>Spezifikation<\/h2>\n<table>\n<tbody>\n<tr>\n<td>Funktionsprinzip<\/td>\n<td>Messger\u00e4te<\/td>\n<\/tr>\n<tr>\n<td>Anzahl der Verkaufsstellen<\/td>\n<td>6-20<\/td>\n<\/tr>\n<tr>\n<td>Dosiermenge<\/td>\n<td>0,2 ml\/Zyklus<\/td>\n<\/tr>\n<tr>\n<td>Schmiermittel<\/td>\n<td>Fett bis NLGI 2, \u00d6l 32\u2013220 cSt bei 40 \u00b0C<\/td>\n<\/tr>\n<tr>\n<td>Betriebstemperatur<\/td>\n<td>\u201320 bis +80 \u00b0C<\/td>\n<\/tr>\n<tr>\n<td>Betriebsdruck<\/td>\n<td>Max. 300 bar<\/td>\n<\/tr>\n<tr>\n<td>Material<\/td>\n<td>Schwarz verzinkt<\/td>\n<\/tr>\n<tr>\n<td>Anschluss Einlass<\/td>\n<td>\u03a66\/\u03a68 (M10x1)<\/td>\n<\/tr>\n<tr>\n<td>Anschluss Ausgang<\/td>\n<td>\u03a66\/\u03a68 (M10x1)<\/td>\n<\/tr>\n<tr>\n<td>Einbaulage<\/td>\n<td>Beliebig<\/td>\n<\/tr>\n<\/tbody>\n<\/table>\n<h2>Anwendung<\/h2>\n<p>Industriemaschinen: JINPUNLUB JSV-Dosierger\u00e4te werden h\u00e4ufig bei verschiedenen Arten von Industriemaschinen und -ger\u00e4ten eingesetzt, wie etwa Werkzeugmaschinen, Druckgussmaschinen, Spritzgussmaschinen usw., um den normalen Betrieb des Ger\u00e4ts zu gew\u00e4hrleisten und die Lebensdauer zu verl\u00e4ngern.<br \/>\nBaumaschinen: Dosierger\u00e4te von JSV Baumaschinen wie Bagger, Lader, Kr\u00e4ne usw. k\u00f6nnen Progressivverteiler verwenden, um eine zuverl\u00e4ssige Schmierung zu gew\u00e4hrleisten und den mechanischen Verschlei\u00df zu verringern.<\/p>\n<h2>Benutzerhandb\u00fccher<\/h2>\n<div class=\"sdm_download_button_box_default\"><div class=\"sdm_download_link\"><a href=\"https:\/\/www.jinpinlub.com\/de\/?sdm_process_download=1&download_id=2474\" class=\"sdm_download white\" title=\"Privat: JSV Progressive Distributor\" target=\"&quot;_blank&quot;\">Datenblatt anzeigen - JSV Distributor<\/a><\/div><\/div>","protected":false},"excerpt":{"rendered":"<p>Progressive Fettspender von JSV werden h\u00e4ufig in Schmiersystemen von Industrieanlagen eingesetzt, insbesondere in Situationen, in denen eine genaue Kontrolle der Schmierstoffmenge erforderlich ist, wie zum Beispiel bei Schwermaschinen, Fertigungsanlagen und automatisierten Produktionslinien.<\/p>","protected":false},"featured_media":3478,"template":"","meta":{"ocean_post_layout":"","ocean_both_sidebars_style":"","ocean_both_sidebars_content_width":0,"ocean_both_sidebars_sidebars_width":0,"ocean_sidebar":"0","ocean_second_sidebar":"0","ocean_disable_margins":"enable","ocean_add_body_class":"","ocean_shortcode_before_top_bar":"","ocean_shortcode_after_top_bar":"","ocean_shortcode_before_header":"","ocean_shortcode_after_header":"","ocean_has_shortcode":"","ocean_shortcode_after_title":"","ocean_shortcode_before_footer_widgets":"","ocean_shortcode_after_footer_widgets":"","ocean_shortcode_before_footer_bottom":"","ocean_shortcode_after_footer_bottom":"","ocean_display_top_bar":"default","ocean_display_header":"default","ocean_header_style":"","ocean_center_header_left_menu":"0","ocean_custom_header_template":"0","ocean_custom_logo":0,"ocean_custom_retina_logo":0,"ocean_custom_logo_max_width":0,"ocean_custom_logo_tablet_max_width":0,"ocean_custom_logo_mobile_max_width":0,"ocean_custom_logo_max_height":0,"ocean_custom_logo_tablet_max_height":0,"ocean_custom_logo_mobile_max_height":0,"ocean_header_custom_menu":"0","ocean_menu_typo_font_family":"0","ocean_menu_typo_font_subset":"","ocean_menu_typo_font_size":0,"ocean_menu_typo_font_size_tablet":0,"ocean_menu_typo_font_size_mobile":0,"ocean_menu_typo_font_size_unit":"px","ocean_menu_typo_font_weight":"","ocean_menu_typo_font_weight_tablet":"","ocean_menu_typo_font_weight_mobile":"","ocean_menu_typo_transform":"","ocean_menu_typo_transform_tablet":"","ocean_menu_typo_transform_mobile":"","ocean_menu_typo_line_height":0,"ocean_menu_typo_line_height_tablet":0,"ocean_menu_typo_line_height_mobile":0,"ocean_menu_typo_line_height_unit":"","ocean_menu_typo_spacing":0,"ocean_menu_typo_spacing_tablet":0,"ocean_menu_typo_spacing_mobile":0,"ocean_menu_typo_spacing_unit":"","ocean_menu_link_color":"","ocean_menu_link_color_hover":"","ocean_menu_link_color_active":"","ocean_menu_link_background":"","ocean_menu_link_hover_background":"","ocean_menu_link_active_background":"","ocean_menu_social_links_bg":"","ocean_menu_social_hover_links_bg":"","ocean_menu_social_links_color":"","ocean_menu_social_hover_links_color":"","ocean_disable_title":"default","ocean_disable_heading":"default","ocean_post_title":"","ocean_post_subheading":"","ocean_post_title_style":"","ocean_post_title_background_color":"","ocean_post_title_background":0,"ocean_post_title_bg_image_position":"","ocean_post_title_bg_image_attachment":"","ocean_post_title_bg_image_repeat":"","ocean_post_title_bg_image_size":"","ocean_post_title_height":0,"ocean_post_title_bg_overlay":0.5,"ocean_post_title_bg_overlay_color":"","ocean_disable_breadcrumbs":"default","ocean_breadcrumbs_color":"","ocean_breadcrumbs_separator_color":"","ocean_breadcrumbs_links_color":"","ocean_breadcrumbs_links_hover_color":"","ocean_display_footer_widgets":"default","ocean_display_footer_bottom":"default","ocean_custom_footer_template":"0","osh_disable_topbar_sticky":"default","osh_disable_header_sticky":"default","osh_sticky_header_style":"default","osh_sticky_header_effect":"","osh_custom_sticky_logo":0,"osh_custom_retina_sticky_logo":0,"osh_custom_sticky_logo_height":0,"osh_background_color":"","osh_links_color":"","osh_links_hover_color":"","osh_links_active_color":"","osh_links_bg_color":"","osh_links_hover_bg_color":"","osh_links_active_bg_color":"","osh_menu_social_links_color":"","osh_menu_social_hover_links_color":""},"product_brand":[],"product_cat":[44,41],"product_tag":[87,141,236],"class_list":{"0":"post-3486","1":"product","2":"type-product","3":"status-publish","4":"has-post-thumbnail","6":"product_cat-progressive-grease-dividers","7":"product_cat-progressive-grease-systems","8":"product_tag-grease-distributor","9":"product_tag-lubrication-distributor","10":"product_tag-lubrication-pump-distributor","12":"entry","13":"has-media","15":"first","16":"instock","17":"shipping-taxable","18":"product-type-external","19":"col","20":"span_1_of_3","21":"owp-content-center","22":"owp-thumbs-layout-horizontal","23":"owp-btn-very-big","24":"owp-tabs-layout-horizontal"},"_links":{"self":[{"href":"https:\/\/www.jinpinlub.com\/de\/wp-json\/wp\/v2\/product\/3486","targetHints":{"allow":["GET"]}}],"collection":[{"href":"https:\/\/www.jinpinlub.com\/de\/wp-json\/wp\/v2\/product"}],"about":[{"href":"https:\/\/www.jinpinlub.com\/de\/wp-json\/wp\/v2\/types\/product"}],"wp:featuredmedia":[{"embeddable":true,"href":"https:\/\/www.jinpinlub.com\/de\/wp-json\/wp\/v2\/media\/3478"}],"wp:attachment":[{"href":"https:\/\/www.jinpinlub.com\/de\/wp-json\/wp\/v2\/media?parent=3486"}],"wp:term":[{"taxonomy":"product_brand","embeddable":true,"href":"https:\/\/www.jinpinlub.com\/de\/wp-json\/wp\/v2\/product_brand?post=3486"},{"taxonomy":"product_cat","embeddable":true,"href":"https:\/\/www.jinpinlub.com\/de\/wp-json\/wp\/v2\/product_cat?post=3486"},{"taxonomy":"product_tag","embeddable":true,"href":"https:\/\/www.jinpinlub.com\/de\/wp-json\/wp\/v2\/product_tag?post=3486"}],"curies":[{"name":"wp","href":"https:\/\/api.w.org\/{rel}","templated":true}]}}