{"id":3489,"date":"2024-08-29T04:35:46","date_gmt":"2024-08-28T20:35:46","guid":{"rendered":"https:\/\/www.jinpinlub.com\/?post_type=product&#038;p=3489"},"modified":"2025-06-06T19:33:33","modified_gmt":"2025-06-06T11:33:33","slug":"jsv-vertriebspartner-fur-progressiv-fettschmiersysteme","status":"publish","type":"product","link":"https:\/\/www.jinpinlub.com\/de\/product\/jsv-distributor-for-progressive-grease-lubrication-systems\/","title":{"rendered":"JSV-H\u00e4ndler f\u00fcr progressive Fettschmiersysteme"},"content":{"rendered":"<h2>Besonderheit<\/h2>\n<p><span id=\"input-sentence~0\">Hohe Pr\u00e4zision: Der JSV-Fettverteiler kann Schmiermittel pr\u00e4zise an jede Schmierstelle verteilen und sorgt so f\u00fcr eine vollst\u00e4ndige Schmierung aller Ger\u00e4teteile.<br \/>\nModularit\u00e4t: Je nach Bedarf kann der JSV Fettverteiler modular kombiniert werden. Dar\u00fcber hinaus verf\u00fcgt er \u00fcber eine hohe Flexibilit\u00e4t und Anpassungsf\u00e4higkeit an verschiedene Schmiersysteme.<\/span><span id=\"input-sentence~1\"><br \/>\nHohe Haltbarkeit: Der SV-Fettverteiler ist aus hochwertigem Material gefertigt und weist eine gute Verschlei\u00df- und Korrosionsbest\u00e4ndigkeit auf. Somit ist er f\u00fcr jede raue Umgebung geeignet.<br \/>\nHohe Zuverl\u00e4ssigkeit: Es verf\u00fcgt \u00fcber ein pr\u00e4zises Design, einen stabilen Betrieb und kann lange Zeit einen guten Arbeitszustand aufrechterhalten.<\/span><\/p>\n<h2>Spezifikation<\/h2>\n<table>\n<tbody>\n<tr>\n<td>Funktionsprinzip<\/td>\n<td>Messger\u00e4te<\/td>\n<\/tr>\n<tr>\n<td>Anzahl der Verkaufsstellen<\/td>\n<td>6-20<\/td>\n<\/tr>\n<tr>\n<td>Dosiermenge<\/td>\n<td>0,2 ml\/Zyklus<\/td>\n<\/tr>\n<tr>\n<td>Schmiermittel<\/td>\n<td>Fett bis NLGI 2, \u00d6l 32\u2013220 cSt bei 40 \u00b0C<\/td>\n<\/tr>\n<tr>\n<td>Betriebstemperatur<\/td>\n<td>\u201320 bis +80 \u00b0C<\/td>\n<\/tr>\n<tr>\n<td>Betriebsdruck<\/td>\n<td>Max. 300 bar<\/td>\n<\/tr>\n<tr>\n<td>Material<\/td>\n<td>Schwarz verzinkt<\/td>\n<\/tr>\n<tr>\n<td>Anschluss Einlass<\/td>\n<td>\u03a66\/\u03a68 (M10x1)<\/td>\n<\/tr>\n<tr>\n<td>Anschluss Ausgang<\/td>\n<td>\u03a66\/\u03a68 (M10x1)<\/td>\n<\/tr>\n<tr>\n<td>Einbaulage<\/td>\n<td>Beliebig<\/td>\n<\/tr>\n<\/tbody>\n<\/table>\n<h2>Anwendung<\/h2>\n<p><span id=\"input-sentence~2\">Kunststoffmaschinen: Die Anpassung von JINPINLUB JSV-Dosierbl\u00f6cken an Spritzgussmaschinen gew\u00e4hrleistet die Schmierung von Formen und mechanischen Teilen.<br \/>\nPapierherstellungsmaschinen: Die Anpassung von JSV-Dosierbl\u00f6cken an die Schmierung in Zellstoff- und Papierherstellungsanlagen kann Ausfallunf\u00e4lle und Wartungskosten reduzieren.<\/span><span id=\"input-sentence~3\"><br \/>\nTextilmaschinen: JSV-Dosierbl\u00f6cke eignen sich zur Schmierung in Textilmaschinen, um eine effektive Produktion und gute Produktqualit\u00e4t sicherzustellen.<br \/>\nDruck- und Verpackungsmaschinen: JSV-Dosierbl\u00f6cke eignen sich f\u00fcr Druckmaschinen und Verpackungsanlagen zur Verbesserung von Produktion und Qualit\u00e4t.<\/span><\/p>\n<h2>Benutzerhandb\u00fccher<\/h2>\n<div class=\"sdm_download_button_box_default\"><div class=\"sdm_download_link\"><a href=\"https:\/\/www.jinpinlub.com\/de\/?sdm_process_download=1&download_id=2474\" class=\"sdm_download white\" title=\"Privat: JSV Progressive Distributor\" target=\"&quot;_blank&quot;\">Datenblatt anzeigen - JSV Distributor<\/a><\/div><\/div>","protected":false},"excerpt":{"rendered":"<p>Der Progressivverteiler JINPINLUB JSV ist eine Schl\u00fcsselkomponente f\u00fcr progressive Zentralschmiersysteme. Es handelt sich um einen weit verbreiteten Progressivverteiler mit den Vorteilen eines hohen Arbeitsdrucks, hoher Pr\u00e4zision, hoher Haltbarkeit und hoher Zuverl\u00e4ssigkeit.<\/p>","protected":false},"featured_media":3469,"template":"","meta":{"ocean_post_layout":"","ocean_both_sidebars_style":"","ocean_both_sidebars_content_width":0,"ocean_both_sidebars_sidebars_width":0,"ocean_sidebar":"0","ocean_second_sidebar":"0","ocean_disable_margins":"enable","ocean_add_body_class":"","ocean_shortcode_before_top_bar":"","ocean_shortcode_after_top_bar":"","ocean_shortcode_before_header":"","ocean_shortcode_after_header":"","ocean_has_shortcode":"","ocean_shortcode_after_title":"","ocean_shortcode_before_footer_widgets":"","ocean_shortcode_after_footer_widgets":"","ocean_shortcode_before_footer_bottom":"","ocean_shortcode_after_footer_bottom":"","ocean_display_top_bar":"default","ocean_display_header":"default","ocean_header_style":"","ocean_center_header_left_menu":"0","ocean_custom_header_template":"0","ocean_custom_logo":0,"ocean_custom_retina_logo":0,"ocean_custom_logo_max_width":0,"ocean_custom_logo_tablet_max_width":0,"ocean_custom_logo_mobile_max_width":0,"ocean_custom_logo_max_height":0,"ocean_custom_logo_tablet_max_height":0,"ocean_custom_logo_mobile_max_height":0,"ocean_header_custom_menu":"0","ocean_menu_typo_font_family":"0","ocean_menu_typo_font_subset":"","ocean_menu_typo_font_size":0,"ocean_menu_typo_font_size_tablet":0,"ocean_menu_typo_font_size_mobile":0,"ocean_menu_typo_font_size_unit":"px","ocean_menu_typo_font_weight":"","ocean_menu_typo_font_weight_tablet":"","ocean_menu_typo_font_weight_mobile":"","ocean_menu_typo_transform":"","ocean_menu_typo_transform_tablet":"","ocean_menu_typo_transform_mobile":"","ocean_menu_typo_line_height":0,"ocean_menu_typo_line_height_tablet":0,"ocean_menu_typo_line_height_mobile":0,"ocean_menu_typo_line_height_unit":"","ocean_menu_typo_spacing":0,"ocean_menu_typo_spacing_tablet":0,"ocean_menu_typo_spacing_mobile":0,"ocean_menu_typo_spacing_unit":"","ocean_menu_link_color":"","ocean_menu_link_color_hover":"","ocean_menu_link_color_active":"","ocean_menu_link_background":"","ocean_menu_link_hover_background":"","ocean_menu_link_active_background":"","ocean_menu_social_links_bg":"","ocean_menu_social_hover_links_bg":"","ocean_menu_social_links_color":"","ocean_menu_social_hover_links_color":"","ocean_disable_title":"default","ocean_disable_heading":"default","ocean_post_title":"","ocean_post_subheading":"","ocean_post_title_style":"","ocean_post_title_background_color":"","ocean_post_title_background":0,"ocean_post_title_bg_image_position":"","ocean_post_title_bg_image_attachment":"","ocean_post_title_bg_image_repeat":"","ocean_post_title_bg_image_size":"","ocean_post_title_height":0,"ocean_post_title_bg_overlay":0.5,"ocean_post_title_bg_overlay_color":"","ocean_disable_breadcrumbs":"default","ocean_breadcrumbs_color":"","ocean_breadcrumbs_separator_color":"","ocean_breadcrumbs_links_color":"","ocean_breadcrumbs_links_hover_color":"","ocean_display_footer_widgets":"default","ocean_display_footer_bottom":"default","ocean_custom_footer_template":"0","osh_disable_topbar_sticky":"default","osh_disable_header_sticky":"default","osh_sticky_header_style":"default","osh_sticky_header_effect":"","osh_custom_sticky_logo":0,"osh_custom_retina_sticky_logo":0,"osh_custom_sticky_logo_height":0,"osh_background_color":"","osh_links_color":"","osh_links_hover_color":"","osh_links_active_color":"","osh_links_bg_color":"","osh_links_hover_bg_color":"","osh_links_active_bg_color":"","osh_menu_social_links_color":"","osh_menu_social_hover_links_color":""},"product_brand":[],"product_cat":[44,41],"product_tag":[87,141,264],"class_list":{"0":"post-3489","1":"product","2":"type-product","3":"status-publish","4":"has-post-thumbnail","6":"product_cat-progressive-grease-dividers","7":"product_cat-progressive-grease-systems","8":"product_tag-grease-distributor","9":"product_tag-lubrication-distributor","10":"product_tag-lubrication-system-separator","12":"entry","13":"has-media","15":"first","16":"instock","17":"shipping-taxable","18":"product-type-external","19":"col","20":"span_1_of_3","21":"owp-content-center","22":"owp-thumbs-layout-horizontal","23":"owp-btn-very-big","24":"owp-tabs-layout-horizontal"},"_links":{"self":[{"href":"https:\/\/www.jinpinlub.com\/de\/wp-json\/wp\/v2\/product\/3489","targetHints":{"allow":["GET"]}}],"collection":[{"href":"https:\/\/www.jinpinlub.com\/de\/wp-json\/wp\/v2\/product"}],"about":[{"href":"https:\/\/www.jinpinlub.com\/de\/wp-json\/wp\/v2\/types\/product"}],"wp:featuredmedia":[{"embeddable":true,"href":"https:\/\/www.jinpinlub.com\/de\/wp-json\/wp\/v2\/media\/3469"}],"wp:attachment":[{"href":"https:\/\/www.jinpinlub.com\/de\/wp-json\/wp\/v2\/media?parent=3489"}],"wp:term":[{"taxonomy":"product_brand","embeddable":true,"href":"https:\/\/www.jinpinlub.com\/de\/wp-json\/wp\/v2\/product_brand?post=3489"},{"taxonomy":"product_cat","embeddable":true,"href":"https:\/\/www.jinpinlub.com\/de\/wp-json\/wp\/v2\/product_cat?post=3489"},{"taxonomy":"product_tag","embeddable":true,"href":"https:\/\/www.jinpinlub.com\/de\/wp-json\/wp\/v2\/product_tag?post=3489"}],"curies":[{"name":"wp","href":"https:\/\/api.w.org\/{rel}","templated":true}]}}