{"id":3492,"date":"2024-08-29T05:05:38","date_gmt":"2024-08-28T21:05:38","guid":{"rendered":"https:\/\/www.jinpinlub.com\/?post_type=product&#038;p=3492"},"modified":"2025-06-06T19:32:49","modified_gmt":"2025-06-06T11:32:49","slug":"jsv-6-20-auslass-progressivverteiler-fur-ol-fett-system","status":"publish","type":"product","link":"https:\/\/www.jinpinlub.com\/de\/product\/jsv-6-20-outlet-progressive-feeder-for-oil-grease-system\/","title":{"rendered":"JSV 6-20 Auslass Progressivf\u00f6rderer f\u00fcr \u00d6l- und Fettsystem"},"content":{"rendered":"<h2>Besonderheit<\/h2>\n<p>JSV ist ein Progressivkolbenverteiler aus schwarz verzinktem Stahl.<br \/>\n1-20 ist die Anzahl der Steckdosen, und an die Steckdosen 1 und 2 d\u00fcrfen keine Stecker angeschlossen werden.<br \/>\nDie Entladereihenfolge geht von Auslass Nummer 20 bis 1, nachdem ein Auslass entladen ist, beginnt der n\u00e4chste mit der Entladung.<br \/>\nJede Steckdose kann zur Leistungssteigerung mit der benachbarten Steckdose verbunden werden, indem ein Stecker installiert und eine spezielle Armatur entfernt wird.<br \/>\nJSV verf\u00fcgt \u00fcber \u00dcberwachungs- oder Steuerfunktionen, optional sind mechanische Anzeige, Mikroschalter oder N\u00e4herungsschalter erh\u00e4ltlich.<br \/>\nDie Standardanschl\u00fcsse sind R\u00fcckschlagventilbaugruppen, um einen R\u00fcckfluss des Schmiermittels zu verhindern.<br \/>\nKompatible Schmiermittel: Fett NLGI 000#~2#, \u00d6l 32\u2013220 cSt bei 40 \u00b0C (R\u00fcckschlagventilbaugruppe);<br \/>\nBetriebstemperatur: -20\u2103~+80\u2103.<\/p>\n<h2>Spezifikation<\/h2>\n<table>\n<tbody>\n<tr>\n<td>Funktionsprinzip<\/td>\n<td>Messger\u00e4te<\/td>\n<\/tr>\n<tr>\n<td>Anzahl der Verkaufsstellen<\/td>\n<td>6-20<\/td>\n<\/tr>\n<tr>\n<td>Dosiermenge<\/td>\n<td>0,2 ml\/Zyklus<\/td>\n<\/tr>\n<tr>\n<td>Schmiermittel<\/td>\n<td>Fett bis NLGI 2, \u00d6l 32\u2013220 cSt bei 40 \u00b0C<\/td>\n<\/tr>\n<tr>\n<td>Betriebstemperatur<\/td>\n<td>\u201320 bis +80 \u00b0C<\/td>\n<\/tr>\n<tr>\n<td>Betriebsdruck<\/td>\n<td>Max. 300 bar<\/td>\n<\/tr>\n<tr>\n<td>Material<\/td>\n<td>Schwarz verzinkt<\/td>\n<\/tr>\n<tr>\n<td>Anschluss Einlass<\/td>\n<td>\u03a66\/\u03a68 (M10x1)<\/td>\n<\/tr>\n<tr>\n<td>Anschluss Ausgang<\/td>\n<td>\u03a66\/\u03a68 (M10x1)<\/td>\n<\/tr>\n<tr>\n<td>Einbaulage<\/td>\n<td>Beliebig<\/td>\n<\/tr>\n<\/tbody>\n<\/table>\n<h2>Anwendung<\/h2>\n<p>Baumaschinen<br \/>\nDiese Progressivf\u00f6rderer vom Typ JSV werden in gro\u00dfen Baumaschinen eingesetzt, um Scharniere, Lager, Hydrauliksysteme usw. von Baggern und Bulldozern zu schmieren. Da diese Anlagen unter h\u00e4rtesten Arbeitsbedingungen betrieben werden, kann man sagen, dass das zuverl\u00e4ssige Schmiersystem die Lebensdauer der Maschinen erheblich verl\u00e4ngern und Ausf\u00e4lle reduzieren kann.<br \/>\nWartung von Kraftfahrzeugen<br \/>\nProgressivverteiler vom Typ JSV finden h\u00e4ufig Anwendung bei der Wartung von Nutzfahrzeugen wie LKWs und Bussen. Sie sind f\u00fcr die Schmierung von Fahrgestell, Lenkung und Aufh\u00e4ngungssystemen vorgesehen, damit die Leistung des Fahrzeugs auch nach langem Gebrauch gut bleibt.<\/p>\n<h2>Benutzerhandb\u00fccher<\/h2>\n<div class=\"sdm_download_button_box_default\"><div class=\"sdm_download_link\"><a href=\"https:\/\/www.jinpinlub.com\/de\/?sdm_process_download=1&download_id=2474\" class=\"sdm_download white\" title=\"Privat: JSV Progressive Distributor\" target=\"&quot;_blank&quot;\">Datenblatt anzeigen - JSV Distributor<\/a><\/div><\/div>","protected":false},"excerpt":{"rendered":"<p>Jeder Auslass des Progressivverteilers JSV verf\u00fcgt \u00fcber einen Kolben. Schmiermittel tritt durch den Einlass ein, dr\u00fcckt den ersten Kolben in Bewegung und der erste Auslass wird entladen. Anschlie\u00dfend dr\u00fcckt das Schmiermittel den n\u00e4chsten Kolben und so weiter, bis alle Ausl\u00e4sse einen Zyklus abgeschlossen haben.<\/p>","protected":false},"featured_media":3458,"template":"","meta":{"ocean_post_layout":"","ocean_both_sidebars_style":"","ocean_both_sidebars_content_width":0,"ocean_both_sidebars_sidebars_width":0,"ocean_sidebar":"0","ocean_second_sidebar":"0","ocean_disable_margins":"enable","ocean_add_body_class":"","ocean_shortcode_before_top_bar":"","ocean_shortcode_after_top_bar":"","ocean_shortcode_before_header":"","ocean_shortcode_after_header":"","ocean_has_shortcode":"","ocean_shortcode_after_title":"","ocean_shortcode_before_footer_widgets":"","ocean_shortcode_after_footer_widgets":"","ocean_shortcode_before_footer_bottom":"","ocean_shortcode_after_footer_bottom":"","ocean_display_top_bar":"default","ocean_display_header":"default","ocean_header_style":"","ocean_center_header_left_menu":"0","ocean_custom_header_template":"0","ocean_custom_logo":0,"ocean_custom_retina_logo":0,"ocean_custom_logo_max_width":0,"ocean_custom_logo_tablet_max_width":0,"ocean_custom_logo_mobile_max_width":0,"ocean_custom_logo_max_height":0,"ocean_custom_logo_tablet_max_height":0,"ocean_custom_logo_mobile_max_height":0,"ocean_header_custom_menu":"0","ocean_menu_typo_font_family":"0","ocean_menu_typo_font_subset":"","ocean_menu_typo_font_size":0,"ocean_menu_typo_font_size_tablet":0,"ocean_menu_typo_font_size_mobile":0,"ocean_menu_typo_font_size_unit":"px","ocean_menu_typo_font_weight":"","ocean_menu_typo_font_weight_tablet":"","ocean_menu_typo_font_weight_mobile":"","ocean_menu_typo_transform":"","ocean_menu_typo_transform_tablet":"","ocean_menu_typo_transform_mobile":"","ocean_menu_typo_line_height":0,"ocean_menu_typo_line_height_tablet":0,"ocean_menu_typo_line_height_mobile":0,"ocean_menu_typo_line_height_unit":"","ocean_menu_typo_spacing":0,"ocean_menu_typo_spacing_tablet":0,"ocean_menu_typo_spacing_mobile":0,"ocean_menu_typo_spacing_unit":"","ocean_menu_link_color":"","ocean_menu_link_color_hover":"","ocean_menu_link_color_active":"","ocean_menu_link_background":"","ocean_menu_link_hover_background":"","ocean_menu_link_active_background":"","ocean_menu_social_links_bg":"","ocean_menu_social_hover_links_bg":"","ocean_menu_social_links_color":"","ocean_menu_social_hover_links_color":"","ocean_disable_title":"default","ocean_disable_heading":"default","ocean_post_title":"","ocean_post_subheading":"","ocean_post_title_style":"","ocean_post_title_background_color":"","ocean_post_title_background":0,"ocean_post_title_bg_image_position":"","ocean_post_title_bg_image_attachment":"","ocean_post_title_bg_image_repeat":"","ocean_post_title_bg_image_size":"","ocean_post_title_height":0,"ocean_post_title_bg_overlay":0.5,"ocean_post_title_bg_overlay_color":"","ocean_disable_breadcrumbs":"default","ocean_breadcrumbs_color":"","ocean_breadcrumbs_separator_color":"","ocean_breadcrumbs_links_color":"","ocean_breadcrumbs_links_hover_color":"","ocean_display_footer_widgets":"default","ocean_display_footer_bottom":"default","ocean_custom_footer_template":"0","osh_disable_topbar_sticky":"default","osh_disable_header_sticky":"default","osh_sticky_header_style":"default","osh_sticky_header_effect":"","osh_custom_sticky_logo":0,"osh_custom_retina_sticky_logo":0,"osh_custom_sticky_logo_height":0,"osh_background_color":"","osh_links_color":"","osh_links_hover_color":"","osh_links_active_color":"","osh_links_bg_color":"","osh_links_hover_bg_color":"","osh_links_active_bg_color":"","osh_menu_social_links_color":"","osh_menu_social_hover_links_color":""},"product_brand":[],"product_cat":[44,41],"product_tag":[262,269,268],"class_list":{"0":"post-3492","1":"product","2":"type-product","3":"status-publish","4":"has-post-thumbnail","6":"product_cat-progressive-grease-dividers","7":"product_cat-progressive-grease-systems","8":"product_tag-grease-feeder","9":"product_tag-lubrication-feeder","10":"product_tag-progressive-feeder","12":"entry","13":"has-media","15":"first","16":"instock","17":"featured","18":"shipping-taxable","19":"product-type-external","20":"col","21":"span_1_of_3","22":"owp-content-center","23":"owp-thumbs-layout-horizontal","24":"owp-btn-very-big","25":"owp-tabs-layout-horizontal"},"_links":{"self":[{"href":"https:\/\/www.jinpinlub.com\/de\/wp-json\/wp\/v2\/product\/3492","targetHints":{"allow":["GET"]}}],"collection":[{"href":"https:\/\/www.jinpinlub.com\/de\/wp-json\/wp\/v2\/product"}],"about":[{"href":"https:\/\/www.jinpinlub.com\/de\/wp-json\/wp\/v2\/types\/product"}],"wp:featuredmedia":[{"embeddable":true,"href":"https:\/\/www.jinpinlub.com\/de\/wp-json\/wp\/v2\/media\/3458"}],"wp:attachment":[{"href":"https:\/\/www.jinpinlub.com\/de\/wp-json\/wp\/v2\/media?parent=3492"}],"wp:term":[{"taxonomy":"product_brand","embeddable":true,"href":"https:\/\/www.jinpinlub.com\/de\/wp-json\/wp\/v2\/product_brand?post=3492"},{"taxonomy":"product_cat","embeddable":true,"href":"https:\/\/www.jinpinlub.com\/de\/wp-json\/wp\/v2\/product_cat?post=3492"},{"taxonomy":"product_tag","embeddable":true,"href":"https:\/\/www.jinpinlub.com\/de\/wp-json\/wp\/v2\/product_tag?post=3492"}],"curies":[{"name":"wp","href":"https:\/\/api.w.org\/{rel}","templated":true}]}}