{"id":3547,"date":"2024-08-30T08:05:08","date_gmt":"2024-08-30T00:05:08","guid":{"rendered":"https:\/\/www.jinpinlub.com\/?post_type=product&#038;p=3547"},"modified":"2025-06-06T19:50:18","modified_gmt":"2025-06-06T11:50:18","slug":"jsvb-6-16-auslass-progressiv-fettverteiler-fur-maschine","status":"publish","type":"product","link":"https:\/\/www.jinpinlub.com\/de\/product\/jsvb-6-16-outlet-progressive-grease-distributor-for-machine\/","title":{"rendered":"JSVB 6-16 Outlet Progressive Fettverteiler f\u00fcr Maschine"},"content":{"rendered":"<h2>Merkmale<\/h2>\n<p>Hohe Pr\u00e4zision: Der JINPIN JSVB-Verteiler steuert die verteilte Schmiermittelmenge hochpr\u00e4zise und stellt sicher, dass jeder Schmierpunkt genau richtig geschmiert wird.<br \/>\nZuverl\u00e4ssigkeit: Der JSVB-Verteiler ist aus hochwertigem Material mit hoher Verschlei\u00df- und Korrosionsbest\u00e4ndigkeit gefertigt und daher f\u00fcr viele raue Bedingungen geeignet.<br \/>\nModularer Aufbau: Der JSVB-Verteiler ist einfach zu installieren und zu warten und l\u00e4sst sich je nach Bedarf flexibel anpassen und erweitern.<br \/>\nZuverl\u00e4ssigkeit: Der JSVB-Verteiler sorgt f\u00fcr eine gute Abdichtung, um ein Austreten von Schmiermittel zu verhindern.<\/p>\n<h2>Spezifikation<\/h2>\n<table>\n<tbody>\n<tr>\n<td>Funktionsprinzip<\/td>\n<td>Messger\u00e4te<\/td>\n<\/tr>\n<tr>\n<td>Anzahl der Verkaufsstellen<\/td>\n<td>6-16<\/td>\n<\/tr>\n<tr>\n<td>Dosiermenge<\/td>\n<td>0,17 ml\/Zyklus<\/td>\n<\/tr>\n<tr>\n<td>Schmiermittel<\/td>\n<td>Fett bis NLGI 2, \u00d6l 32\u2013220 cSt bei 40 \u00b0C<\/td>\n<\/tr>\n<tr>\n<td>Betriebstemperatur<\/td>\n<td>\u201320 bis +80 \u00b0C<\/td>\n<\/tr>\n<tr>\n<td>Betriebsdruck<\/td>\n<td>Max. 250 bar<\/td>\n<\/tr>\n<tr>\n<td>Material<\/td>\n<td>Schwarz verzinkt<\/td>\n<\/tr>\n<tr>\n<td>Anschluss Einlass<\/td>\n<td>\u03a66 (M10 x 1,0), \u03a68 (M10 x 1,0)<\/td>\n<\/tr>\n<tr>\n<td>Anschluss Ausgang<\/td>\n<td>\u03a66 (M10 x 1,0), \u03a68 (M10 x 1,0)<\/td>\n<\/tr>\n<tr>\n<td>Einbaulage<\/td>\n<td>Beliebig<\/td>\n<\/tr>\n<\/tbody>\n<\/table>\n<h2>Anwendung<\/h2>\n<p>CNC-Maschinen und -Ger\u00e4te: JSVB-Progressivverteiler werden in den Schmiersystemen verschiedener CNC-Werkzeugmaschinen eingesetzt, um den effizienten Betrieb der Ger\u00e4te zu gew\u00e4hrleisten.<br \/>\nAutomobilfahrgestelle: JSVB-Verteiler werden h\u00e4ufig in Fahrgestell-Schmiersystemen von Bussen und anderen Fahrzeugen verwendet.<br \/>\nIndustrieanlagen: JSVB-Verteiler eignen sich f\u00fcr die Zentralschmiersysteme verschiedener Industriemaschinen und -anlagen, um die Lebensdauer und Betriebseffizienz der Anlagen zu verbessern.<\/p>\n<h2>Benutzerhandb\u00fccher<\/h2>\n<div class=\"sdm_download_button_box_default\"><div class=\"sdm_download_link\"><a href=\"https:\/\/www.jinpinlub.com\/de\/?sdm_process_download=1&download_id=4290\" class=\"sdm_download white\" title=\"Privat: JSVB Progressive Distributor\" target=\"&quot;_blank&quot;\">View Datasheet - JSVB Distributor<\/a><\/div><\/div>","protected":false},"excerpt":{"rendered":"<p>Der JSV-Verteiler ist ein Progressivverteiler f\u00fcr Schmiersysteme. Die Anzahl der \u00d6lzufuhr\u00f6ffnungen ist in 6-16 und andere Spezifikationen unterteilt. Die \u00d6lzufuhr\u00f6ffnungen k\u00f6nnen mit Einwegventilanschl\u00fcssen ausgestattet werden, um ein Zur\u00fcckflie\u00dfen des austretenden \u00d6ls zu verhindern.<\/p>","protected":false},"featured_media":3542,"template":"","meta":{"ocean_post_layout":"","ocean_both_sidebars_style":"","ocean_both_sidebars_content_width":0,"ocean_both_sidebars_sidebars_width":0,"ocean_sidebar":"0","ocean_second_sidebar":"0","ocean_disable_margins":"enable","ocean_add_body_class":"","ocean_shortcode_before_top_bar":"","ocean_shortcode_after_top_bar":"","ocean_shortcode_before_header":"","ocean_shortcode_after_header":"","ocean_has_shortcode":"","ocean_shortcode_after_title":"","ocean_shortcode_before_footer_widgets":"","ocean_shortcode_after_footer_widgets":"","ocean_shortcode_before_footer_bottom":"","ocean_shortcode_after_footer_bottom":"","ocean_display_top_bar":"default","ocean_display_header":"default","ocean_header_style":"","ocean_center_header_left_menu":"0","ocean_custom_header_template":"0","ocean_custom_logo":0,"ocean_custom_retina_logo":0,"ocean_custom_logo_max_width":0,"ocean_custom_logo_tablet_max_width":0,"ocean_custom_logo_mobile_max_width":0,"ocean_custom_logo_max_height":0,"ocean_custom_logo_tablet_max_height":0,"ocean_custom_logo_mobile_max_height":0,"ocean_header_custom_menu":"0","ocean_menu_typo_font_family":"0","ocean_menu_typo_font_subset":"","ocean_menu_typo_font_size":0,"ocean_menu_typo_font_size_tablet":0,"ocean_menu_typo_font_size_mobile":0,"ocean_menu_typo_font_size_unit":"px","ocean_menu_typo_font_weight":"","ocean_menu_typo_font_weight_tablet":"","ocean_menu_typo_font_weight_mobile":"","ocean_menu_typo_transform":"","ocean_menu_typo_transform_tablet":"","ocean_menu_typo_transform_mobile":"","ocean_menu_typo_line_height":0,"ocean_menu_typo_line_height_tablet":0,"ocean_menu_typo_line_height_mobile":0,"ocean_menu_typo_line_height_unit":"","ocean_menu_typo_spacing":0,"ocean_menu_typo_spacing_tablet":0,"ocean_menu_typo_spacing_mobile":0,"ocean_menu_typo_spacing_unit":"","ocean_menu_link_color":"","ocean_menu_link_color_hover":"","ocean_menu_link_color_active":"","ocean_menu_link_background":"","ocean_menu_link_hover_background":"","ocean_menu_link_active_background":"","ocean_menu_social_links_bg":"","ocean_menu_social_hover_links_bg":"","ocean_menu_social_links_color":"","ocean_menu_social_hover_links_color":"","ocean_disable_title":"default","ocean_disable_heading":"default","ocean_post_title":"","ocean_post_subheading":"","ocean_post_title_style":"","ocean_post_title_background_color":"","ocean_post_title_background":0,"ocean_post_title_bg_image_position":"","ocean_post_title_bg_image_attachment":"","ocean_post_title_bg_image_repeat":"","ocean_post_title_bg_image_size":"","ocean_post_title_height":0,"ocean_post_title_bg_overlay":0.5,"ocean_post_title_bg_overlay_color":"","ocean_disable_breadcrumbs":"default","ocean_breadcrumbs_color":"","ocean_breadcrumbs_separator_color":"","ocean_breadcrumbs_links_color":"","ocean_breadcrumbs_links_hover_color":"","ocean_display_footer_widgets":"default","ocean_display_footer_bottom":"default","ocean_custom_footer_template":"0","osh_disable_topbar_sticky":"default","osh_disable_header_sticky":"default","osh_sticky_header_style":"default","osh_sticky_header_effect":"","osh_custom_sticky_logo":0,"osh_custom_retina_sticky_logo":0,"osh_custom_sticky_logo_height":0,"osh_background_color":"","osh_links_color":"","osh_links_hover_color":"","osh_links_active_color":"","osh_links_bg_color":"","osh_links_hover_bg_color":"","osh_links_active_bg_color":"","osh_menu_social_links_color":"","osh_menu_social_hover_links_color":""},"product_brand":[],"product_cat":[44,41],"product_tag":[87,141,99],"class_list":{"0":"post-3547","1":"product","2":"type-product","3":"status-publish","4":"has-post-thumbnail","6":"product_cat-progressive-grease-dividers","7":"product_cat-progressive-grease-systems","8":"product_tag-grease-distributor","9":"product_tag-lubrication-distributor","10":"product_tag-progressive-distributor","12":"entry","13":"has-media","15":"first","16":"instock","17":"shipping-taxable","18":"product-type-external","19":"col","20":"span_1_of_3","21":"owp-content-center","22":"owp-thumbs-layout-horizontal","23":"owp-btn-very-big","24":"owp-tabs-layout-horizontal"},"_links":{"self":[{"href":"https:\/\/www.jinpinlub.com\/de\/wp-json\/wp\/v2\/product\/3547","targetHints":{"allow":["GET"]}}],"collection":[{"href":"https:\/\/www.jinpinlub.com\/de\/wp-json\/wp\/v2\/product"}],"about":[{"href":"https:\/\/www.jinpinlub.com\/de\/wp-json\/wp\/v2\/types\/product"}],"wp:featuredmedia":[{"embeddable":true,"href":"https:\/\/www.jinpinlub.com\/de\/wp-json\/wp\/v2\/media\/3542"}],"wp:attachment":[{"href":"https:\/\/www.jinpinlub.com\/de\/wp-json\/wp\/v2\/media?parent=3547"}],"wp:term":[{"taxonomy":"product_brand","embeddable":true,"href":"https:\/\/www.jinpinlub.com\/de\/wp-json\/wp\/v2\/product_brand?post=3547"},{"taxonomy":"product_cat","embeddable":true,"href":"https:\/\/www.jinpinlub.com\/de\/wp-json\/wp\/v2\/product_cat?post=3547"},{"taxonomy":"product_tag","embeddable":true,"href":"https:\/\/www.jinpinlub.com\/de\/wp-json\/wp\/v2\/product_tag?post=3547"}],"curies":[{"name":"wp","href":"https:\/\/api.w.org\/{rel}","templated":true}]}}