{"id":3552,"date":"2024-08-30T08:30:56","date_gmt":"2024-08-30T00:30:56","guid":{"rendered":"https:\/\/www.jinpinlub.com\/?post_type=product&#038;p=3552"},"modified":"2024-08-30T08:32:55","modified_gmt":"2024-08-30T00:32:55","slug":"jdl2-widerstand-elektromotor-ol-automatischer-sps-schmierstoffgeber","status":"publish","type":"product","link":"https:\/\/www.jinpinlub.com\/de\/produkt\/jdl2-widerstand-elektromotor-ol-automatischer-sps-schmierstoffgeber\/","title":{"rendered":"JDL2 Widerstand Elektromotor \u00d6l Automatische PLC Schmierstoffgeber"},"content":{"rendered":"<h2>Merkmale<\/h2>\n<p>SPS-Steuerung: Der Schmierstoffgeber der JDL2-Serie kann \u00fcber eine SPS gesteuert werden, um Automatisierung und Pr\u00e4zision bei der Schmierung zu gew\u00e4hrleisten. Druckschalter: Er ist optional und erzeugt bei anormalem Druck ein Alarmsignal. Schwimmerschalter: Mit einem Schwimmerschalter wird automatisch ein Alarmsignal erzeugt, sobald der \u00d6lstand unter die Markierung f\u00e4llt. Funkentferner: Ausgestattet mit einem Funkentferner im Inneren, um Funkenbildung bei flie\u00dfendem Strom zu vermeiden. Manueller Knopf: Dieser JDL2-Schmierstoffgeber verf\u00fcgt \u00fcber einen manuell bedienbaren \u00d6lzufuhrknopf, der die Schmierung nicht l\u00e4nger als drei Minuten erzwingt. Temperaturschutz: Wenn die Temperatur 100 \u00b0C erreicht, wird der Sensor aktiviert und der Motor l\u00e4uft f\u00fcr etwa 5 Minuten nicht weiter.<\/p>\n<h2>Spezifikation<\/h2>\n<table>\n<tbody>\n<tr>\n<td>Modell<\/td>\n<td>JDL2<\/td>\n<\/tr>\n<tr>\n<td>Timer<\/td>\n<td>SPS<\/td>\n<\/tr>\n<tr>\n<td>Betriebstemperatur<\/td>\n<td>0~+50\u00b0C<\/td>\n<\/tr>\n<tr>\n<td>Anzahl der Filialen<\/td>\n<td>1<\/td>\n<\/tr>\n<tr>\n<td>Reservoirkapazit\u00e4t<\/td>\n<td>2 l, 3 l, 4 l (Metall- oder Harztank), 8 l (Metalltank)<\/td>\n<\/tr>\n<tr>\n<td>Nachf\u00fcllen<\/td>\n<td>Von oben<\/td>\n<\/tr>\n<tr>\n<td>Schmiermittel<\/td>\n<td>32\u201368 cSt bei 40 \u00b0C<\/td>\n<\/tr>\n<tr>\n<td>Motorleistung<\/td>\n<td>30 Watt<\/td>\n<\/tr>\n<tr>\n<td>Entladung<\/td>\n<td>150 ml\/min<\/td>\n<\/tr>\n<tr>\n<td>Max. Betriebsdruck<\/td>\n<td>1,5 MPa<\/td>\n<\/tr>\n<tr>\n<td>Anschlussgewinde<\/td>\n<td>Auslass \u03a66<\/td>\n<\/tr>\n<tr>\n<td>Betriebsspannung<\/td>\n<td>110 V Wechselstrom, 220 V Wechselstrom<\/td>\n<\/tr>\n<tr>\n<td>Zertifizierung<\/td>\n<td>CE<\/td>\n<\/tr>\n<tr>\n<td>Einbaulage<\/td>\n<td>Aufrecht<\/td>\n<\/tr>\n<\/tbody>\n<\/table>\n<h2>Anwendungen<\/h2>\n<p>Pr\u00e4zisionsmaschinen: Der JDL2-Schmierstoffgeber wird h\u00e4ufig in CNC-Werkzeugmaschinen eingesetzt. Er kann die pr\u00e4zise Schmierung von Pr\u00e4zisionsteilen gew\u00e4hrleisten. Automatische Produktionslinie: Wird in einer automatischen Produktionslinie eingesetzt und \u00fcber eine SPS gesteuert, um die automatische Schmierung zu realisieren. Verarbeitungsmaschine: Bietet f\u00fcr viele Arten von Verarbeitungsmaschinen, einschlie\u00dflich Fr\u00e4smaschinen, Drehmaschinen und Bohrmaschinen, eine stabile Schmierung. Druckmaschine: Ein JDL2-Schmierstoffgeber kann f\u00fcr eine Druckmaschine eine kontinuierliche Schmierung gew\u00e4hrleisten.<\/p>\n<h2>Benutzerhandb\u00fccher<\/h2>\n<div class=\"sdm_download_button_box_default\"><div class=\"sdm_download_link\"><a href=\"https:\/\/www.jinpinlub.com\/de\/?sdm_process_download=1&download_id=3010\" class=\"sdm_download white\" title=\"Privat: JDL2 Resistance Pump\" target=\"&quot;_blank&quot;\">Datenblatt anzeigen \u2013 JDL2-Pumpe<\/a><\/div><\/div>","protected":false},"excerpt":{"rendered":"<p>Der elektrische \u00d6lschmierer Jinpinlub JDL2 vom Widerstandstyp ist ein hocheffizientes Schmierger\u00e4t, das f\u00fcr verschiedene industrielle Anwendungen geeignet ist. Es wird von einer Zahnradpumpe eines Elektromotors angetrieben und verf\u00fcgt \u00fcber einen Druck- und Temperaturkontrollschutz, der stabil und langlebig ist.<\/p>","protected":false},"featured_media":3505,"template":"","meta":{"ocean_post_layout":"","ocean_both_sidebars_style":"","ocean_both_sidebars_content_width":0,"ocean_both_sidebars_sidebars_width":0,"ocean_sidebar":"0","ocean_second_sidebar":"0","ocean_disable_margins":"enable","ocean_add_body_class":"","ocean_shortcode_before_top_bar":"","ocean_shortcode_after_top_bar":"","ocean_shortcode_before_header":"","ocean_shortcode_after_header":"","ocean_has_shortcode":"","ocean_shortcode_after_title":"","ocean_shortcode_before_footer_widgets":"","ocean_shortcode_after_footer_widgets":"","ocean_shortcode_before_footer_bottom":"","ocean_shortcode_after_footer_bottom":"","ocean_display_top_bar":"default","ocean_display_header":"default","ocean_header_style":"","ocean_center_header_left_menu":"0","ocean_custom_header_template":"0","ocean_custom_logo":0,"ocean_custom_retina_logo":0,"ocean_custom_logo_max_width":0,"ocean_custom_logo_tablet_max_width":0,"ocean_custom_logo_mobile_max_width":0,"ocean_custom_logo_max_height":0,"ocean_custom_logo_tablet_max_height":0,"ocean_custom_logo_mobile_max_height":0,"ocean_header_custom_menu":"0","ocean_menu_typo_font_family":"0","ocean_menu_typo_font_subset":"","ocean_menu_typo_font_size":0,"ocean_menu_typo_font_size_tablet":0,"ocean_menu_typo_font_size_mobile":0,"ocean_menu_typo_font_size_unit":"px","ocean_menu_typo_font_weight":"","ocean_menu_typo_font_weight_tablet":"","ocean_menu_typo_font_weight_mobile":"","ocean_menu_typo_transform":"","ocean_menu_typo_transform_tablet":"","ocean_menu_typo_transform_mobile":"","ocean_menu_typo_line_height":0,"ocean_menu_typo_line_height_tablet":0,"ocean_menu_typo_line_height_mobile":0,"ocean_menu_typo_line_height_unit":"","ocean_menu_typo_spacing":0,"ocean_menu_typo_spacing_tablet":0,"ocean_menu_typo_spacing_mobile":0,"ocean_menu_typo_spacing_unit":"","ocean_menu_link_color":"","ocean_menu_link_color_hover":"","ocean_menu_link_color_active":"","ocean_menu_link_background":"","ocean_menu_link_hover_background":"","ocean_menu_link_active_background":"","ocean_menu_social_links_bg":"","ocean_menu_social_hover_links_bg":"","ocean_menu_social_links_color":"","ocean_menu_social_hover_links_color":"","ocean_disable_title":"default","ocean_disable_heading":"default","ocean_post_title":"","ocean_post_subheading":"","ocean_post_title_style":"","ocean_post_title_background_color":"","ocean_post_title_background":0,"ocean_post_title_bg_image_position":"","ocean_post_title_bg_image_attachment":"","ocean_post_title_bg_image_repeat":"","ocean_post_title_bg_image_size":"","ocean_post_title_height":0,"ocean_post_title_bg_overlay":0.5,"ocean_post_title_bg_overlay_color":"","ocean_disable_breadcrumbs":"default","ocean_breadcrumbs_color":"","ocean_breadcrumbs_separator_color":"","ocean_breadcrumbs_links_color":"","ocean_breadcrumbs_links_hover_color":"","ocean_display_footer_widgets":"default","ocean_display_footer_bottom":"default","ocean_custom_footer_template":"0","osh_disable_topbar_sticky":"default","osh_disable_header_sticky":"default","osh_sticky_header_style":"default","osh_sticky_header_effect":"","osh_custom_sticky_logo":0,"osh_custom_retina_sticky_logo":0,"osh_custom_sticky_logo_height":0,"osh_background_color":"","osh_links_color":"","osh_links_hover_color":"","osh_links_active_color":"","osh_links_bg_color":"","osh_links_hover_bg_color":"","osh_links_active_bg_color":"","osh_menu_social_links_color":"","osh_menu_social_hover_links_color":""},"product_brand":[],"product_cat":[50,51],"product_tag":[283,282,111],"class_list":{"0":"post-3552","1":"product","2":"type-product","3":"status-publish","4":"has-post-thumbnail","6":"product_cat-resistance-thin-oil-systems","7":"product_cat-electric-resistance-pumps","8":"product_tag-electric-lubricator","9":"product_tag-gear-lubricator","10":"product_tag-oil-lubrication-pump","12":"entry","13":"has-media","15":"first","16":"instock","17":"shipping-taxable","18":"product-type-external","19":"col","20":"span_1_of_3","21":"owp-content-center","22":"owp-thumbs-layout-horizontal","23":"owp-btn-very-big","24":"owp-tabs-layout-horizontal"},"_links":{"self":[{"href":"https:\/\/www.jinpinlub.com\/de\/wp-json\/wp\/v2\/product\/3552","targetHints":{"allow":["GET"]}}],"collection":[{"href":"https:\/\/www.jinpinlub.com\/de\/wp-json\/wp\/v2\/product"}],"about":[{"href":"https:\/\/www.jinpinlub.com\/de\/wp-json\/wp\/v2\/types\/product"}],"wp:featuredmedia":[{"embeddable":true,"href":"https:\/\/www.jinpinlub.com\/de\/wp-json\/wp\/v2\/media\/3505"}],"wp:attachment":[{"href":"https:\/\/www.jinpinlub.com\/de\/wp-json\/wp\/v2\/media?parent=3552"}],"wp:term":[{"taxonomy":"product_brand","embeddable":true,"href":"https:\/\/www.jinpinlub.com\/de\/wp-json\/wp\/v2\/product_brand?post=3552"},{"taxonomy":"product_cat","embeddable":true,"href":"https:\/\/www.jinpinlub.com\/de\/wp-json\/wp\/v2\/product_cat?post=3552"},{"taxonomy":"product_tag","embeddable":true,"href":"https:\/\/www.jinpinlub.com\/de\/wp-json\/wp\/v2\/product_tag?post=3552"}],"curies":[{"name":"wp","href":"https:\/\/api.w.org\/{rel}","templated":true}]}}