{"id":3554,"date":"2024-08-30T08:34:26","date_gmt":"2024-08-30T00:34:26","guid":{"rendered":"https:\/\/www.jinpinlub.com\/?post_type=product&#038;p=3554"},"modified":"2024-08-30T08:36:31","modified_gmt":"2024-08-30T00:36:31","slug":"jdl3-elektrischer-verdrangungs-einspritzoler","status":"publish","type":"product","link":"https:\/\/www.jinpinlub.com\/de\/product\/jdl3-electric-positive-displacement-injection-lubricator\/","title":{"rendered":"JDL3 Elektrischer Verdr\u00e4ngungs-Einspritz\u00f6ler"},"content":{"rendered":"<h2>Merkmale<\/h2>\n<p><span id=\"input-sentence~0\">Programmsteuerung: Die Schmierpumpe JDL3 ist mit einem Timer zur Steuerung der Laufzeit und der Unterbrechungszeit ausgestattet. Die Laufzeit kann auf 1-9999 Sekunden und die Unterbrechungszeit auf 1-9999 Minuten eingestellt werden.<br \/>\nSicherheitsschutz: Ausgestattet mit einem \u00dcberdruckventil, um zu verhindern, dass die Schmierpumpe den Arbeitsdruck \u00fcberlastet, und mit einer Strom\u00fcberlastungssicherung.<\/span><span id=\"input-sentence~1\"><br \/>\nAlarm bei niedrigem \u00d6lstand: Die Schmierpumpe ist mit einem \u00d6lstandsschalter ausgestattet, der ein Signal bei niedrigem \u00d6lstand ausgeben kann.<br \/>\nMotorschutz: Der Schmierpumpenmotor JDL3 ist mit einem \u00dcberhitzungsschutz ausgestattet, um eine \u00dcberhitzung des Motors zu verhindern.<\/span><span id=\"input-sentence~2\"><br \/>\nDruck\u00fcberwachung: Ein optionaler Druckschalter \u00fcberwacht den Bruch und Druckverlust der Haupt\u00f6lleitung des Schmiersystems.<\/span><\/p>\n<h2>Spezifikation<\/h2>\n<table>\n<tbody>\n<tr>\n<td>Modell<\/td>\n<td>JDL3<\/td>\n<\/tr>\n<tr>\n<td>Schmierzeit<\/td>\n<td>1-999 Min<\/td>\n<\/tr>\n<tr>\n<td>Intervallzeit<\/td>\n<td>1-999 Min<\/td>\n<\/tr>\n<tr>\n<td>Betriebstemperatur<\/td>\n<td>0~+50\u00b0C<\/td>\n<\/tr>\n<tr>\n<td>Anzahl der Filialen<\/td>\n<td>1<\/td>\n<\/tr>\n<tr>\n<td>Reservoirkapazit\u00e4t<\/td>\n<td>2 l, 3 l, 4 l (Metall- oder Harztank), 8 l (Metalltank)<\/td>\n<\/tr>\n<tr>\n<td>Nachf\u00fcllen<\/td>\n<td>Von oben<\/td>\n<\/tr>\n<tr>\n<td>Schmiermittel<\/td>\n<td>32\u201368 cSt bei 40 \u00b0C<\/td>\n<\/tr>\n<tr>\n<td>Motorleistung<\/td>\n<td>30 Watt<\/td>\n<\/tr>\n<tr>\n<td>Entladung<\/td>\n<td>150 ml\/min<\/td>\n<\/tr>\n<tr>\n<td>Max. Betriebsdruck<\/td>\n<td>1,8 MPa<\/td>\n<\/tr>\n<tr>\n<td>Anschlussgewinde<\/td>\n<td>Auslass \u03a66<\/td>\n<\/tr>\n<tr>\n<td>Betriebsspannung<\/td>\n<td>110 V Wechselstrom, 220 V Wechselstrom<\/td>\n<\/tr>\n<tr>\n<td>Zertifizierung<\/td>\n<td>CE<\/td>\n<\/tr>\n<tr>\n<td>Niedrigniveauschalter<\/td>\n<td>\u00d6ffner<\/td>\n<\/tr>\n<\/tbody>\n<\/table>\n<h2>Anwendung<\/h2>\n<p><span id=\"input-sentence~2\">Ger\u00e4te zur Lebensmittelverarbeitung: Bei der Lebensmittelverarbeitung muss das Schmiersystem effizient und sauber gehalten werden, und die Schmierpumpe JDL3 kann dies gew\u00e4hrleisten.<\/span><span id=\"input-sentence~3\"><br \/>\nVerpackungsmaschinen: Der Hochfrequenzbetrieb von Verpackungsmaschinen erfordert ein zuverl\u00e4ssiges Schmiersystem und die Schmierpumpe JDL3 kann eine stabile Schmierung gew\u00e4hrleisten.<br \/>\nPapierherstellungsmaschinen: Die kontinuierliche Produktion von Papierherstellungsmaschinen stellt sehr hohe Anforderungen an das Schmiersystem und die Schmierpumpe JDL3 kann eine pr\u00e4zise Schmierung gew\u00e4hrleisten.<\/span><\/p>\n<h2>Benutzerhandb\u00fccher<\/h2>\n<div class=\"sdm_download_button_box_default\"><div class=\"sdm_download_link\"><a href=\"https:\/\/www.jinpinlub.com\/de\/?sdm_process_download=1&download_id=3015\" class=\"sdm_download white\" title=\"Privat: JDL3 Volumetric Oil Pump\" target=\"&quot;_blank&quot;\">Datenblatt anzeigen \u2013 JDL3-Pumpe<\/a><\/div><\/div>","protected":false},"excerpt":{"rendered":"<p>Die elektrische Motor\u00f6lschmierpumpe Jinpinlub JDL3 ist ein effizientes und zuverl\u00e4ssiges Schmierger\u00e4t. Es handelt sich um eine Verdr\u00e4nger-Zahnradschmierpumpe mit einstellbaren Schmier- und Intervalltimern, die h\u00e4ufig in verschiedenen Industriemaschinen und -ger\u00e4ten eingesetzt wird.<\/p>","protected":false},"featured_media":3513,"template":"","meta":{"ocean_post_layout":"","ocean_both_sidebars_style":"","ocean_both_sidebars_content_width":0,"ocean_both_sidebars_sidebars_width":0,"ocean_sidebar":"0","ocean_second_sidebar":"0","ocean_disable_margins":"enable","ocean_add_body_class":"","ocean_shortcode_before_top_bar":"","ocean_shortcode_after_top_bar":"","ocean_shortcode_before_header":"","ocean_shortcode_after_header":"","ocean_has_shortcode":"","ocean_shortcode_after_title":"","ocean_shortcode_before_footer_widgets":"","ocean_shortcode_after_footer_widgets":"","ocean_shortcode_before_footer_bottom":"","ocean_shortcode_after_footer_bottom":"","ocean_display_top_bar":"default","ocean_display_header":"default","ocean_header_style":"","ocean_center_header_left_menu":"0","ocean_custom_header_template":"0","ocean_custom_logo":0,"ocean_custom_retina_logo":0,"ocean_custom_logo_max_width":0,"ocean_custom_logo_tablet_max_width":0,"ocean_custom_logo_mobile_max_width":0,"ocean_custom_logo_max_height":0,"ocean_custom_logo_tablet_max_height":0,"ocean_custom_logo_mobile_max_height":0,"ocean_header_custom_menu":"0","ocean_menu_typo_font_family":"0","ocean_menu_typo_font_subset":"","ocean_menu_typo_font_size":0,"ocean_menu_typo_font_size_tablet":0,"ocean_menu_typo_font_size_mobile":0,"ocean_menu_typo_font_size_unit":"px","ocean_menu_typo_font_weight":"","ocean_menu_typo_font_weight_tablet":"","ocean_menu_typo_font_weight_mobile":"","ocean_menu_typo_transform":"","ocean_menu_typo_transform_tablet":"","ocean_menu_typo_transform_mobile":"","ocean_menu_typo_line_height":0,"ocean_menu_typo_line_height_tablet":0,"ocean_menu_typo_line_height_mobile":0,"ocean_menu_typo_line_height_unit":"","ocean_menu_typo_spacing":0,"ocean_menu_typo_spacing_tablet":0,"ocean_menu_typo_spacing_mobile":0,"ocean_menu_typo_spacing_unit":"","ocean_menu_link_color":"","ocean_menu_link_color_hover":"","ocean_menu_link_color_active":"","ocean_menu_link_background":"","ocean_menu_link_hover_background":"","ocean_menu_link_active_background":"","ocean_menu_social_links_bg":"","ocean_menu_social_hover_links_bg":"","ocean_menu_social_links_color":"","ocean_menu_social_hover_links_color":"","ocean_disable_title":"default","ocean_disable_heading":"default","ocean_post_title":"","ocean_post_subheading":"","ocean_post_title_style":"","ocean_post_title_background_color":"","ocean_post_title_background":0,"ocean_post_title_bg_image_position":"","ocean_post_title_bg_image_attachment":"","ocean_post_title_bg_image_repeat":"","ocean_post_title_bg_image_size":"","ocean_post_title_height":0,"ocean_post_title_bg_overlay":0.5,"ocean_post_title_bg_overlay_color":"","ocean_disable_breadcrumbs":"default","ocean_breadcrumbs_color":"","ocean_breadcrumbs_separator_color":"","ocean_breadcrumbs_links_color":"","ocean_breadcrumbs_links_hover_color":"","ocean_display_footer_widgets":"default","ocean_display_footer_bottom":"default","ocean_custom_footer_template":"0","osh_disable_topbar_sticky":"default","osh_disable_header_sticky":"default","osh_sticky_header_style":"default","osh_sticky_header_effect":"","osh_custom_sticky_logo":0,"osh_custom_retina_sticky_logo":0,"osh_custom_sticky_logo_height":0,"osh_background_color":"","osh_links_color":"","osh_links_hover_color":"","osh_links_active_color":"","osh_links_bg_color":"","osh_links_hover_bg_color":"","osh_links_active_bg_color":"","osh_menu_social_links_color":"","osh_menu_social_hover_links_color":""},"product_brand":[],"product_cat":[48,47],"product_tag":[284,285,286],"class_list":{"0":"post-3554","1":"product","2":"type-product","3":"status-publish","4":"has-post-thumbnail","6":"product_cat-electric-volumetric-pumps","7":"product_cat-volumetric-thin-oil-systems","8":"product_tag-electric-oil-lubricator","9":"product_tag-positive-displacement-lubricator","10":"product_tag-volumetric-lubricator","12":"entry","13":"has-media","15":"first","16":"instock","17":"shipping-taxable","18":"product-type-external","19":"col","20":"span_1_of_3","21":"owp-content-center","22":"owp-thumbs-layout-horizontal","23":"owp-btn-very-big","24":"owp-tabs-layout-horizontal"},"_links":{"self":[{"href":"https:\/\/www.jinpinlub.com\/de\/wp-json\/wp\/v2\/product\/3554","targetHints":{"allow":["GET"]}}],"collection":[{"href":"https:\/\/www.jinpinlub.com\/de\/wp-json\/wp\/v2\/product"}],"about":[{"href":"https:\/\/www.jinpinlub.com\/de\/wp-json\/wp\/v2\/types\/product"}],"wp:featuredmedia":[{"embeddable":true,"href":"https:\/\/www.jinpinlub.com\/de\/wp-json\/wp\/v2\/media\/3513"}],"wp:attachment":[{"href":"https:\/\/www.jinpinlub.com\/de\/wp-json\/wp\/v2\/media?parent=3554"}],"wp:term":[{"taxonomy":"product_brand","embeddable":true,"href":"https:\/\/www.jinpinlub.com\/de\/wp-json\/wp\/v2\/product_brand?post=3554"},{"taxonomy":"product_cat","embeddable":true,"href":"https:\/\/www.jinpinlub.com\/de\/wp-json\/wp\/v2\/product_cat?post=3554"},{"taxonomy":"product_tag","embeddable":true,"href":"https:\/\/www.jinpinlub.com\/de\/wp-json\/wp\/v2\/product_tag?post=3554"}],"curies":[{"name":"wp","href":"https:\/\/api.w.org\/{rel}","templated":true}]}}