{"id":3555,"date":"2024-08-30T08:36:58","date_gmt":"2024-08-30T00:36:58","guid":{"rendered":"https:\/\/www.jinpinlub.com\/?post_type=product&#038;p=3555"},"modified":"2024-08-30T08:49:52","modified_gmt":"2024-08-30T00:49:52","slug":"jdl4-dunnol-zahnradpumpe-fur-volumetrisches-schmiersystem","status":"publish","type":"product","link":"https:\/\/www.jinpinlub.com\/de\/product\/jdl4-thin-oil-gear-pump-for-volumetric-lubrication-system\/","title":{"rendered":"JDL4 D\u00fcnn\u00f6l-Zahnradpumpe f\u00fcr volumetrisches Schmiersystem"},"content":{"rendered":"<h2>Merkmale<\/h2>\n<p><span id=\"input-sentence~0\">SPS-Steuerung: Die Schmierpumpe JDL4 wird von der SPS des Hosts gesteuert. Sie kann die Laufzeit und die Unterbrechungszeit genau einstellen, um die Genauigkeit und Konsistenz der Schmierung zu gew\u00e4hrleisten.<br \/>\nSicherheitsschutz: Ausgestattet mit einem Sicherheitsventil und einem \u00dcberlastschutz kann eine \u00dcberlastung des Arbeitsdrucks der Schmierpumpe verhindert werden.<\/span><span id=\"input-sentence~1\"><br \/>\nAlarm bei niedrigem \u00d6lstand: Die Pumpenserie JDL4 verf\u00fcgt \u00fcber eine Alarmsignalausgabefunktion bei niedrigem Schmier\u00f6lstand, um den Benutzer daran zu erinnern, rechtzeitig Schmier\u00f6l nachzuf\u00fcllen.<br \/>\nSpannungsoption: Es k\u00f6nnen verschiedene Spannungen gew\u00e4hlt werden. Je nach Bedarf ist es in verschiedenen Konfigurationen erh\u00e4ltlich, z. B. 110 VAC oder 220 VAC, sodass es in einer Arbeitsumgebung effizient arbeiten kann.<\/span><\/p>\n<h2>Spezifikation<\/h2>\n<table>\n<tbody>\n<tr>\n<td>Timer<\/td>\n<td>SPS<\/td>\n<\/tr>\n<tr>\n<td>Betriebstemperatur<\/td>\n<td>0~+50\u00b0C<\/td>\n<\/tr>\n<tr>\n<td>Anzahl der Filialen<\/td>\n<td>1<\/td>\n<\/tr>\n<tr>\n<td>Reservoirkapazit\u00e4t<\/td>\n<td>2 l, 3 l, 4 l (Metall- oder Harztank), 8 l (Metalltank)<\/td>\n<\/tr>\n<tr>\n<td>Nachf\u00fcllen<\/td>\n<td>Von oben<\/td>\n<\/tr>\n<tr>\n<td>Schmiermittel<\/td>\n<td>32\u201368 cSt bei 40 \u00b0C<\/td>\n<\/tr>\n<tr>\n<td>Schutzklasse<\/td>\n<td>IP54<\/td>\n<\/tr>\n<tr>\n<td>Entladung<\/td>\n<td>150 ml\/min<\/td>\n<\/tr>\n<tr>\n<td>Max. Betriebsdruck<\/td>\n<td>1,8 MPa<\/td>\n<\/tr>\n<tr>\n<td>Anschlussgewinde<\/td>\n<td>Auslass \u03a66<\/td>\n<\/tr>\n<tr>\n<td>Betriebsspannung<\/td>\n<td>110 V Wechselstrom, 220 V Wechselstrom<\/td>\n<\/tr>\n<tr>\n<td>Zertifizierung<\/td>\n<td>CE<\/td>\n<\/tr>\n<tr>\n<td>Einbaulage<\/td>\n<td>Aufrecht<\/td>\n<\/tr>\n<\/tbody>\n<\/table>\n<h2>Anwendungen<\/h2>\n<p><span id=\"input-sentence~0\">\u00dcberpr\u00fcfen Sie den \u00d6lstand: Der \u00d6lstand im \u00d6ltank der Schmierpumpe muss im normalen Skalenbereich liegen.<br \/>\n\u00d6ltank reinigen: Der Tank an der Schmierpumpe muss regelm\u00e4\u00dfig gewaschen werden, um die Ansammlung von Verunreinigungen oder Ablagerungen zu vermeiden.<\/span><span id=\"input-sentence~1\"><br \/>\nRohrleitung pr\u00fcfen: Die Rohrleitung des Schmiersystems muss auf Lecks und Verstopfungen gepr\u00fcft werden.<br \/>\nFilterelement austauschen: Filterelemente m\u00fcssen je nach Einsatzbedingungen ausgetauscht werden, damit das Schmier\u00f6l immer sauber ist.<br \/>\n\u00dcberpr\u00fcfen Sie, dass die Schmierpumpe elektrisch angeschlossen und nicht locker ist.<br \/>\nSicherheitseinrichtungen: Sicherheitsventil und \u00dcberlastschutz regelm\u00e4\u00dfig pr\u00fcfen.<\/span><\/p>\n<h2>Benutzerhandb\u00fccher<\/h2>\n<div class=\"sdm_download_button_box_default\"><div class=\"sdm_download_link\"><a href=\"https:\/\/www.jinpinlub.com\/de\/?sdm_process_download=1&download_id=2466\" class=\"sdm_download white\" title=\"Privat: JDL4 Volumetric Pump\" target=\"&quot;_blank&quot;\">Datenblatt anzeigen \u2013 JDL4-Pumpe<\/a><\/div><\/div>","protected":false},"excerpt":{"rendered":"<p>JDL4 ist eine Getriebe\u00f6lschmierpumpe, die von einem Elektromotor angetrieben wird. Die Schmierzeit und Intervallzeit dieser automatischen Schmierpumpe werden von der SPS des Maschinenhosts gesteuert. Es handelt sich um eine Verdr\u00e4nger-Einspritzpumpe und muss mit einem volumetrischen Injektor verwendet werden.<\/p>","protected":false},"featured_media":3521,"template":"","meta":{"ocean_post_layout":"","ocean_both_sidebars_style":"","ocean_both_sidebars_content_width":0,"ocean_both_sidebars_sidebars_width":0,"ocean_sidebar":"0","ocean_second_sidebar":"0","ocean_disable_margins":"enable","ocean_add_body_class":"","ocean_shortcode_before_top_bar":"","ocean_shortcode_after_top_bar":"","ocean_shortcode_before_header":"","ocean_shortcode_after_header":"","ocean_has_shortcode":"","ocean_shortcode_after_title":"","ocean_shortcode_before_footer_widgets":"","ocean_shortcode_after_footer_widgets":"","ocean_shortcode_before_footer_bottom":"","ocean_shortcode_after_footer_bottom":"","ocean_display_top_bar":"default","ocean_display_header":"default","ocean_header_style":"","ocean_center_header_left_menu":"0","ocean_custom_header_template":"0","ocean_custom_logo":0,"ocean_custom_retina_logo":0,"ocean_custom_logo_max_width":0,"ocean_custom_logo_tablet_max_width":0,"ocean_custom_logo_mobile_max_width":0,"ocean_custom_logo_max_height":0,"ocean_custom_logo_tablet_max_height":0,"ocean_custom_logo_mobile_max_height":0,"ocean_header_custom_menu":"0","ocean_menu_typo_font_family":"0","ocean_menu_typo_font_subset":"","ocean_menu_typo_font_size":0,"ocean_menu_typo_font_size_tablet":0,"ocean_menu_typo_font_size_mobile":0,"ocean_menu_typo_font_size_unit":"px","ocean_menu_typo_font_weight":"","ocean_menu_typo_font_weight_tablet":"","ocean_menu_typo_font_weight_mobile":"","ocean_menu_typo_transform":"","ocean_menu_typo_transform_tablet":"","ocean_menu_typo_transform_mobile":"","ocean_menu_typo_line_height":0,"ocean_menu_typo_line_height_tablet":0,"ocean_menu_typo_line_height_mobile":0,"ocean_menu_typo_line_height_unit":"","ocean_menu_typo_spacing":0,"ocean_menu_typo_spacing_tablet":0,"ocean_menu_typo_spacing_mobile":0,"ocean_menu_typo_spacing_unit":"","ocean_menu_link_color":"","ocean_menu_link_color_hover":"","ocean_menu_link_color_active":"","ocean_menu_link_background":"","ocean_menu_link_hover_background":"","ocean_menu_link_active_background":"","ocean_menu_social_links_bg":"","ocean_menu_social_hover_links_bg":"","ocean_menu_social_links_color":"","ocean_menu_social_hover_links_color":"","ocean_disable_title":"default","ocean_disable_heading":"default","ocean_post_title":"","ocean_post_subheading":"","ocean_post_title_style":"","ocean_post_title_background_color":"","ocean_post_title_background":0,"ocean_post_title_bg_image_position":"","ocean_post_title_bg_image_attachment":"","ocean_post_title_bg_image_repeat":"","ocean_post_title_bg_image_size":"","ocean_post_title_height":0,"ocean_post_title_bg_overlay":0.5,"ocean_post_title_bg_overlay_color":"","ocean_disable_breadcrumbs":"default","ocean_breadcrumbs_color":"","ocean_breadcrumbs_separator_color":"","ocean_breadcrumbs_links_color":"","ocean_breadcrumbs_links_hover_color":"","ocean_display_footer_widgets":"default","ocean_display_footer_bottom":"default","ocean_custom_footer_template":"0","osh_disable_topbar_sticky":"default","osh_disable_header_sticky":"default","osh_sticky_header_style":"default","osh_sticky_header_effect":"","osh_custom_sticky_logo":0,"osh_custom_retina_sticky_logo":0,"osh_custom_sticky_logo_height":0,"osh_background_color":"","osh_links_color":"","osh_links_hover_color":"","osh_links_active_color":"","osh_links_bg_color":"","osh_links_hover_bg_color":"","osh_links_active_bg_color":"","osh_menu_social_links_color":"","osh_menu_social_hover_links_color":""},"product_brand":[],"product_cat":[48,47],"product_tag":[111,114,287],"class_list":{"0":"post-3555","1":"product","2":"type-product","3":"status-publish","4":"has-post-thumbnail","6":"product_cat-electric-volumetric-pumps","7":"product_cat-volumetric-thin-oil-systems","8":"product_tag-oil-lubrication-pump","9":"product_tag-oil-lubrication-system","10":"product_tag-pressure-relief-oil-pump","12":"entry","13":"has-media","15":"first","16":"instock","17":"shipping-taxable","18":"product-type-external","19":"col","20":"span_1_of_3","21":"owp-content-center","22":"owp-thumbs-layout-horizontal","23":"owp-btn-very-big","24":"owp-tabs-layout-horizontal"},"_links":{"self":[{"href":"https:\/\/www.jinpinlub.com\/de\/wp-json\/wp\/v2\/product\/3555","targetHints":{"allow":["GET"]}}],"collection":[{"href":"https:\/\/www.jinpinlub.com\/de\/wp-json\/wp\/v2\/product"}],"about":[{"href":"https:\/\/www.jinpinlub.com\/de\/wp-json\/wp\/v2\/types\/product"}],"wp:featuredmedia":[{"embeddable":true,"href":"https:\/\/www.jinpinlub.com\/de\/wp-json\/wp\/v2\/media\/3521"}],"wp:attachment":[{"href":"https:\/\/www.jinpinlub.com\/de\/wp-json\/wp\/v2\/media?parent=3555"}],"wp:term":[{"taxonomy":"product_brand","embeddable":true,"href":"https:\/\/www.jinpinlub.com\/de\/wp-json\/wp\/v2\/product_brand?post=3555"},{"taxonomy":"product_cat","embeddable":true,"href":"https:\/\/www.jinpinlub.com\/de\/wp-json\/wp\/v2\/product_cat?post=3555"},{"taxonomy":"product_tag","embeddable":true,"href":"https:\/\/www.jinpinlub.com\/de\/wp-json\/wp\/v2\/product_tag?post=3555"}],"curies":[{"name":"wp","href":"https:\/\/api.w.org\/{rel}","templated":true}]}}