{"id":3557,"date":"2024-08-30T08:45:15","date_gmt":"2024-08-30T00:45:15","guid":{"rendered":"https:\/\/www.jinpinlub.com\/?post_type=product&#038;p=3557"},"modified":"2024-08-30T08:46:17","modified_gmt":"2024-08-30T00:46:17","slug":"jdl2-4-widerstand-elektromotor-olpumpe-zahnradpumpe-fur-cnc","status":"publish","type":"product","link":"https:\/\/www.jinpinlub.com\/de\/product\/jdl2-4-resistance-electric-motor-oil-pump-gear-pump-for-cnc\/","title":{"rendered":"JDL2-4 Widerstand Elektromotor \u00d6lpumpe Zahnradpumpe f\u00fcr CNC"},"content":{"rendered":"<h2>Merkmale<\/h2>\n<p>Einfach zu installieren und zu verkabeln: Die Schmierpumpe Jinpinlub JDL2-4 verf\u00fcgt \u00fcber ein einfaches Design, das eine schnelle Installation und Wartung erm\u00f6glicht.<br \/>\nHervorragende Selbstansaugleistung: Die Schmierpumpe kann Schmier\u00f6l bei niedrigerem Druck selbst ansaugen, um einen stabilen Betrieb des Systems zu gew\u00e4hrleisten.<br \/>\nHoher Volumenstrom: Die Schmierpumpe sorgt f\u00fcr einen stabilen Schmier\u00f6lfluss und eignet sich f\u00fcr eine Vielzahl industrieller Anwendungen.<br \/>\nMehrere Optionen f\u00fcr \u00d6llagertanks: JDL2-4 bietet 2-Liter-, 3-Liter- und 4-Liter-\u00d6llagertanks aus hochfestem Kunststoff, um unterschiedlichen Anforderungen gerecht zu werden.<br \/>\nOptionales Zubeh\u00f6r: Es kann je nach Kundenbedarf mit Druckschaltern und Niedrigfl\u00fcssigkeitsstandsschaltern ausgestattet werden, um automatische Steuerungs- und Alarmfunktionen zu erreichen.<\/p>\n<h2>Spezifikation<\/h2>\n<table>\n<tbody>\n<tr>\n<td>Modell<\/td>\n<td>JDL2<\/td>\n<\/tr>\n<tr>\n<td>Timer<\/td>\n<td>SPS<\/td>\n<\/tr>\n<tr>\n<td>Betriebstemperatur<\/td>\n<td>0~+50\u00b0C<\/td>\n<\/tr>\n<tr>\n<td>Anzahl der Filialen<\/td>\n<td>1<\/td>\n<\/tr>\n<tr>\n<td>Reservoirkapazit\u00e4t<\/td>\n<td>2 l, 3 l, 4 l (Metall- oder Harztank), 8 l (Metalltank)<\/td>\n<\/tr>\n<tr>\n<td>Nachf\u00fcllen<\/td>\n<td>Von oben<\/td>\n<\/tr>\n<tr>\n<td>Schmiermittel<\/td>\n<td>32\u201368 cSt bei 40 \u00b0C<\/td>\n<\/tr>\n<tr>\n<td>Motorleistung<\/td>\n<td>30 Watt<\/td>\n<\/tr>\n<tr>\n<td>Entladung<\/td>\n<td>150 ml\/min<\/td>\n<\/tr>\n<tr>\n<td>Max. Betriebsdruck<\/td>\n<td>1,5 MPa<\/td>\n<\/tr>\n<tr>\n<td>Anschlussgewinde<\/td>\n<td>Auslass \u03a66<\/td>\n<\/tr>\n<tr>\n<td>Betriebsspannung<\/td>\n<td>110 V Wechselstrom, 220 V Wechselstrom<\/td>\n<\/tr>\n<tr>\n<td>Zertifizierung<\/td>\n<td>CE<\/td>\n<\/tr>\n<tr>\n<td>Einbaulage<\/td>\n<td>Aufrecht<\/td>\n<\/tr>\n<\/tbody>\n<\/table>\n<h2>Anwendungen<\/h2>\n<p>JDL2-4 ist eine vollautomatisch gesteuerte Schmierpumpe vom Typ Zahnradpumpe, die sich durch geringe Ger\u00e4uschentwicklung, hohe Effizienz, hohe Druckstabilit\u00e4t und einfache Bedienung auszeichnet. Sie eignet sich zur Schmierung von Zahnr\u00e4dern, F\u00fchrungsschienen, Ketten usw. in Werkzeugmaschinen, Textilmaschinen, Aufz\u00fcgen und Holzbearbeitungsmaschinen. Sie kann mit Zentralschmierzubeh\u00f6r verwendet werden, um den Effekt einer automatischen Schmierung mit festgelegter Zeit und Menge ohne manuelle Bedienung zu erzielen.<\/p>\n<h2>Benutzerhandb\u00fccher<\/h2>\n<div class=\"sdm_download_button_box_default\"><div class=\"sdm_download_link\"><a href=\"https:\/\/www.jinpinlub.com\/de\/?sdm_process_download=1&download_id=3010\" class=\"sdm_download white\" title=\"Privat: JDL2 Resistance Pump\" target=\"&quot;_blank&quot;\">Datenblatt anzeigen \u2013 JDL2-Pumpe<\/a><\/div><\/div>","protected":false},"excerpt":{"rendered":"<p>Die elektrische Schmierpumpe JDL2-4 ist eine Zahnradpumpe mit selbstansaugender Leistung und hohem Volumenstrom. Sie eignet sich f\u00fcr Werkzeugmaschinen, Kunststoffmaschinen, Textilmaschinen usw. Sie kann die Schmierwirkung der Ausr\u00fcstung deutlich verbessern und die Wartungskosten senken.<\/p>","protected":false},"featured_media":3509,"template":"","meta":{"ocean_post_layout":"","ocean_both_sidebars_style":"","ocean_both_sidebars_content_width":0,"ocean_both_sidebars_sidebars_width":0,"ocean_sidebar":"0","ocean_second_sidebar":"0","ocean_disable_margins":"enable","ocean_add_body_class":"","ocean_shortcode_before_top_bar":"","ocean_shortcode_after_top_bar":"","ocean_shortcode_before_header":"","ocean_shortcode_after_header":"","ocean_has_shortcode":"","ocean_shortcode_after_title":"","ocean_shortcode_before_footer_widgets":"","ocean_shortcode_after_footer_widgets":"","ocean_shortcode_before_footer_bottom":"","ocean_shortcode_after_footer_bottom":"","ocean_display_top_bar":"default","ocean_display_header":"default","ocean_header_style":"","ocean_center_header_left_menu":"0","ocean_custom_header_template":"0","ocean_custom_logo":0,"ocean_custom_retina_logo":0,"ocean_custom_logo_max_width":0,"ocean_custom_logo_tablet_max_width":0,"ocean_custom_logo_mobile_max_width":0,"ocean_custom_logo_max_height":0,"ocean_custom_logo_tablet_max_height":0,"ocean_custom_logo_mobile_max_height":0,"ocean_header_custom_menu":"0","ocean_menu_typo_font_family":"0","ocean_menu_typo_font_subset":"","ocean_menu_typo_font_size":0,"ocean_menu_typo_font_size_tablet":0,"ocean_menu_typo_font_size_mobile":0,"ocean_menu_typo_font_size_unit":"px","ocean_menu_typo_font_weight":"","ocean_menu_typo_font_weight_tablet":"","ocean_menu_typo_font_weight_mobile":"","ocean_menu_typo_transform":"","ocean_menu_typo_transform_tablet":"","ocean_menu_typo_transform_mobile":"","ocean_menu_typo_line_height":0,"ocean_menu_typo_line_height_tablet":0,"ocean_menu_typo_line_height_mobile":0,"ocean_menu_typo_line_height_unit":"","ocean_menu_typo_spacing":0,"ocean_menu_typo_spacing_tablet":0,"ocean_menu_typo_spacing_mobile":0,"ocean_menu_typo_spacing_unit":"","ocean_menu_link_color":"","ocean_menu_link_color_hover":"","ocean_menu_link_color_active":"","ocean_menu_link_background":"","ocean_menu_link_hover_background":"","ocean_menu_link_active_background":"","ocean_menu_social_links_bg":"","ocean_menu_social_hover_links_bg":"","ocean_menu_social_links_color":"","ocean_menu_social_hover_links_color":"","ocean_disable_title":"default","ocean_disable_heading":"default","ocean_post_title":"","ocean_post_subheading":"","ocean_post_title_style":"","ocean_post_title_background_color":"","ocean_post_title_background":0,"ocean_post_title_bg_image_position":"","ocean_post_title_bg_image_attachment":"","ocean_post_title_bg_image_repeat":"","ocean_post_title_bg_image_size":"","ocean_post_title_height":0,"ocean_post_title_bg_overlay":0.5,"ocean_post_title_bg_overlay_color":"","ocean_disable_breadcrumbs":"default","ocean_breadcrumbs_color":"","ocean_breadcrumbs_separator_color":"","ocean_breadcrumbs_links_color":"","ocean_breadcrumbs_links_hover_color":"","ocean_display_footer_widgets":"default","ocean_display_footer_bottom":"default","ocean_custom_footer_template":"0","osh_disable_topbar_sticky":"default","osh_disable_header_sticky":"default","osh_sticky_header_style":"default","osh_sticky_header_effect":"","osh_custom_sticky_logo":0,"osh_custom_retina_sticky_logo":0,"osh_custom_sticky_logo_height":0,"osh_background_color":"","osh_links_color":"","osh_links_hover_color":"","osh_links_active_color":"","osh_links_bg_color":"","osh_links_hover_bg_color":"","osh_links_active_bg_color":"","osh_menu_social_links_color":"","osh_menu_social_hover_links_color":""},"product_brand":[],"product_cat":[51,50],"product_tag":[112,76,111],"class_list":{"0":"post-3557","1":"product","2":"type-product","3":"status-publish","4":"has-post-thumbnail","6":"product_cat-electric-resistance-pumps","7":"product_cat-resistance-thin-oil-systems","8":"product_tag-centralized-lubrication-system","9":"product_tag-electric-lubrication-system","10":"product_tag-oil-lubrication-pump","12":"entry","13":"has-media","15":"first","16":"instock","17":"shipping-taxable","18":"product-type-external","19":"col","20":"span_1_of_3","21":"owp-content-center","22":"owp-thumbs-layout-horizontal","23":"owp-btn-very-big","24":"owp-tabs-layout-horizontal"},"_links":{"self":[{"href":"https:\/\/www.jinpinlub.com\/de\/wp-json\/wp\/v2\/product\/3557","targetHints":{"allow":["GET"]}}],"collection":[{"href":"https:\/\/www.jinpinlub.com\/de\/wp-json\/wp\/v2\/product"}],"about":[{"href":"https:\/\/www.jinpinlub.com\/de\/wp-json\/wp\/v2\/types\/product"}],"wp:featuredmedia":[{"embeddable":true,"href":"https:\/\/www.jinpinlub.com\/de\/wp-json\/wp\/v2\/media\/3509"}],"wp:attachment":[{"href":"https:\/\/www.jinpinlub.com\/de\/wp-json\/wp\/v2\/media?parent=3557"}],"wp:term":[{"taxonomy":"product_brand","embeddable":true,"href":"https:\/\/www.jinpinlub.com\/de\/wp-json\/wp\/v2\/product_brand?post=3557"},{"taxonomy":"product_cat","embeddable":true,"href":"https:\/\/www.jinpinlub.com\/de\/wp-json\/wp\/v2\/product_cat?post=3557"},{"taxonomy":"product_tag","embeddable":true,"href":"https:\/\/www.jinpinlub.com\/de\/wp-json\/wp\/v2\/product_tag?post=3557"}],"curies":[{"name":"wp","href":"https:\/\/api.w.org\/{rel}","templated":true}]}}