{"id":3558,"date":"2024-08-30T08:46:35","date_gmt":"2024-08-30T00:46:35","guid":{"rendered":"https:\/\/www.jinpinlub.com\/?post_type=product&#038;p=3558"},"modified":"2024-08-30T08:49:35","modified_gmt":"2024-08-30T00:49:35","slug":"jdl3-4-elektrische-intervall-olzahnradpumpe-mit-digitalanzeige","status":"publish","type":"product","link":"https:\/\/www.jinpinlub.com\/de\/product\/jdl3-4-electric-interval-oil-gear-pump-with-digital-display\/","title":{"rendered":"JDL3-4 Elektrische Intervall-\u00d6lzahnradpumpe mit Digitalanzeige"},"content":{"rendered":"<h2>Merkmale<\/h2>\n<p>Pr\u00e4zise Schmierung: JDL3-4 ist eine Verdr\u00e4nger-Einspritzschmierpumpe, sodass die Schmiermenge an jedem Schmierpunkt pr\u00e4zise gesteuert werden kann.<br \/>\n\u00dcberwachung von Fl\u00fcssigkeitsstand und Druck: Ausgestattet mit einem Fl\u00fcssigkeitsstandschalter und einem optionalen Druckschalter wird ein abnormales Signal ausgegeben, wenn die \u00d6lmenge oder der \u00d6ldruck nicht ausreicht.<br \/>\n\u00dcberhitzungsschutz: Der Schmierpumpenmotor JDL3-4 verf\u00fcgt \u00fcber eine Selbstschutzfunktion, um \u00dcberhitzung und \u00dcberlastung zu verhindern.<br \/>\nDoppelschichtfiltration: Die Schmierpumpe JDL3-4 ist mit einem Doppelschichtfilter ausgestattet, um den \u00d6lkreislauf reibungsloser zu gestalten.<br \/>\nDruckschmierung: Dieses System ist mit einer Druckschmierfunktion ausgestattet, um sicherzustellen, dass bei Bedarf sofort geschmiert werden kann.<br \/>\nZeiteinstellung: JDL3-4 Schmierzeit und Intervallzeit k\u00f6nnen nach Bedarf eingestellt werden.<\/p>\n<h2>Spezifikation<\/h2>\n<table>\n<tbody>\n<tr>\n<td>Modell<\/td>\n<td>JDL3<\/td>\n<\/tr>\n<tr>\n<td>Schmierzeit<\/td>\n<td>1-999 Min<\/td>\n<\/tr>\n<tr>\n<td>Intervallzeit<\/td>\n<td>1-999 Min<\/td>\n<\/tr>\n<tr>\n<td>Betriebstemperatur<\/td>\n<td>0~+50\u00b0C<\/td>\n<\/tr>\n<tr>\n<td>Anzahl der Filialen<\/td>\n<td>1<\/td>\n<\/tr>\n<tr>\n<td>Reservoirkapazit\u00e4t<\/td>\n<td>2 l, 3 l, 4 l (Metall- oder Harztank), 8 l (Metalltank)<\/td>\n<\/tr>\n<tr>\n<td>Nachf\u00fcllen<\/td>\n<td>Von oben<\/td>\n<\/tr>\n<tr>\n<td>Schmiermittel<\/td>\n<td>32\u201368 cSt bei 40 \u00b0C<\/td>\n<\/tr>\n<tr>\n<td>Motorleistung<\/td>\n<td>30 Watt<\/td>\n<\/tr>\n<tr>\n<td>Entladung<\/td>\n<td>150 ml\/min<\/td>\n<\/tr>\n<tr>\n<td>Max. Betriebsdruck<\/td>\n<td>1,8 MPa<\/td>\n<\/tr>\n<tr>\n<td>Anschlussgewinde<\/td>\n<td>Auslass \u03a66<\/td>\n<\/tr>\n<tr>\n<td>Betriebsspannung<\/td>\n<td>110 V Wechselstrom, 220 V Wechselstrom<\/td>\n<\/tr>\n<tr>\n<td>Zertifizierung<\/td>\n<td>CE<\/td>\n<\/tr>\n<tr>\n<td>Niedrigniveauschalter<\/td>\n<td>\u00d6ffner<\/td>\n<\/tr>\n<\/tbody>\n<\/table>\n<h2>Anwendung<\/h2>\n<p>Regelm\u00e4\u00dfige Wartung: Um sicherzustellen, dass alles ordnungsgem\u00e4\u00df funktioniert, ist einmal im Monat ein gro\u00dfer Check des Schmiersystems angesagt.<br \/>\nVerwenden Sie geeignete Schmiermittel: Das Schmiermittel sollte entsprechend den Betriebsbedingungen des Ger\u00e4ts ausgew\u00e4hlt werden und die Verwendung minderwertiger \u00d6le ist strengstens untersagt.<br \/>\nWartungsprotokolle aufzeichnen: Zeichnen Sie nach jeder Wartung der Schmierpumpe die relevanten Informationen auf, um sie sp\u00e4ter abfragen und verwalten zu k\u00f6nnen.<br \/>\nZugf\u00fchrer: Informieren Sie die Zugf\u00fchrer \u00fcber die Verwendung und Wartung der Schmierpumpe, um Fehlbedienungen zu vermeiden.<\/p>\n<h2>Benutzerhandb\u00fccher<\/h2>\n<div class=\"sdm_download_button_box_default\"><div class=\"sdm_download_link\"><a href=\"https:\/\/www.jinpinlub.com\/de\/?sdm_process_download=1&download_id=3015\" class=\"sdm_download white\" title=\"Privat: JDL3 Volumetric Oil Pump\" target=\"&quot;_blank&quot;\">Datenblatt anzeigen \u2013 JDL3-Pumpe<\/a><\/div><\/div>","protected":false},"excerpt":{"rendered":"<p>Die \u00d6lschmierpumpe Jinpinlub JDL3-4 ist eine Intervall-Zahnradpumpe, die eine genaue Menge Schmier\u00f6l liefert, um den normalen Betrieb des Ger\u00e4ts sicherzustellen. Sie ist mit einer digitalen Anzeigefunktion ausgestattet, mit der Benutzer die Schmierparameter bequem \u00fcberwachen und anpassen k\u00f6nnen.<\/p>","protected":false},"featured_media":3517,"template":"","meta":{"ocean_post_layout":"","ocean_both_sidebars_style":"","ocean_both_sidebars_content_width":0,"ocean_both_sidebars_sidebars_width":0,"ocean_sidebar":"0","ocean_second_sidebar":"0","ocean_disable_margins":"enable","ocean_add_body_class":"","ocean_shortcode_before_top_bar":"","ocean_shortcode_after_top_bar":"","ocean_shortcode_before_header":"","ocean_shortcode_after_header":"","ocean_has_shortcode":"","ocean_shortcode_after_title":"","ocean_shortcode_before_footer_widgets":"","ocean_shortcode_after_footer_widgets":"","ocean_shortcode_before_footer_bottom":"","ocean_shortcode_after_footer_bottom":"","ocean_display_top_bar":"default","ocean_display_header":"default","ocean_header_style":"","ocean_center_header_left_menu":"0","ocean_custom_header_template":"0","ocean_custom_logo":0,"ocean_custom_retina_logo":0,"ocean_custom_logo_max_width":0,"ocean_custom_logo_tablet_max_width":0,"ocean_custom_logo_mobile_max_width":0,"ocean_custom_logo_max_height":0,"ocean_custom_logo_tablet_max_height":0,"ocean_custom_logo_mobile_max_height":0,"ocean_header_custom_menu":"0","ocean_menu_typo_font_family":"0","ocean_menu_typo_font_subset":"","ocean_menu_typo_font_size":0,"ocean_menu_typo_font_size_tablet":0,"ocean_menu_typo_font_size_mobile":0,"ocean_menu_typo_font_size_unit":"px","ocean_menu_typo_font_weight":"","ocean_menu_typo_font_weight_tablet":"","ocean_menu_typo_font_weight_mobile":"","ocean_menu_typo_transform":"","ocean_menu_typo_transform_tablet":"","ocean_menu_typo_transform_mobile":"","ocean_menu_typo_line_height":0,"ocean_menu_typo_line_height_tablet":0,"ocean_menu_typo_line_height_mobile":0,"ocean_menu_typo_line_height_unit":"","ocean_menu_typo_spacing":0,"ocean_menu_typo_spacing_tablet":0,"ocean_menu_typo_spacing_mobile":0,"ocean_menu_typo_spacing_unit":"","ocean_menu_link_color":"","ocean_menu_link_color_hover":"","ocean_menu_link_color_active":"","ocean_menu_link_background":"","ocean_menu_link_hover_background":"","ocean_menu_link_active_background":"","ocean_menu_social_links_bg":"","ocean_menu_social_hover_links_bg":"","ocean_menu_social_links_color":"","ocean_menu_social_hover_links_color":"","ocean_disable_title":"default","ocean_disable_heading":"default","ocean_post_title":"","ocean_post_subheading":"","ocean_post_title_style":"","ocean_post_title_background_color":"","ocean_post_title_background":0,"ocean_post_title_bg_image_position":"","ocean_post_title_bg_image_attachment":"","ocean_post_title_bg_image_repeat":"","ocean_post_title_bg_image_size":"","ocean_post_title_height":0,"ocean_post_title_bg_overlay":0.5,"ocean_post_title_bg_overlay_color":"","ocean_disable_breadcrumbs":"default","ocean_breadcrumbs_color":"","ocean_breadcrumbs_separator_color":"","ocean_breadcrumbs_links_color":"","ocean_breadcrumbs_links_hover_color":"","ocean_display_footer_widgets":"default","ocean_display_footer_bottom":"default","ocean_custom_footer_template":"0","osh_disable_topbar_sticky":"default","osh_disable_header_sticky":"default","osh_sticky_header_style":"default","osh_sticky_header_effect":"","osh_custom_sticky_logo":0,"osh_custom_retina_sticky_logo":0,"osh_custom_sticky_logo_height":0,"osh_background_color":"","osh_links_color":"","osh_links_hover_color":"","osh_links_active_color":"","osh_links_bg_color":"","osh_links_hover_bg_color":"","osh_links_active_bg_color":"","osh_menu_social_links_color":"","osh_menu_social_hover_links_color":""},"product_brand":[],"product_cat":[48,47],"product_tag":[76,287,288],"class_list":{"0":"post-3558","1":"product","2":"type-product","3":"status-publish","4":"has-post-thumbnail","6":"product_cat-electric-volumetric-pumps","7":"product_cat-volumetric-thin-oil-systems","8":"product_tag-electric-lubrication-system","9":"product_tag-pressure-relief-oil-pump","10":"product_tag-volumetric-oil-pump","12":"entry","13":"has-media","15":"first","16":"instock","17":"shipping-taxable","18":"product-type-external","19":"col","20":"span_1_of_3","21":"owp-content-center","22":"owp-thumbs-layout-horizontal","23":"owp-btn-very-big","24":"owp-tabs-layout-horizontal"},"_links":{"self":[{"href":"https:\/\/www.jinpinlub.com\/de\/wp-json\/wp\/v2\/product\/3558","targetHints":{"allow":["GET"]}}],"collection":[{"href":"https:\/\/www.jinpinlub.com\/de\/wp-json\/wp\/v2\/product"}],"about":[{"href":"https:\/\/www.jinpinlub.com\/de\/wp-json\/wp\/v2\/types\/product"}],"wp:featuredmedia":[{"embeddable":true,"href":"https:\/\/www.jinpinlub.com\/de\/wp-json\/wp\/v2\/media\/3517"}],"wp:attachment":[{"href":"https:\/\/www.jinpinlub.com\/de\/wp-json\/wp\/v2\/media?parent=3558"}],"wp:term":[{"taxonomy":"product_brand","embeddable":true,"href":"https:\/\/www.jinpinlub.com\/de\/wp-json\/wp\/v2\/product_brand?post=3558"},{"taxonomy":"product_cat","embeddable":true,"href":"https:\/\/www.jinpinlub.com\/de\/wp-json\/wp\/v2\/product_cat?post=3558"},{"taxonomy":"product_tag","embeddable":true,"href":"https:\/\/www.jinpinlub.com\/de\/wp-json\/wp\/v2\/product_tag?post=3558"}],"curies":[{"name":"wp","href":"https:\/\/api.w.org\/{rel}","templated":true}]}}