{"id":3559,"date":"2024-08-30T08:50:02","date_gmt":"2024-08-30T00:50:02","guid":{"rendered":"https:\/\/www.jinpinlub.com\/?post_type=product&#038;p=3559"},"modified":"2024-08-30T08:53:09","modified_gmt":"2024-08-30T00:53:09","slug":"jdl4-4-volumetrische-olschmiersystempumpe-sps-steuerung","status":"publish","type":"product","link":"https:\/\/www.jinpinlub.com\/de\/product\/jdl4-4-volumetric-oil-lubrication-system-pump-plc-control\/","title":{"rendered":"JDL4-4 Volumetrische \u00d6lschmiersystempumpe SPS-Steuerung"},"content":{"rendered":"<h2>Merkmale<\/h2>\n<p><span id=\"input-sentence~0\">Fl\u00fcssigkeitsstandschalter und Druckschalter: Wenn das \u00d6lvolumen oder der Druck des Schmiersystems nicht ausreicht, wird ein abnormales Signal ausgegeben.<br \/>\nKontrollleuchte am Bedienfeld: Die Schmierpumpe kann die Stromversorgung und den Schmierstatus zur Echtzeit\u00fcberwachung anzeigen.<\/span><span id=\"input-sentence~1\"><br \/>\nZwangsschmierfunktion: Das Schmierpumpensystem verf\u00fcgt \u00fcber eine FEED-Taste, um die Zwangsschmierung zu aktivieren, sodass die Schmierwirkung gew\u00e4hrleistet ist.<br \/>\nZeiteinstellung: Die l\u00e4ngste Schmierzeit der Schmierpumpe betr\u00e4gt \u2264 2\u00a0Minuten und ihre Unterbrechungszeit betr\u00e4gt das 5-fache der Schmierzeit.<\/span><span id=\"input-sentence~2\"><br \/>\nMotorselbstschutz: JDL-Schmierpumpen sind mit einer Funktion zum Schutz vor \u00dcberhitzung und \u00dcberlastung des Motors ausgestattet.<br \/>\n\u00dcberlaufventil: Verhindert Sch\u00e4den am \u00d6linjektor und an den Rohrleitungen, um einen stabilen Betrieb des Systems zu gew\u00e4hrleisten.<br \/>\nInterne Sicherung: JDL verhindert Sch\u00e4den an IC-Platine und Motor durch Kurzschluss und verbessert so die Systemzuverl\u00e4ssigkeit.<\/span><\/p>\n<h2>Spezifikation<\/h2>\n<table>\n<tbody>\n<tr>\n<td>Timer<\/td>\n<td>SPS<\/td>\n<\/tr>\n<tr>\n<td>Betriebstemperatur<\/td>\n<td>0~+50\u00b0C<\/td>\n<\/tr>\n<tr>\n<td>Anzahl der Filialen<\/td>\n<td>1<\/td>\n<\/tr>\n<tr>\n<td>Reservoirkapazit\u00e4t<\/td>\n<td>2 l, 3 l, 4 l (Metall- oder Harztank), 8 l (Metalltank)<\/td>\n<\/tr>\n<tr>\n<td>Nachf\u00fcllen<\/td>\n<td>Von oben<\/td>\n<\/tr>\n<tr>\n<td>Schmiermittel<\/td>\n<td>32\u201368 cSt bei 40 \u00b0C<\/td>\n<\/tr>\n<tr>\n<td>Schutzklasse<\/td>\n<td>IP54<\/td>\n<\/tr>\n<tr>\n<td>Entladung<\/td>\n<td>150 ml\/min<\/td>\n<\/tr>\n<tr>\n<td>Max. Betriebsdruck<\/td>\n<td>1,8 MPa<\/td>\n<\/tr>\n<tr>\n<td>Anschlussgewinde<\/td>\n<td>Auslass \u03a66<\/td>\n<\/tr>\n<tr>\n<td>Betriebsspannung<\/td>\n<td>110 V Wechselstrom, 220 V Wechselstrom<\/td>\n<\/tr>\n<tr>\n<td>Zertifizierung<\/td>\n<td>CE<\/td>\n<\/tr>\n<tr>\n<td>Einbaulage<\/td>\n<td>Aufrecht<\/td>\n<\/tr>\n<\/tbody>\n<\/table>\n<h2>Anwendungen<\/h2>\n<p>\u00d6lstandskontrolle: Die Schmier\u00f6lmenge muss angemessen sein. Andernfalls kann es aufgrund unzureichender Schmierung zu starkem Verschlei\u00df kommen.<br \/>\nRegelm\u00e4\u00dfige Filterreinigung: In jeder Schmierpumpe befindet sich \u00fcblicherweise ein Filter. Verunreinigungen im Filter k\u00f6nnen zu einer Verstopfung des \u00d6lkreislaufs f\u00fchren.<br \/>\nDruckschalterpr\u00fcfung: Die Schmierpumpe mit Druckschalter sollte f\u00fcr den Einsatz geeignet sein.<br \/>\nEinstellen der Schmierzeit: Die Zeit und die Intervallzeit der Schmierpumpe m\u00fcssen entsprechend den tats\u00e4chlichen Anforderungen der Ausr\u00fcstung angemessen eingestellt werden, um eine \u00fcberfl\u00fcssige oder unzureichende Schmierung zu vermeiden.<\/p>\n<h2>Benutzerhandb\u00fccher<\/h2>\n<div class=\"sdm_download_button_box_default\"><div class=\"sdm_download_link\"><a href=\"https:\/\/www.jinpinlub.com\/de\/?sdm_process_download=1&download_id=2466\" class=\"sdm_download white\" title=\"Privat: JDL4 Volumetric Pump\" target=\"&quot;_blank&quot;\">Datenblatt anzeigen \u2013 JDL4-Pumpe<\/a><\/div><\/div>","protected":false},"excerpt":{"rendered":"<p>Die Schmierpumpe Jinpinlub JDL4-4 ist eine Verdr\u00e4nger-Einspritzpumpe, die \u00d6l mit pr\u00e4ziser Menge abgibt und mit einem Druckverteiler verwendet wird, um ein System zu bilden, das die Schmiermenge jedes Schmierpunkts genau steuern kann.<\/p>","protected":false},"featured_media":3525,"template":"","meta":{"ocean_post_layout":"","ocean_both_sidebars_style":"","ocean_both_sidebars_content_width":0,"ocean_both_sidebars_sidebars_width":0,"ocean_sidebar":"0","ocean_second_sidebar":"0","ocean_disable_margins":"enable","ocean_add_body_class":"","ocean_shortcode_before_top_bar":"","ocean_shortcode_after_top_bar":"","ocean_shortcode_before_header":"","ocean_shortcode_after_header":"","ocean_has_shortcode":"","ocean_shortcode_after_title":"","ocean_shortcode_before_footer_widgets":"","ocean_shortcode_after_footer_widgets":"","ocean_shortcode_before_footer_bottom":"","ocean_shortcode_after_footer_bottom":"","ocean_display_top_bar":"default","ocean_display_header":"default","ocean_header_style":"","ocean_center_header_left_menu":"0","ocean_custom_header_template":"0","ocean_custom_logo":0,"ocean_custom_retina_logo":0,"ocean_custom_logo_max_width":0,"ocean_custom_logo_tablet_max_width":0,"ocean_custom_logo_mobile_max_width":0,"ocean_custom_logo_max_height":0,"ocean_custom_logo_tablet_max_height":0,"ocean_custom_logo_mobile_max_height":0,"ocean_header_custom_menu":"0","ocean_menu_typo_font_family":"0","ocean_menu_typo_font_subset":"","ocean_menu_typo_font_size":0,"ocean_menu_typo_font_size_tablet":0,"ocean_menu_typo_font_size_mobile":0,"ocean_menu_typo_font_size_unit":"px","ocean_menu_typo_font_weight":"","ocean_menu_typo_font_weight_tablet":"","ocean_menu_typo_font_weight_mobile":"","ocean_menu_typo_transform":"","ocean_menu_typo_transform_tablet":"","ocean_menu_typo_transform_mobile":"","ocean_menu_typo_line_height":0,"ocean_menu_typo_line_height_tablet":0,"ocean_menu_typo_line_height_mobile":0,"ocean_menu_typo_line_height_unit":"","ocean_menu_typo_spacing":0,"ocean_menu_typo_spacing_tablet":0,"ocean_menu_typo_spacing_mobile":0,"ocean_menu_typo_spacing_unit":"","ocean_menu_link_color":"","ocean_menu_link_color_hover":"","ocean_menu_link_color_active":"","ocean_menu_link_background":"","ocean_menu_link_hover_background":"","ocean_menu_link_active_background":"","ocean_menu_social_links_bg":"","ocean_menu_social_hover_links_bg":"","ocean_menu_social_links_color":"","ocean_menu_social_hover_links_color":"","ocean_disable_title":"default","ocean_disable_heading":"default","ocean_post_title":"","ocean_post_subheading":"","ocean_post_title_style":"","ocean_post_title_background_color":"","ocean_post_title_background":0,"ocean_post_title_bg_image_position":"","ocean_post_title_bg_image_attachment":"","ocean_post_title_bg_image_repeat":"","ocean_post_title_bg_image_size":"","ocean_post_title_height":0,"ocean_post_title_bg_overlay":0.5,"ocean_post_title_bg_overlay_color":"","ocean_disable_breadcrumbs":"default","ocean_breadcrumbs_color":"","ocean_breadcrumbs_separator_color":"","ocean_breadcrumbs_links_color":"","ocean_breadcrumbs_links_hover_color":"","ocean_display_footer_widgets":"default","ocean_display_footer_bottom":"default","ocean_custom_footer_template":"0","osh_disable_topbar_sticky":"default","osh_disable_header_sticky":"default","osh_sticky_header_style":"default","osh_sticky_header_effect":"","osh_custom_sticky_logo":0,"osh_custom_retina_sticky_logo":0,"osh_custom_sticky_logo_height":0,"osh_background_color":"","osh_links_color":"","osh_links_hover_color":"","osh_links_active_color":"","osh_links_bg_color":"","osh_links_hover_bg_color":"","osh_links_active_bg_color":"","osh_menu_social_links_color":"","osh_menu_social_hover_links_color":""},"product_brand":[],"product_cat":[48,47],"product_tag":[73,290,289],"class_list":{"0":"post-3559","1":"product","2":"type-product","3":"status-publish","4":"has-post-thumbnail","6":"product_cat-electric-volumetric-pumps","7":"product_cat-volumetric-thin-oil-systems","8":"product_tag-electric-lubrication-pump","9":"product_tag-electric-motor-oil-pump","10":"product_tag-electric-oil-injector","12":"entry","13":"has-media","15":"first","16":"instock","17":"shipping-taxable","18":"product-type-external","19":"col","20":"span_1_of_3","21":"owp-content-center","22":"owp-thumbs-layout-horizontal","23":"owp-btn-very-big","24":"owp-tabs-layout-horizontal"},"_links":{"self":[{"href":"https:\/\/www.jinpinlub.com\/de\/wp-json\/wp\/v2\/product\/3559","targetHints":{"allow":["GET"]}}],"collection":[{"href":"https:\/\/www.jinpinlub.com\/de\/wp-json\/wp\/v2\/product"}],"about":[{"href":"https:\/\/www.jinpinlub.com\/de\/wp-json\/wp\/v2\/types\/product"}],"wp:featuredmedia":[{"embeddable":true,"href":"https:\/\/www.jinpinlub.com\/de\/wp-json\/wp\/v2\/media\/3525"}],"wp:attachment":[{"href":"https:\/\/www.jinpinlub.com\/de\/wp-json\/wp\/v2\/media?parent=3559"}],"wp:term":[{"taxonomy":"product_brand","embeddable":true,"href":"https:\/\/www.jinpinlub.com\/de\/wp-json\/wp\/v2\/product_brand?post=3559"},{"taxonomy":"product_cat","embeddable":true,"href":"https:\/\/www.jinpinlub.com\/de\/wp-json\/wp\/v2\/product_cat?post=3559"},{"taxonomy":"product_tag","embeddable":true,"href":"https:\/\/www.jinpinlub.com\/de\/wp-json\/wp\/v2\/product_tag?post=3559"}],"curies":[{"name":"wp","href":"https:\/\/api.w.org\/{rel}","templated":true}]}}