{"id":3568,"date":"2024-08-30T09:43:07","date_gmt":"2024-08-30T01:43:07","guid":{"rendered":"https:\/\/www.jinpinlub.com\/?post_type=product&#038;p=3568"},"modified":"2024-08-30T09:51:21","modified_gmt":"2024-08-30T01:51:21","slug":"smd-250-ml-elektrischer-einzelpunkt-schmierstoffgeber-mit-dip-schalter","status":"publish","type":"product","link":"https:\/\/www.jinpinlub.com\/de\/product\/smd-250ml-electric-single-point-lubricator-with-dip-switch\/","title":{"rendered":"SMD 250 ml elektrischer Einzelpunkt-Schmierstoffgeber mit DIP-Schalter"},"content":{"rendered":"<h2>Merkmale<\/h2>\n<p>F\u00fcr Anwendungen mit wechselnden Temperaturen, Installation \u00fcber gro\u00dfe Entfernungen, beispielsweise bei Vibrationen, in engen R\u00e4umen oder in gef\u00e4hrlichen Umgebungen ist SMD eine Option.<br \/>\n1. Transparente Abdeckung und transparenter \u00d6ltank erleichtern die Sichtpr\u00fcfung.<br \/>\n2. Die gleiche Antriebseinheit kann mit zwei Kapazit\u00e4ten verwendet werden, stellen Sie einfach den 125\/250 ml-Schalter ein. Die Stromversorgung kann ein externes 24-VDC-Netzteil oder eine 3-VDC-Batterie sein.<br \/>\n3. Die Aussto\u00dfgeschwindigkeit ist temperaturunabh\u00e4ngig und der Extrusionsdruck betr\u00e4gt bis zu 6,5bar.<br \/>\n4. Die rot-gelb-gr\u00fcnen LED-Leuchten zeigen den Status des Schmierstoffgebers an.<br \/>\n5. Kann f\u00fcr die Nahinstallation direkt oder an ein Rohr angeschlossen verwendet werden.<br \/>\n6. Wenn das Fett aufgebraucht ist, ersetzen Sie die Kartusche und den Akku.<br \/>\n7. Anwendungen an eingeschr\u00e4nkten und gef\u00e4hrlichen Standorten, wo Zuverl\u00e4ssigkeit und zus\u00e4tzliche \u00dcberwachung erforderlich sind.<\/p>\n<h2>Spezifikation<\/h2>\n<p>Schmierstoffe: \u00d6l oder Fett \u2264 NLGI #2<br \/>\nReservoirkapazit\u00e4t: 125 ml und 250 ml<br \/>\nEntleerungszeit: 0,5, 1, 3, 6, 9 und 12 Monate<br \/>\nAbgabebereich: 0,3\u20130,8\u00a0ml\/Tag<br \/>\nUmgebungstemperatur: -20~60\u2103<br \/>\nArbeitsdruck: maximal 6,5 bar<br \/>\nAnschlussgewinde: R1\/4<br \/>\nL\u00e4ngster Schlauch: 3m f\u00fcr Fett, 5m f\u00fcr d\u00fcnnes \u00d6l<br \/>\nSchutzart: IP65<br \/>\nBatterie: SMD1-BAT (2 CR17505 parallel)<br \/>\nLagerzeit: 3 Jahre (20\u2103)<br \/>\nVolles \u00d6lgewicht: 600 g (125 ml), 800 g (250 ml)<\/p>\n<h2>Anwendungen<\/h2>\n<p>W\u00e4lz- und Gleitlagerschmierung: Sie gew\u00e4hrleistet den reibungslosen Betrieb der Lager in der Hochrisikoumgebung.<br \/>\nSchmierung der Gleitf\u00fchrung: Dies erfolgt sorgf\u00e4ltig, um Reibung und Verschlei\u00df zu verringern.<br \/>\nOffene Zahnrad- und Zahnstangenschmierung: So bleibt die Schmierung auch bei hohem Druck und hohen Temperaturen erhalten.<br \/>\nSchmierung von Spindel- und Wellendichtungen: Dies sch\u00fctzt kritische mechanische Komponenten und verl\u00e4ngert die Lebensdauer.<br \/>\nKettenschmierung: Verhindert Rost und Verschlei\u00df der Kette in rauen Umgebungen.<br \/>\nMotorschmierung: Besonders geeignet f\u00fcr Elektromotoren, die genaue Schmiermengen ben\u00f6tigen.<\/p>\n<h2>Benutzerhandb\u00fccher<\/h2>\n<div class=\"sdm_download_button_box_default\"><div class=\"sdm_download_link\"><a href=\"https:\/\/www.jinpinlub.com\/de\/?sdm_process_download=1&download_id=2477\" class=\"sdm_download white\" title=\"Privat: SMD Single-point Lubricator\" target=\"&quot;_blank&quot;\">Datenblatt anzeigen - SMD-Schmierstoff<\/a><\/div><\/div>","protected":false},"excerpt":{"rendered":"<p>Der SML-Schmierstoffgeber kann an jedem mobilen, vibrierenden, Unterwasser-, H\u00f6hen- oder verschmutzten Ort installiert werden und kann auch kopf\u00fcber oder horizontal installiert werden. Dieser Schmierstoffgeber ist normalerweise ein Einwegprodukt, kann jedoch bis zu dreimal nachgef\u00fcllt und nach Gebrauch einfach entsorgt werden.<\/p>","protected":false},"featured_media":3564,"template":"","meta":{"ocean_post_layout":"","ocean_both_sidebars_style":"","ocean_both_sidebars_content_width":0,"ocean_both_sidebars_sidebars_width":0,"ocean_sidebar":"0","ocean_second_sidebar":"0","ocean_disable_margins":"enable","ocean_add_body_class":"","ocean_shortcode_before_top_bar":"","ocean_shortcode_after_top_bar":"","ocean_shortcode_before_header":"","ocean_shortcode_after_header":"","ocean_has_shortcode":"","ocean_shortcode_after_title":"","ocean_shortcode_before_footer_widgets":"","ocean_shortcode_after_footer_widgets":"","ocean_shortcode_before_footer_bottom":"","ocean_shortcode_after_footer_bottom":"","ocean_display_top_bar":"default","ocean_display_header":"default","ocean_header_style":"","ocean_center_header_left_menu":"0","ocean_custom_header_template":"0","ocean_custom_logo":0,"ocean_custom_retina_logo":0,"ocean_custom_logo_max_width":0,"ocean_custom_logo_tablet_max_width":0,"ocean_custom_logo_mobile_max_width":0,"ocean_custom_logo_max_height":0,"ocean_custom_logo_tablet_max_height":0,"ocean_custom_logo_mobile_max_height":0,"ocean_header_custom_menu":"0","ocean_menu_typo_font_family":"0","ocean_menu_typo_font_subset":"","ocean_menu_typo_font_size":0,"ocean_menu_typo_font_size_tablet":0,"ocean_menu_typo_font_size_mobile":0,"ocean_menu_typo_font_size_unit":"px","ocean_menu_typo_font_weight":"","ocean_menu_typo_font_weight_tablet":"","ocean_menu_typo_font_weight_mobile":"","ocean_menu_typo_transform":"","ocean_menu_typo_transform_tablet":"","ocean_menu_typo_transform_mobile":"","ocean_menu_typo_line_height":0,"ocean_menu_typo_line_height_tablet":0,"ocean_menu_typo_line_height_mobile":0,"ocean_menu_typo_line_height_unit":"","ocean_menu_typo_spacing":0,"ocean_menu_typo_spacing_tablet":0,"ocean_menu_typo_spacing_mobile":0,"ocean_menu_typo_spacing_unit":"","ocean_menu_link_color":"","ocean_menu_link_color_hover":"","ocean_menu_link_color_active":"","ocean_menu_link_background":"","ocean_menu_link_hover_background":"","ocean_menu_link_active_background":"","ocean_menu_social_links_bg":"","ocean_menu_social_hover_links_bg":"","ocean_menu_social_links_color":"","ocean_menu_social_hover_links_color":"","ocean_disable_title":"default","ocean_disable_heading":"default","ocean_post_title":"","ocean_post_subheading":"","ocean_post_title_style":"","ocean_post_title_background_color":"","ocean_post_title_background":0,"ocean_post_title_bg_image_position":"","ocean_post_title_bg_image_attachment":"","ocean_post_title_bg_image_repeat":"","ocean_post_title_bg_image_size":"","ocean_post_title_height":0,"ocean_post_title_bg_overlay":0.5,"ocean_post_title_bg_overlay_color":"","ocean_disable_breadcrumbs":"default","ocean_breadcrumbs_color":"","ocean_breadcrumbs_separator_color":"","ocean_breadcrumbs_links_color":"","ocean_breadcrumbs_links_hover_color":"","ocean_display_footer_widgets":"default","ocean_display_footer_bottom":"default","ocean_custom_footer_template":"0","osh_disable_topbar_sticky":"default","osh_disable_header_sticky":"default","osh_sticky_header_style":"default","osh_sticky_header_effect":"","osh_custom_sticky_logo":0,"osh_custom_retina_sticky_logo":0,"osh_custom_sticky_logo_height":0,"osh_background_color":"","osh_links_color":"","osh_links_hover_color":"","osh_links_active_color":"","osh_links_bg_color":"","osh_links_hover_bg_color":"","osh_links_active_bg_color":"","osh_menu_social_links_color":"","osh_menu_social_hover_links_color":""},"product_brand":[],"product_cat":[33],"product_tag":[292,291,103],"class_list":{"0":"post-3568","1":"product","2":"type-product","3":"status-publish","4":"has-post-thumbnail","6":"product_cat-single-point-lubricators","7":"product_tag-battery-single-point-lubricator","8":"product_tag-electric-single-point-lubricator","9":"product_tag-single-point-lubricator","11":"entry","12":"has-media","14":"first","15":"instock","16":"featured","17":"shipping-taxable","18":"product-type-external","19":"col","20":"span_1_of_3","21":"owp-content-center","22":"owp-thumbs-layout-horizontal","23":"owp-btn-very-big","24":"owp-tabs-layout-horizontal"},"_links":{"self":[{"href":"https:\/\/www.jinpinlub.com\/de\/wp-json\/wp\/v2\/product\/3568","targetHints":{"allow":["GET"]}}],"collection":[{"href":"https:\/\/www.jinpinlub.com\/de\/wp-json\/wp\/v2\/product"}],"about":[{"href":"https:\/\/www.jinpinlub.com\/de\/wp-json\/wp\/v2\/types\/product"}],"wp:featuredmedia":[{"embeddable":true,"href":"https:\/\/www.jinpinlub.com\/de\/wp-json\/wp\/v2\/media\/3564"}],"wp:attachment":[{"href":"https:\/\/www.jinpinlub.com\/de\/wp-json\/wp\/v2\/media?parent=3568"}],"wp:term":[{"taxonomy":"product_brand","embeddable":true,"href":"https:\/\/www.jinpinlub.com\/de\/wp-json\/wp\/v2\/product_brand?post=3568"},{"taxonomy":"product_cat","embeddable":true,"href":"https:\/\/www.jinpinlub.com\/de\/wp-json\/wp\/v2\/product_cat?post=3568"},{"taxonomy":"product_tag","embeddable":true,"href":"https:\/\/www.jinpinlub.com\/de\/wp-json\/wp\/v2\/product_tag?post=3568"}],"curies":[{"name":"wp","href":"https:\/\/api.w.org\/{rel}","templated":true}]}}