{"id":3668,"date":"2024-09-13T16:53:41","date_gmt":"2024-09-13T08:53:41","guid":{"rendered":"https:\/\/www.jinpinlub.com\/?post_type=product&#038;p=3668"},"modified":"2024-09-13T17:56:08","modified_gmt":"2024-09-13T09:56:08","slug":"20-mpa-dr4-5-hydraulisches-umkehrventil-fur-zweileitungssystem","status":"publish","type":"product","link":"https:\/\/www.jinpinlub.com\/de\/product\/20mpa-dr4-5-hydraulic-reversing-valve-for-dual-line-system\/","title":{"rendered":"20 MPa DR4-5 Hydraulisches Umkehrventil f\u00fcr Zweileitungssystem"},"content":{"rendered":"<h2>Besonderheit<\/h2>\n<p>Es wird f\u00fcr ein elektrisches Zentralschmiersystem verwendet, das den Schmierstoffaussto\u00df der Schmierpumpe abwechselnd an zwei Haupt\u00f6lleitungen sendet. Das Ventil verf\u00fcgt \u00fcber eine eigene Druckregulierungsfunktion und kann automatisch die Richtung \u00e4ndern. Der Umkehrsolldruck kann von 0 bis 20 MPa eingestellt werden. Die Struktur ist einfach und die Umkehr ist zuverl\u00e4ssig.<\/p>\n<h2>Spezifikation<\/h2>\n<table>\n<tbody>\n<tr>\n<td>Modell<\/td>\n<td>DR4-5<\/td>\n<\/tr>\n<tr>\n<td>Betriebsdruck<\/td>\n<td>3,5 bis 20 MPa<\/td>\n<\/tr>\n<tr>\n<td>Werkseitig eingestellter Druck<\/td>\n<td>10,5 MPa<\/td>\n<\/tr>\n<tr>\n<td>Anwendbares System<\/td>\n<td>Ring- und Spr\u00fch-Zweileitungssystem<\/td>\n<\/tr>\n<tr>\n<td>Kompatible Pumpe<\/td>\n<td>Zweileitungspumpen wie BSB- und GP-Pumpen<\/td>\n<\/tr>\n<tr>\n<td>Nettogewicht<\/td>\n<td>7 kg<\/td>\n<\/tr>\n<\/tbody>\n<\/table>\n<h2>Anwendung<\/h2>\n<p>Maschinenbau verwendet das hydraulische Umkehrventil DR4-5 zur Steuerung der Bewegungsrichtung des Hydraulikzylinders und des Hydraulikmotors.<br \/>\nIndustrielle Ausr\u00fcstung: In hydraulischen Pressen, Spritzgussmaschinen, numerisch gesteuerten Werkzeugmaschinen usw. wird die Funktion der automatischen Steuerausr\u00fcstung durch das Hydraulikventil DR4-5 realisiert.<br \/>\nLandwirtschaftliche Maschinen: Beispielsweise bei Traktoren und M\u00e4hdreschern wird zur Steuerung des Hydrauliksystems das Umkehrventil DR4-5 verwendet.<br \/>\nSchmiersystem: Insbesondere im zentralen Schmiersystem elektrischer Terminals verteilen die hydraulischen Umkehrventile DR4-5 die Schmierstoffe abwechselnd auf verschiedene Schmier\u00f6lversorgungsleitungen.<\/p>\n<h2>Benutzerhandb\u00fccher<\/h2>\n<div class=\"sdm_download_button_box_default\"><div class=\"sdm_download_link\"><a href=\"https:\/\/www.jinpinlub.com\/de\/?sdm_process_download=1&download_id=3655\" class=\"sdm_download white\" title=\"Privat: DR4-5 Directional Valve\" target=\"&quot;_blank&quot;\">Datenblatt anzeigen - DR4-5 Wegeventil<\/a><\/div><\/div>","protected":false},"excerpt":{"rendered":"<p>Das hydraulische Umkehrventil DR4-5 ist eine Schl\u00fcsselkomponente zur Steuerung der Fl\u00fcssigkeitsflussrichtung in Hydrauliksystemen, insbesondere in Zweileitungs-Zentralschmiersystemen wie Baumaschinen, Industrieanlagen und Landmaschinen.<\/p>","protected":false},"featured_media":3597,"template":"","meta":{"ocean_post_layout":"","ocean_both_sidebars_style":"","ocean_both_sidebars_content_width":0,"ocean_both_sidebars_sidebars_width":0,"ocean_sidebar":"0","ocean_second_sidebar":"0","ocean_disable_margins":"enable","ocean_add_body_class":"","ocean_shortcode_before_top_bar":"","ocean_shortcode_after_top_bar":"","ocean_shortcode_before_header":"","ocean_shortcode_after_header":"","ocean_has_shortcode":"","ocean_shortcode_after_title":"","ocean_shortcode_before_footer_widgets":"","ocean_shortcode_after_footer_widgets":"","ocean_shortcode_before_footer_bottom":"","ocean_shortcode_after_footer_bottom":"","ocean_display_top_bar":"default","ocean_display_header":"default","ocean_header_style":"","ocean_center_header_left_menu":"0","ocean_custom_header_template":"0","ocean_custom_logo":0,"ocean_custom_retina_logo":0,"ocean_custom_logo_max_width":0,"ocean_custom_logo_tablet_max_width":0,"ocean_custom_logo_mobile_max_width":0,"ocean_custom_logo_max_height":0,"ocean_custom_logo_tablet_max_height":0,"ocean_custom_logo_mobile_max_height":0,"ocean_header_custom_menu":"0","ocean_menu_typo_font_family":"0","ocean_menu_typo_font_subset":"","ocean_menu_typo_font_size":0,"ocean_menu_typo_font_size_tablet":0,"ocean_menu_typo_font_size_mobile":0,"ocean_menu_typo_font_size_unit":"px","ocean_menu_typo_font_weight":"","ocean_menu_typo_font_weight_tablet":"","ocean_menu_typo_font_weight_mobile":"","ocean_menu_typo_transform":"","ocean_menu_typo_transform_tablet":"","ocean_menu_typo_transform_mobile":"","ocean_menu_typo_line_height":0,"ocean_menu_typo_line_height_tablet":0,"ocean_menu_typo_line_height_mobile":0,"ocean_menu_typo_line_height_unit":"","ocean_menu_typo_spacing":0,"ocean_menu_typo_spacing_tablet":0,"ocean_menu_typo_spacing_mobile":0,"ocean_menu_typo_spacing_unit":"","ocean_menu_link_color":"","ocean_menu_link_color_hover":"","ocean_menu_link_color_active":"","ocean_menu_link_background":"","ocean_menu_link_hover_background":"","ocean_menu_link_active_background":"","ocean_menu_social_links_bg":"","ocean_menu_social_hover_links_bg":"","ocean_menu_social_links_color":"","ocean_menu_social_hover_links_color":"","ocean_disable_title":"default","ocean_disable_heading":"default","ocean_post_title":"","ocean_post_subheading":"","ocean_post_title_style":"","ocean_post_title_background_color":"","ocean_post_title_background":0,"ocean_post_title_bg_image_position":"","ocean_post_title_bg_image_attachment":"","ocean_post_title_bg_image_repeat":"","ocean_post_title_bg_image_size":"","ocean_post_title_height":0,"ocean_post_title_bg_overlay":0.5,"ocean_post_title_bg_overlay_color":"","ocean_disable_breadcrumbs":"default","ocean_breadcrumbs_color":"","ocean_breadcrumbs_separator_color":"","ocean_breadcrumbs_links_color":"","ocean_breadcrumbs_links_hover_color":"","ocean_display_footer_widgets":"default","ocean_display_footer_bottom":"default","ocean_custom_footer_template":"0","osh_disable_topbar_sticky":"default","osh_disable_header_sticky":"default","osh_sticky_header_style":"default","osh_sticky_header_effect":"","osh_custom_sticky_logo":0,"osh_custom_retina_sticky_logo":0,"osh_custom_sticky_logo_height":0,"osh_background_color":"","osh_links_color":"","osh_links_hover_color":"","osh_links_active_color":"","osh_links_bg_color":"","osh_links_hover_bg_color":"","osh_links_active_bg_color":"","osh_menu_social_links_color":"","osh_menu_social_hover_links_color":""},"product_brand":[],"product_cat":[36,34],"product_tag":[298,297,299],"class_list":{"0":"post-3668","1":"product","2":"type-product","3":"status-publish","4":"has-post-thumbnail","6":"product_cat-dual-line-divider-valves","7":"product_cat-dual-line-lubrication-systems","8":"product_tag-dual-line-lubrication-reversing-valve","9":"product_tag-hydraulic-reversing-valve","10":"product_tag-lubrication-system-reversing-valve","12":"entry","13":"has-media","15":"first","16":"instock","17":"shipping-taxable","18":"product-type-external","19":"col","20":"span_1_of_3","21":"owp-content-center","22":"owp-thumbs-layout-horizontal","23":"owp-btn-very-big","24":"owp-tabs-layout-horizontal"},"_links":{"self":[{"href":"https:\/\/www.jinpinlub.com\/de\/wp-json\/wp\/v2\/product\/3668","targetHints":{"allow":["GET"]}}],"collection":[{"href":"https:\/\/www.jinpinlub.com\/de\/wp-json\/wp\/v2\/product"}],"about":[{"href":"https:\/\/www.jinpinlub.com\/de\/wp-json\/wp\/v2\/types\/product"}],"wp:featuredmedia":[{"embeddable":true,"href":"https:\/\/www.jinpinlub.com\/de\/wp-json\/wp\/v2\/media\/3597"}],"wp:attachment":[{"href":"https:\/\/www.jinpinlub.com\/de\/wp-json\/wp\/v2\/media?parent=3668"}],"wp:term":[{"taxonomy":"product_brand","embeddable":true,"href":"https:\/\/www.jinpinlub.com\/de\/wp-json\/wp\/v2\/product_brand?post=3668"},{"taxonomy":"product_cat","embeddable":true,"href":"https:\/\/www.jinpinlub.com\/de\/wp-json\/wp\/v2\/product_cat?post=3668"},{"taxonomy":"product_tag","embeddable":true,"href":"https:\/\/www.jinpinlub.com\/de\/wp-json\/wp\/v2\/product_tag?post=3668"}],"curies":[{"name":"wp","href":"https:\/\/api.w.org\/{rel}","templated":true}]}}