{"id":3674,"date":"2024-09-13T22:13:05","date_gmt":"2024-09-13T14:13:05","guid":{"rendered":"https:\/\/www.jinpinlub.com\/?post_type=product&#038;p=3674"},"modified":"2024-09-13T22:36:52","modified_gmt":"2024-09-13T14:36:52","slug":"fza-1-14-auslass-315-bar-elektrische-mehrpunkt-schmierpumpe","status":"publish","type":"product","link":"https:\/\/www.jinpinlub.com\/de\/product\/fza-1-14-outlet-315bar-multi-point-electric-lubrication-pump\/","title":{"rendered":"FZA 1-14 Auslass 315 bar elektrische Mehrpunkt-Schmierpumpe"},"content":{"rendered":"<h2>Besonderheit<\/h2>\n<p>Die Pumpe eignet sich f\u00fcr Mehrleitungsschmiersysteme mit niedriger Schmierfrequenz, weniger als 50 Schmierstellen und einem Nenndruck von 31,5 MPa. Es handelt sich um ein Ger\u00e4t, das Schmierfett direkt oder \u00fcber einen Einleitungsverteiler an die Schmierstellen liefert. Besonders geeignet f\u00fcr Einzelmaschinen wie Metallurgie, Bergbau, Schwermaschinen, Hafentransportbau usw.<\/p>\n<h2>Spezifikation<\/h2>\n<table>\n<tbody>\n<tr>\n<td>Betriebstemperatur<\/td>\n<td>(-20 ~ +80 \u2103)<\/td>\n<\/tr>\n<tr>\n<td>Anzahl der Filialen<\/td>\n<td>1~14<\/td>\n<\/tr>\n<tr>\n<td>Reservoirkapazit\u00e4t<\/td>\n<td>10L, 20L, 30L<\/td>\n<\/tr>\n<tr>\n<td>Nachf\u00fcllen<\/td>\n<td>Hydraulische Schmiernippel<\/td>\n<\/tr>\n<tr>\n<td>Schmiermittel<\/td>\n<td>Fett NLGI 0 #~2 #, \u00d6l \u2265 N68<\/td>\n<\/tr>\n<tr>\n<td>Schutzklasse<\/td>\n<td>IP6K 9K<\/td>\n<\/tr>\n<tr>\n<td>Entladung<\/td>\n<td>1,8, 3,5, 5,8, 10,5, 25 ml\/min<\/td>\n<\/tr>\n<tr>\n<td>Max. Betriebsdruck<\/td>\n<td>315 bar<\/td>\n<\/tr>\n<tr>\n<td>Anschlussgewinde<\/td>\n<td>M14*1 (\u03a68)<\/td>\n<\/tr>\n<tr>\n<td>Betriebsspannung<\/td>\n<td>380 VAC<\/td>\n<\/tr>\n<tr>\n<td>Arbeitsgeschwindigkeit<\/td>\n<td>22 Zyklen\/min<\/td>\n<\/tr>\n<\/tbody>\n<\/table>\n<h2>Anwendung<\/h2>\n<p>1. Diese Art von Mehrpunkt-Schmierpumpe sollte an einem Ort mit geeigneter Umgebungstemperatur, geringer Staubentwicklung, einfacher Inspektion, Wartung und bequemer Fettnachf\u00fcllung installiert werden.<br \/>\n2. Das Einf\u00fcllen von Fett in den Beh\u00e4lter muss \u00fcber die Einf\u00fcll\u00f6ffnung des Beh\u00e4lters mithilfe einer Nachf\u00fcllpumpe erfolgen. Es ist strengstens verboten, die Abdeckung zu entfernen und ungefiltertes Schmiermittel einzuf\u00fcllen.<br \/>\n3. Schlie\u00dfen Sie den Motor entsprechend der Drehrichtung an, die auf der Wand des \u00d6lvorratsbeh\u00e4lters angegeben ist, und kehren Sie diese nicht um.<br \/>\n4. Die Anzahl der \u00d6lanschl\u00fcsse kann im Bereich von 1-14 frei gew\u00e4hlt werden. Je nach Ger\u00e4teanforderungen k\u00f6nnen die nicht ben\u00f6tigten Komponenten der Druckkolbenpumpe einzeln entfernt und die Schraubenl\u00f6cher mit M20x1,5-Stopfen verschlossen werden.<\/p>\n<h2>Benutzerhandb\u00fccher<\/h2>\n<div class=\"sdm_download_button_box_default\"><div class=\"sdm_download_link\"><a href=\"https:\/\/www.jinpinlub.com\/de\/?sdm_process_download=1&download_id=3657\" class=\"sdm_download white\" title=\"Privat: FZ-A Multipoint Pump\" target=\"&quot;_blank&quot;\">Datenblatt anzeigen - FZ-A Mehrpunktpumpe<\/a><\/div><\/div>","protected":false},"excerpt":{"rendered":"<p>FZ-A ist eine elektrische Mehrpunktschmierpumpe, die bis zu 14 Schmierstellen bedienen kann. Sie verf\u00fcgt \u00fcber robuste Komponenten und einen Fettr\u00fchrer, um eine kontinuierliche Fettzufuhr zu gew\u00e4hrleisten. Sie verf\u00fcgt \u00fcber mehrere Abgabekapazit\u00e4ten und kann \u00d6le und Fette bis zu NLGI 000-2 verarbeiten.<\/p>","protected":false},"featured_media":3607,"template":"","meta":{"ocean_post_layout":"","ocean_both_sidebars_style":"","ocean_both_sidebars_content_width":0,"ocean_both_sidebars_sidebars_width":0,"ocean_sidebar":"0","ocean_second_sidebar":"0","ocean_disable_margins":"enable","ocean_add_body_class":"","ocean_shortcode_before_top_bar":"","ocean_shortcode_after_top_bar":"","ocean_shortcode_before_header":"","ocean_shortcode_after_header":"","ocean_has_shortcode":"","ocean_shortcode_after_title":"","ocean_shortcode_before_footer_widgets":"","ocean_shortcode_after_footer_widgets":"","ocean_shortcode_before_footer_bottom":"","ocean_shortcode_after_footer_bottom":"","ocean_display_top_bar":"default","ocean_display_header":"default","ocean_header_style":"","ocean_center_header_left_menu":"0","ocean_custom_header_template":"0","ocean_custom_logo":0,"ocean_custom_retina_logo":0,"ocean_custom_logo_max_width":0,"ocean_custom_logo_tablet_max_width":0,"ocean_custom_logo_mobile_max_width":0,"ocean_custom_logo_max_height":0,"ocean_custom_logo_tablet_max_height":0,"ocean_custom_logo_mobile_max_height":0,"ocean_header_custom_menu":"0","ocean_menu_typo_font_family":"0","ocean_menu_typo_font_subset":"","ocean_menu_typo_font_size":0,"ocean_menu_typo_font_size_tablet":0,"ocean_menu_typo_font_size_mobile":0,"ocean_menu_typo_font_size_unit":"px","ocean_menu_typo_font_weight":"","ocean_menu_typo_font_weight_tablet":"","ocean_menu_typo_font_weight_mobile":"","ocean_menu_typo_transform":"","ocean_menu_typo_transform_tablet":"","ocean_menu_typo_transform_mobile":"","ocean_menu_typo_line_height":0,"ocean_menu_typo_line_height_tablet":0,"ocean_menu_typo_line_height_mobile":0,"ocean_menu_typo_line_height_unit":"","ocean_menu_typo_spacing":0,"ocean_menu_typo_spacing_tablet":0,"ocean_menu_typo_spacing_mobile":0,"ocean_menu_typo_spacing_unit":"","ocean_menu_link_color":"","ocean_menu_link_color_hover":"","ocean_menu_link_color_active":"","ocean_menu_link_background":"","ocean_menu_link_hover_background":"","ocean_menu_link_active_background":"","ocean_menu_social_links_bg":"","ocean_menu_social_hover_links_bg":"","ocean_menu_social_links_color":"","ocean_menu_social_hover_links_color":"","ocean_disable_title":"default","ocean_disable_heading":"default","ocean_post_title":"","ocean_post_subheading":"","ocean_post_title_style":"","ocean_post_title_background_color":"","ocean_post_title_background":0,"ocean_post_title_bg_image_position":"","ocean_post_title_bg_image_attachment":"","ocean_post_title_bg_image_repeat":"","ocean_post_title_bg_image_size":"","ocean_post_title_height":0,"ocean_post_title_bg_overlay":0.5,"ocean_post_title_bg_overlay_color":"","ocean_disable_breadcrumbs":"default","ocean_breadcrumbs_color":"","ocean_breadcrumbs_separator_color":"","ocean_breadcrumbs_links_color":"","ocean_breadcrumbs_links_hover_color":"","ocean_display_footer_widgets":"default","ocean_display_footer_bottom":"default","ocean_custom_footer_template":"0","osh_disable_topbar_sticky":"default","osh_disable_header_sticky":"default","osh_sticky_header_style":"default","osh_sticky_header_effect":"","osh_custom_sticky_logo":0,"osh_custom_retina_sticky_logo":0,"osh_custom_sticky_logo_height":0,"osh_background_color":"","osh_links_color":"","osh_links_hover_color":"","osh_links_active_color":"","osh_links_bg_color":"","osh_links_hover_bg_color":"","osh_links_active_bg_color":"","osh_menu_social_links_color":"","osh_menu_social_hover_links_color":""},"product_brand":[],"product_cat":[42,41],"product_tag":[73,77,205],"class_list":{"0":"post-3674","1":"product","2":"type-product","3":"status-publish","4":"has-post-thumbnail","6":"product_cat-electric-progressive-pumps","7":"product_cat-progressive-grease-systems","8":"product_tag-electric-lubrication-pump","9":"product_tag-grease-lubrication-pump","10":"product_tag-multi-point-lubrication-pump","12":"entry","13":"has-media","15":"first","16":"instock","17":"shipping-taxable","18":"product-type-external","19":"col","20":"span_1_of_3","21":"owp-content-center","22":"owp-thumbs-layout-horizontal","23":"owp-btn-very-big","24":"owp-tabs-layout-horizontal"},"_links":{"self":[{"href":"https:\/\/www.jinpinlub.com\/de\/wp-json\/wp\/v2\/product\/3674","targetHints":{"allow":["GET"]}}],"collection":[{"href":"https:\/\/www.jinpinlub.com\/de\/wp-json\/wp\/v2\/product"}],"about":[{"href":"https:\/\/www.jinpinlub.com\/de\/wp-json\/wp\/v2\/types\/product"}],"wp:featuredmedia":[{"embeddable":true,"href":"https:\/\/www.jinpinlub.com\/de\/wp-json\/wp\/v2\/media\/3607"}],"wp:attachment":[{"href":"https:\/\/www.jinpinlub.com\/de\/wp-json\/wp\/v2\/media?parent=3674"}],"wp:term":[{"taxonomy":"product_brand","embeddable":true,"href":"https:\/\/www.jinpinlub.com\/de\/wp-json\/wp\/v2\/product_brand?post=3674"},{"taxonomy":"product_cat","embeddable":true,"href":"https:\/\/www.jinpinlub.com\/de\/wp-json\/wp\/v2\/product_cat?post=3674"},{"taxonomy":"product_tag","embeddable":true,"href":"https:\/\/www.jinpinlub.com\/de\/wp-json\/wp\/v2\/product_tag?post=3674"}],"curies":[{"name":"wp","href":"https:\/\/api.w.org\/{rel}","templated":true}]}}