{"id":3675,"date":"2024-09-13T22:39:13","date_gmt":"2024-09-13T14:39:13","guid":{"rendered":"https:\/\/www.jinpinlub.com\/?post_type=product&#038;p=3675"},"modified":"2024-09-13T22:55:23","modified_gmt":"2024-09-13T14:55:23","slug":"sav-2-positionen-4-wege-wegeventil-fur-zweileitungssystem","status":"publish","type":"product","link":"https:\/\/www.jinpinlub.com\/de\/product\/sav-2-position-4-way-directional-valve-for-dual-line-system\/","title":{"rendered":"SAV 2-Positionen-4-Wege-Wegeventil f\u00fcr Zweileitungssystem"},"content":{"rendered":"<h2>Besonderheit<\/h2>\n<p>Das 2-Positionen-2-Wege-Wegeventil vom Typ SAV verwendet einen Gleichstrommotor, um den Ventilkern anzutreiben. Es handelt sich um ein integriertes Umkehrsteuerger\u00e4t, das die \u00d6lversorgungsleitung \u00f6ffnet und schlie\u00dft oder die \u00d6lversorgungsrichtung umschaltet. Selbst unter rauen Arbeitsbedingungen (wie niedrige Temperaturen oder hochviskoses Fett) ist die Funktion immer noch recht zuverl\u00e4ssig. Dieses Ventil eignet sich f\u00fcr den Einsatz in Zentralschmiersystemen mit trockenem und d\u00fcnnem \u00d6l mit Nenndr\u00fccken unter 40 MPa und in Hauptabzweigleitungen von Hydrauliksystemen. Es kann auch in drei Typen verwendet werden: 2-Positionen-4-Wege, 2-Positionen-3-Wege und 2-Positionen-2-Wege.<\/p>\n<h2>Spezifikation<\/h2>\n<table>\n<tbody>\n<tr>\n<td>Modell<\/td>\n<td>SAV<\/td>\n<\/tr>\n<tr>\n<td>Betriebsdruck<\/td>\n<td>40 MPa<\/td>\n<\/tr>\n<tr>\n<td>Die Zeit zur\u00fcckdrehen<\/td>\n<td>0,5 Sekunden<\/td>\n<\/tr>\n<tr>\n<td>Motorleistung<\/td>\n<td>40 Watt<\/td>\n<\/tr>\n<tr>\n<td>Stromspannung<\/td>\n<td>220 V Wechselstrom, 24 V Gleichstrom<\/td>\n<\/tr>\n<tr>\n<td>Motordrehmoment<\/td>\n<td>20 NM<\/td>\n<\/tr>\n<tr>\n<td>Schmiermittel<\/td>\n<td>Fett NLGI 0~3# oder \u00d6l \uff1e N68<\/td>\n<\/tr>\n<tr>\n<td>Betriebstemperatur<\/td>\n<td>(-20\u2103 ~ +80\u2103)<\/td>\n<\/tr>\n<\/tbody>\n<\/table>\n<h2>Anweisung<\/h2>\n<p>1. Das Ventil sollte am vorderen Ende der gesteuerten Haupt- und Nebenleitungen des Systems installiert werden und sich an einem bel\u00fcfteten, trockenen und leicht zu inspizierenden Ort befinden, an dem es nicht durch bewegliche Mechanismen in der Umgebung behindert wird.<br \/>\n2. Bei Verwendung als 2-Positionen-2-Wege-Ventil m\u00fcssen der \u00d6lauslass \u201eB\u201c und der \u00d6lr\u00fccklaufanschluss \u201eR\u201c blockiert werden.<br \/>\n3. Bei Verwendung als Zweistellungs-Dreiwegeventil muss der \u00d6lauslass \u201eB\u201c blockiert werden.<br \/>\n4. Schlie\u00dfen Sie die elektronische Steuerverkabelung entsprechend dem in der Abbildung oben gezeigten Prinzip an.<\/p>\n<h2>Benutzerhandb\u00fccher<\/h2>\n<div class=\"sdm_download_button_box_default\"><div class=\"sdm_download_link\"><a href=\"https:\/\/www.jinpinlub.com\/de\/?sdm_process_download=1&download_id=3659\" class=\"sdm_download white\" title=\"Privat: SAV Directional Valve\" target=\"&quot;_blank&quot;\">Datenblatt anzeigen - SAV-Wegeventil<\/a><\/div><\/div>","protected":false},"excerpt":{"rendered":"<p>SA-V ist ein Zweipositions-Vierwegeventil, das von einem Gleichstrommotor angetrieben wird und f\u00fcr Schmier- und Hydrauliksysteme geeignet ist. Es kann unter schwierigen Bedingungen wie niedrigen Temperaturen oder hochviskosem Fett mit einem maximalen Druck von 40 MPa und einer Schaltzeit von 0,5 Sekunden eingesetzt werden.<\/p>","protected":false},"featured_media":3610,"template":"","meta":{"ocean_post_layout":"","ocean_both_sidebars_style":"","ocean_both_sidebars_content_width":0,"ocean_both_sidebars_sidebars_width":0,"ocean_sidebar":"0","ocean_second_sidebar":"0","ocean_disable_margins":"enable","ocean_add_body_class":"","ocean_shortcode_before_top_bar":"","ocean_shortcode_after_top_bar":"","ocean_shortcode_before_header":"","ocean_shortcode_after_header":"","ocean_has_shortcode":"","ocean_shortcode_after_title":"","ocean_shortcode_before_footer_widgets":"","ocean_shortcode_after_footer_widgets":"","ocean_shortcode_before_footer_bottom":"","ocean_shortcode_after_footer_bottom":"","ocean_display_top_bar":"default","ocean_display_header":"default","ocean_header_style":"","ocean_center_header_left_menu":"0","ocean_custom_header_template":"0","ocean_custom_logo":0,"ocean_custom_retina_logo":0,"ocean_custom_logo_max_width":0,"ocean_custom_logo_tablet_max_width":0,"ocean_custom_logo_mobile_max_width":0,"ocean_custom_logo_max_height":0,"ocean_custom_logo_tablet_max_height":0,"ocean_custom_logo_mobile_max_height":0,"ocean_header_custom_menu":"0","ocean_menu_typo_font_family":"0","ocean_menu_typo_font_subset":"","ocean_menu_typo_font_size":0,"ocean_menu_typo_font_size_tablet":0,"ocean_menu_typo_font_size_mobile":0,"ocean_menu_typo_font_size_unit":"px","ocean_menu_typo_font_weight":"","ocean_menu_typo_font_weight_tablet":"","ocean_menu_typo_font_weight_mobile":"","ocean_menu_typo_transform":"","ocean_menu_typo_transform_tablet":"","ocean_menu_typo_transform_mobile":"","ocean_menu_typo_line_height":0,"ocean_menu_typo_line_height_tablet":0,"ocean_menu_typo_line_height_mobile":0,"ocean_menu_typo_line_height_unit":"","ocean_menu_typo_spacing":0,"ocean_menu_typo_spacing_tablet":0,"ocean_menu_typo_spacing_mobile":0,"ocean_menu_typo_spacing_unit":"","ocean_menu_link_color":"","ocean_menu_link_color_hover":"","ocean_menu_link_color_active":"","ocean_menu_link_background":"","ocean_menu_link_hover_background":"","ocean_menu_link_active_background":"","ocean_menu_social_links_bg":"","ocean_menu_social_hover_links_bg":"","ocean_menu_social_links_color":"","ocean_menu_social_hover_links_color":"","ocean_disable_title":"default","ocean_disable_heading":"default","ocean_post_title":"","ocean_post_subheading":"","ocean_post_title_style":"","ocean_post_title_background_color":"","ocean_post_title_background":0,"ocean_post_title_bg_image_position":"","ocean_post_title_bg_image_attachment":"","ocean_post_title_bg_image_repeat":"","ocean_post_title_bg_image_size":"","ocean_post_title_height":0,"ocean_post_title_bg_overlay":0.5,"ocean_post_title_bg_overlay_color":"","ocean_disable_breadcrumbs":"default","ocean_breadcrumbs_color":"","ocean_breadcrumbs_separator_color":"","ocean_breadcrumbs_links_color":"","ocean_breadcrumbs_links_hover_color":"","ocean_display_footer_widgets":"default","ocean_display_footer_bottom":"default","ocean_custom_footer_template":"0","osh_disable_topbar_sticky":"default","osh_disable_header_sticky":"default","osh_sticky_header_style":"default","osh_sticky_header_effect":"","osh_custom_sticky_logo":0,"osh_custom_retina_sticky_logo":0,"osh_custom_sticky_logo_height":0,"osh_background_color":"","osh_links_color":"","osh_links_hover_color":"","osh_links_active_color":"","osh_links_bg_color":"","osh_links_hover_bg_color":"","osh_links_active_bg_color":"","osh_menu_social_links_color":"","osh_menu_social_hover_links_color":""},"product_brand":[],"product_cat":[36,34],"product_tag":[304,303,299],"class_list":{"0":"post-3675","1":"product","2":"type-product","3":"status-publish","4":"has-post-thumbnail","6":"product_cat-dual-line-divider-valves","7":"product_cat-dual-line-lubrication-systems","8":"product_tag-dual-line-reversing-valve","9":"product_tag-lubrication-reversing-valve","10":"product_tag-lubrication-system-reversing-valve","12":"entry","13":"has-media","15":"first","16":"instock","17":"shipping-taxable","18":"product-type-external","19":"col","20":"span_1_of_3","21":"owp-content-center","22":"owp-thumbs-layout-horizontal","23":"owp-btn-very-big","24":"owp-tabs-layout-horizontal"},"_links":{"self":[{"href":"https:\/\/www.jinpinlub.com\/de\/wp-json\/wp\/v2\/product\/3675","targetHints":{"allow":["GET"]}}],"collection":[{"href":"https:\/\/www.jinpinlub.com\/de\/wp-json\/wp\/v2\/product"}],"about":[{"href":"https:\/\/www.jinpinlub.com\/de\/wp-json\/wp\/v2\/types\/product"}],"wp:featuredmedia":[{"embeddable":true,"href":"https:\/\/www.jinpinlub.com\/de\/wp-json\/wp\/v2\/media\/3610"}],"wp:attachment":[{"href":"https:\/\/www.jinpinlub.com\/de\/wp-json\/wp\/v2\/media?parent=3675"}],"wp:term":[{"taxonomy":"product_brand","embeddable":true,"href":"https:\/\/www.jinpinlub.com\/de\/wp-json\/wp\/v2\/product_brand?post=3675"},{"taxonomy":"product_cat","embeddable":true,"href":"https:\/\/www.jinpinlub.com\/de\/wp-json\/wp\/v2\/product_cat?post=3675"},{"taxonomy":"product_tag","embeddable":true,"href":"https:\/\/www.jinpinlub.com\/de\/wp-json\/wp\/v2\/product_tag?post=3675"}],"curies":[{"name":"wp","href":"https:\/\/api.w.org\/{rel}","templated":true}]}}