{"id":3677,"date":"2024-09-13T22:58:55","date_gmt":"2024-09-13T14:58:55","guid":{"rendered":"https:\/\/www.jinpinlub.com\/?post_type=product&#038;p=3677"},"modified":"2024-09-13T23:20:47","modified_gmt":"2024-09-13T15:20:47","slug":"sv-magnet-wegeventil-fur-zweileitungs-schmierpumpe","status":"publish","type":"product","link":"https:\/\/www.jinpinlub.com\/de\/product\/sv-solenoid-directional-valve-for-dual-line-lubrication-pump\/","title":{"rendered":"SV Magnet-Wegeventil f\u00fcr Zweileitungs-Schmierpumpe"},"content":{"rendered":"<h2>Besonderheit<\/h2>\n<p>Es wird in einem Schmiersystem f\u00fcr elektrische Anschl\u00fcsse verwendet. Der elektrische Schaltkasten empf\u00e4ngt Signale vom Druckregelventil und steuert das Ventil, um eine abwechselnde Versorgung und \u00d6ffnung von zwei Hauptleitungen zu erm\u00f6glichen.<br \/>\nDie zylindrische Schieberstruktur sorgt daf\u00fcr, dass sich der Ventilanschluss dicht \u00f6ffnet und schlie\u00dft und der hohe Druck ohne Leckage aufrechterhalten wird. Der starke Elektromagnet und der Federpuffer sorgen f\u00fcr ein zuverl\u00e4ssiges Schalten.<\/p>\n<h2>Spezifikation<\/h2>\n<table>\n<tbody>\n<tr>\n<td>Modell<\/td>\n<td>SV<\/td>\n<\/tr>\n<tr>\n<td>Betriebsdruck<\/td>\n<td>20 MPa<\/td>\n<\/tr>\n<tr>\n<td>R\u00fccklaufanschluss<\/td>\n<td>10 MPa<\/td>\n<\/tr>\n<tr>\n<td>Durchflussrate<\/td>\n<td>3 l\/min<\/td>\n<\/tr>\n<tr>\n<td>Umschalten<\/td>\n<td>30 Zyklen\/min<\/td>\n<\/tr>\n<tr>\n<td>Stromspannung<\/td>\n<td>220 V Wechselstrom, 24 V Gleichstrom<\/td>\n<\/tr>\n<tr>\n<td>Motordrehmoment<\/td>\n<td>20 NM<\/td>\n<\/tr>\n<tr>\n<td>Schmiermittel<\/td>\n<td>Fett NLGI 0~1# oder \u00d6l \uff1e N68<\/td>\n<\/tr>\n<tr>\n<td>Betriebstemperatur<\/td>\n<td>0~50\u2103<\/td>\n<\/tr>\n<tr>\n<td>Federtyp<\/td>\n<td>Entsch\u00e4digung<\/td>\n<\/tr>\n<\/tbody>\n<\/table>\n<h2>Anwendung<\/h2>\n<p>Hydrauliksystem: SV wird zur Steuerung der Bewegungsrichtung von Hydraulikzylindern und Hydraulikmotoren verwendet und ist h\u00e4ufig in Werkzeugmaschinen, metallurgischen Ger\u00e4ten und technischen Maschinen zu finden.<br \/>\nSchmiersystem: Elektromagnetische Umschaltventile vom Typ SV werden \u00fcblicherweise in Zweileitungsschmiersystemen eingesetzt, um die abwechselnde \u00d6lversorgung zweier Schmierleitungen zu steuern.<br \/>\nIndustrielle Automatisierung: In automatisierten Produktionslinien wird SV in Verbindung mit Sensoren und Aktoren eingesetzt, um eine pr\u00e4zise Steuerung der Prozessabl\u00e4ufe zu erreichen.<\/p>\n<h2>Benutzerhandb\u00fccher<\/h2>\n<div class=\"sdm_download_button_box_default\"><div class=\"sdm_download_link\"><a href=\"https:\/\/www.jinpinlub.com\/de\/?sdm_process_download=1&download_id=3660\" class=\"sdm_download white\" title=\"Privat: SV Solenoid Valve\" target=\"&quot;_blank&quot;\">Datenblatt anzeigen - SV-Magnetventil<\/a><\/div><\/div>","protected":false},"excerpt":{"rendered":"<p>SV ist ein Ventil, das in zentralen Schmiersystemen f\u00fcr elektrische Anschl\u00fcsse verwendet wird. Es wird normalerweise zur Steuerung der abwechselnden \u00d6lzufuhr von zwei Hauptleitungen verwendet und verf\u00fcgt \u00fcber eine 4\/3-Magnetumkehrventilsteuerung. Seine Konstruktion erm\u00f6glicht es, bei Hochdruckbetrieb eine stabile Leistung aufrechtzuerhalten.<\/p>","protected":false},"featured_media":3614,"template":"","meta":{"ocean_post_layout":"","ocean_both_sidebars_style":"","ocean_both_sidebars_content_width":0,"ocean_both_sidebars_sidebars_width":0,"ocean_sidebar":"0","ocean_second_sidebar":"0","ocean_disable_margins":"enable","ocean_add_body_class":"","ocean_shortcode_before_top_bar":"","ocean_shortcode_after_top_bar":"","ocean_shortcode_before_header":"","ocean_shortcode_after_header":"","ocean_has_shortcode":"","ocean_shortcode_after_title":"","ocean_shortcode_before_footer_widgets":"","ocean_shortcode_after_footer_widgets":"","ocean_shortcode_before_footer_bottom":"","ocean_shortcode_after_footer_bottom":"","ocean_display_top_bar":"default","ocean_display_header":"default","ocean_header_style":"","ocean_center_header_left_menu":"0","ocean_custom_header_template":"0","ocean_custom_logo":0,"ocean_custom_retina_logo":0,"ocean_custom_logo_max_width":0,"ocean_custom_logo_tablet_max_width":0,"ocean_custom_logo_mobile_max_width":0,"ocean_custom_logo_max_height":0,"ocean_custom_logo_tablet_max_height":0,"ocean_custom_logo_mobile_max_height":0,"ocean_header_custom_menu":"0","ocean_menu_typo_font_family":"0","ocean_menu_typo_font_subset":"","ocean_menu_typo_font_size":0,"ocean_menu_typo_font_size_tablet":0,"ocean_menu_typo_font_size_mobile":0,"ocean_menu_typo_font_size_unit":"px","ocean_menu_typo_font_weight":"","ocean_menu_typo_font_weight_tablet":"","ocean_menu_typo_font_weight_mobile":"","ocean_menu_typo_transform":"","ocean_menu_typo_transform_tablet":"","ocean_menu_typo_transform_mobile":"","ocean_menu_typo_line_height":0,"ocean_menu_typo_line_height_tablet":0,"ocean_menu_typo_line_height_mobile":0,"ocean_menu_typo_line_height_unit":"","ocean_menu_typo_spacing":0,"ocean_menu_typo_spacing_tablet":0,"ocean_menu_typo_spacing_mobile":0,"ocean_menu_typo_spacing_unit":"","ocean_menu_link_color":"","ocean_menu_link_color_hover":"","ocean_menu_link_color_active":"","ocean_menu_link_background":"","ocean_menu_link_hover_background":"","ocean_menu_link_active_background":"","ocean_menu_social_links_bg":"","ocean_menu_social_hover_links_bg":"","ocean_menu_social_links_color":"","ocean_menu_social_hover_links_color":"","ocean_disable_title":"default","ocean_disable_heading":"default","ocean_post_title":"","ocean_post_subheading":"","ocean_post_title_style":"","ocean_post_title_background_color":"","ocean_post_title_background":0,"ocean_post_title_bg_image_position":"","ocean_post_title_bg_image_attachment":"","ocean_post_title_bg_image_repeat":"","ocean_post_title_bg_image_size":"","ocean_post_title_height":0,"ocean_post_title_bg_overlay":0.5,"ocean_post_title_bg_overlay_color":"","ocean_disable_breadcrumbs":"default","ocean_breadcrumbs_color":"","ocean_breadcrumbs_separator_color":"","ocean_breadcrumbs_links_color":"","ocean_breadcrumbs_links_hover_color":"","ocean_display_footer_widgets":"default","ocean_display_footer_bottom":"default","ocean_custom_footer_template":"0","osh_disable_topbar_sticky":"default","osh_disable_header_sticky":"default","osh_sticky_header_style":"default","osh_sticky_header_effect":"","osh_custom_sticky_logo":0,"osh_custom_retina_sticky_logo":0,"osh_custom_sticky_logo_height":0,"osh_background_color":"","osh_links_color":"","osh_links_hover_color":"","osh_links_active_color":"","osh_links_bg_color":"","osh_links_hover_bg_color":"","osh_links_active_bg_color":"","osh_menu_social_links_color":"","osh_menu_social_hover_links_color":""},"product_brand":[],"product_cat":[36,34],"product_tag":[297,305,306],"class_list":{"0":"post-3677","1":"product","2":"type-product","3":"status-publish","4":"has-post-thumbnail","6":"product_cat-dual-line-divider-valves","7":"product_cat-dual-line-lubrication-systems","8":"product_tag-hydraulic-reversing-valve","9":"product_tag-hydraulic-solenoid-valve","10":"product_tag-lubrication-solenoid-valve","12":"entry","13":"has-media","15":"first","16":"instock","17":"shipping-taxable","18":"product-type-external","19":"col","20":"span_1_of_3","21":"owp-content-center","22":"owp-thumbs-layout-horizontal","23":"owp-btn-very-big","24":"owp-tabs-layout-horizontal"},"_links":{"self":[{"href":"https:\/\/www.jinpinlub.com\/de\/wp-json\/wp\/v2\/product\/3677","targetHints":{"allow":["GET"]}}],"collection":[{"href":"https:\/\/www.jinpinlub.com\/de\/wp-json\/wp\/v2\/product"}],"about":[{"href":"https:\/\/www.jinpinlub.com\/de\/wp-json\/wp\/v2\/types\/product"}],"wp:featuredmedia":[{"embeddable":true,"href":"https:\/\/www.jinpinlub.com\/de\/wp-json\/wp\/v2\/media\/3614"}],"wp:attachment":[{"href":"https:\/\/www.jinpinlub.com\/de\/wp-json\/wp\/v2\/media?parent=3677"}],"wp:term":[{"taxonomy":"product_brand","embeddable":true,"href":"https:\/\/www.jinpinlub.com\/de\/wp-json\/wp\/v2\/product_brand?post=3677"},{"taxonomy":"product_cat","embeddable":true,"href":"https:\/\/www.jinpinlub.com\/de\/wp-json\/wp\/v2\/product_cat?post=3677"},{"taxonomy":"product_tag","embeddable":true,"href":"https:\/\/www.jinpinlub.com\/de\/wp-json\/wp\/v2\/product_tag?post=3677"}],"curies":[{"name":"wp","href":"https:\/\/api.w.org\/{rel}","templated":true}]}}