{"id":3679,"date":"2024-09-13T23:39:41","date_gmt":"2024-09-13T15:39:41","guid":{"rendered":"https:\/\/www.jinpinlub.com\/?post_type=product&#038;p=3679"},"modified":"2024-09-14T00:12:00","modified_gmt":"2024-09-13T16:12:00","slug":"vskh-kr-verteiler-fur-zweileitungsschmiersysteme","status":"publish","type":"product","link":"https:\/\/www.jinpinlub.com\/de\/produkt\/vskh-kr-verteiler-fur-zweileitungsschmiersysteme\/","title":{"rendered":"VSKH-KR Verteiler f\u00fcr Zweileitungs-Schmiersysteme"},"content":{"rendered":"<h2>Besonderheit<\/h2>\n<p>Der Zweileitungsverteiler VSKH-KR hat Ausl\u00e4sse an der Ober- und Unterseite. Wenn sich der Verteilerkolben in beide Richtungen bewegt, wird Fett aus den oberen bzw. unteren Ausl\u00e4ssen abgegeben. Beobachten Sie den Betriebszustand des Verteilers anhand der Wirkung der Anzeigestange und stellen Sie den Aussto\u00df durch Einstellen der Schraube innerhalb des angegebenen Bereichs ein.<br \/>\nVSKH-KR ist f\u00fcr 40 MPa Zweileitungs-Zentralschmiersysteme mit Fett geeignet. Seine Kolbenbewegung wird durch den wechselnden \u00d6lversorgungsdruck von zwei Hauptschmierleitungen gesteuert, die das Fett quantitativ an die Schmierstellen verteilen.<\/p>\n<h2>Spezifikation<\/h2>\n<table>\n<tbody>\n<tr>\n<td>Modell<\/td>\n<td>VSKH-KR<\/td>\n<\/tr>\n<tr>\n<td>Betriebsdruck<\/td>\n<td>40 MPa<\/td>\n<\/tr>\n<tr>\n<td>Aktionsdruck<\/td>\n<td>\u22641,5 MPa<\/td>\n<\/tr>\n<tr>\n<td>Nennentladung<\/td>\n<td>0 ~ 1,5 ml\/Zyklus<\/td>\n<\/tr>\n<tr>\n<td>Einstellschraube Durchfluss<\/td>\n<td>0,05 ml\/Kreis<\/td>\n<\/tr>\n<tr>\n<td>Anzahl der Filialen<\/td>\n<td>2~8<\/td>\n<\/tr>\n<tr>\n<td>Schmiermittel<\/td>\n<td>Fett NLGI 0~2# oder \u00d6l \uff1e N68<\/td>\n<\/tr>\n<tr>\n<td>Betriebstemperatur<\/td>\n<td>(-10 \u2103 ~ 80 \u2103)<\/td>\n<\/tr>\n<\/tbody>\n<\/table>\n<h2>Anwendung<\/h2>\n<p>Zementwerk: Der Zweileitungsverteiler VSKH-KR wird zum Schmieren gro\u00dfer mechanischer Ger\u00e4te verwendet, um den normalen Betrieb der Ger\u00e4te in Umgebungen mit hohem Druck und hohen Temperaturen sicherzustellen.<br \/>\nBergbaubagger: Das Dosierventil VSKH-KR sorgt f\u00fcr zuverl\u00e4ssige Schmierung unter harten Arbeitsbedingungen und verl\u00e4ngert die Lebensdauer der Ausr\u00fcstung.<br \/>\nStahlwerk: Das Dosierger\u00e4t VSKH-KR wird zum Schmieren von Walzwerken und anderen schweren Ger\u00e4ten verwendet, um Verschlei\u00df und Wartungskosten zu senken.<\/p>\n<h2>Benutzerhandb\u00fccher<\/h2>\n<div class=\"sdm_download_button_box_default\"><div class=\"sdm_download_link\"><a href=\"https:\/\/www.jinpinlub.com\/de\/?sdm_process_download=1&download_id=3662\" class=\"sdm_download white\" title=\"Privat: VSKH-KR Distributor\" target=\"&quot;_blank&quot;\">Datenblatt anzeigen - VSKH-KR Distributor<\/a><\/div><\/div>","protected":false},"excerpt":{"rendered":"<p>Die Dosiereinheit VSG ist eine robuste, bis zu 400 bar druckfeste Komponente f\u00fcr Zweileitungsschmiersysteme aus verzinktem Stahl mit bis zu acht Ausl\u00e4ssen, die jeweils mit einem Anzeigestift zur optischen \u00dcberwachung ausgestattet sind.<\/p>","protected":false},"featured_media":3623,"template":"","meta":{"ocean_post_layout":"","ocean_both_sidebars_style":"","ocean_both_sidebars_content_width":0,"ocean_both_sidebars_sidebars_width":0,"ocean_sidebar":"0","ocean_second_sidebar":"0","ocean_disable_margins":"enable","ocean_add_body_class":"","ocean_shortcode_before_top_bar":"","ocean_shortcode_after_top_bar":"","ocean_shortcode_before_header":"","ocean_shortcode_after_header":"","ocean_has_shortcode":"","ocean_shortcode_after_title":"","ocean_shortcode_before_footer_widgets":"","ocean_shortcode_after_footer_widgets":"","ocean_shortcode_before_footer_bottom":"","ocean_shortcode_after_footer_bottom":"","ocean_display_top_bar":"default","ocean_display_header":"default","ocean_header_style":"","ocean_center_header_left_menu":"0","ocean_custom_header_template":"0","ocean_custom_logo":0,"ocean_custom_retina_logo":0,"ocean_custom_logo_max_width":0,"ocean_custom_logo_tablet_max_width":0,"ocean_custom_logo_mobile_max_width":0,"ocean_custom_logo_max_height":0,"ocean_custom_logo_tablet_max_height":0,"ocean_custom_logo_mobile_max_height":0,"ocean_header_custom_menu":"0","ocean_menu_typo_font_family":"0","ocean_menu_typo_font_subset":"","ocean_menu_typo_font_size":0,"ocean_menu_typo_font_size_tablet":0,"ocean_menu_typo_font_size_mobile":0,"ocean_menu_typo_font_size_unit":"px","ocean_menu_typo_font_weight":"","ocean_menu_typo_font_weight_tablet":"","ocean_menu_typo_font_weight_mobile":"","ocean_menu_typo_transform":"","ocean_menu_typo_transform_tablet":"","ocean_menu_typo_transform_mobile":"","ocean_menu_typo_line_height":0,"ocean_menu_typo_line_height_tablet":0,"ocean_menu_typo_line_height_mobile":0,"ocean_menu_typo_line_height_unit":"","ocean_menu_typo_spacing":0,"ocean_menu_typo_spacing_tablet":0,"ocean_menu_typo_spacing_mobile":0,"ocean_menu_typo_spacing_unit":"","ocean_menu_link_color":"","ocean_menu_link_color_hover":"","ocean_menu_link_color_active":"","ocean_menu_link_background":"","ocean_menu_link_hover_background":"","ocean_menu_link_active_background":"","ocean_menu_social_links_bg":"","ocean_menu_social_hover_links_bg":"","ocean_menu_social_links_color":"","ocean_menu_social_hover_links_color":"","ocean_disable_title":"default","ocean_disable_heading":"default","ocean_post_title":"","ocean_post_subheading":"","ocean_post_title_style":"","ocean_post_title_background_color":"","ocean_post_title_background":0,"ocean_post_title_bg_image_position":"","ocean_post_title_bg_image_attachment":"","ocean_post_title_bg_image_repeat":"","ocean_post_title_bg_image_size":"","ocean_post_title_height":0,"ocean_post_title_bg_overlay":0.5,"ocean_post_title_bg_overlay_color":"","ocean_disable_breadcrumbs":"default","ocean_breadcrumbs_color":"","ocean_breadcrumbs_separator_color":"","ocean_breadcrumbs_links_color":"","ocean_breadcrumbs_links_hover_color":"","ocean_display_footer_widgets":"default","ocean_display_footer_bottom":"default","ocean_custom_footer_template":"0","osh_disable_topbar_sticky":"default","osh_disable_header_sticky":"default","osh_sticky_header_style":"default","osh_sticky_header_effect":"","osh_custom_sticky_logo":0,"osh_custom_retina_sticky_logo":0,"osh_custom_sticky_logo_height":0,"osh_background_color":"","osh_links_color":"","osh_links_hover_color":"","osh_links_active_color":"","osh_links_bg_color":"","osh_links_hover_bg_color":"","osh_links_active_bg_color":"","osh_menu_social_links_color":"","osh_menu_social_hover_links_color":""},"product_brand":[],"product_cat":[34,36],"product_tag":[309,311,310],"class_list":{"0":"post-3679","1":"product","2":"type-product","3":"status-publish","4":"has-post-thumbnail","6":"product_cat-dual-line-lubrication-systems","7":"product_cat-dual-line-divider-valves","8":"product_tag-vskh-kr-distributor","9":"product_tag-vskh-kr-metering-device","10":"product_tag-vskh-kr-metering-valve","12":"entry","13":"has-media","15":"first","16":"instock","17":"shipping-taxable","18":"product-type-external","19":"col","20":"span_1_of_3","21":"owp-content-center","22":"owp-thumbs-layout-horizontal","23":"owp-btn-very-big","24":"owp-tabs-layout-horizontal"},"_links":{"self":[{"href":"https:\/\/www.jinpinlub.com\/de\/wp-json\/wp\/v2\/product\/3679","targetHints":{"allow":["GET"]}}],"collection":[{"href":"https:\/\/www.jinpinlub.com\/de\/wp-json\/wp\/v2\/product"}],"about":[{"href":"https:\/\/www.jinpinlub.com\/de\/wp-json\/wp\/v2\/types\/product"}],"wp:featuredmedia":[{"embeddable":true,"href":"https:\/\/www.jinpinlub.com\/de\/wp-json\/wp\/v2\/media\/3623"}],"wp:attachment":[{"href":"https:\/\/www.jinpinlub.com\/de\/wp-json\/wp\/v2\/media?parent=3679"}],"wp:term":[{"taxonomy":"product_brand","embeddable":true,"href":"https:\/\/www.jinpinlub.com\/de\/wp-json\/wp\/v2\/product_brand?post=3679"},{"taxonomy":"product_cat","embeddable":true,"href":"https:\/\/www.jinpinlub.com\/de\/wp-json\/wp\/v2\/product_cat?post=3679"},{"taxonomy":"product_tag","embeddable":true,"href":"https:\/\/www.jinpinlub.com\/de\/wp-json\/wp\/v2\/product_tag?post=3679"}],"curies":[{"name":"wp","href":"https:\/\/api.w.org\/{rel}","templated":true}]}}