{"id":3680,"date":"2024-09-13T23:48:18","date_gmt":"2024-09-13T15:48:18","guid":{"rendered":"https:\/\/www.jinpinlub.com\/?post_type=product&#038;p=3680"},"modified":"2024-09-14T00:10:57","modified_gmt":"2024-09-13T16:10:57","slug":"vskv-kr-dosierventile-fur-zweileitungsschmiersysteme","status":"publish","type":"product","link":"https:\/\/www.jinpinlub.com\/de\/produkt\/vskv-kr-dosierventile-fur-zweileitungsschmiersysteme\/","title":{"rendered":"VSKV-KR Dosierventile f\u00fcr Zweileitungs-Schmiersysteme"},"content":{"rendered":"<h2>Besonderheit<\/h2>\n<p>Die Vorderseite des Zweileitungsverteilers VSKV-KR ist mit oberen und unteren Auslass\u00f6ffnungen ausgestattet. Wenn sich der Verteilerkolben in beide Richtungen bewegt, wird Fett jeweils aus den oberen und unteren \u00d6ffnungen ausgegeben. Der Betriebszustand des Verteilers kann auch direkt an der Wirkung der Anzeigestange beobachtet werden. Die Auslassdurchflussrate kann durch Einstellen der Schraube innerhalb des angegebenen Bereichs eingestellt werden.<br \/>\nVSKV-KR ist f\u00fcr eine 40 MPa-Zweileitungs-Zentralschmierung mit Fett geeignet. Unter dem Wechseldruck der beiden Hauptleitungen steuert es die Bewegung und Abgabe des Kolbens und verteilt das Schmiermittel quantitativ an die Schmierstellen.<\/p>\n<h2>Spezifikation<\/h2>\n<table>\n<tbody>\n<tr>\n<td>Modell<\/td>\n<td>VSKV-KR<\/td>\n<\/tr>\n<tr>\n<td>Betriebsdruck<\/td>\n<td>40 MPa<\/td>\n<\/tr>\n<tr>\n<td>Aktionsdruck<\/td>\n<td>\u22641,5 MPa<\/td>\n<\/tr>\n<tr>\n<td>Nennentladung<\/td>\n<td>0 ~ 1,5 ml\/Zyklus<\/td>\n<\/tr>\n<tr>\n<td>Einstellschraube Durchfluss<\/td>\n<td>0,05 ml\/Kreis<\/td>\n<\/tr>\n<tr>\n<td>Anzahl der Filialen<\/td>\n<td>2~8<\/td>\n<\/tr>\n<tr>\n<td>Schmiermittel<\/td>\n<td>Fett NLGI 0~2# oder \u00d6l \uff1e N68<\/td>\n<\/tr>\n<tr>\n<td>Betriebstemperatur<\/td>\n<td>(-10 \u2103 ~ 80 \u2103)<\/td>\n<\/tr>\n<\/tbody>\n<\/table>\n<h2>Anwendung<\/h2>\n<p>Zementwerk: Bei der Zementproduktion sorgt die Schmierung des VSKV-KR-Verteilers f\u00fcr einen reibungslosen Betrieb der Maschine und reduziert den Verschlei\u00df.<br \/>\nBergbaubagger: Bergbauger\u00e4te arbeiten normalerweise in rauen Umgebungen und das Schmiersystem des Dosierventils VSKV-KR kann die Lebensdauer der Ger\u00e4te verl\u00e4ngern.<br \/>\nStahlwerk: Die Ausr\u00fcstung zur Stahlproduktion muss bei hohen Temperaturen und hohem Druck betrieben werden. Der VSKV-KR-Teiler kann eine pr\u00e4zise Schmierung gew\u00e4hrleisten, um einen effizienten Betrieb der Ausr\u00fcstung sicherzustellen.<\/p>\n<h2>Benutzerhandb\u00fccher<\/h2>\n<div class=\"sdm_download_button_box_default\"><div class=\"sdm_download_link\"><a href=\"https:\/\/www.jinpinlub.com\/de\/?sdm_process_download=1&download_id=3663\" class=\"sdm_download white\" title=\"Privat: VSKV-KR Distributor\" target=\"&quot;_blank&quot;\">Datenblatt anzeigen - VSKV-KR Distributor<\/a><\/div><\/div>","protected":false},"excerpt":{"rendered":"<p>Dosierventile VSKV-KR sind f\u00fcr Zweileitungsschmiersysteme konzipiert und eignen sich f\u00fcr den Einsatz in industriellen Anwendungen wie Zementwerken, Bergbaubaggern und Stahlwerken. Sie bestehen aus verzinktem Stahl und halten Dr\u00fccken bis zu 400 bar stand.<\/p>","protected":false},"featured_media":3624,"template":"","meta":{"ocean_post_layout":"","ocean_both_sidebars_style":"","ocean_both_sidebars_content_width":0,"ocean_both_sidebars_sidebars_width":0,"ocean_sidebar":"0","ocean_second_sidebar":"0","ocean_disable_margins":"enable","ocean_add_body_class":"","ocean_shortcode_before_top_bar":"","ocean_shortcode_after_top_bar":"","ocean_shortcode_before_header":"","ocean_shortcode_after_header":"","ocean_has_shortcode":"","ocean_shortcode_after_title":"","ocean_shortcode_before_footer_widgets":"","ocean_shortcode_after_footer_widgets":"","ocean_shortcode_before_footer_bottom":"","ocean_shortcode_after_footer_bottom":"","ocean_display_top_bar":"default","ocean_display_header":"default","ocean_header_style":"","ocean_center_header_left_menu":"0","ocean_custom_header_template":"0","ocean_custom_logo":0,"ocean_custom_retina_logo":0,"ocean_custom_logo_max_width":0,"ocean_custom_logo_tablet_max_width":0,"ocean_custom_logo_mobile_max_width":0,"ocean_custom_logo_max_height":0,"ocean_custom_logo_tablet_max_height":0,"ocean_custom_logo_mobile_max_height":0,"ocean_header_custom_menu":"0","ocean_menu_typo_font_family":"0","ocean_menu_typo_font_subset":"","ocean_menu_typo_font_size":0,"ocean_menu_typo_font_size_tablet":0,"ocean_menu_typo_font_size_mobile":0,"ocean_menu_typo_font_size_unit":"px","ocean_menu_typo_font_weight":"","ocean_menu_typo_font_weight_tablet":"","ocean_menu_typo_font_weight_mobile":"","ocean_menu_typo_transform":"","ocean_menu_typo_transform_tablet":"","ocean_menu_typo_transform_mobile":"","ocean_menu_typo_line_height":0,"ocean_menu_typo_line_height_tablet":0,"ocean_menu_typo_line_height_mobile":0,"ocean_menu_typo_line_height_unit":"","ocean_menu_typo_spacing":0,"ocean_menu_typo_spacing_tablet":0,"ocean_menu_typo_spacing_mobile":0,"ocean_menu_typo_spacing_unit":"","ocean_menu_link_color":"","ocean_menu_link_color_hover":"","ocean_menu_link_color_active":"","ocean_menu_link_background":"","ocean_menu_link_hover_background":"","ocean_menu_link_active_background":"","ocean_menu_social_links_bg":"","ocean_menu_social_hover_links_bg":"","ocean_menu_social_links_color":"","ocean_menu_social_hover_links_color":"","ocean_disable_title":"default","ocean_disable_heading":"default","ocean_post_title":"","ocean_post_subheading":"","ocean_post_title_style":"","ocean_post_title_background_color":"","ocean_post_title_background":0,"ocean_post_title_bg_image_position":"","ocean_post_title_bg_image_attachment":"","ocean_post_title_bg_image_repeat":"","ocean_post_title_bg_image_size":"","ocean_post_title_height":0,"ocean_post_title_bg_overlay":0.5,"ocean_post_title_bg_overlay_color":"","ocean_disable_breadcrumbs":"default","ocean_breadcrumbs_color":"","ocean_breadcrumbs_separator_color":"","ocean_breadcrumbs_links_color":"","ocean_breadcrumbs_links_hover_color":"","ocean_display_footer_widgets":"default","ocean_display_footer_bottom":"default","ocean_custom_footer_template":"0","osh_disable_topbar_sticky":"default","osh_disable_header_sticky":"default","osh_sticky_header_style":"default","osh_sticky_header_effect":"","osh_custom_sticky_logo":0,"osh_custom_retina_sticky_logo":0,"osh_custom_sticky_logo_height":0,"osh_background_color":"","osh_links_color":"","osh_links_hover_color":"","osh_links_active_color":"","osh_links_bg_color":"","osh_links_hover_bg_color":"","osh_links_active_bg_color":"","osh_menu_social_links_color":"","osh_menu_social_hover_links_color":""},"product_brand":[],"product_cat":[34,36],"product_tag":[302,312,301],"class_list":{"0":"post-3680","1":"product","2":"type-product","3":"status-publish","4":"has-post-thumbnail","6":"product_cat-dual-line-lubrication-systems","7":"product_cat-dual-line-divider-valves","8":"product_tag-dual-line-grease-distributor","9":"product_tag-dual-line-lubrication-distributor","10":"product_tag-dual-line-metering-valve","12":"entry","13":"has-media","15":"first","16":"instock","17":"shipping-taxable","18":"product-type-external","19":"col","20":"span_1_of_3","21":"owp-content-center","22":"owp-thumbs-layout-horizontal","23":"owp-btn-very-big","24":"owp-tabs-layout-horizontal"},"_links":{"self":[{"href":"https:\/\/www.jinpinlub.com\/de\/wp-json\/wp\/v2\/product\/3680","targetHints":{"allow":["GET"]}}],"collection":[{"href":"https:\/\/www.jinpinlub.com\/de\/wp-json\/wp\/v2\/product"}],"about":[{"href":"https:\/\/www.jinpinlub.com\/de\/wp-json\/wp\/v2\/types\/product"}],"wp:featuredmedia":[{"embeddable":true,"href":"https:\/\/www.jinpinlub.com\/de\/wp-json\/wp\/v2\/media\/3624"}],"wp:attachment":[{"href":"https:\/\/www.jinpinlub.com\/de\/wp-json\/wp\/v2\/media?parent=3680"}],"wp:term":[{"taxonomy":"product_brand","embeddable":true,"href":"https:\/\/www.jinpinlub.com\/de\/wp-json\/wp\/v2\/product_brand?post=3680"},{"taxonomy":"product_cat","embeddable":true,"href":"https:\/\/www.jinpinlub.com\/de\/wp-json\/wp\/v2\/product_cat?post=3680"},{"taxonomy":"product_tag","embeddable":true,"href":"https:\/\/www.jinpinlub.com\/de\/wp-json\/wp\/v2\/product_tag?post=3680"}],"curies":[{"name":"wp","href":"https:\/\/api.w.org\/{rel}","templated":true}]}}