{"id":3685,"date":"2024-09-14T00:12:37","date_gmt":"2024-09-13T16:12:37","guid":{"rendered":"https:\/\/www.jinpinlub.com\/?post_type=product&#038;p=3685"},"modified":"2024-09-14T00:24:20","modified_gmt":"2024-09-13T16:24:20","slug":"zv-b-zweileitungsverteiler-fur-zweileitungsschmiersystem","status":"publish","type":"product","link":"https:\/\/www.jinpinlub.com\/de\/product\/zv-b-dual-line-distributor-for-dual-line-lubrication-system\/","title":{"rendered":"ZV-B Zweileitungsverteiler f\u00fcr Zweileitungsschmiersystem"},"content":{"rendered":"<h2>Besonderheit<\/h2>\n<p>Der ZVB-Zweileiterverteiler ist f\u00fcr 40 MPa Fett- oder \u00d6l-Zweileitungsschmiersysteme geeignet. Der Verteiler kann mit drei Optionen installiert werden: Dosierschraube, Einstellvorrichtung und Bewegungsanzeige.<br \/>\n1. Bei ZVB mit Dosierschnecken kann die Dosiermenge nicht angepasst werden. Nur durch Auswahl anderer Index-Dosierschnecken kann die Dosiermenge ge\u00e4ndert werden.<br \/>\n2. ZVB mit Einstellvorrichtung. Das Dosiervolumen kann von Null bis zum Nennbereich eingestellt werden. Durch Beobachtung der Einstellvorrichtung kann beurteilt werden, ob der Verteiler ordnungsgem\u00e4\u00df funktioniert.<br \/>\n3. ZVB mit Bewegungsanzeige kann die Dosiermenge im Bereich von Null bis zum Nennbereich einstellen und die Dosiermenge durch Senden eines Signals \u00fcber den \u00dcberwachungsschalter steuern. Jeder Verteiler kann nur mit einem Einstellger\u00e4t geliefert werden.<\/p>\n<h2>Spezifikation<\/h2>\n<table>\n<tbody>\n<tr>\n<td>Modell<\/td>\n<td>ZV-B<\/td>\n<\/tr>\n<tr>\n<td>Betriebsdruck<\/td>\n<td>40 MPa<\/td>\n<\/tr>\n<tr>\n<td>Aktionsdruck<\/td>\n<td>\u22641,0 MPa<\/td>\n<\/tr>\n<tr>\n<td>Kolbenleistung<\/td>\n<td>0,3 ml<\/td>\n<\/tr>\n<tr>\n<td>Entladung<\/td>\n<td>0,5, 1,5, 3,0 ml\/Zyklus<\/td>\n<\/tr>\n<tr>\n<td>Anzahl der Filialen<\/td>\n<td>2~8<\/td>\n<\/tr>\n<tr>\n<td>Schmiermittel<\/td>\n<td>Fett NLGI 0~3# oder \u00d6l \uff1e N68<\/td>\n<\/tr>\n<tr>\n<td>Betriebstemperatur<\/td>\n<td>(-20 \u2103 ~ 80 \u2103)<\/td>\n<\/tr>\n<\/tbody>\n<\/table>\n<h2>Anweisung<\/h2>\n<p>1. Bei Verwendung in staubiger, feuchter und rauer Umgebung sollte es mit einer Schutzh\u00fclle ausgestattet werden.<br \/>\n2. Im Zweidrahtsystem wird die parallele Installationsmethode bevorzugt. Zweitens wird die serielle Installationsmethode angewendet, und die beiden G3\/8-Stecker am Einlass auf einer Seite m\u00fcssen entfernt werden. Die maximale Anzahl serieller Verbindungen darf zwei nicht \u00fcberschreiten und kann bei Bedarf parallel und in Reihe installiert werden.<br \/>\n3. Beim ZVB-S kann das Dosiervolumen nicht mit der Dosierschraube eingestellt werden. Zum \u00c4ndern der Dosierschraube kann nur die Dosierschraube mit einem anderen Index ausgew\u00e4hlt werden.<br \/>\n4. Beim ZVB-M mit Einstellvorrichtung erfolgt die Einstellung der Dosiermenge durch Drehen der Einstellschraube des Begrenzers bei eingefahrener Stange.<br \/>\n5. Bei ZVB-L mit Bewegungsanzeiger sollte die Einstellung der Dosiermenge bei eingefahrenem Anzeigehebel erfolgen.<br \/>\n6. Wenn die Anzahl der Ausl\u00e4sse ungerade sein muss, entfernen Sie die Schrauben zwischen den entsprechenden Ausl\u00e4ssen und verschlie\u00dfen Sie den nicht verwendeten Auslass mit G1\/4\u201c-Stopfen. Der obere und untere Auslass sind verbunden und sowohl die Vorw\u00e4rts- als auch die R\u00fcckw\u00e4rtsbewegung des Kolbens werden aus diesem Auslass abgeleitet.<br \/>\n7. Zur leichteren Demontage biegen Sie die Rohrleitung vom ZVB zu den Schmierstellen am besten im 90\u00b0-Winkel oder verwenden Sie eine Muffenverbindung.<br \/>\n8. Die Installationsfl\u00e4che des Verteilers sollte glatt und flach sein und die Installationsschrauben sollten nicht zu fest angezogen werden, um Verformungen und eine Beeintr\u00e4chtigung des normalen Betriebs w\u00e4hrend des Gebrauchs zu vermeiden.<br \/>\n9. F\u00fcr die Montage und Befestigung von ZVB-S und ZVB-M wird die Verwendung von GB70-85-Schrauben M60 x 50 empfohlen. Zwischen den Montagefl\u00e4chen von ZVB-L sollte eine 30 mm dicke Grundplatte vorgesehen werden und f\u00fcr die Montage und Befestigung sollten GB70-85-Spezialschrauben M6 x 85 verwendet werden.<\/p>\n<h2>Benutzerhandb\u00fccher<\/h2>\n<div class=\"sdm_download_button_box_default\"><div class=\"sdm_download_link\"><a href=\"https:\/\/www.jinpinlub.com\/de\/?sdm_process_download=1&download_id=3665\" class=\"sdm_download white\" title=\"Privat: ZVB Distributor\" target=\"&quot;_blank&quot;\">Datenblatt anzeigen - ZVB Distributor<\/a><\/div><\/div>","protected":false},"excerpt":{"rendered":"<p>Der Verteiler ZV-B wird in Zweileitungs-Zentralschmieranlagen eingesetzt und ist f\u00fcr \u00d6l und Fett geeignet. Er dosiert und f\u00f6rdert Schmierstoffe gegendruckunabh\u00e4ngig zu den Schmierstellen. Er verf\u00fcgt \u00fcber bis zu 8 Ausl\u00e4sse und Dosiermengen von 0,5 bis 3,0 ml\/Zyklus.<\/p>","protected":false},"featured_media":3635,"template":"","meta":{"ocean_post_layout":"","ocean_both_sidebars_style":"","ocean_both_sidebars_content_width":0,"ocean_both_sidebars_sidebars_width":0,"ocean_sidebar":"0","ocean_second_sidebar":"0","ocean_disable_margins":"enable","ocean_add_body_class":"","ocean_shortcode_before_top_bar":"","ocean_shortcode_after_top_bar":"","ocean_shortcode_before_header":"","ocean_shortcode_after_header":"","ocean_has_shortcode":"","ocean_shortcode_after_title":"","ocean_shortcode_before_footer_widgets":"","ocean_shortcode_after_footer_widgets":"","ocean_shortcode_before_footer_bottom":"","ocean_shortcode_after_footer_bottom":"","ocean_display_top_bar":"default","ocean_display_header":"default","ocean_header_style":"","ocean_center_header_left_menu":"0","ocean_custom_header_template":"0","ocean_custom_logo":0,"ocean_custom_retina_logo":0,"ocean_custom_logo_max_width":0,"ocean_custom_logo_tablet_max_width":0,"ocean_custom_logo_mobile_max_width":0,"ocean_custom_logo_max_height":0,"ocean_custom_logo_tablet_max_height":0,"ocean_custom_logo_mobile_max_height":0,"ocean_header_custom_menu":"0","ocean_menu_typo_font_family":"0","ocean_menu_typo_font_subset":"","ocean_menu_typo_font_size":0,"ocean_menu_typo_font_size_tablet":0,"ocean_menu_typo_font_size_mobile":0,"ocean_menu_typo_font_size_unit":"px","ocean_menu_typo_font_weight":"","ocean_menu_typo_font_weight_tablet":"","ocean_menu_typo_font_weight_mobile":"","ocean_menu_typo_transform":"","ocean_menu_typo_transform_tablet":"","ocean_menu_typo_transform_mobile":"","ocean_menu_typo_line_height":0,"ocean_menu_typo_line_height_tablet":0,"ocean_menu_typo_line_height_mobile":0,"ocean_menu_typo_line_height_unit":"","ocean_menu_typo_spacing":0,"ocean_menu_typo_spacing_tablet":0,"ocean_menu_typo_spacing_mobile":0,"ocean_menu_typo_spacing_unit":"","ocean_menu_link_color":"","ocean_menu_link_color_hover":"","ocean_menu_link_color_active":"","ocean_menu_link_background":"","ocean_menu_link_hover_background":"","ocean_menu_link_active_background":"","ocean_menu_social_links_bg":"","ocean_menu_social_hover_links_bg":"","ocean_menu_social_links_color":"","ocean_menu_social_hover_links_color":"","ocean_disable_title":"default","ocean_disable_heading":"default","ocean_post_title":"","ocean_post_subheading":"","ocean_post_title_style":"","ocean_post_title_background_color":"","ocean_post_title_background":0,"ocean_post_title_bg_image_position":"","ocean_post_title_bg_image_attachment":"","ocean_post_title_bg_image_repeat":"","ocean_post_title_bg_image_size":"","ocean_post_title_height":0,"ocean_post_title_bg_overlay":0.5,"ocean_post_title_bg_overlay_color":"","ocean_disable_breadcrumbs":"default","ocean_breadcrumbs_color":"","ocean_breadcrumbs_separator_color":"","ocean_breadcrumbs_links_color":"","ocean_breadcrumbs_links_hover_color":"","ocean_display_footer_widgets":"default","ocean_display_footer_bottom":"default","ocean_custom_footer_template":"0","osh_disable_topbar_sticky":"default","osh_disable_header_sticky":"default","osh_sticky_header_style":"default","osh_sticky_header_effect":"","osh_custom_sticky_logo":0,"osh_custom_retina_sticky_logo":0,"osh_custom_sticky_logo_height":0,"osh_background_color":"","osh_links_color":"","osh_links_hover_color":"","osh_links_active_color":"","osh_links_bg_color":"","osh_links_hover_bg_color":"","osh_links_active_bg_color":"","osh_menu_social_links_color":"","osh_menu_social_hover_links_color":""},"product_brand":[],"product_cat":[36,34],"product_tag":[314,313,301],"class_list":{"0":"post-3685","1":"product","2":"type-product","3":"status-publish","4":"has-post-thumbnail","6":"product_cat-dual-line-divider-valves","7":"product_cat-dual-line-lubrication-systems","8":"product_tag-distributor-zv-b","9":"product_tag-dual-line-metering-device","10":"product_tag-dual-line-metering-valve","12":"entry","13":"has-media","15":"first","16":"instock","17":"shipping-taxable","18":"product-type-external","19":"col","20":"span_1_of_3","21":"owp-content-center","22":"owp-thumbs-layout-horizontal","23":"owp-btn-very-big","24":"owp-tabs-layout-horizontal"},"_links":{"self":[{"href":"https:\/\/www.jinpinlub.com\/de\/wp-json\/wp\/v2\/product\/3685","targetHints":{"allow":["GET"]}}],"collection":[{"href":"https:\/\/www.jinpinlub.com\/de\/wp-json\/wp\/v2\/product"}],"about":[{"href":"https:\/\/www.jinpinlub.com\/de\/wp-json\/wp\/v2\/types\/product"}],"wp:featuredmedia":[{"embeddable":true,"href":"https:\/\/www.jinpinlub.com\/de\/wp-json\/wp\/v2\/media\/3635"}],"wp:attachment":[{"href":"https:\/\/www.jinpinlub.com\/de\/wp-json\/wp\/v2\/media?parent=3685"}],"wp:term":[{"taxonomy":"product_brand","embeddable":true,"href":"https:\/\/www.jinpinlub.com\/de\/wp-json\/wp\/v2\/product_brand?post=3685"},{"taxonomy":"product_cat","embeddable":true,"href":"https:\/\/www.jinpinlub.com\/de\/wp-json\/wp\/v2\/product_cat?post=3685"},{"taxonomy":"product_tag","embeddable":true,"href":"https:\/\/www.jinpinlub.com\/de\/wp-json\/wp\/v2\/product_tag?post=3685"}],"curies":[{"name":"wp","href":"https:\/\/api.w.org\/{rel}","templated":true}]}}