{"id":3738,"date":"2024-09-29T23:25:43","date_gmt":"2024-09-29T15:25:43","guid":{"rendered":"https:\/\/www.jinpinlub.com\/?post_type=product&#038;p=3738"},"modified":"2024-10-08T03:57:25","modified_gmt":"2024-10-07T19:57:25","slug":"amg2-plc-gesteuerte-elektrische-schmierfettpumpen-mit-durchfluss","status":"publish","type":"product","link":"https:\/\/www.jinpinlub.com\/de\/product\/jmg2-plc-controlled-flow-grease-electric-lubrication-pumps\/","title":{"rendered":"JMG2 SPS-gesteuerte elektrische Schmierfettpumpen"},"content":{"rendered":"<h2>Merkmale<\/h2>\n<p>1. Schmierung und Intervallzeit werden von der Host-SPS gesteuert.<br \/>\n2. Um festzustellen, ob der \u00d6lkreislauf besch\u00e4digt ist, kann ein optionaler Druckschalter eingebaut werden.<br \/>\n3. Ein optionaler kapazitiver Sensor kann einen niedrigen Fl\u00fcssigkeitsstand erkennen und automatisch ein Signal senden.<br \/>\n4. Mit einem Druckmesser kann der Betriebsdruck der \u00d6lpumpe gemessen werden. Eine Abgabe von 500 ml\/min ist optional.<br \/>\n5. Mit Druck\u00f6lzufuhrknopf und Schmierkontrollleuchte.<br \/>\n6. Die Erdzahnradpumpe ist mit einem Induktionsmotor ausgestattet, der einen stabilen Druck hat, ger\u00e4uscharm, langlebig und zuverl\u00e4ssig ist.<br \/>\n7. Diese Schmierpumpeneinheit ist progressiv ausgelegt und bildet ein progressives Schmiersystem mit <a href=\"https:\/\/www.jinpinlub.com\/de\/produktkategorie\/progressiv-fettsysteme\/progressiv-fettverteiler\/\" target=\"_blank\" rel=\"noopener\">Progressiv-Fettverteiler<\/a>.<\/p>\n<h2>Spezifikation<\/h2>\n<table>\n<tbody>\n<tr>\n<td>Modell<\/td>\n<td>JMG2<\/td>\n<\/tr>\n<tr>\n<td>Schmierzeit<\/td>\n<td>SPS<\/td>\n<\/tr>\n<tr>\n<td>Intervallzeit<\/td>\n<td>SPS<\/td>\n<\/tr>\n<tr>\n<td>Betriebstemperatur<\/td>\n<td>-10 \u00b0C bis +60 \u00b0C (bei niedrigen Temperaturen ist Frostschutzfett erforderlich)<\/td>\n<\/tr>\n<tr>\n<td>Anzahl der Filialen<\/td>\n<td>1<\/td>\n<\/tr>\n<tr>\n<td>Reservoirkapazit\u00e4t<\/td>\n<td>3 l (Harztank), 4 l, 6 l, 8 l, 20 l (Metalltank)<\/td>\n<\/tr>\n<tr>\n<td>Nachf\u00fcllen<\/td>\n<td>Von oben<\/td>\n<\/tr>\n<tr>\n<td>Schmiermittel<\/td>\n<td>NLGI 000#~00#<\/td>\n<\/tr>\n<tr>\n<td>Motorleistung<\/td>\n<td>40 W<\/td>\n<\/tr>\n<tr>\n<td>Entladung<\/td>\n<td>250 ml\/min<\/td>\n<\/tr>\n<tr>\n<td>Max. Betriebsdruck<\/td>\n<td>4,0 MPa<\/td>\n<\/tr>\n<tr>\n<td>Anschlussgewinde<\/td>\n<td>Auslass \u03a66<\/td>\n<\/tr>\n<tr>\n<td>Betriebsspannung<\/td>\n<td>110 V Wechselstrom, 220 V Wechselstrom, 12 V Gleichstrom, 24 V Gleichstrom, 3~ 220 V, 3~ 380 V, 3~ 440 V, 3~ 460 V<\/td>\n<\/tr>\n<tr>\n<td>Zertifizierung<\/td>\n<td>CE<\/td>\n<\/tr>\n<tr>\n<td>Niedrigniveauschalter<\/td>\n<td>\u00d6ffner<\/td>\n<\/tr>\n<\/tbody>\n<\/table>\n<h2>Anwendungen<\/h2>\n<p>Landwirtschaft: JMG2-Schmierpumpen schmieren Maschinen, um eine lange Lebensdauer zu gew\u00e4hrleisten. Dazu geh\u00f6ren Traktoren, Erntemaschinen und andere landwirtschaftliche Ger\u00e4te.<br \/>\nBau und Bergbau: Automatische Schmiersysteme sind f\u00fcr schwere Maschinen wie Bagger, Lader und Bergbauger\u00e4te unerl\u00e4sslich, um Ausf\u00e4lle zu reduzieren.<br \/>\nIndustriemaschinen: Wird in Werkzeugmaschinen, Holzbearbeitungsmaschinen, Textilmaschinen, Verpackungsmaschinen usw. verwendet. Elektrische Schmierpumpen sorgen f\u00fcr eine pr\u00e4zise Schmierung und verbessern die Effizienz der Ger\u00e4te.<br \/>\nLebensmittelindustrie: JMG2-Schmierpumpen sorgen f\u00fcr eine hygienische und effiziente Schmierung von Maschinen zur Lebensmittelverarbeitung.<br \/>\nSchiffsausr\u00fcstung: Fettpumpen schmieren bewegliche Teile in Schiffsmaschinen, um einen reibungslosen Betrieb zu gew\u00e4hrleisten und den Wartungsaufwand zu reduzieren.<\/p>\n<h2>Benutzerhandb\u00fccher<\/h2>\n<div class=\"sdm_download_button_box_default\"><div class=\"sdm_download_link\"><a href=\"https:\/\/www.jinpinlub.com\/de\/?sdm_process_download=1&download_id=3737\" class=\"sdm_download white\" title=\"Privat: JMG Grease Pump\" target=\"&quot;_blank&quot;\">Datenblatt anzeigen - JMG Fettpumpe<\/a><\/div><\/div>","protected":false},"excerpt":{"rendered":"<p>Die progressive Schmierpumpe JMG2 ist eine elektrische Schmierpumpe, die von einer geschliffenen Zahnradpumpe angetrieben wird. Sie kann mit einem Druckschalter und einem Niedrigpegelsensor ausgestattet werden. Ihr Antriebsmotor hat einen geringen Energieverbrauch, einen stabilen Druck, ist ger\u00e4uscharm und langlebig und zuverl\u00e4ssig.<\/p>","protected":false},"featured_media":3747,"template":"","meta":{"ocean_post_layout":"","ocean_both_sidebars_style":"","ocean_both_sidebars_content_width":0,"ocean_both_sidebars_sidebars_width":0,"ocean_sidebar":"0","ocean_second_sidebar":"0","ocean_disable_margins":"enable","ocean_add_body_class":"","ocean_shortcode_before_top_bar":"","ocean_shortcode_after_top_bar":"","ocean_shortcode_before_header":"","ocean_shortcode_after_header":"","ocean_has_shortcode":"","ocean_shortcode_after_title":"","ocean_shortcode_before_footer_widgets":"","ocean_shortcode_after_footer_widgets":"","ocean_shortcode_before_footer_bottom":"","ocean_shortcode_after_footer_bottom":"","ocean_display_top_bar":"default","ocean_display_header":"default","ocean_header_style":"","ocean_center_header_left_menu":"0","ocean_custom_header_template":"0","ocean_custom_logo":0,"ocean_custom_retina_logo":0,"ocean_custom_logo_max_width":0,"ocean_custom_logo_tablet_max_width":0,"ocean_custom_logo_mobile_max_width":0,"ocean_custom_logo_max_height":0,"ocean_custom_logo_tablet_max_height":0,"ocean_custom_logo_mobile_max_height":0,"ocean_header_custom_menu":"0","ocean_menu_typo_font_family":"0","ocean_menu_typo_font_subset":"","ocean_menu_typo_font_size":0,"ocean_menu_typo_font_size_tablet":0,"ocean_menu_typo_font_size_mobile":0,"ocean_menu_typo_font_size_unit":"px","ocean_menu_typo_font_weight":"","ocean_menu_typo_font_weight_tablet":"","ocean_menu_typo_font_weight_mobile":"","ocean_menu_typo_transform":"","ocean_menu_typo_transform_tablet":"","ocean_menu_typo_transform_mobile":"","ocean_menu_typo_line_height":0,"ocean_menu_typo_line_height_tablet":0,"ocean_menu_typo_line_height_mobile":0,"ocean_menu_typo_line_height_unit":"","ocean_menu_typo_spacing":0,"ocean_menu_typo_spacing_tablet":0,"ocean_menu_typo_spacing_mobile":0,"ocean_menu_typo_spacing_unit":"","ocean_menu_link_color":"","ocean_menu_link_color_hover":"","ocean_menu_link_color_active":"","ocean_menu_link_background":"","ocean_menu_link_hover_background":"","ocean_menu_link_active_background":"","ocean_menu_social_links_bg":"","ocean_menu_social_hover_links_bg":"","ocean_menu_social_links_color":"","ocean_menu_social_hover_links_color":"","ocean_disable_title":"default","ocean_disable_heading":"default","ocean_post_title":"","ocean_post_subheading":"","ocean_post_title_style":"","ocean_post_title_background_color":"","ocean_post_title_background":0,"ocean_post_title_bg_image_position":"","ocean_post_title_bg_image_attachment":"","ocean_post_title_bg_image_repeat":"","ocean_post_title_bg_image_size":"","ocean_post_title_height":0,"ocean_post_title_bg_overlay":0.5,"ocean_post_title_bg_overlay_color":"","ocean_disable_breadcrumbs":"default","ocean_breadcrumbs_color":"","ocean_breadcrumbs_separator_color":"","ocean_breadcrumbs_links_color":"","ocean_breadcrumbs_links_hover_color":"","ocean_display_footer_widgets":"default","ocean_display_footer_bottom":"default","ocean_custom_footer_template":"0","osh_disable_topbar_sticky":"default","osh_disable_header_sticky":"default","osh_sticky_header_style":"default","osh_sticky_header_effect":"","osh_custom_sticky_logo":0,"osh_custom_retina_sticky_logo":0,"osh_custom_sticky_logo_height":0,"osh_background_color":"","osh_links_color":"","osh_links_hover_color":"","osh_links_active_color":"","osh_links_bg_color":"","osh_links_hover_bg_color":"","osh_links_active_bg_color":"","osh_menu_social_links_color":"","osh_menu_social_hover_links_color":""},"product_brand":[],"product_cat":[42,41],"product_tag":[74,112,185,73,77],"class_list":{"0":"post-3738","1":"product","2":"type-product","3":"status-publish","4":"has-post-thumbnail","6":"product_cat-electric-progressive-pumps","7":"product_cat-progressive-grease-systems","8":"product_tag-automatic-lubrication-pump","9":"product_tag-centralized-lubrication-system","10":"product_tag-electric-grease-pump","11":"product_tag-electric-lubrication-pump","12":"product_tag-grease-lubrication-pump","14":"entry","15":"has-media","17":"first","18":"instock","19":"shipping-taxable","20":"product-type-external","21":"col","22":"span_1_of_3","23":"owp-content-center","24":"owp-thumbs-layout-horizontal","25":"owp-btn-very-big","26":"owp-tabs-layout-horizontal"},"_links":{"self":[{"href":"https:\/\/www.jinpinlub.com\/de\/wp-json\/wp\/v2\/product\/3738","targetHints":{"allow":["GET"]}}],"collection":[{"href":"https:\/\/www.jinpinlub.com\/de\/wp-json\/wp\/v2\/product"}],"about":[{"href":"https:\/\/www.jinpinlub.com\/de\/wp-json\/wp\/v2\/types\/product"}],"wp:featuredmedia":[{"embeddable":true,"href":"https:\/\/www.jinpinlub.com\/de\/wp-json\/wp\/v2\/media\/3747"}],"wp:attachment":[{"href":"https:\/\/www.jinpinlub.com\/de\/wp-json\/wp\/v2\/media?parent=3738"}],"wp:term":[{"taxonomy":"product_brand","embeddable":true,"href":"https:\/\/www.jinpinlub.com\/de\/wp-json\/wp\/v2\/product_brand?post=3738"},{"taxonomy":"product_cat","embeddable":true,"href":"https:\/\/www.jinpinlub.com\/de\/wp-json\/wp\/v2\/product_cat?post=3738"},{"taxonomy":"product_tag","embeddable":true,"href":"https:\/\/www.jinpinlub.com\/de\/wp-json\/wp\/v2\/product_tag?post=3738"}],"curies":[{"name":"wp","href":"https:\/\/api.w.org\/{rel}","templated":true}]}}