{"id":3739,"date":"2024-09-30T00:57:59","date_gmt":"2024-09-29T16:57:59","guid":{"rendered":"https:\/\/www.jinpinlub.com\/?post_type=product&#038;p=3739"},"modified":"2024-10-08T04:06:47","modified_gmt":"2024-10-07T20:06:47","slug":"amg3-automatische-elektrische-fettschmierpumpe-mit-timer","status":"publish","type":"product","link":"https:\/\/www.jinpinlub.com\/de\/product\/jmg3-automatic-electric-grease-lubrication-pump-with-timer\/","title":{"rendered":"JMG3 Automatische elektrische Fettschmierpumpe mit Timer"},"content":{"rendered":"<h2>Merkmale<\/h2>\n<p>1. Der Timer kann auf zwei Aktionsmodi eingestellt werden:<br \/>\n\u2460 Vor dem Start schmieren: Die Schmierzeit wird zuerst beim Start ausgef\u00fchrt.<br \/>\n\u2461 Intervall vor dem Start: Die Intervallzeit wird beim Start zuerst ausgef\u00fchrt. Schalten Sie das Ger\u00e4t erneut ein und setzen Sie die vorherige Intervallzeit fort.<br \/>\n2. Zur Erkennung einer Besch\u00e4digung des \u00d6lkreislaufs kann optional ein Druckschalter eingebaut werden.<br \/>\n3. Ein optionaler Kapazit\u00e4tssensor kann einen niedrigen \u00d6lstand erkennen und automatisch ein Signal senden.<br \/>\n4. Ein Druckmesser ist angebracht, um den Betriebsdruck der \u00d6lpumpe zu messen. Eine F\u00f6rderleistung von 500 ml\/min ist optional.<br \/>\n5. Die Timerzeit kann eingestellt werden und verf\u00fcgt \u00fcber eine Selbstsperrfunktion, um zu verhindern, dass andere sie nach Belieben bedienen.<br \/>\n6. Mit der Taste \u201eRST\u201c kann das System eine Schmierung erzwingen oder abnormale Alarmsignale beseitigen.<br \/>\n7. Die Erdzahnradpumpe ist mit einem Induktionsmotor ausgestattet, der einen stabilen Druck hat, ger\u00e4uscharm, langlebig und zuverl\u00e4ssig ist.<br \/>\n8. Es muss verwendet werden mit <a href=\"https:\/\/www.jinpinlub.com\/de\/produktkategorie\/einleitungs-fettsysteme\/druckbegrenzungs-dosierventile\/\" target=\"_blank\" rel=\"noopener\">Druckentlastungsverteiler<\/a> um einen quantitativen \u00d6lversorgungseffekt zu erzielen.<\/p>\n<h2>Spezifikation<\/h2>\n<table>\n<tbody>\n<tr>\n<td>Modell<\/td>\n<td>JMG3<\/td>\n<\/tr>\n<tr>\n<td>Schmierzeit<\/td>\n<td>1-999 Sek.<\/td>\n<\/tr>\n<tr>\n<td>Intervallzeit<\/td>\n<td>1-999 Min<\/td>\n<\/tr>\n<tr>\n<td>Betriebstemperatur<\/td>\n<td>-10 \u00b0C bis +60 \u00b0C (bei niedrigen Temperaturen ist Frostschutzfett erforderlich)<\/td>\n<\/tr>\n<tr>\n<td>Anzahl der Filialen<\/td>\n<td>1<\/td>\n<\/tr>\n<tr>\n<td>Reservoirkapazit\u00e4t<\/td>\n<td>3 l (Harztank), 4 l, 6 l, 8 l, 20 l (Metalltank)<\/td>\n<\/tr>\n<tr>\n<td>Nachf\u00fcllen<\/td>\n<td>Von oben<\/td>\n<\/tr>\n<tr>\n<td>Schmiermittel<\/td>\n<td>NLGI 000#~00#<\/td>\n<\/tr>\n<tr>\n<td>Motorleistung<\/td>\n<td>40 W<\/td>\n<\/tr>\n<tr>\n<td>Entladung<\/td>\n<td>250 ml\/min<\/td>\n<\/tr>\n<tr>\n<td>Max. Betriebsdruck<\/td>\n<td>4,0 MPa<\/td>\n<\/tr>\n<tr>\n<td>Anschlussgewinde<\/td>\n<td>Auslass \u03a66<\/td>\n<\/tr>\n<tr>\n<td>Betriebsspannung<\/td>\n<td>110 V Wechselstrom, 220 V Wechselstrom, 12 V Gleichstrom, 24 V Gleichstrom<\/td>\n<\/tr>\n<tr>\n<td>Zertifizierung<\/td>\n<td>CE<\/td>\n<\/tr>\n<tr>\n<td>Niedrigniveauschalter<\/td>\n<td>\u00d6ffner<\/td>\n<\/tr>\n<\/tbody>\n<\/table>\n<h2>Anwendungen<\/h2>\n<p>Industrieausr\u00fcstung: Schmierpumpen der Serie JMG3 k\u00f6nnen in Fabriken eingesetzt werden, um bewegliche Teile einer Maschine wie Lager und Zahnr\u00e4der kontinuierlich zu schmieren, damit sie reibungslos laufen.<br \/>\nBaumaschinen: Bagger, Lader, Kr\u00e4ne \u2013 die Schwermaschinen \u2013 k\u00f6nnen alle von den elektrischen Schmierpumpen der Serie JMG3 profitieren, die f\u00fcr weniger Verschlei\u00df und kontinuierliche Leistung sorgen.<br \/>\nBergbau- und Zementindustrie: Die Ger\u00e4te in diesen Industriezweigen laufen unter \u00e4u\u00dferst harten Bedingungen und der Schmierbedarf muss stark genug sein, um Ausf\u00e4lle zu vermeiden, die die Lebensdauer verk\u00fcrzen.<br \/>\nLebensmittel- und Getr\u00e4nkeindustrie: Hygienestandards mit der automatischen Schmierpumpe JMG3, die gleichzeitig dazu beitr\u00e4gt, dass Maschinen effizient arbeiten.<\/p>\n<h2>Benutzerhandb\u00fccher<\/h2>\n<div class=\"sdm_download_button_box_default\"><div class=\"sdm_download_link\"><a href=\"https:\/\/www.jinpinlub.com\/de\/?sdm_process_download=1&download_id=3737\" class=\"sdm_download white\" title=\"Privat: JMG Grease Pump\" target=\"&quot;_blank&quot;\">Datenblatt anzeigen - JMG Fettpumpe<\/a><\/div><\/div>","protected":false},"excerpt":{"rendered":"<p>JMG3 ist eine Flie\u00dffettschmierpumpe, die von einer geschliffenen Zahnradpumpe angetrieben wird. Sie ist mit Schmierstoffen der NLGI-Klassen #000 bis #00 kompatibel. Au\u00dferdem ist sie mit einem Druckmesser, einem Druckschmierknopf und einem Timer ausgestattet. Sie ist stabil und langlebig, ger\u00e4uscharm und kosteng\u00fcnstig.<\/p>","protected":false},"featured_media":3751,"template":"","meta":{"ocean_post_layout":"","ocean_both_sidebars_style":"","ocean_both_sidebars_content_width":0,"ocean_both_sidebars_sidebars_width":0,"ocean_sidebar":"0","ocean_second_sidebar":"0","ocean_disable_margins":"enable","ocean_add_body_class":"","ocean_shortcode_before_top_bar":"","ocean_shortcode_after_top_bar":"","ocean_shortcode_before_header":"","ocean_shortcode_after_header":"","ocean_has_shortcode":"","ocean_shortcode_after_title":"","ocean_shortcode_before_footer_widgets":"","ocean_shortcode_after_footer_widgets":"","ocean_shortcode_before_footer_bottom":"","ocean_shortcode_after_footer_bottom":"","ocean_display_top_bar":"default","ocean_display_header":"default","ocean_header_style":"","ocean_center_header_left_menu":"0","ocean_custom_header_template":"0","ocean_custom_logo":0,"ocean_custom_retina_logo":0,"ocean_custom_logo_max_width":0,"ocean_custom_logo_tablet_max_width":0,"ocean_custom_logo_mobile_max_width":0,"ocean_custom_logo_max_height":0,"ocean_custom_logo_tablet_max_height":0,"ocean_custom_logo_mobile_max_height":0,"ocean_header_custom_menu":"0","ocean_menu_typo_font_family":"0","ocean_menu_typo_font_subset":"","ocean_menu_typo_font_size":0,"ocean_menu_typo_font_size_tablet":0,"ocean_menu_typo_font_size_mobile":0,"ocean_menu_typo_font_size_unit":"px","ocean_menu_typo_font_weight":"","ocean_menu_typo_font_weight_tablet":"","ocean_menu_typo_font_weight_mobile":"","ocean_menu_typo_transform":"","ocean_menu_typo_transform_tablet":"","ocean_menu_typo_transform_mobile":"","ocean_menu_typo_line_height":0,"ocean_menu_typo_line_height_tablet":0,"ocean_menu_typo_line_height_mobile":0,"ocean_menu_typo_line_height_unit":"","ocean_menu_typo_spacing":0,"ocean_menu_typo_spacing_tablet":0,"ocean_menu_typo_spacing_mobile":0,"ocean_menu_typo_spacing_unit":"","ocean_menu_link_color":"","ocean_menu_link_color_hover":"","ocean_menu_link_color_active":"","ocean_menu_link_background":"","ocean_menu_link_hover_background":"","ocean_menu_link_active_background":"","ocean_menu_social_links_bg":"","ocean_menu_social_hover_links_bg":"","ocean_menu_social_links_color":"","ocean_menu_social_hover_links_color":"","ocean_disable_title":"default","ocean_disable_heading":"default","ocean_post_title":"","ocean_post_subheading":"","ocean_post_title_style":"","ocean_post_title_background_color":"","ocean_post_title_background":0,"ocean_post_title_bg_image_position":"","ocean_post_title_bg_image_attachment":"","ocean_post_title_bg_image_repeat":"","ocean_post_title_bg_image_size":"","ocean_post_title_height":0,"ocean_post_title_bg_overlay":0.5,"ocean_post_title_bg_overlay_color":"","ocean_disable_breadcrumbs":"default","ocean_breadcrumbs_color":"","ocean_breadcrumbs_separator_color":"","ocean_breadcrumbs_links_color":"","ocean_breadcrumbs_links_hover_color":"","ocean_display_footer_widgets":"default","ocean_display_footer_bottom":"default","ocean_custom_footer_template":"0","osh_disable_topbar_sticky":"default","osh_disable_header_sticky":"default","osh_sticky_header_style":"default","osh_sticky_header_effect":"","osh_custom_sticky_logo":0,"osh_custom_retina_sticky_logo":0,"osh_custom_sticky_logo_height":0,"osh_background_color":"","osh_links_color":"","osh_links_hover_color":"","osh_links_active_color":"","osh_links_bg_color":"","osh_links_hover_bg_color":"","osh_links_active_bg_color":"","osh_menu_social_links_color":"","osh_menu_social_hover_links_color":""},"product_brand":[],"product_cat":[38,37],"product_tag":[194,112,73,318,317],"class_list":{"0":"post-3739","1":"product","2":"type-product","3":"status-publish","4":"has-post-thumbnail","6":"product_cat-electric-pressure-relief-pumps","7":"product_cat-single-line-grease-systems","8":"product_tag-centralized-lubrication-pump","9":"product_tag-centralized-lubrication-system","10":"product_tag-electric-lubrication-pump","11":"product_tag-fluid-grease-pump","12":"product_tag-gear-lubrication-pump","14":"entry","15":"has-media","17":"first","18":"instock","19":"shipping-taxable","20":"product-type-external","21":"col","22":"span_1_of_3","23":"owp-content-center","24":"owp-thumbs-layout-horizontal","25":"owp-btn-very-big","26":"owp-tabs-layout-horizontal"},"_links":{"self":[{"href":"https:\/\/www.jinpinlub.com\/de\/wp-json\/wp\/v2\/product\/3739","targetHints":{"allow":["GET"]}}],"collection":[{"href":"https:\/\/www.jinpinlub.com\/de\/wp-json\/wp\/v2\/product"}],"about":[{"href":"https:\/\/www.jinpinlub.com\/de\/wp-json\/wp\/v2\/types\/product"}],"wp:featuredmedia":[{"embeddable":true,"href":"https:\/\/www.jinpinlub.com\/de\/wp-json\/wp\/v2\/media\/3751"}],"wp:attachment":[{"href":"https:\/\/www.jinpinlub.com\/de\/wp-json\/wp\/v2\/media?parent=3739"}],"wp:term":[{"taxonomy":"product_brand","embeddable":true,"href":"https:\/\/www.jinpinlub.com\/de\/wp-json\/wp\/v2\/product_brand?post=3739"},{"taxonomy":"product_cat","embeddable":true,"href":"https:\/\/www.jinpinlub.com\/de\/wp-json\/wp\/v2\/product_cat?post=3739"},{"taxonomy":"product_tag","embeddable":true,"href":"https:\/\/www.jinpinlub.com\/de\/wp-json\/wp\/v2\/product_tag?post=3739"}],"curies":[{"name":"wp","href":"https:\/\/api.w.org\/{rel}","templated":true}]}}